{"id":11,"date":"2017-05-05T17:01:18","date_gmt":"2017-05-05T15:01:18","guid":{"rendered":"https:\/\/elbullifoundation.com\/bullinianos\/?page_id=11"},"modified":"2017-07-14T16:19:33","modified_gmt":"2017-07-14T14:19:33","slug":"que-son-los-bullinianos","status":"publish","type":"page","link":"https:\/\/elbullifoundation.com\/bullinianos\/que-son-los-bullinianos\/","title":{"rendered":"\u00bfQu\u00e9 son los Bullinianos?"},"content":{"rendered":"<p><strong>Bullinianos<\/strong> son todas aquellas personas que han participado en proyectos promovidos por <strong>Ferran Adri\u00e0<\/strong>, <strong>Albert Adri\u00e0<\/strong> y<strong> Juli Soler<\/strong> y tambi\u00e9n los que lo hacen en la actualidad o lo har\u00e1n en el futuro.<\/p>\n<p>Todos ellos son portadores de un sentimiento y unos valores expandidos por todo el mundo.<\/p>\n<p>De momento no podemos recogerlos a todos, pero s\u00ed a los proyectos y a los principales l\u00edderes que los representan. Con el tiempo, iremos ampliando esta lista para mostrar en su totalidad a esta gran familia de <strong>Bullinianos<\/strong>.<\/p>\n<p>&nbsp;<\/p>\n<p><strong>Hans y Marketta Schilling.<\/strong> Con ellos empez\u00f3 todo. Su compromiso y amor por el proyecto hicieron posible que <strong>elBulli<\/strong> naciera y creciera, sentando las bases del camino a seguir.<\/p>\n<figure id=\"attachment_3080\" aria-describedby=\"caption-attachment-3080\" style=\"width: 380px\" class=\"wp-caption alignnone\"><img loading=\"lazy\" decoding=\"async\" class=\"wp-image-3080 size-full\" src=\"https:\/\/elbullifoundation.com\/bullinianos\/wp-content\/uploads\/2017\/05\/620880_1.jpg\" alt=\"\" width=\"380\" height=\"211\" \/><figcaption id=\"caption-attachment-3080\" class=\"wp-caption-text\">Hans y Marketta Schilling en elBulli<\/figcaption><\/figure>\n<p>&nbsp;<\/p>\n<p><strong>Juli Soler<\/strong>, <strong>Ferran Adri\u00e0<\/strong> y <strong>Albert Adri\u00e0<\/strong> han sido y son los l\u00edderes a los que han seguido y siguen todav\u00eda miles de personas que, con su talento y esfuerzo, han contribuido y contribuyen \u00a0hacer de <strong>elBulli<\/strong> un mito de la restauraci\u00f3n gastron\u00f3mica.<\/p>\n<p>Entre ellos encontramos a algunos de los principales referentes de la gastronom\u00eda mundial actual.<\/p>\n<div id='gallery-1' class='gallery galleryid-11 gallery-columns-3 gallery-size-full'><figure class='gallery-item'>\n\t\t\t<div class='gallery-icon portrait'>\n\t\t\t\t<img loading=\"lazy\" decoding=\"async\" width=\"370\" height=\"429\" src=\"https:\/\/elbullifoundation.com\/bullinianos\/wp-content\/uploads\/2017\/05\/juli-copy-1.jpg\" class=\"attachment-full size-full\" alt=\"\" aria-describedby=\"gallery-1-7274\" sizes=\"auto, 100vw\" \/>\n\t\t\t<\/div>\n\t\t\t\t<figcaption class='wp-caption-text gallery-caption' id='gallery-1-7274'>\n\t\t\t\tJuli Soler\n\t\t\t\t<\/figcaption><\/figure><figure class='gallery-item'>\n\t\t\t<div class='gallery-icon portrait'>\n\t\t\t\t<img loading=\"lazy\" decoding=\"async\" width=\"370\" height=\"429\" src=\"https:\/\/elbullifoundation.com\/bullinianos\/wp-content\/uploads\/2017\/05\/ferran-1.jpg\" class=\"attachment-full size-full\" alt=\"\" aria-describedby=\"gallery-1-7270\" sizes=\"auto, 100vw\" \/>\n\t\t\t<\/div>\n\t\t\t\t<figcaption class='wp-caption-text gallery-caption' id='gallery-1-7270'>\n\t\t\t\tFerran Adri\u00e0\n\t\t\t\t<\/figcaption><\/figure><figure class='gallery-item'>\n\t\t\t<div class='gallery-icon portrait'>\n\t\t\t\t<img loading=\"lazy\" decoding=\"async\" width=\"370\" height=\"429\" src=\"https:\/\/elbullifoundation.com\/bullinianos\/wp-content\/uploads\/2017\/05\/albert-1.jpg\" class=\"attachment-full size-full\" alt=\"\" aria-describedby=\"gallery-1-7264\" sizes=\"auto, 100vw\" \/>\n\t\t\t<\/div>\n\t\t\t\t<figcaption class='wp-caption-text gallery-caption' id='gallery-1-7264'>\n\t\t\t\tAlbert Adri\u00e0\n\t\t\t\t<\/figcaption><\/figure>\n\t\t<\/div>\n\n<p>&nbsp;<\/p>\n","protected":false},"excerpt":{"rendered":"<p>Bullinianos son todas aquellas personas que han participado en proyectos promovidos por Ferran Adri\u00e0, Albert Adri\u00e0 y Juli Soler y tambi\u00e9n los que lo hacen en la actualidad o lo har\u00e1n en el futuro. Todos ellos son portadores de un sentimiento y unos valores expandidos por todo el mundo. De momento no podemos recogerlos a &hellip; <\/p>\n<p class=\"link-more\"><a href=\"https:\/\/elbullifoundation.com\/bullinianos\/que-son-los-bullinianos\/\" class=\"more-link\">Continue reading<span class=\"screen-reader-text\"> \u00ab\u00bfQu\u00e9 son los Bullinianos?\u00bb<\/span><\/a><\/p>\n","protected":false},"author":1,"featured_media":159,"parent":0,"menu_order":0,"comment_status":"closed","ping_status":"closed","template":"que-son-2.php","meta":{"_acf_changed":false,"footnotes":""},"class_list":["post-11","page","type-page","status-publish","has-post-thumbnail","hentry"],"acf":[],"yoast_head":"<!-- This site is optimized with the Yoast SEO plugin v26.9 - https:\/\/yoast.com\/product\/yoast-seo-wordpress\/ -->\n<title>\u00bfQu\u00e9 son los Bullinianos? - Bullinianos<\/title>\n<meta name=\"robots\" content=\"index, follow, max-snippet:-1, max-image-preview:large, max-video-preview:-1\" \/>\n<link rel=\"canonical\" href=\"https:\/\/elbullifoundation.com\/bullinianos\/que-son-los-bullinianos\/\" \/>\n<meta property=\"og:locale\" content=\"es_ES\" \/>\n<meta property=\"og:type\" content=\"article\" \/>\n<meta property=\"og:title\" content=\"\u00bfQu\u00e9 son los Bullinianos? - Bullinianos\" \/>\n<meta property=\"og:description\" content=\"Bullinianos son todas aquellas personas que han participado en proyectos promovidos por Ferran Adri\u00e0, Albert Adri\u00e0 y Juli Soler y tambi\u00e9n los que lo hacen en la actualidad o lo har\u00e1n en el futuro. Todos ellos son portadores de un sentimiento y unos valores expandidos por todo el mundo. De momento no podemos recogerlos a &hellip; Continue reading &quot;\u00bfQu\u00e9 son los Bullinianos?&quot;\" \/>\n<meta property=\"og:url\" content=\"https:\/\/elbullifoundation.com\/bullinianos\/que-son-los-bullinianos\/\" \/>\n<meta property=\"og:site_name\" content=\"Bullinianos\" \/>\n<meta property=\"article:modified_time\" content=\"2017-07-14T14:19:33+00:00\" \/>\n<meta property=\"og:image\" content=\"https:\/\/elbullifoundation.com\/bullinianos\/wp-content\/uploads\/2017\/05\/queson-bullinianos.jpg\" \/>\n\t<meta property=\"og:image:width\" content=\"2000\" \/>\n\t<meta property=\"og:image:height\" content=\"1036\" \/>\n\t<meta property=\"og:image:type\" content=\"image\/jpeg\" \/>\n<meta name=\"twitter:card\" content=\"summary_large_image\" \/>\n<meta name=\"twitter:label1\" content=\"Tiempo de lectura\" \/>\n\t<meta name=\"twitter:data1\" content=\"1 minuto\" \/>\n<script type=\"application\/ld+json\" class=\"yoast-schema-graph\">{\"@context\":\"https:\/\/schema.org\",\"@graph\":[{\"@type\":\"WebPage\",\"@id\":\"https:\/\/elbullifoundation.com\/bullinianos\/que-son-los-bullinianos\/\",\"url\":\"https:\/\/elbullifoundation.com\/bullinianos\/que-son-los-bullinianos\/\",\"name\":\"\u00bfQu\u00e9 son los Bullinianos? - Bullinianos\",\"isPartOf\":{\"@id\":\"https:\/\/elbullifoundation.com\/bullinianos\/#website\"},\"primaryImageOfPage\":{\"@id\":\"https:\/\/elbullifoundation.com\/bullinianos\/que-son-los-bullinianos\/#primaryimage\"},\"image\":{\"@id\":\"https:\/\/elbullifoundation.com\/bullinianos\/que-son-los-bullinianos\/#primaryimage\"},\"thumbnailUrl\":\"https:\/\/elbullifoundation.com\/bullinianos\/wp-content\/uploads\/2017\/05\/queson-bullinianos.jpg\",\"datePublished\":\"2017-05-05T15:01:18+00:00\",\"dateModified\":\"2017-07-14T14:19:33+00:00\",\"inLanguage\":\"es\",\"potentialAction\":[{\"@type\":\"ReadAction\",\"target\":[\"https:\/\/elbullifoundation.com\/bullinianos\/que-son-los-bullinianos\/\"]}]},{\"@type\":\"ImageObject\",\"inLanguage\":\"es\",\"@id\":\"https:\/\/elbullifoundation.com\/bullinianos\/que-son-los-bullinianos\/#primaryimage\",\"url\":\"https:\/\/elbullifoundation.com\/bullinianos\/wp-content\/uploads\/2017\/05\/queson-bullinianos.jpg\",\"contentUrl\":\"https:\/\/elbullifoundation.com\/bullinianos\/wp-content\/uploads\/2017\/05\/queson-bullinianos.jpg\",\"width\":2000,\"height\":1036},{\"@type\":\"WebSite\",\"@id\":\"https:\/\/elbullifoundation.com\/bullinianos\/#website\",\"url\":\"https:\/\/elbullifoundation.com\/bullinianos\/\",\"name\":\"Bullinianos\",\"description\":\"\",\"potentialAction\":[{\"@type\":\"SearchAction\",\"target\":{\"@type\":\"EntryPoint\",\"urlTemplate\":\"https:\/\/elbullifoundation.com\/bullinianos\/?s={search_term_string}\"},\"query-input\":{\"@type\":\"PropertyValueSpecification\",\"valueRequired\":true,\"valueName\":\"search_term_string\"}}],\"inLanguage\":\"es\"}]}<\/script>\n<!-- \/ Yoast SEO plugin. -->","yoast_head_json":{"title":"\u00bfQu\u00e9 son los Bullinianos? - Bullinianos","robots":{"index":"index","follow":"follow","max-snippet":"max-snippet:-1","max-image-preview":"max-image-preview:large","max-video-preview":"max-video-preview:-1"},"canonical":"https:\/\/elbullifoundation.com\/bullinianos\/que-son-los-bullinianos\/","og_locale":"es_ES","og_type":"article","og_title":"\u00bfQu\u00e9 son los Bullinianos? - Bullinianos","og_description":"Bullinianos son todas aquellas personas que han participado en proyectos promovidos por Ferran Adri\u00e0, Albert Adri\u00e0 y Juli Soler y tambi\u00e9n los que lo hacen en la actualidad o lo har\u00e1n en el futuro. Todos ellos son portadores de un sentimiento y unos valores expandidos por todo el mundo. De momento no podemos recogerlos a &hellip; Continue reading \"\u00bfQu\u00e9 son los Bullinianos?\"","og_url":"https:\/\/elbullifoundation.com\/bullinianos\/que-son-los-bullinianos\/","og_site_name":"Bullinianos","article_modified_time":"2017-07-14T14:19:33+00:00","og_image":[{"width":2000,"height":1036,"url":"https:\/\/elbullifoundation.com\/bullinianos\/wp-content\/uploads\/2017\/05\/queson-bullinianos.jpg","type":"image\/jpeg"}],"twitter_card":"summary_large_image","twitter_misc":{"Tiempo de lectura":"1 minuto"},"schema":{"@context":"https:\/\/schema.org","@graph":[{"@type":"WebPage","@id":"https:\/\/elbullifoundation.com\/bullinianos\/que-son-los-bullinianos\/","url":"https:\/\/elbullifoundation.com\/bullinianos\/que-son-los-bullinianos\/","name":"\u00bfQu\u00e9 son los Bullinianos? - Bullinianos","isPartOf":{"@id":"https:\/\/elbullifoundation.com\/bullinianos\/#website"},"primaryImageOfPage":{"@id":"https:\/\/elbullifoundation.com\/bullinianos\/que-son-los-bullinianos\/#primaryimage"},"image":{"@id":"https:\/\/elbullifoundation.com\/bullinianos\/que-son-los-bullinianos\/#primaryimage"},"thumbnailUrl":"https:\/\/elbullifoundation.com\/bullinianos\/wp-content\/uploads\/2017\/05\/queson-bullinianos.jpg","datePublished":"2017-05-05T15:01:18+00:00","dateModified":"2017-07-14T14:19:33+00:00","inLanguage":"es","potentialAction":[{"@type":"ReadAction","target":["https:\/\/elbullifoundation.com\/bullinianos\/que-son-los-bullinianos\/"]}]},{"@type":"ImageObject","inLanguage":"es","@id":"https:\/\/elbullifoundation.com\/bullinianos\/que-son-los-bullinianos\/#primaryimage","url":"https:\/\/elbullifoundation.com\/bullinianos\/wp-content\/uploads\/2017\/05\/queson-bullinianos.jpg","contentUrl":"https:\/\/elbullifoundation.com\/bullinianos\/wp-content\/uploads\/2017\/05\/queson-bullinianos.jpg","width":2000,"height":1036},{"@type":"WebSite","@id":"https:\/\/elbullifoundation.com\/bullinianos\/#website","url":"https:\/\/elbullifoundation.com\/bullinianos\/","name":"Bullinianos","description":"","potentialAction":[{"@type":"SearchAction","target":{"@type":"EntryPoint","urlTemplate":"https:\/\/elbullifoundation.com\/bullinianos\/?s={search_term_string}"},"query-input":{"@type":"PropertyValueSpecification","valueRequired":true,"valueName":"search_term_string"}}],"inLanguage":"es"}]}},"lang":"es","translations":{"es":11,"en":8779},"pll_sync_post":[],"_links":{"self":[{"href":"https:\/\/elbullifoundation.com\/bullinianos\/wp-json\/wp\/v2\/pages\/11","targetHints":{"allow":["GET"]}}],"collection":[{"href":"https:\/\/elbullifoundation.com\/bullinianos\/wp-json\/wp\/v2\/pages"}],"about":[{"href":"https:\/\/elbullifoundation.com\/bullinianos\/wp-json\/wp\/v2\/types\/page"}],"author":[{"embeddable":true,"href":"https:\/\/elbullifoundation.com\/bullinianos\/wp-json\/wp\/v2\/users\/1"}],"replies":[{"embeddable":true,"href":"https:\/\/elbullifoundation.com\/bullinianos\/wp-json\/wp\/v2\/comments?post=11"}],"version-history":[{"count":28,"href":"https:\/\/elbullifoundation.com\/bullinianos\/wp-json\/wp\/v2\/pages\/11\/revisions"}],"predecessor-version":[{"id":7897,"href":"https:\/\/elbullifoundation.com\/bullinianos\/wp-json\/wp\/v2\/pages\/11\/revisions\/7897"}],"wp:featuredmedia":[{"embeddable":true,"href":"https:\/\/elbullifoundation.com\/bullinianos\/wp-json\/wp\/v2\/media\/159"}],"wp:attachment":[{"href":"https:\/\/elbullifoundation.com\/bullinianos\/wp-json\/wp\/v2\/media?parent=11"}],"curies":[{"name":"wp","href":"https:\/\/api.w.org\/{rel}","templated":true}]}}