{"id":5127,"date":"2017-05-30T14:26:00","date_gmt":"2017-05-30T12:26:00","guid":{"rendered":"https:\/\/elbullifoundation.com\/bullinianos\/?page_id=5127"},"modified":"2022-02-04T10:15:46","modified_gmt":"2022-02-04T09:15:46","slug":"aviso-legal","status":"publish","type":"page","link":"https:\/\/elbullifoundation.com\/bullinianos\/aviso-legal\/","title":{"rendered":"Aviso legal"},"content":{"rendered":"<h3>1. INFORMACI\u00d3N CORPORATIVA<\/h3>\n<p>&nbsp;<\/p>\n<p>En cumplimiento de la Ley 34\/2002, de 11 de julio, de servicios de la sociedad de la informaci\u00f3n y de comercio electr\u00f3nico, <strong>ELBULLIFOUNDATION, FUNDACI\u00d3 PRIVADA<\/strong>\u00a0le informa que es titular de los sitios web: <strong>www.bullinianos.com,<\/strong> de acuerdo con la exigencia del art\u00edculo 10 de la mencionada Ley, <strong>ELBULLIFOUNDATION, FUNDACI\u00d3 PRIVADA<\/strong><strong>, <\/strong>notifica los siguientes datos: el titular de esta p\u00e1gina web es <strong>ELBULLIFOUNDATION, FUNDACI\u00d3 PRIVADA,<\/strong> con NIF\/CIF: <strong>G55161145.<\/strong> Entidad p\u00fablica: <strong>ELBULLIFOUNDATION, FUNDACI\u00d3 PRIVADA<\/strong>, n\u00ba de registro:<strong> GENERALITAT DE CATALUNYA, 2757 <\/strong>y domicilio social: <strong>CALA MONJOI S\/N,<\/strong> C\u00f3digo Postal: <strong>17480<\/strong>, Localidad: <strong>ROSES,<\/strong> Provincia: <strong>GIRONA<\/strong>. La direcci\u00f3n de correo electr\u00f3nico de contacto es: <a href=\"mailto:departamentolegal@elbullifoundation.com\"><strong>departamentolegal@elbullifoundation.com<\/strong><\/a><\/p>\n<p>&nbsp;<\/p>\n<p>&nbsp;<\/p>\n<h3>2. USUARIO Y R\u00c9GIMEN DE RESPONSABILIDADES<\/h3>\n<p>&nbsp;<\/p>\n<p>La navegaci\u00f3n por acceso o uso de la p\u00e1gina web <strong><u>www.bullinianos.com<\/u><\/strong> y todos los subdominios y directorios incluidos bajo la misma, as\u00ed como los servicios o contenidos que a trav\u00e9s de \u00e9l se puedan obtener y todos los portales de dominio propio bajo titularidad de <strong>ELBULLIFOUNDATION, FUNDACI\u00d3 PRIVADA<\/strong>, otorga la Condici\u00f3n de <strong>Usuario<\/strong>, por la que se aceptan, al navegar por la p\u00e1gina <strong>ELBULLIFOUNDATION, FUNDACI\u00d3 PRIVADA<\/strong>, todas las condiciones de uso que se establecen aqu\u00ed sin perjudicar la aplicaci\u00f3n de la correspondiente normativa de obligado cumplimiento legal seg\u00fan el caso.<\/p>\n<p>&nbsp;<\/p>\n<p>Por eso, si las consideraciones detalladas en este aviso legal no son de su conformidad, rogamos no haga uso del portal, ya que cualquier uso que haga del mismo o los servicios y contenidos en \u00e9l incluidos implicar\u00e1 la aceptaci\u00f3n de los t\u00e9rminos legales recogidos en este texto.<\/p>\n<p>&nbsp;<\/p>\n<p>La p\u00e1gina web de <strong>ELBULLIFOUNDATION, FUNDACI\u00d3 PRIVADA<\/strong> proporciona gran diversidad de informaci\u00f3n, servicios y datos. El usuario asume su responsabilidad en el uso correcto de los sitios web. Esta responsabilidad se extender\u00e1 a: La veracidad y licitud de las informaciones aportadas por el usuario en los formularios emitidos por <strong>ELBULLIFOUNDATION, FUNDACI\u00d3 PRIVADA<\/strong> para acceder a determinados contenidos o servicios ofrecidos por la web.<\/p>\n<p>&nbsp;<\/p>\n<p>El uso de la informaci\u00f3n, servicios y datos ofrecidos por <strong>ELBULLIFOUNDATION, FUNDACI\u00d3 PRIVADA <\/strong>no ir\u00e1n contra las disposiciones de estas condiciones, la Ley, la moral, las buenas costumbres o el orden p\u00fablico o que, en otro caso, puedan suponer lesi\u00f3n de los derechos de terceros o del funcionamiento de los sitios web. A tal efecto, el Usuario se abstendr\u00e1 de utilizar cualquiera de los contenidos con fines o efectos il\u00edcitos, prohibidos en este texto, lesivos de los derechos e intereses de terceros, o que de cualquier forma puedan da\u00f1ar, inutilizar, sobrecargar, deteriorar o impedir la normal utilizaci\u00f3n de los contenidos, otros Usuarios o de cualquier usuario de Internet (hardware y software).<\/p>\n<p>&nbsp;<\/p>\n<p>Los usuarios responder\u00e1n de los da\u00f1os y perjuicios de toda naturaleza que la empresa propietaria de la web pueda sufrir, directa o indirectamente, como consecuencia de incumplimiento de cualquiera de las obligaciones derivadas del uso de la Web y de esta pol\u00edtica de privacidad.<\/p>\n<p>&nbsp;<\/p>\n<p>En particular, ya t\u00edtulo meramente indicativo y no exhaustivo, el Usuario se compromete a no transmitir, difundir o poner a disposici\u00f3n de terceros informaciones, datos, contenidos, mensajes, gr\u00e1ficos, dibujos, archivos de sonido y\/o imagen, fotograf\u00edas de la web.<\/p>\n","protected":false},"excerpt":{"rendered":"<p>1. INFORMACI\u00d3N CORPORATIVA &nbsp; En cumplimiento de la Ley 34\/2002, de 11 de julio, de servicios de la sociedad de la informaci\u00f3n y de comercio electr\u00f3nico, ELBULLIFOUNDATION, FUNDACI\u00d3 PRIVADA\u00a0le informa que es titular de los sitios web: www.bullinianos.com, de acuerdo con la exigencia del art\u00edculo 10 de la mencionada Ley, ELBULLIFOUNDATION, FUNDACI\u00d3 PRIVADA, notifica los &hellip; <\/p>\n<p class=\"link-more\"><a href=\"https:\/\/elbullifoundation.com\/bullinianos\/aviso-legal\/\" class=\"more-link\">Continue reading<span class=\"screen-reader-text\"> \u00abAviso legal\u00bb<\/span><\/a><\/p>\n","protected":false},"author":1,"featured_media":0,"parent":0,"menu_order":0,"comment_status":"closed","ping_status":"closed","template":"nota-legal.php","meta":{"_acf_changed":false,"footnotes":""},"class_list":["post-5127","page","type-page","status-publish","hentry"],"acf":[],"yoast_head":"<!-- This site is optimized with the Yoast SEO plugin v26.9 - https:\/\/yoast.com\/product\/yoast-seo-wordpress\/ -->\n<title>Aviso legal - Bullinianos<\/title>\n<meta name=\"robots\" content=\"index, follow, max-snippet:-1, max-image-preview:large, max-video-preview:-1\" \/>\n<link rel=\"canonical\" href=\"https:\/\/elbullifoundation.com\/bullinianos\/aviso-legal\/\" \/>\n<meta property=\"og:locale\" content=\"es_ES\" \/>\n<meta property=\"og:type\" content=\"article\" \/>\n<meta property=\"og:title\" content=\"Aviso legal - Bullinianos\" \/>\n<meta property=\"og:description\" content=\"1. INFORMACI\u00d3N CORPORATIVA &nbsp; En cumplimiento de la Ley 34\/2002, de 11 de julio, de servicios de la sociedad de la informaci\u00f3n y de comercio electr\u00f3nico, ELBULLIFOUNDATION, FUNDACI\u00d3 PRIVADA\u00a0le informa que es titular de los sitios web: www.bullinianos.com, de acuerdo con la exigencia del art\u00edculo 10 de la mencionada Ley, ELBULLIFOUNDATION, FUNDACI\u00d3 PRIVADA, notifica los &hellip; Continue reading &quot;Aviso legal&quot;\" \/>\n<meta property=\"og:url\" content=\"https:\/\/elbullifoundation.com\/bullinianos\/aviso-legal\/\" \/>\n<meta property=\"og:site_name\" content=\"Bullinianos\" \/>\n<meta property=\"article:modified_time\" content=\"2022-02-04T09:15:46+00:00\" \/>\n<meta name=\"twitter:card\" content=\"summary_large_image\" \/>\n<meta name=\"twitter:label1\" content=\"Tiempo de lectura\" \/>\n\t<meta name=\"twitter:data1\" content=\"3 minutos\" \/>\n<script type=\"application\/ld+json\" class=\"yoast-schema-graph\">{\"@context\":\"https:\/\/schema.org\",\"@graph\":[{\"@type\":\"WebPage\",\"@id\":\"https:\/\/elbullifoundation.com\/bullinianos\/aviso-legal\/\",\"url\":\"https:\/\/elbullifoundation.com\/bullinianos\/aviso-legal\/\",\"name\":\"Aviso legal - Bullinianos\",\"isPartOf\":{\"@id\":\"https:\/\/elbullifoundation.com\/bullinianos\/#website\"},\"datePublished\":\"2017-05-30T12:26:00+00:00\",\"dateModified\":\"2022-02-04T09:15:46+00:00\",\"inLanguage\":\"es\",\"potentialAction\":[{\"@type\":\"ReadAction\",\"target\":[\"https:\/\/elbullifoundation.com\/bullinianos\/aviso-legal\/\"]}]},{\"@type\":\"WebSite\",\"@id\":\"https:\/\/elbullifoundation.com\/bullinianos\/#website\",\"url\":\"https:\/\/elbullifoundation.com\/bullinianos\/\",\"name\":\"Bullinianos\",\"description\":\"\",\"potentialAction\":[{\"@type\":\"SearchAction\",\"target\":{\"@type\":\"EntryPoint\",\"urlTemplate\":\"https:\/\/elbullifoundation.com\/bullinianos\/?s={search_term_string}\"},\"query-input\":{\"@type\":\"PropertyValueSpecification\",\"valueRequired\":true,\"valueName\":\"search_term_string\"}}],\"inLanguage\":\"es\"}]}<\/script>\n<!-- \/ Yoast SEO plugin. -->","yoast_head_json":{"title":"Aviso legal - Bullinianos","robots":{"index":"index","follow":"follow","max-snippet":"max-snippet:-1","max-image-preview":"max-image-preview:large","max-video-preview":"max-video-preview:-1"},"canonical":"https:\/\/elbullifoundation.com\/bullinianos\/aviso-legal\/","og_locale":"es_ES","og_type":"article","og_title":"Aviso legal - Bullinianos","og_description":"1. INFORMACI\u00d3N CORPORATIVA &nbsp; En cumplimiento de la Ley 34\/2002, de 11 de julio, de servicios de la sociedad de la informaci\u00f3n y de comercio electr\u00f3nico, ELBULLIFOUNDATION, FUNDACI\u00d3 PRIVADA\u00a0le informa que es titular de los sitios web: www.bullinianos.com, de acuerdo con la exigencia del art\u00edculo 10 de la mencionada Ley, ELBULLIFOUNDATION, FUNDACI\u00d3 PRIVADA, notifica los &hellip; Continue reading \"Aviso legal\"","og_url":"https:\/\/elbullifoundation.com\/bullinianos\/aviso-legal\/","og_site_name":"Bullinianos","article_modified_time":"2022-02-04T09:15:46+00:00","twitter_card":"summary_large_image","twitter_misc":{"Tiempo de lectura":"3 minutos"},"schema":{"@context":"https:\/\/schema.org","@graph":[{"@type":"WebPage","@id":"https:\/\/elbullifoundation.com\/bullinianos\/aviso-legal\/","url":"https:\/\/elbullifoundation.com\/bullinianos\/aviso-legal\/","name":"Aviso legal - Bullinianos","isPartOf":{"@id":"https:\/\/elbullifoundation.com\/bullinianos\/#website"},"datePublished":"2017-05-30T12:26:00+00:00","dateModified":"2022-02-04T09:15:46+00:00","inLanguage":"es","potentialAction":[{"@type":"ReadAction","target":["https:\/\/elbullifoundation.com\/bullinianos\/aviso-legal\/"]}]},{"@type":"WebSite","@id":"https:\/\/elbullifoundation.com\/bullinianos\/#website","url":"https:\/\/elbullifoundation.com\/bullinianos\/","name":"Bullinianos","description":"","potentialAction":[{"@type":"SearchAction","target":{"@type":"EntryPoint","urlTemplate":"https:\/\/elbullifoundation.com\/bullinianos\/?s={search_term_string}"},"query-input":{"@type":"PropertyValueSpecification","valueRequired":true,"valueName":"search_term_string"}}],"inLanguage":"es"}]}},"lang":"es","translations":{"es":5127,"en":10919},"pll_sync_post":[],"_links":{"self":[{"href":"https:\/\/elbullifoundation.com\/bullinianos\/wp-json\/wp\/v2\/pages\/5127","targetHints":{"allow":["GET"]}}],"collection":[{"href":"https:\/\/elbullifoundation.com\/bullinianos\/wp-json\/wp\/v2\/pages"}],"about":[{"href":"https:\/\/elbullifoundation.com\/bullinianos\/wp-json\/wp\/v2\/types\/page"}],"author":[{"embeddable":true,"href":"https:\/\/elbullifoundation.com\/bullinianos\/wp-json\/wp\/v2\/users\/1"}],"replies":[{"embeddable":true,"href":"https:\/\/elbullifoundation.com\/bullinianos\/wp-json\/wp\/v2\/comments?post=5127"}],"version-history":[{"count":26,"href":"https:\/\/elbullifoundation.com\/bullinianos\/wp-json\/wp\/v2\/pages\/5127\/revisions"}],"predecessor-version":[{"id":12180,"href":"https:\/\/elbullifoundation.com\/bullinianos\/wp-json\/wp\/v2\/pages\/5127\/revisions\/12180"}],"wp:attachment":[{"href":"https:\/\/elbullifoundation.com\/bullinianos\/wp-json\/wp\/v2\/media?parent=5127"}],"curies":[{"name":"wp","href":"https:\/\/api.w.org\/{rel}","templated":true}]}}