{"id":7177,"date":"2017-06-09T11:11:51","date_gmt":"2017-06-09T09:11:51","guid":{"rendered":"https:\/\/elbullifoundation.com\/bullinianos\/?page_id=7177\/"},"modified":"2022-02-04T10:18:22","modified_gmt":"2022-02-04T09:18:22","slug":"politica-de-privacidad","status":"publish","type":"page","link":"https:\/\/elbullifoundation.com\/bullinianos\/politica-de-privacidad\/","title":{"rendered":"Pol\u00edtica de privacidad"},"content":{"rendered":"<h3>1. POL\u00cdTICA DE ENLACES Y EXENCIONES DE RESPONSABILIDAD<\/h3>\n<p>&nbsp;<\/p>\n<p><strong>ELBULLIFOUNDATION, FUNDACI\u00d3 PRIVADA<\/strong> no se hace responsable del contenido de las p\u00e1ginas web a las que pueda acceder el usuario a trav\u00e9s de los enlaces establecidos en sus sitios web y declara que en ning\u00fan caso examinar\u00e1 ni ejercitar\u00e1 ning\u00fan tipo de control sobre el contenido de otras p\u00e1ginas de la red.<\/p>\n<p>&nbsp;<\/p>\n<p>Asimismo, tampoco garantiza la disponibilidad t\u00e9cnica, exactitud, veracidad, validez o legalidad de p\u00e1ginas ajenas a su propiedad a las que se pueda acceder a trav\u00e9s de los enlaces.<\/p>\n<p>&nbsp;<\/p>\n<p><strong>ELBULLIFOUNDATION, FUNDACI\u00d3 PRIVADA<\/strong> declara que ha adoptado todas las medidas necesarias para evitar cualquier da\u00f1o que pueda derivarse de la navegaci\u00f3n por sus p\u00e1ginas web. En consecuencia, <strong>ELBULLIFOUNDATION, FUNDACI\u00d3 PRIVADA<\/strong> no se hace responsable, en ning\u00fan caso, de los eventuales da\u00f1os que pueda sufrir el usuario a causa de la navegaci\u00f3n por Internet.<\/p>\n<p>&nbsp;<\/p>\n<p><strong>ELBULLIFOUNDATION, FUNDACI\u00d3 PRIVADA<\/strong> no se responsabiliza de los da\u00f1os o perjuicios de cualquier tipo producidos en el Usuario que traigan causa de fallos o desconexiones en las redes de telecomunicaciones que produzcan la suspensi\u00f3n, cancelaci\u00f3n, instalaci\u00f3n o interrupci\u00f3n del servicio de la web durante la prestaci\u00f3n del mismo o con car\u00e1cter previo.<\/p>\n<p>&nbsp;<\/p>\n<p>El acceso a la web: <a href=\"https:\/\/elbullifoundation.com\/bullinianos\"><strong>www.bullinianos.com<\/strong><\/a> no implica la obligaci\u00f3n por parte de la empresa de controlar la ausencia de virus o cualquier otro elemento inform\u00e1tico da\u00f1ino. Corresponde al Usuario, en todo caso, la disponibilidad de herramientas adecuadas para la detecci\u00f3n y desinfecci\u00f3n de programas inform\u00e1ticos da\u00f1inos.<\/p>\n<p>&nbsp;<\/p>\n<p><strong>ELBULLIFOUNDATION, FUNDACI\u00d3 PRIVADA<\/strong> no se responsabiliza de los da\u00f1os producidos en los equipos inform\u00e1ticos, documentos y\/o ficheros de los Usuarios o de terceros durante la prestaci\u00f3n del servicio en el Portal.<\/p>\n<p>&nbsp;<\/p>\n<p>&nbsp;<\/p>\n<h3>2. PUBLICIDAD<\/h3>\n<p>&nbsp;<\/p>\n<p>La web: <a href=\"https:\/\/elbullifoundation.com\/bullinianos\"><strong>www.bullinianos.com<\/strong><\/a> podr\u00e1 alojar contenidos publicitarios o patrocinados. Los anunciantes o patrocinadores son los \u00fanicos responsables de asegurarse que el material remitido para su inclusi\u00f3n en la web cumple con las leyes que en cada caso puedan ser de aplicaci\u00f3n.<\/p>\n<p>&nbsp;<\/p>\n<p><strong>ELBULLIFOUNDATION, FUNDACI\u00d3 PRIVADA<\/strong> no ser\u00e1 responsable de cualquier error, inexactitud o irregularidad que puedan contener los contenidos publicitarios o de los patrocinadores.<\/p>\n<p><strong>\u00a0<\/strong><\/p>\n<p>&nbsp;<\/p>\n<h3>3. MODIFICACIONES<\/h3>\n<p>&nbsp;<\/p>\n<p><strong>ELBULLIFOUNDATION, FUNDACI\u00d3 PRIVADA<\/strong> se reserva el derecho a realizar las modificaciones que considere oportunas, sin aviso previo, en el contenido de sus sitios web, tanto en cuanto a los contenidos de los sitios web como por sus condiciones de uso o por las condiciones generales de contrataci\u00f3n. Dichas modificaciones podr\u00e1n realizarse, a trav\u00e9s de sus sitios web, de cualquier forma admisible en derecho y ser\u00e1n de obligado cumplimiento durante el tiempo que est\u00e9n publicadas en la web y hasta que no sean modificadas por otras posteriores.<\/p>\n<p>&nbsp;<\/p>\n<p>&nbsp;<\/p>\n<h3>4. RESERVA DE COOKIES<\/h3>\n<p>&nbsp;<\/p>\n<p><strong>ELBULLIFOUNDATION, FUNDACI\u00d3\u00a0PRIVADA<\/strong> se reserva el derecho de utilizar cookies en la navegaci\u00f3n del usuario por sus sitios web para facilitar la personalizaci\u00f3n y comodidad de la navegaci\u00f3n. Siguiendo la pol\u00edtica de protecci\u00f3n de datos de la empresa, <strong>ELBULLIFOUNDATION, FUNDACI\u00d3 PRIVADA<\/strong> informa que las cookies se asocian al usuario an\u00f3nimo ya su ordenador y no proporcionan por s\u00ed mismas ni el nombre ni los apellidos del usuario.<\/p>\n<p>&nbsp;<\/p>\n<p>El usuario tiene la posibilidad de configurar su navegador de manera que sea informado de la recepci\u00f3n de cookies, pudiendo, si as\u00ed lo desea, impedir que se instalen en su disco duro. Sin embargo, para acceder a los sitios web de <strong>ELBULLIFOUNDATION, FUNDACI\u00d3 PRIVADA<\/strong> no es preceptiva la instalaci\u00f3n de cookies.<\/p>\n<p>&nbsp;<\/p>\n<p>El usuario se compromete a abstenerse de reproducir, copiar, distribuir, poner a disposici\u00f3n o de cualquier otra forma comunicar p\u00fablicamente, transformar o modificar los Contenidos, a menos que se cuente con la autorizaci\u00f3n del titular de los correspondientes derechos o ello resulte legalmente permitido.<\/p>\n<p>&nbsp;<\/p>\n<p>&nbsp;<\/p>\n<h3>5. PROTECCI\u00d3N DE DATOS PERSONAL<\/h3>\n<p>&nbsp;<\/p>\n<p>De conformidad con lo establecido por el Reglamento General-UE-2016\/679 del Parlamento y Consejo de Europa de Protecci\u00f3n de Datos de Car\u00e1cter Personal, aprobado el 27 de abril de 2016<strong>, <\/strong><strong>ELBULLIFOUNDATION, FUNDACI\u00d3 PRIVADA<\/strong> informa a los usuarios de sus websites de que estamos obligados a guardar secreto profesional sobre los datos personales recabados por la empresa mediante los formularios sitos en sus p\u00e1ginas, esta obligaci\u00f3n continuara incluso despu\u00e9s de haber finalizado nuestra relaci\u00f3n comercial o contractual, y en ning\u00fan caso podremos hacer p\u00fablicos los datos personales de los visitantes y clientes a la web sin su consentimiento. Los menores de 14 a\u00f1os, no pueden prestar su consentimiento para que un comercio recoja y trate sus datos personales; solo sus representantes legales (padres o tutores) son quienes pueden hacerlo en su nombre. Aquellos comercios que necesiten tratar datos de menores de 14 a\u00f1os, deben disponer de los medios para obtener el consentimiento de sus padres o tutores, por ejemplo, mediante un mensaje de correo electr\u00f3nico dirigido a alguno de ellos que contenga un enlace a un formulario electr\u00f3nico. No se puede pedir a los menores de 14 a\u00f1os datos sobre el \u00e1mbito familiar, siendo la \u00fanica excepci\u00f3n los datos de identificaci\u00f3n y contacto de los padres o tutores.<\/p>\n<p>&nbsp;<\/p>\n<p>Estos datos, ser\u00e1n introducidos en un fichero automatizado bajo la responsabilidad del administrador de la web de, <strong>ELBULLIFOUNDATION, FUNDACI\u00d3 PRIVADA<\/strong> con la finalidad de poder facilitar, agilizar y cumplir los compromisos establecidos entre ambas partes. Asimismo, <strong>ELBULLIFOUNDATION, FUNDACI\u00d3 PRIVADA<\/strong> informa de la posibilidad de ejercer los derechos de <strong>acceso<\/strong>, que permite al usuario web, conocer que datos personales tiene el administrador de esta p\u00e1gina y en tal caso contestara en un plazo de 30 d\u00edas, siempre que conserve los datos, <strong>rectificaci\u00f3n<\/strong>, que permite corregir errores, modificar los datos que sean inexactos o incompletos y garantizar la certeza de la informaci\u00f3n, <strong>oposici\u00f3n<\/strong> que podr\u00e1 solicitar y conseguir que no lleve a cabo el tratamiento de datos, <strong>supresi\u00f3n<\/strong> que permite que se supriman los datos inadecuados o excesivos, <strong>limitaci\u00f3n, <\/strong>por el que puede solicitar que se limite el tratamiento de sus datos cuando haya ejercido su derecho a la rectificaci\u00f3n de sus datos personales, y <strong>portabilidad<\/strong>, para que el usuario pueda obtener una copia de los datos personales que haya facilitado en la web a fin de poder transmitirlos a otros servicios,\u00a0\u00a0 estos derechos se podr\u00e1n ejercer por cualquier medio que deje constancia de su env\u00edo y de su recepci\u00f3n a la direcci\u00f3n: <strong>CALA MONJOI S\/N. <\/strong>C\u00f3digo Postal: <strong>17480<\/strong>. Localidad: <strong>ROSES<\/strong>. Provincia: <strong>GIRONA<\/strong>. Correo electr\u00f3nico: <strong><a href=\"mailto:departamentolegal@elbullifoundation.com\">departamentolegal@elbullifoundation.com<\/a>, \u200b\u200b<\/strong>aportando fotocopia del DNI o documentaci\u00f3n alternativa que acredite su identidad.<\/p>\n<p>&nbsp;<\/p>\n<p>Mientras no nos comunique lo contrario, entenderemos que sus datos no han sido modificados, que usted se compromete a notificarnos cualquier variaci\u00f3n y que tenemos el consentimiento para utilizarlos a fin de poder fidelizar la relaci\u00f3n entre las partes.<\/p>\n<p>&nbsp;<\/p>\n<p>El env\u00edo de sus datos mediante el\/los formularios de nuestra web estar\u00e1 supeditado obligatoriamente a que haya le\u00eddo\/aceptado la Pol\u00edtica de Privacidad, mediante un check box obligatorio al pie del formulario.<\/p>\n<p>&nbsp;<\/p>\n<p>De acuerdo con lo establecido en la Ley 34\/2002, de Servicios de la Sociedad de la Informaci\u00f3n y el Comercio Electr\u00f3nico en su art\u00edculo 21, pedimos su consentimiento para poder realizar comunicaciones publicitarias que consideremos puedan ser de su inter\u00e9s, por correo electr\u00f3nico o por cualquier otro medio de comunicaci\u00f3n electr\u00f3nica equivalente, este consentimiento lo aceptar\u00e1 o negar\u00e1 con un check box obligatorio al pie del formulario.<\/p>\n<p>&nbsp;<\/p>\n<p>&nbsp;<\/p>\n<h3>6. PROPIEDAD INTELECTUAL<\/h3>\n<p>&nbsp;<\/p>\n<p>Los derechos de propiedad intelectual e industrial derivados de todos los textos, im\u00e1genes, as\u00ed como de los medios y formas de presentaci\u00f3n y montaje de sus p\u00e1ginas pertenecen, por s\u00ed mismos o como cesionaria, a <strong>ELBULLIFOUNDATION, FUNDACI\u00d3 PRIVADA. <\/strong>Ser\u00e1n, por tanto, obras protegidas con propiedad intelectual por el ordenamiento jur\u00eddico espa\u00f1ol y se les podr\u00e1 aplicar tanto la normativa espa\u00f1ola y comunitaria en este campo, como los tratados internacionales relativos a la materia y suscritos por Espa\u00f1a.<\/p>\n<p>&nbsp;<\/p>\n<p>Todos los derechos reservados. En cumplimiento de la Ley de la Propiedad Intelectual se proh\u00edbe expresamente la reproducci\u00f3n, distribuci\u00f3n, comunicaci\u00f3n p\u00fablica y utilizaci\u00f3n de la totalidad o parte de los contenidos de sus p\u00e1ginas web sin el consentimiento expl\u00edcito de <strong>ELBULLIFOUNDATION, FUNDACI\u00d3 PRIVADA.<\/strong><\/p>\n<p>&nbsp;<\/p>\n<p>As\u00ed mismo, <strong>ELBULLIFOUNDATION, FUNDACI\u00d3 PRIVADA<\/strong> se reserva la facultad de presentar las acciones civiles o penales que considere oportunas por la utilizaci\u00f3n indebida de sus p\u00e1ginas web y contenidos o por el incumplimiento de estas condiciones.<\/p>\n<p>&nbsp;<\/p>\n<p>&nbsp;<\/p>\n<h3>7. SELLOS DE CONFIANZA<\/h3>\n<p>&nbsp;<\/p>\n<p>Los sellos de confianza son distintivos que se proporcionan a las tiendas online para demostrar su calidad y seguridad en la venta online.<\/p>\n<p>&nbsp;<\/p>\n<p>Para conseguir el sello, \u00e9stas son auditadas o evaluadas para comprobar que cumplen los criterios de seguridad en la compra y cumplimiento legal en materia de privacidad y protecci\u00f3n de datos de los consumidores.<\/p>\n<p>&nbsp;<\/p>\n<p>Las tiendas que disponen de un sello de confianza est\u00e1n adheridas a un c\u00f3digo de conducta y suelen ofrecer a los consumidores procedimientos alternativos de resoluci\u00f3n de conflictos sencillos, r\u00e1pidos y c\u00f3modos.<\/p>\n<p>&nbsp;<\/p>\n<p>&nbsp;<\/p>\n<h3>8. CERTIFICADOS DE CUMPLIMIENTO LSSI-CE Y PROTECCI\u00d3N DE DATOS<\/h3>\n<p>&nbsp;<\/p>\n<p><strong><a href=\"https:\/\/elbullifoundation.com\/bullinianos\">www.bullinianos.com<\/a>, <\/strong> cumple con la normativa de Protecci\u00f3n de Datos vigente y con la <strong>LSSI-CE<\/strong>, y ha sido asesorada en estas normativas por <a href=\"http:\/\/www.grupoqualia.net\/es\/inicio\"><strong>GRUPO QUALIA<\/strong><\/a><strong>,<\/strong> por lo que se le otorgan sendos certificados en formato de imagen digital para que pueda exponerlos en su sitio web.<\/p>\n<p>&nbsp;<\/p>\n<p>&nbsp;<\/p>\n<h3>9. ACCIONES LEGAL, LEGISLACI\u00d3N APLICABLE Y JURISDICCI\u00d3N<\/h3>\n<p>&nbsp;<\/p>\n<p>La relaci\u00f3n entre el usuario y <strong>ELBULLIFOUNDATION, FUNDACI\u00d3 PRIVADA<\/strong> se regir\u00e1 por la normativa espa\u00f1ola vigente y ser\u00e1n competentes para decidir sobre cualquier controversia que pueda surgir entre el usuario y <strong>ELBULLIFOUNDATION, FUNDACI\u00d3 PRIVADA<\/strong><strong>, <\/strong>los juzgados o tribunales de la localidad de <strong>FIGUERES<\/strong><strong>.<\/strong><\/p>\n","protected":false},"excerpt":{"rendered":"<p>1. POL\u00cdTICA DE ENLACES Y EXENCIONES DE RESPONSABILIDAD &nbsp; ELBULLIFOUNDATION, FUNDACI\u00d3 PRIVADA no se hace responsable del contenido de las p\u00e1ginas web a las que pueda acceder el usuario a trav\u00e9s de los enlaces establecidos en sus sitios web y declara que en ning\u00fan caso examinar\u00e1 ni ejercitar\u00e1 ning\u00fan tipo de control sobre el contenido &hellip; <\/p>\n<p class=\"link-more\"><a href=\"https:\/\/elbullifoundation.com\/bullinianos\/politica-de-privacidad\/\" class=\"more-link\">Continue reading<span class=\"screen-reader-text\"> \u00abPol\u00edtica de privacidad\u00bb<\/span><\/a><\/p>\n","protected":false},"author":1,"featured_media":0,"parent":0,"menu_order":0,"comment_status":"closed","ping_status":"closed","template":"nota-legal.php","meta":{"_acf_changed":false,"footnotes":""},"class_list":["post-7177","page","type-page","status-publish","hentry"],"acf":[],"yoast_head":"<!-- This site is optimized with the Yoast SEO plugin v26.9 - https:\/\/yoast.com\/product\/yoast-seo-wordpress\/ -->\n<title>Pol\u00edtica de privacidad - Bullinianos<\/title>\n<meta name=\"robots\" content=\"index, follow, max-snippet:-1, max-image-preview:large, max-video-preview:-1\" \/>\n<link rel=\"canonical\" href=\"https:\/\/elbullifoundation.com\/bullinianos\/politica-de-privacidad\/\" \/>\n<meta property=\"og:locale\" content=\"es_ES\" \/>\n<meta property=\"og:type\" content=\"article\" \/>\n<meta property=\"og:title\" content=\"Pol\u00edtica de privacidad - Bullinianos\" \/>\n<meta property=\"og:description\" content=\"1. POL\u00cdTICA DE ENLACES Y EXENCIONES DE RESPONSABILIDAD &nbsp; ELBULLIFOUNDATION, FUNDACI\u00d3 PRIVADA no se hace responsable del contenido de las p\u00e1ginas web a las que pueda acceder el usuario a trav\u00e9s de los enlaces establecidos en sus sitios web y declara que en ning\u00fan caso examinar\u00e1 ni ejercitar\u00e1 ning\u00fan tipo de control sobre el contenido &hellip; Continue reading &quot;Pol\u00edtica de privacidad&quot;\" \/>\n<meta property=\"og:url\" content=\"https:\/\/elbullifoundation.com\/bullinianos\/politica-de-privacidad\/\" \/>\n<meta property=\"og:site_name\" content=\"Bullinianos\" \/>\n<meta property=\"article:modified_time\" content=\"2022-02-04T09:18:22+00:00\" \/>\n<meta name=\"twitter:card\" content=\"summary_large_image\" \/>\n<meta name=\"twitter:label1\" content=\"Tiempo de lectura\" \/>\n\t<meta name=\"twitter:data1\" content=\"8 minutos\" \/>\n<script type=\"application\/ld+json\" class=\"yoast-schema-graph\">{\"@context\":\"https:\/\/schema.org\",\"@graph\":[{\"@type\":\"WebPage\",\"@id\":\"https:\/\/elbullifoundation.com\/bullinianos\/politica-de-privacidad\/\",\"url\":\"https:\/\/elbullifoundation.com\/bullinianos\/politica-de-privacidad\/\",\"name\":\"Pol\u00edtica de privacidad - Bullinianos\",\"isPartOf\":{\"@id\":\"https:\/\/elbullifoundation.com\/bullinianos\/#website\"},\"datePublished\":\"2017-06-09T09:11:51+00:00\",\"dateModified\":\"2022-02-04T09:18:22+00:00\",\"inLanguage\":\"es\",\"potentialAction\":[{\"@type\":\"ReadAction\",\"target\":[\"https:\/\/elbullifoundation.com\/bullinianos\/politica-de-privacidad\/\"]}]},{\"@type\":\"WebSite\",\"@id\":\"https:\/\/elbullifoundation.com\/bullinianos\/#website\",\"url\":\"https:\/\/elbullifoundation.com\/bullinianos\/\",\"name\":\"Bullinianos\",\"description\":\"\",\"potentialAction\":[{\"@type\":\"SearchAction\",\"target\":{\"@type\":\"EntryPoint\",\"urlTemplate\":\"https:\/\/elbullifoundation.com\/bullinianos\/?s={search_term_string}\"},\"query-input\":{\"@type\":\"PropertyValueSpecification\",\"valueRequired\":true,\"valueName\":\"search_term_string\"}}],\"inLanguage\":\"es\"}]}<\/script>\n<!-- \/ Yoast SEO plugin. -->","yoast_head_json":{"title":"Pol\u00edtica de privacidad - Bullinianos","robots":{"index":"index","follow":"follow","max-snippet":"max-snippet:-1","max-image-preview":"max-image-preview:large","max-video-preview":"max-video-preview:-1"},"canonical":"https:\/\/elbullifoundation.com\/bullinianos\/politica-de-privacidad\/","og_locale":"es_ES","og_type":"article","og_title":"Pol\u00edtica de privacidad - Bullinianos","og_description":"1. POL\u00cdTICA DE ENLACES Y EXENCIONES DE RESPONSABILIDAD &nbsp; ELBULLIFOUNDATION, FUNDACI\u00d3 PRIVADA no se hace responsable del contenido de las p\u00e1ginas web a las que pueda acceder el usuario a trav\u00e9s de los enlaces establecidos en sus sitios web y declara que en ning\u00fan caso examinar\u00e1 ni ejercitar\u00e1 ning\u00fan tipo de control sobre el contenido &hellip; Continue reading \"Pol\u00edtica de privacidad\"","og_url":"https:\/\/elbullifoundation.com\/bullinianos\/politica-de-privacidad\/","og_site_name":"Bullinianos","article_modified_time":"2022-02-04T09:18:22+00:00","twitter_card":"summary_large_image","twitter_misc":{"Tiempo de lectura":"8 minutos"},"schema":{"@context":"https:\/\/schema.org","@graph":[{"@type":"WebPage","@id":"https:\/\/elbullifoundation.com\/bullinianos\/politica-de-privacidad\/","url":"https:\/\/elbullifoundation.com\/bullinianos\/politica-de-privacidad\/","name":"Pol\u00edtica de privacidad - Bullinianos","isPartOf":{"@id":"https:\/\/elbullifoundation.com\/bullinianos\/#website"},"datePublished":"2017-06-09T09:11:51+00:00","dateModified":"2022-02-04T09:18:22+00:00","inLanguage":"es","potentialAction":[{"@type":"ReadAction","target":["https:\/\/elbullifoundation.com\/bullinianos\/politica-de-privacidad\/"]}]},{"@type":"WebSite","@id":"https:\/\/elbullifoundation.com\/bullinianos\/#website","url":"https:\/\/elbullifoundation.com\/bullinianos\/","name":"Bullinianos","description":"","potentialAction":[{"@type":"SearchAction","target":{"@type":"EntryPoint","urlTemplate":"https:\/\/elbullifoundation.com\/bullinianos\/?s={search_term_string}"},"query-input":{"@type":"PropertyValueSpecification","valueRequired":true,"valueName":"search_term_string"}}],"inLanguage":"es"}]}},"lang":"es","translations":{"es":7177,"en":10924},"pll_sync_post":[],"_links":{"self":[{"href":"https:\/\/elbullifoundation.com\/bullinianos\/wp-json\/wp\/v2\/pages\/7177","targetHints":{"allow":["GET"]}}],"collection":[{"href":"https:\/\/elbullifoundation.com\/bullinianos\/wp-json\/wp\/v2\/pages"}],"about":[{"href":"https:\/\/elbullifoundation.com\/bullinianos\/wp-json\/wp\/v2\/types\/page"}],"author":[{"embeddable":true,"href":"https:\/\/elbullifoundation.com\/bullinianos\/wp-json\/wp\/v2\/users\/1"}],"replies":[{"embeddable":true,"href":"https:\/\/elbullifoundation.com\/bullinianos\/wp-json\/wp\/v2\/comments?post=7177"}],"version-history":[{"count":17,"href":"https:\/\/elbullifoundation.com\/bullinianos\/wp-json\/wp\/v2\/pages\/7177\/revisions"}],"predecessor-version":[{"id":11002,"href":"https:\/\/elbullifoundation.com\/bullinianos\/wp-json\/wp\/v2\/pages\/7177\/revisions\/11002"}],"wp:attachment":[{"href":"https:\/\/elbullifoundation.com\/bullinianos\/wp-json\/wp\/v2\/media?parent=7177"}],"curies":[{"name":"wp","href":"https:\/\/api.w.org\/{rel}","templated":true}]}}