{"id":883,"date":"2024-10-10T15:51:14","date_gmt":"2024-10-10T13:51:14","guid":{"rendered":"https:\/\/elbullifoundation.com\/bullipedia\/?page_id=883"},"modified":"2024-10-10T15:51:14","modified_gmt":"2024-10-10T13:51:14","slug":"taxonomia-de-la-restauracion-gastronomica","status":"publish","type":"page","link":"https:\/\/elbullifoundation.com\/bullipedia\/en\/taxonomia-de-la-restauracion-gastronomica\/","title":{"rendered":"Taxonom\u00eda de la restauraci\u00f3n gastron\u00f3mica"},"content":{"rendered":"","protected":false},"excerpt":{"rendered":"","protected":false},"author":1,"featured_media":0,"parent":0,"menu_order":0,"comment_status":"closed","ping_status":"closed","template":"template_taxonomias.php","meta":{"_acf_changed":false,"footnotes":""},"class_list":["post-883","page","type-page","status-publish","hentry"],"acf":[],"lang":"en","translations":{"en":883,"ca":881,"es":873},"pll_sync_post":[],"_links":{"self":[{"href":"https:\/\/elbullifoundation.com\/bullipedia\/wp-json\/wp\/v2\/pages\/883","targetHints":{"allow":["GET"]}}],"collection":[{"href":"https:\/\/elbullifoundation.com\/bullipedia\/wp-json\/wp\/v2\/pages"}],"about":[{"href":"https:\/\/elbullifoundation.com\/bullipedia\/wp-json\/wp\/v2\/types\/page"}],"author":[{"embeddable":true,"href":"https:\/\/elbullifoundation.com\/bullipedia\/wp-json\/wp\/v2\/users\/1"}],"replies":[{"embeddable":true,"href":"https:\/\/elbullifoundation.com\/bullipedia\/wp-json\/wp\/v2\/comments?post=883"}],"version-history":[{"count":1,"href":"https:\/\/elbullifoundation.com\/bullipedia\/wp-json\/wp\/v2\/pages\/883\/revisions"}],"predecessor-version":[{"id":884,"href":"https:\/\/elbullifoundation.com\/bullipedia\/wp-json\/wp\/v2\/pages\/883\/revisions\/884"}],"wp:attachment":[{"href":"https:\/\/elbullifoundation.com\/bullipedia\/wp-json\/wp\/v2\/media?parent=883"}],"curies":[{"name":"wp","href":"https:\/\/api.w.org\/{rel}","templated":true}]}}