{"id":10421,"date":"2026-04-08T17:06:33","date_gmt":"2026-04-08T15:06:33","guid":{"rendered":"https:\/\/elbullifoundation.com\/elbulli1846\/?page_id=10421"},"modified":"2026-04-08T17:08:45","modified_gmt":"2026-04-08T15:08:45","slug":"que-fer-a-roses","status":"publish","type":"page","link":"https:\/\/elbullifoundation.com\/elbulli1846\/ca\/que-fer-a-roses\/","title":{"rendered":"Qu\u00e8 fer a Roses"},"content":{"rendered":"\n<p>Roses, situada al nord de la Costa Brava, \u00e9s una destinaci\u00f3 que combina paisatge, hist\u00f2ria i cultura en un entorn \u00fanic davant del Mediterrani. M\u00e9s enll\u00e0 de les seves platges, ofereix una gran varietat de propostes per a aquells que busquen una experi\u00e8ncia m\u00e9s completa: des d\u2019espais naturals i patrimoni hist\u00f2ric fins a iniciatives culturals.\u00a0<\/p>\n<p>\u00a0<\/p>\n<p>A continuaci\u00f3, et proposem algunes de les millors activitats i visites per descobrir Roses.<\/p>\n\n\n\n\n\n\n\n<h3 data-section-id=\"d67s71\" data-start=\"514\" data-end=\"575\"><span role=\"text\"><strong data-start=\"518\" data-end=\"573\">Visitar elBulli1846: una experi\u00e8ncia cultural \u00fanica<\/strong><\/span><\/h3>\n<p data-start=\"576\" data-end=\"722\">Situat a Cala Montjoi, dins del Parc Natural del Cap de Creus, elBulli1846 \u00e9s un museu dedicat a la innovaci\u00f3 gastron\u00f2mica i al llegat de elBulli.<\/p>\n<p data-start=\"576\" data-end=\"722\">\u00a0<\/p>\n<p data-start=\"724\" data-end=\"1044\">Lluny de ser un museu tradicional, proposa un recorregut per la hist\u00f2ria de la creativitat culin\u00e0ria, el proc\u00e9s d\u2019innovaci\u00f3 i l\u2019evoluci\u00f3 d\u2019un dels restaurants m\u00e9s influents del m\u00f3n. La visita combina espais expositius, instal\u00b7lacions a l\u2019aire lliure i el mateix entorn natural on es va desenvolupar el projecte original.<\/p>\n<p data-start=\"724\" data-end=\"1044\">\u00a0<\/p>\n<p data-start=\"1046\" data-end=\"1175\">Per a aquells que visiten Roses, elBulli1846 s\u2019ha convertit en una de les experi\u00e8ncies culturals m\u00e9s singulars de la Costa Brava.<\/p>\n<p data-start=\"1046\" data-end=\"1175\">\u00a0<\/p>\n<h3 data-section-id=\"sgvxtz\" data-start=\"1177\" data-end=\"1229\"><span role=\"text\"><strong data-start=\"1181\" data-end=\"1227\">Descobrir el Parc Natural del Cap de Creus<\/strong><\/span><\/h3>\n<p data-start=\"1230\" data-end=\"1453\">El Cap de Creus \u00e9s un dels espais naturals m\u00e9s emblem\u00e0tics de Catalunya. El seu paisatge, marcat per formacions geol\u00f2giques \u00faniques i una forta pres\u00e8ncia del vent i del mar, ofereix m\u00faltiples rutes de senderisme i miradors.<\/p>\n<p data-start=\"1230\" data-end=\"1453\">\u00a0<\/p>\n<p data-start=\"1455\" data-end=\"1588\">Des de Roses es poden fer excursions a peu, amb bicicleta o en cotxe, accedint a cales i punts panor\u00e0mics de gran valor paisatg\u00edstic.<\/p>\n<p data-start=\"1455\" data-end=\"1588\">\u00a0<\/p>\n<h3 data-section-id=\"eua8b6\" data-start=\"1590\" data-end=\"1635\"><span role=\"text\"><strong data-start=\"1594\" data-end=\"1633\">Passejar per la Ciutadella de Roses<\/strong><\/span><\/h3>\n<p data-start=\"1636\" data-end=\"1896\">La Ciutadella \u00e9s un dels principals elements patrimonials de Roses. Aquest recinte fortificat reuneix vestigis de diferents \u00e8poques \u2014grega, romana, medieval i moderna\u2014 i permet entendre l\u2019evoluci\u00f3 hist\u00f2rica de Roses com a enclavament estrat\u00e8gic al Mediterrani.<\/p>\n<p data-start=\"1636\" data-end=\"1896\">\u00a0<\/p>\n<p data-start=\"1898\" data-end=\"1977\">\u00c9s una visita recomanable tant pel seu valor hist\u00f2ric com per la seva ubicaci\u00f3.<\/p>\n<p data-start=\"1898\" data-end=\"1977\">\u00a0<\/p>\n<h3 data-section-id=\"ogphko\" data-start=\"1979\" data-end=\"2018\"><span role=\"text\"><strong data-start=\"1983\" data-end=\"2016\">Gaudir de les platges i cales<\/strong><\/span><\/h3>\n<p data-start=\"2019\" data-end=\"2185\">Roses compta amb una \u00e0mplia oferta de platges, des de grans espais urbans com la Platja de Roses fins a cales m\u00e9s tranquil\u00b7les i naturals en direcci\u00f3 al Cap de Creus.<\/p>\n<p data-start=\"2019\" data-end=\"2185\">\u00a0<\/p>\n<p data-start=\"2187\" data-end=\"2303\">Aquestes zones permeten gaudir del mar en diferents formats: des d\u2019activitats esportives fins a espais m\u00e9s relaxats.<\/p>\n<p data-start=\"2187\" data-end=\"2303\">\u00a0<\/p>\n<h3 data-section-id=\"19pl4nh\" data-start=\"2305\" data-end=\"2354\"><span role=\"text\"><strong data-start=\"2309\" data-end=\"2352\">Rec\u00f3rrer el passeig mar\u00edtim i el centre<\/strong><\/span><\/h3>\n<p data-start=\"2355\" data-end=\"2588\">El passeig mar\u00edtim de Roses connecta diferents zones de la ciutat i ofereix una visi\u00f3 m\u00e9s quotidiana de la destinaci\u00f3. Restaurants, comer\u00e7os i espais oberts permeten completar l\u2019experi\u00e8ncia amb una dimensi\u00f3 m\u00e9s social i gastron\u00f2mica.<\/p>\n<p data-start=\"2355\" data-end=\"2588\">\u00a0<\/p>\n<h3 data-section-id=\"4l9lx9\" data-start=\"2590\" data-end=\"2657\"><span role=\"text\"><strong data-start=\"2594\" data-end=\"2655\">Una experi\u00e8ncia que va m\u00e9s enll\u00e0 del turisme convencional<\/strong><\/span><\/h3>\n<p data-start=\"2658\" data-end=\"2801\">Roses no \u00e9s nom\u00e9s una destinaci\u00f3 de platja. La seva combinaci\u00f3 de natura, hist\u00f2ria i cultura permet construir una visita diversa i enriquidora.<\/p>\n<p data-start=\"2658\" data-end=\"2801\">\u00a0<\/p>\n<p data-start=\"2803\" data-end=\"2904\">Per ampliar la informaci\u00f3 i descobrir altres activitats, es pot consultar el<a href=\"https:\/\/visitroses.cat\/\"> web<\/a> de turisme de Roses.<\/p>\n\n\n\n<p>&nbsp;<\/p>\n<p>&nbsp;<\/p>\n\n\n\n\n\n\n","protected":false},"excerpt":{"rendered":"<p>Roses, situada al nord de la Costa Brava, \u00e9s una destinaci\u00f3 que combina paisatge, hist\u00f2ria i cultura en un entorn \u00fanic davant del Mediterrani. M\u00e9s enll\u00e0 de les seves platges, ofereix una gran varietat de propostes per a aquells que busquen una experi\u00e8ncia m\u00e9s completa: des d\u2019espais naturals i patrimoni hist\u00f2ric fins a iniciatives culturals.\u00a0 [&hellip;]<\/p>\n","protected":false},"author":4,"featured_media":8708,"parent":0,"menu_order":0,"comment_status":"closed","ping_status":"closed","template":"","meta":{"_acf_changed":false,"footnotes":""},"class_list":["post-10421","page","type-page","status-publish","has-post-thumbnail","hentry"],"acf":[],"yoast_head":"<!-- This site is optimized with the Yoast SEO plugin v27.0-RC2 - https:\/\/yoast.com\/product\/yoast-seo-wordpress\/ -->\n<title>Qu\u00e8 fer a Roses - elBulli1846<\/title>\n<meta name=\"robots\" content=\"index, follow, max-snippet:-1, max-image-preview:large, max-video-preview:-1\" \/>\n<link rel=\"canonical\" href=\"https:\/\/elbullifoundation.com\/elbulli1846\/ca\/que-fer-a-roses\/\" \/>\n<meta property=\"og:locale\" content=\"es_ES\" \/>\n<meta property=\"og:type\" content=\"article\" \/>\n<meta property=\"og:title\" content=\"Qu\u00e8 fer a Roses - elBulli1846\" \/>\n<meta property=\"og:description\" content=\"Roses, situada al nord de la Costa Brava, \u00e9s una destinaci\u00f3 que combina paisatge, hist\u00f2ria i cultura en un entorn \u00fanic davant del Mediterrani. M\u00e9s enll\u00e0 de les seves platges, ofereix una gran varietat de propostes per a aquells que busquen una experi\u00e8ncia m\u00e9s completa: des d\u2019espais naturals i patrimoni hist\u00f2ric fins a iniciatives culturals.\u00a0 [&hellip;]\" \/>\n<meta property=\"og:url\" content=\"https:\/\/elbullifoundation.com\/elbulli1846\/ca\/que-fer-a-roses\/\" \/>\n<meta property=\"og:site_name\" content=\"elBulli1846\" \/>\n<meta property=\"article:modified_time\" content=\"2026-04-08T15:08:45+00:00\" \/>\n<meta property=\"og:image\" content=\"https:\/\/elbullifoundation.com\/elbulli1846\/wp-content\/uploads\/sites\/15\/2023\/03\/EDIFICI-\u00a9PS_1M3A3776_retocada.jpg\" \/>\n\t<meta property=\"og:image:width\" content=\"1400\" \/>\n\t<meta property=\"og:image:height\" content=\"1090\" \/>\n\t<meta property=\"og:image:type\" content=\"image\/jpeg\" \/>\n<meta name=\"twitter:card\" content=\"summary_large_image\" \/>\n<meta name=\"twitter:label1\" content=\"Tiempo de lectura\" \/>\n\t<meta name=\"twitter:data1\" content=\"3 minutos\" \/>\n<script type=\"application\/ld+json\" class=\"yoast-schema-graph\">{\"@context\":\"https:\/\/schema.org\",\"@graph\":[{\"@type\":\"WebPage\",\"@id\":\"https:\/\/elbullifoundation.com\/elbulli1846\/ca\/que-fer-a-roses\/\",\"url\":\"https:\/\/elbullifoundation.com\/elbulli1846\/ca\/que-fer-a-roses\/\",\"name\":\"Qu\u00e8 fer a Roses - elBulli1846\",\"isPartOf\":{\"@id\":\"https:\/\/elbullifoundation.com\/elbulli1846\/#website\"},\"primaryImageOfPage\":{\"@id\":\"https:\/\/elbullifoundation.com\/elbulli1846\/ca\/que-fer-a-roses\/#primaryimage\"},\"image\":{\"@id\":\"https:\/\/elbullifoundation.com\/elbulli1846\/ca\/que-fer-a-roses\/#primaryimage\"},\"thumbnailUrl\":\"https:\/\/elbullifoundation.com\/elbulli1846\/wp-content\/uploads\/sites\/15\/2023\/03\/EDIFICI-\u00a9PS_1M3A3776_retocada.jpg\",\"datePublished\":\"2026-04-08T15:06:33+00:00\",\"dateModified\":\"2026-04-08T15:08:45+00:00\",\"breadcrumb\":{\"@id\":\"https:\/\/elbullifoundation.com\/elbulli1846\/ca\/que-fer-a-roses\/#breadcrumb\"},\"inLanguage\":\"es\",\"potentialAction\":[{\"@type\":\"ReadAction\",\"target\":[\"https:\/\/elbullifoundation.com\/elbulli1846\/ca\/que-fer-a-roses\/\"]}]},{\"@type\":\"ImageObject\",\"inLanguage\":\"es\",\"@id\":\"https:\/\/elbullifoundation.com\/elbulli1846\/ca\/que-fer-a-roses\/#primaryimage\",\"url\":\"https:\/\/elbullifoundation.com\/elbulli1846\/wp-content\/uploads\/sites\/15\/2023\/03\/EDIFICI-\u00a9PS_1M3A3776_retocada.jpg\",\"contentUrl\":\"https:\/\/elbullifoundation.com\/elbulli1846\/wp-content\/uploads\/sites\/15\/2023\/03\/EDIFICI-\u00a9PS_1M3A3776_retocada.jpg\",\"width\":1400,\"height\":1090},{\"@type\":\"BreadcrumbList\",\"@id\":\"https:\/\/elbullifoundation.com\/elbulli1846\/ca\/que-fer-a-roses\/#breadcrumb\",\"itemListElement\":[{\"@type\":\"ListItem\",\"position\":1,\"name\":\"Portada\",\"item\":\"https:\/\/elbullifoundation.com\/elbulli1846\/\"},{\"@type\":\"ListItem\",\"position\":2,\"name\":\"Qu\u00e8 fer a Roses\"}]},{\"@type\":\"WebSite\",\"@id\":\"https:\/\/elbullifoundation.com\/elbulli1846\/#website\",\"url\":\"https:\/\/elbullifoundation.com\/elbulli1846\/\",\"name\":\"elBulli1846\",\"description\":\"\",\"potentialAction\":[{\"@type\":\"SearchAction\",\"target\":{\"@type\":\"EntryPoint\",\"urlTemplate\":\"https:\/\/elbullifoundation.com\/elbulli1846\/?s={search_term_string}\"},\"query-input\":{\"@type\":\"PropertyValueSpecification\",\"valueRequired\":true,\"valueName\":\"search_term_string\"}}],\"inLanguage\":\"es\"}]}<\/script>\n<!-- \/ Yoast SEO plugin. -->","yoast_head_json":{"title":"Qu\u00e8 fer a Roses - elBulli1846","robots":{"index":"index","follow":"follow","max-snippet":"max-snippet:-1","max-image-preview":"max-image-preview:large","max-video-preview":"max-video-preview:-1"},"canonical":"https:\/\/elbullifoundation.com\/elbulli1846\/ca\/que-fer-a-roses\/","og_locale":"es_ES","og_type":"article","og_title":"Qu\u00e8 fer a Roses - elBulli1846","og_description":"Roses, situada al nord de la Costa Brava, \u00e9s una destinaci\u00f3 que combina paisatge, hist\u00f2ria i cultura en un entorn \u00fanic davant del Mediterrani. M\u00e9s enll\u00e0 de les seves platges, ofereix una gran varietat de propostes per a aquells que busquen una experi\u00e8ncia m\u00e9s completa: des d\u2019espais naturals i patrimoni hist\u00f2ric fins a iniciatives culturals.\u00a0 [&hellip;]","og_url":"https:\/\/elbullifoundation.com\/elbulli1846\/ca\/que-fer-a-roses\/","og_site_name":"elBulli1846","article_modified_time":"2026-04-08T15:08:45+00:00","og_image":[{"width":1400,"height":1090,"url":"https:\/\/elbullifoundation.com\/elbulli1846\/wp-content\/uploads\/sites\/15\/2023\/03\/EDIFICI-\u00a9PS_1M3A3776_retocada.jpg","type":"image\/jpeg"}],"twitter_card":"summary_large_image","twitter_misc":{"Tiempo de lectura":"3 minutos"},"schema":{"@context":"https:\/\/schema.org","@graph":[{"@type":"WebPage","@id":"https:\/\/elbullifoundation.com\/elbulli1846\/ca\/que-fer-a-roses\/","url":"https:\/\/elbullifoundation.com\/elbulli1846\/ca\/que-fer-a-roses\/","name":"Qu\u00e8 fer a Roses - elBulli1846","isPartOf":{"@id":"https:\/\/elbullifoundation.com\/elbulli1846\/#website"},"primaryImageOfPage":{"@id":"https:\/\/elbullifoundation.com\/elbulli1846\/ca\/que-fer-a-roses\/#primaryimage"},"image":{"@id":"https:\/\/elbullifoundation.com\/elbulli1846\/ca\/que-fer-a-roses\/#primaryimage"},"thumbnailUrl":"https:\/\/elbullifoundation.com\/elbulli1846\/wp-content\/uploads\/sites\/15\/2023\/03\/EDIFICI-\u00a9PS_1M3A3776_retocada.jpg","datePublished":"2026-04-08T15:06:33+00:00","dateModified":"2026-04-08T15:08:45+00:00","breadcrumb":{"@id":"https:\/\/elbullifoundation.com\/elbulli1846\/ca\/que-fer-a-roses\/#breadcrumb"},"inLanguage":"es","potentialAction":[{"@type":"ReadAction","target":["https:\/\/elbullifoundation.com\/elbulli1846\/ca\/que-fer-a-roses\/"]}]},{"@type":"ImageObject","inLanguage":"es","@id":"https:\/\/elbullifoundation.com\/elbulli1846\/ca\/que-fer-a-roses\/#primaryimage","url":"https:\/\/elbullifoundation.com\/elbulli1846\/wp-content\/uploads\/sites\/15\/2023\/03\/EDIFICI-\u00a9PS_1M3A3776_retocada.jpg","contentUrl":"https:\/\/elbullifoundation.com\/elbulli1846\/wp-content\/uploads\/sites\/15\/2023\/03\/EDIFICI-\u00a9PS_1M3A3776_retocada.jpg","width":1400,"height":1090},{"@type":"BreadcrumbList","@id":"https:\/\/elbullifoundation.com\/elbulli1846\/ca\/que-fer-a-roses\/#breadcrumb","itemListElement":[{"@type":"ListItem","position":1,"name":"Portada","item":"https:\/\/elbullifoundation.com\/elbulli1846\/"},{"@type":"ListItem","position":2,"name":"Qu\u00e8 fer a Roses"}]},{"@type":"WebSite","@id":"https:\/\/elbullifoundation.com\/elbulli1846\/#website","url":"https:\/\/elbullifoundation.com\/elbulli1846\/","name":"elBulli1846","description":"","potentialAction":[{"@type":"SearchAction","target":{"@type":"EntryPoint","urlTemplate":"https:\/\/elbullifoundation.com\/elbulli1846\/?s={search_term_string}"},"query-input":{"@type":"PropertyValueSpecification","valueRequired":true,"valueName":"search_term_string"}}],"inLanguage":"es"}]}},"lang":"ca","translations":{"ca":10421,"es":10363,"en":10426},"pll_sync_post":[],"_links":{"self":[{"href":"https:\/\/elbullifoundation.com\/elbulli1846\/wp-json\/wp\/v2\/pages\/10421","targetHints":{"allow":["GET"]}}],"collection":[{"href":"https:\/\/elbullifoundation.com\/elbulli1846\/wp-json\/wp\/v2\/pages"}],"about":[{"href":"https:\/\/elbullifoundation.com\/elbulli1846\/wp-json\/wp\/v2\/types\/page"}],"author":[{"embeddable":true,"href":"https:\/\/elbullifoundation.com\/elbulli1846\/wp-json\/wp\/v2\/users\/4"}],"replies":[{"embeddable":true,"href":"https:\/\/elbullifoundation.com\/elbulli1846\/wp-json\/wp\/v2\/comments?post=10421"}],"version-history":[{"count":2,"href":"https:\/\/elbullifoundation.com\/elbulli1846\/wp-json\/wp\/v2\/pages\/10421\/revisions"}],"predecessor-version":[{"id":10424,"href":"https:\/\/elbullifoundation.com\/elbulli1846\/wp-json\/wp\/v2\/pages\/10421\/revisions\/10424"}],"wp:featuredmedia":[{"embeddable":true,"href":"https:\/\/elbullifoundation.com\/elbulli1846\/wp-json\/wp\/v2\/media\/8708"}],"wp:attachment":[{"href":"https:\/\/elbullifoundation.com\/elbulli1846\/wp-json\/wp\/v2\/media?parent=10421"}],"curies":[{"name":"wp","href":"https:\/\/api.w.org\/{rel}","templated":true}]}}