{"id":373,"date":"2019-12-05T12:00:43","date_gmt":"2019-12-05T11:00:43","guid":{"rendered":"https:\/\/elbullifoundation.com\/elbulli1846\/convocatoria\/que-es-elbulli1846\/"},"modified":"2023-03-31T10:41:47","modified_gmt":"2023-03-31T08:41:47","slug":"que-es-elbulli1846","status":"publish","type":"page","link":"https:\/\/elbullifoundation.com\/elbulli1846\/en\/convocatoria-1\/que-es-elbulli1846\/","title":{"rendered":"Qu\u00e8 \u00e9s elBulli1846?"},"content":{"rendered":"<h2 style=\"text-align: center;\">elBulli1846 \u00e9s un <em>lab<\/em> expositiu en el qual estudiarem, investigarem i experimentarem per generar coneixement relatiu a l&#8217;efici\u00e8ncia en innovaci\u00f3, tant b\u00e0sica com aplicada. Amb el focus posat especialment en les pimes, utilitzarem les exposicions com una eina de treball.<\/h2>\n","protected":false},"excerpt":{"rendered":"<p>elBulli1846 \u00e9s un lab expositiu en el qual estudiarem, investigarem i experimentarem per generar coneixement relatiu a l&#8217;efici\u00e8ncia en innovaci\u00f3, tant b\u00e0sica com aplicada. Amb el focus posat especialment en les pimes, utilitzarem les exposicions com una eina de treball.<\/p>\n","protected":false},"author":1,"featured_media":374,"parent":9,"menu_order":0,"comment_status":"closed","ping_status":"closed","template":"template_que-es-elbulli1846.php","meta":{"_acf_changed":false,"footnotes":""},"class_list":["post-373","page","type-page","status-publish","has-post-thumbnail","hentry"],"acf":[],"yoast_head":"<!-- This site is optimized with the Yoast SEO plugin v27.0-RC2 - https:\/\/yoast.com\/product\/yoast-seo-wordpress\/ -->\n<title>Qu\u00e8 \u00e9s elBulli1846? - elBulli1846<\/title>\n<meta name=\"robots\" content=\"index, follow, max-snippet:-1, max-image-preview:large, max-video-preview:-1\" \/>\n<link rel=\"canonical\" href=\"https:\/\/elbullifoundation.com\/elbulli1846\/en\/convocatoria-1\/que-es-elbulli1846\/\" \/>\n<meta property=\"og:locale\" content=\"es_ES\" \/>\n<meta property=\"og:type\" content=\"article\" \/>\n<meta property=\"og:title\" content=\"Qu\u00e8 \u00e9s elBulli1846? - elBulli1846\" \/>\n<meta property=\"og:description\" content=\"elBulli1846 \u00e9s un lab expositiu en el qual estudiarem, investigarem i experimentarem per generar coneixement relatiu a l&#8217;efici\u00e8ncia en innovaci\u00f3, tant b\u00e0sica com aplicada. Amb el focus posat especialment en les pimes, utilitzarem les exposicions com una eina de treball.\" \/>\n<meta property=\"og:url\" content=\"https:\/\/elbullifoundation.com\/elbulli1846\/en\/convocatoria-1\/que-es-elbulli1846\/\" \/>\n<meta property=\"og:site_name\" content=\"elBulli1846\" \/>\n<meta property=\"article:modified_time\" content=\"2023-03-31T08:41:47+00:00\" \/>\n<meta property=\"og:image\" content=\"https:\/\/elbullifoundation.com\/elbulli1846\/wp-content\/uploads\/sites\/15\/2019\/12\/Captura-de-pantalla-2019-12-09-a-las-12.04.36.png\" \/>\n\t<meta property=\"og:image:width\" content=\"1870\" \/>\n\t<meta property=\"og:image:height\" content=\"874\" \/>\n\t<meta property=\"og:image:type\" content=\"image\/png\" \/>\n<meta name=\"twitter:card\" content=\"summary_large_image\" \/>\n<meta name=\"twitter:label1\" content=\"Tiempo de lectura\" \/>\n\t<meta name=\"twitter:data1\" content=\"1 minuto\" \/>\n<script type=\"application\/ld+json\" class=\"yoast-schema-graph\">{\"@context\":\"https:\/\/schema.org\",\"@graph\":[{\"@type\":\"WebPage\",\"@id\":\"https:\/\/elbullifoundation.com\/elbulli1846\/en\/convocatoria-1\/que-es-elbulli1846\/\",\"url\":\"https:\/\/elbullifoundation.com\/elbulli1846\/en\/convocatoria-1\/que-es-elbulli1846\/\",\"name\":\"Qu\u00e8 \u00e9s elBulli1846? - elBulli1846\",\"isPartOf\":{\"@id\":\"https:\/\/elbullifoundation.com\/elbulli1846\/#website\"},\"primaryImageOfPage\":{\"@id\":\"https:\/\/elbullifoundation.com\/elbulli1846\/en\/convocatoria-1\/que-es-elbulli1846\/#primaryimage\"},\"image\":{\"@id\":\"https:\/\/elbullifoundation.com\/elbulli1846\/en\/convocatoria-1\/que-es-elbulli1846\/#primaryimage\"},\"thumbnailUrl\":\"https:\/\/elbullifoundation.com\/elbulli1846\/wp-content\/uploads\/sites\/15\/2019\/12\/Captura-de-pantalla-2019-12-09-a-las-12.04.36.png\",\"datePublished\":\"2019-12-05T11:00:43+00:00\",\"dateModified\":\"2023-03-31T08:41:47+00:00\",\"breadcrumb\":{\"@id\":\"https:\/\/elbullifoundation.com\/elbulli1846\/en\/convocatoria-1\/que-es-elbulli1846\/#breadcrumb\"},\"inLanguage\":\"es\",\"potentialAction\":[{\"@type\":\"ReadAction\",\"target\":[\"https:\/\/elbullifoundation.com\/elbulli1846\/en\/convocatoria-1\/que-es-elbulli1846\/\"]}]},{\"@type\":\"ImageObject\",\"inLanguage\":\"es\",\"@id\":\"https:\/\/elbullifoundation.com\/elbulli1846\/en\/convocatoria-1\/que-es-elbulli1846\/#primaryimage\",\"url\":\"https:\/\/elbullifoundation.com\/elbulli1846\/wp-content\/uploads\/sites\/15\/2019\/12\/Captura-de-pantalla-2019-12-09-a-las-12.04.36.png\",\"contentUrl\":\"https:\/\/elbullifoundation.com\/elbulli1846\/wp-content\/uploads\/sites\/15\/2019\/12\/Captura-de-pantalla-2019-12-09-a-las-12.04.36.png\",\"width\":1870,\"height\":874},{\"@type\":\"BreadcrumbList\",\"@id\":\"https:\/\/elbullifoundation.com\/elbulli1846\/en\/convocatoria-1\/que-es-elbulli1846\/#breadcrumb\",\"itemListElement\":[{\"@type\":\"ListItem\",\"position\":1,\"name\":\"Portada\",\"item\":\"https:\/\/elbullifoundation.com\/elbulli1846\/\"},{\"@type\":\"ListItem\",\"position\":2,\"name\":\"elBulli1846\",\"item\":\"https:\/\/elbullifoundation.com\/elbulli1846\/en\/?page_id=9\"},{\"@type\":\"ListItem\",\"position\":3,\"name\":\"Qu\u00e8 \u00e9s elBulli1846?\"}]},{\"@type\":\"WebSite\",\"@id\":\"https:\/\/elbullifoundation.com\/elbulli1846\/#website\",\"url\":\"https:\/\/elbullifoundation.com\/elbulli1846\/\",\"name\":\"elBulli1846\",\"description\":\"\",\"potentialAction\":[{\"@type\":\"SearchAction\",\"target\":{\"@type\":\"EntryPoint\",\"urlTemplate\":\"https:\/\/elbullifoundation.com\/elbulli1846\/?s={search_term_string}\"},\"query-input\":{\"@type\":\"PropertyValueSpecification\",\"valueRequired\":true,\"valueName\":\"search_term_string\"}}],\"inLanguage\":\"es\"}]}<\/script>\n<!-- \/ Yoast SEO plugin. -->","yoast_head_json":{"title":"Qu\u00e8 \u00e9s elBulli1846? - elBulli1846","robots":{"index":"index","follow":"follow","max-snippet":"max-snippet:-1","max-image-preview":"max-image-preview:large","max-video-preview":"max-video-preview:-1"},"canonical":"https:\/\/elbullifoundation.com\/elbulli1846\/en\/convocatoria-1\/que-es-elbulli1846\/","og_locale":"es_ES","og_type":"article","og_title":"Qu\u00e8 \u00e9s elBulli1846? - elBulli1846","og_description":"elBulli1846 \u00e9s un lab expositiu en el qual estudiarem, investigarem i experimentarem per generar coneixement relatiu a l&#8217;efici\u00e8ncia en innovaci\u00f3, tant b\u00e0sica com aplicada. Amb el focus posat especialment en les pimes, utilitzarem les exposicions com una eina de treball.","og_url":"https:\/\/elbullifoundation.com\/elbulli1846\/en\/convocatoria-1\/que-es-elbulli1846\/","og_site_name":"elBulli1846","article_modified_time":"2023-03-31T08:41:47+00:00","og_image":[{"width":1870,"height":874,"url":"https:\/\/elbullifoundation.com\/elbulli1846\/wp-content\/uploads\/sites\/15\/2019\/12\/Captura-de-pantalla-2019-12-09-a-las-12.04.36.png","type":"image\/png"}],"twitter_card":"summary_large_image","twitter_misc":{"Tiempo de lectura":"1 minuto"},"schema":{"@context":"https:\/\/schema.org","@graph":[{"@type":"WebPage","@id":"https:\/\/elbullifoundation.com\/elbulli1846\/en\/convocatoria-1\/que-es-elbulli1846\/","url":"https:\/\/elbullifoundation.com\/elbulli1846\/en\/convocatoria-1\/que-es-elbulli1846\/","name":"Qu\u00e8 \u00e9s elBulli1846? - elBulli1846","isPartOf":{"@id":"https:\/\/elbullifoundation.com\/elbulli1846\/#website"},"primaryImageOfPage":{"@id":"https:\/\/elbullifoundation.com\/elbulli1846\/en\/convocatoria-1\/que-es-elbulli1846\/#primaryimage"},"image":{"@id":"https:\/\/elbullifoundation.com\/elbulli1846\/en\/convocatoria-1\/que-es-elbulli1846\/#primaryimage"},"thumbnailUrl":"https:\/\/elbullifoundation.com\/elbulli1846\/wp-content\/uploads\/sites\/15\/2019\/12\/Captura-de-pantalla-2019-12-09-a-las-12.04.36.png","datePublished":"2019-12-05T11:00:43+00:00","dateModified":"2023-03-31T08:41:47+00:00","breadcrumb":{"@id":"https:\/\/elbullifoundation.com\/elbulli1846\/en\/convocatoria-1\/que-es-elbulli1846\/#breadcrumb"},"inLanguage":"es","potentialAction":[{"@type":"ReadAction","target":["https:\/\/elbullifoundation.com\/elbulli1846\/en\/convocatoria-1\/que-es-elbulli1846\/"]}]},{"@type":"ImageObject","inLanguage":"es","@id":"https:\/\/elbullifoundation.com\/elbulli1846\/en\/convocatoria-1\/que-es-elbulli1846\/#primaryimage","url":"https:\/\/elbullifoundation.com\/elbulli1846\/wp-content\/uploads\/sites\/15\/2019\/12\/Captura-de-pantalla-2019-12-09-a-las-12.04.36.png","contentUrl":"https:\/\/elbullifoundation.com\/elbulli1846\/wp-content\/uploads\/sites\/15\/2019\/12\/Captura-de-pantalla-2019-12-09-a-las-12.04.36.png","width":1870,"height":874},{"@type":"BreadcrumbList","@id":"https:\/\/elbullifoundation.com\/elbulli1846\/en\/convocatoria-1\/que-es-elbulli1846\/#breadcrumb","itemListElement":[{"@type":"ListItem","position":1,"name":"Portada","item":"https:\/\/elbullifoundation.com\/elbulli1846\/"},{"@type":"ListItem","position":2,"name":"elBulli1846","item":"https:\/\/elbullifoundation.com\/elbulli1846\/en\/?page_id=9"},{"@type":"ListItem","position":3,"name":"Qu\u00e8 \u00e9s elBulli1846?"}]},{"@type":"WebSite","@id":"https:\/\/elbullifoundation.com\/elbulli1846\/#website","url":"https:\/\/elbullifoundation.com\/elbulli1846\/","name":"elBulli1846","description":"","potentialAction":[{"@type":"SearchAction","target":{"@type":"EntryPoint","urlTemplate":"https:\/\/elbullifoundation.com\/elbulli1846\/?s={search_term_string}"},"query-input":{"@type":"PropertyValueSpecification","valueRequired":true,"valueName":"search_term_string"}}],"inLanguage":"es"}]}},"lang":"en","translations":{"en":373,"es":46,"ca":417},"pll_sync_post":{"en":true},"_links":{"self":[{"href":"https:\/\/elbullifoundation.com\/elbulli1846\/wp-json\/wp\/v2\/pages\/373","targetHints":{"allow":["GET"]}}],"collection":[{"href":"https:\/\/elbullifoundation.com\/elbulli1846\/wp-json\/wp\/v2\/pages"}],"about":[{"href":"https:\/\/elbullifoundation.com\/elbulli1846\/wp-json\/wp\/v2\/types\/page"}],"author":[{"embeddable":true,"href":"https:\/\/elbullifoundation.com\/elbulli1846\/wp-json\/wp\/v2\/users\/1"}],"replies":[{"embeddable":true,"href":"https:\/\/elbullifoundation.com\/elbulli1846\/wp-json\/wp\/v2\/comments?post=373"}],"version-history":[{"count":6,"href":"https:\/\/elbullifoundation.com\/elbulli1846\/wp-json\/wp\/v2\/pages\/373\/revisions"}],"predecessor-version":[{"id":8485,"href":"https:\/\/elbullifoundation.com\/elbulli1846\/wp-json\/wp\/v2\/pages\/373\/revisions\/8485"}],"up":[{"embeddable":true,"href":"https:\/\/elbullifoundation.com\/elbulli1846\/wp-json\/wp\/v2\/pages\/9"}],"wp:featuredmedia":[{"embeddable":true,"href":"https:\/\/elbullifoundation.com\/elbulli1846\/wp-json\/wp\/v2\/media\/374"}],"wp:attachment":[{"href":"https:\/\/elbullifoundation.com\/elbulli1846\/wp-json\/wp\/v2\/media?parent=373"}],"curies":[{"name":"wp","href":"https:\/\/api.w.org\/{rel}","templated":true}]}}