{"id":395,"date":"2019-12-05T12:03:47","date_gmt":"2019-12-05T11:03:47","guid":{"rendered":"https:\/\/elbullifoundation.com\/elbulli1846\/donde-esta-espacio-habra\/"},"modified":"2020-01-09T16:17:12","modified_gmt":"2020-01-09T15:17:12","slug":"on-es-troba-que-hi-haura","status":"publish","type":"page","link":"https:\/\/elbullifoundation.com\/elbulli1846\/ca\/convocatoria-1\/on-es-troba-que-hi-haura\/","title":{"rendered":"On es troba? Qu\u00e8 hi haur\u00e0?"},"content":{"rendered":"<h2 style=\"text-align: center;\">elBulli1846 es troba a Cala Montjoi (Roses), en ple parc natural de Cap de Creus, un entorn \u00fanic que ofereix el millor ecosistema per a la investigaci\u00f3 i la reflexi\u00f3.<\/h2>\n","protected":false},"excerpt":{"rendered":"<p>elBulli1846 es troba a Cala Montjoi (Roses), en ple parc natural de Cap de Creus, un entorn \u00fanic que ofereix el millor ecosistema per a la investigaci\u00f3 i la reflexi\u00f3.<\/p>\n","protected":false},"author":1,"featured_media":0,"parent":491,"menu_order":0,"comment_status":"closed","ping_status":"closed","template":"template_introduccion.php","meta":{"_acf_changed":false,"footnotes":""},"class_list":["post-395","page","type-page","status-publish","hentry"],"acf":[],"yoast_head":"<!-- This site is optimized with the Yoast SEO plugin v27.0-RC2 - https:\/\/yoast.com\/product\/yoast-seo-wordpress\/ -->\n<title>On es troba? Qu\u00e8 hi haur\u00e0? - elBulli1846<\/title>\n<meta name=\"robots\" content=\"index, follow, max-snippet:-1, max-image-preview:large, max-video-preview:-1\" \/>\n<link rel=\"canonical\" href=\"https:\/\/elbullifoundation.com\/elbulli1846\/ca\/convocatoria-1\/on-es-troba-que-hi-haura\/\" \/>\n<meta property=\"og:locale\" content=\"es_ES\" \/>\n<meta property=\"og:type\" content=\"article\" \/>\n<meta property=\"og:title\" content=\"On es troba? Qu\u00e8 hi haur\u00e0? - elBulli1846\" \/>\n<meta property=\"og:description\" content=\"elBulli1846 es troba a Cala Montjoi (Roses), en ple parc natural de Cap de Creus, un entorn \u00fanic que ofereix el millor ecosistema per a la investigaci\u00f3 i la reflexi\u00f3.\" \/>\n<meta property=\"og:url\" content=\"https:\/\/elbullifoundation.com\/elbulli1846\/ca\/convocatoria-1\/on-es-troba-que-hi-haura\/\" \/>\n<meta property=\"og:site_name\" content=\"elBulli1846\" \/>\n<meta property=\"article:modified_time\" content=\"2020-01-09T15:17:12+00:00\" \/>\n<meta name=\"twitter:card\" content=\"summary_large_image\" \/>\n<script type=\"application\/ld+json\" class=\"yoast-schema-graph\">{\"@context\":\"https:\/\/schema.org\",\"@graph\":[{\"@type\":\"WebPage\",\"@id\":\"https:\/\/elbullifoundation.com\/elbulli1846\/ca\/convocatoria-1\/on-es-troba-que-hi-haura\/\",\"url\":\"https:\/\/elbullifoundation.com\/elbulli1846\/ca\/convocatoria-1\/on-es-troba-que-hi-haura\/\",\"name\":\"On es troba? Qu\u00e8 hi haur\u00e0? - elBulli1846\",\"isPartOf\":{\"@id\":\"https:\/\/elbullifoundation.com\/elbulli1846\/#website\"},\"datePublished\":\"2019-12-05T11:03:47+00:00\",\"dateModified\":\"2020-01-09T15:17:12+00:00\",\"breadcrumb\":{\"@id\":\"https:\/\/elbullifoundation.com\/elbulli1846\/ca\/convocatoria-1\/on-es-troba-que-hi-haura\/#breadcrumb\"},\"inLanguage\":\"es\",\"potentialAction\":[{\"@type\":\"ReadAction\",\"target\":[\"https:\/\/elbullifoundation.com\/elbulli1846\/ca\/convocatoria-1\/on-es-troba-que-hi-haura\/\"]}]},{\"@type\":\"BreadcrumbList\",\"@id\":\"https:\/\/elbullifoundation.com\/elbulli1846\/ca\/convocatoria-1\/on-es-troba-que-hi-haura\/#breadcrumb\",\"itemListElement\":[{\"@type\":\"ListItem\",\"position\":1,\"name\":\"Portada\",\"item\":\"https:\/\/elbullifoundation.com\/elbulli1846\/\"},{\"@type\":\"ListItem\",\"position\":2,\"name\":\"Convocat\u00f2ria elBulli1846\",\"item\":\"https:\/\/elbullifoundation.com\/elbulli1846\/ca\/?page_id=491\"},{\"@type\":\"ListItem\",\"position\":3,\"name\":\"On es troba? Qu\u00e8 hi haur\u00e0?\"}]},{\"@type\":\"WebSite\",\"@id\":\"https:\/\/elbullifoundation.com\/elbulli1846\/#website\",\"url\":\"https:\/\/elbullifoundation.com\/elbulli1846\/\",\"name\":\"elBulli1846\",\"description\":\"\",\"potentialAction\":[{\"@type\":\"SearchAction\",\"target\":{\"@type\":\"EntryPoint\",\"urlTemplate\":\"https:\/\/elbullifoundation.com\/elbulli1846\/?s={search_term_string}\"},\"query-input\":{\"@type\":\"PropertyValueSpecification\",\"valueRequired\":true,\"valueName\":\"search_term_string\"}}],\"inLanguage\":\"es\"}]}<\/script>\n<!-- \/ Yoast SEO plugin. -->","yoast_head_json":{"title":"On es troba? Qu\u00e8 hi haur\u00e0? - elBulli1846","robots":{"index":"index","follow":"follow","max-snippet":"max-snippet:-1","max-image-preview":"max-image-preview:large","max-video-preview":"max-video-preview:-1"},"canonical":"https:\/\/elbullifoundation.com\/elbulli1846\/ca\/convocatoria-1\/on-es-troba-que-hi-haura\/","og_locale":"es_ES","og_type":"article","og_title":"On es troba? Qu\u00e8 hi haur\u00e0? - elBulli1846","og_description":"elBulli1846 es troba a Cala Montjoi (Roses), en ple parc natural de Cap de Creus, un entorn \u00fanic que ofereix el millor ecosistema per a la investigaci\u00f3 i la reflexi\u00f3.","og_url":"https:\/\/elbullifoundation.com\/elbulli1846\/ca\/convocatoria-1\/on-es-troba-que-hi-haura\/","og_site_name":"elBulli1846","article_modified_time":"2020-01-09T15:17:12+00:00","twitter_card":"summary_large_image","schema":{"@context":"https:\/\/schema.org","@graph":[{"@type":"WebPage","@id":"https:\/\/elbullifoundation.com\/elbulli1846\/ca\/convocatoria-1\/on-es-troba-que-hi-haura\/","url":"https:\/\/elbullifoundation.com\/elbulli1846\/ca\/convocatoria-1\/on-es-troba-que-hi-haura\/","name":"On es troba? Qu\u00e8 hi haur\u00e0? - elBulli1846","isPartOf":{"@id":"https:\/\/elbullifoundation.com\/elbulli1846\/#website"},"datePublished":"2019-12-05T11:03:47+00:00","dateModified":"2020-01-09T15:17:12+00:00","breadcrumb":{"@id":"https:\/\/elbullifoundation.com\/elbulli1846\/ca\/convocatoria-1\/on-es-troba-que-hi-haura\/#breadcrumb"},"inLanguage":"es","potentialAction":[{"@type":"ReadAction","target":["https:\/\/elbullifoundation.com\/elbulli1846\/ca\/convocatoria-1\/on-es-troba-que-hi-haura\/"]}]},{"@type":"BreadcrumbList","@id":"https:\/\/elbullifoundation.com\/elbulli1846\/ca\/convocatoria-1\/on-es-troba-que-hi-haura\/#breadcrumb","itemListElement":[{"@type":"ListItem","position":1,"name":"Portada","item":"https:\/\/elbullifoundation.com\/elbulli1846\/"},{"@type":"ListItem","position":2,"name":"Convocat\u00f2ria elBulli1846","item":"https:\/\/elbullifoundation.com\/elbulli1846\/ca\/?page_id=491"},{"@type":"ListItem","position":3,"name":"On es troba? Qu\u00e8 hi haur\u00e0?"}]},{"@type":"WebSite","@id":"https:\/\/elbullifoundation.com\/elbulli1846\/#website","url":"https:\/\/elbullifoundation.com\/elbulli1846\/","name":"elBulli1846","description":"","potentialAction":[{"@type":"SearchAction","target":{"@type":"EntryPoint","urlTemplate":"https:\/\/elbullifoundation.com\/elbulli1846\/?s={search_term_string}"},"query-input":{"@type":"PropertyValueSpecification","valueRequired":true,"valueName":"search_term_string"}}],"inLanguage":"es"}]}},"lang":"ca","translations":{"ca":395,"es":54,"en":335},"pll_sync_post":[],"_links":{"self":[{"href":"https:\/\/elbullifoundation.com\/elbulli1846\/wp-json\/wp\/v2\/pages\/395","targetHints":{"allow":["GET"]}}],"collection":[{"href":"https:\/\/elbullifoundation.com\/elbulli1846\/wp-json\/wp\/v2\/pages"}],"about":[{"href":"https:\/\/elbullifoundation.com\/elbulli1846\/wp-json\/wp\/v2\/types\/page"}],"author":[{"embeddable":true,"href":"https:\/\/elbullifoundation.com\/elbulli1846\/wp-json\/wp\/v2\/users\/1"}],"replies":[{"embeddable":true,"href":"https:\/\/elbullifoundation.com\/elbulli1846\/wp-json\/wp\/v2\/comments?post=395"}],"version-history":[{"count":2,"href":"https:\/\/elbullifoundation.com\/elbulli1846\/wp-json\/wp\/v2\/pages\/395\/revisions"}],"predecessor-version":[{"id":398,"href":"https:\/\/elbullifoundation.com\/elbulli1846\/wp-json\/wp\/v2\/pages\/395\/revisions\/398"}],"up":[{"embeddable":true,"href":"https:\/\/elbullifoundation.com\/elbulli1846\/wp-json\/wp\/v2\/pages\/491"}],"wp:attachment":[{"href":"https:\/\/elbullifoundation.com\/elbulli1846\/wp-json\/wp\/v2\/media?parent=395"}],"curies":[{"name":"wp","href":"https:\/\/api.w.org\/{rel}","templated":true}]}}