{"id":54,"date":"2019-12-05T12:03:47","date_gmt":"2019-12-05T11:03:47","guid":{"rendered":"https:\/\/elbullifoundation.com\/elbulli1846\/?page_id=54"},"modified":"2021-03-15T14:04:59","modified_gmt":"2021-03-15T13:04:59","slug":"donde-esta-espacio-habra","status":"publish","type":"page","link":"https:\/\/elbullifoundation.com\/elbulli1846\/elbulli1846\/donde-esta-espacio-habra\/","title":{"rendered":"\u00bfD\u00f3nde se encuentra? \u00bfQu\u00e9 habr\u00e1 ah\u00ed?"},"content":{"rendered":"<h2 style=\"text-align: center;\">elBulli1846 se encuentra en Cala Montjoi (Roses), en pleno parque\u00a0natural del Cap de Creus, un entorno \u00fanico que ofrece el mejor ecosistema para el estudio y la reflexi\u00f3n.<\/h2>\n","protected":false},"excerpt":{"rendered":"<p>elBulli1846 se encuentra en Cala Montjoi (Roses), en pleno parque\u00a0natural del Cap de Creus, un entorno \u00fanico que ofrece el mejor ecosistema para el estudio y la reflexi\u00f3n.<\/p>\n","protected":false},"author":1,"featured_media":0,"parent":6445,"menu_order":0,"comment_status":"closed","ping_status":"closed","template":"template_introduccion.php","meta":{"_acf_changed":false,"footnotes":""},"class_list":["post-54","page","type-page","status-publish","hentry"],"acf":[],"yoast_head":"<!-- This site is optimized with the Yoast SEO plugin v27.0-RC2 - https:\/\/yoast.com\/product\/yoast-seo-wordpress\/ -->\n<title>\u00bfD\u00f3nde se encuentra? \u00bfQu\u00e9 habr\u00e1 ah\u00ed? - elBulli1846<\/title>\n<meta name=\"robots\" content=\"index, follow, max-snippet:-1, max-image-preview:large, max-video-preview:-1\" \/>\n<link rel=\"canonical\" href=\"https:\/\/elbullifoundation.com\/elbulli1846\/elbulli1846\/donde-esta-espacio-habra\/\" \/>\n<meta property=\"og:locale\" content=\"es_ES\" \/>\n<meta property=\"og:type\" content=\"article\" \/>\n<meta property=\"og:title\" content=\"\u00bfD\u00f3nde se encuentra? \u00bfQu\u00e9 habr\u00e1 ah\u00ed? - elBulli1846\" \/>\n<meta property=\"og:description\" content=\"elBulli1846 se encuentra en Cala Montjoi (Roses), en pleno parque\u00a0natural del Cap de Creus, un entorno \u00fanico que ofrece el mejor ecosistema para el estudio y la reflexi\u00f3n.\" \/>\n<meta property=\"og:url\" content=\"https:\/\/elbullifoundation.com\/elbulli1846\/elbulli1846\/donde-esta-espacio-habra\/\" \/>\n<meta property=\"og:site_name\" content=\"elBulli1846\" \/>\n<meta property=\"article:modified_time\" content=\"2021-03-15T13:04:59+00:00\" \/>\n<meta name=\"twitter:card\" content=\"summary_large_image\" \/>\n<script type=\"application\/ld+json\" class=\"yoast-schema-graph\">{\"@context\":\"https:\/\/schema.org\",\"@graph\":[{\"@type\":\"WebPage\",\"@id\":\"https:\/\/elbullifoundation.com\/elbulli1846\/elbulli1846\/donde-esta-espacio-habra\/\",\"url\":\"https:\/\/elbullifoundation.com\/elbulli1846\/elbulli1846\/donde-esta-espacio-habra\/\",\"name\":\"\u00bfD\u00f3nde se encuentra? \u00bfQu\u00e9 habr\u00e1 ah\u00ed? - elBulli1846\",\"isPartOf\":{\"@id\":\"https:\/\/elbullifoundation.com\/elbulli1846\/#website\"},\"datePublished\":\"2019-12-05T11:03:47+00:00\",\"dateModified\":\"2021-03-15T13:04:59+00:00\",\"breadcrumb\":{\"@id\":\"https:\/\/elbullifoundation.com\/elbulli1846\/elbulli1846\/donde-esta-espacio-habra\/#breadcrumb\"},\"inLanguage\":\"es\",\"potentialAction\":[{\"@type\":\"ReadAction\",\"target\":[\"https:\/\/elbullifoundation.com\/elbulli1846\/elbulli1846\/donde-esta-espacio-habra\/\"]}]},{\"@type\":\"BreadcrumbList\",\"@id\":\"https:\/\/elbullifoundation.com\/elbulli1846\/elbulli1846\/donde-esta-espacio-habra\/#breadcrumb\",\"itemListElement\":[{\"@type\":\"ListItem\",\"position\":1,\"name\":\"Portada\",\"item\":\"https:\/\/elbullifoundation.com\/elbulli1846\/\"},{\"@type\":\"ListItem\",\"position\":2,\"name\":\"elBulli1846\",\"item\":\"https:\/\/elbullifoundation.com\/elbulli1846\/\"},{\"@type\":\"ListItem\",\"position\":3,\"name\":\"\u00bfD\u00f3nde se encuentra? \u00bfQu\u00e9 habr\u00e1 ah\u00ed?\"}]},{\"@type\":\"WebSite\",\"@id\":\"https:\/\/elbullifoundation.com\/elbulli1846\/#website\",\"url\":\"https:\/\/elbullifoundation.com\/elbulli1846\/\",\"name\":\"elBulli1846\",\"description\":\"\",\"potentialAction\":[{\"@type\":\"SearchAction\",\"target\":{\"@type\":\"EntryPoint\",\"urlTemplate\":\"https:\/\/elbullifoundation.com\/elbulli1846\/?s={search_term_string}\"},\"query-input\":{\"@type\":\"PropertyValueSpecification\",\"valueRequired\":true,\"valueName\":\"search_term_string\"}}],\"inLanguage\":\"es\"}]}<\/script>\n<!-- \/ Yoast SEO plugin. -->","yoast_head_json":{"title":"\u00bfD\u00f3nde se encuentra? \u00bfQu\u00e9 habr\u00e1 ah\u00ed? - elBulli1846","robots":{"index":"index","follow":"follow","max-snippet":"max-snippet:-1","max-image-preview":"max-image-preview:large","max-video-preview":"max-video-preview:-1"},"canonical":"https:\/\/elbullifoundation.com\/elbulli1846\/elbulli1846\/donde-esta-espacio-habra\/","og_locale":"es_ES","og_type":"article","og_title":"\u00bfD\u00f3nde se encuentra? \u00bfQu\u00e9 habr\u00e1 ah\u00ed? - elBulli1846","og_description":"elBulli1846 se encuentra en Cala Montjoi (Roses), en pleno parque\u00a0natural del Cap de Creus, un entorno \u00fanico que ofrece el mejor ecosistema para el estudio y la reflexi\u00f3n.","og_url":"https:\/\/elbullifoundation.com\/elbulli1846\/elbulli1846\/donde-esta-espacio-habra\/","og_site_name":"elBulli1846","article_modified_time":"2021-03-15T13:04:59+00:00","twitter_card":"summary_large_image","schema":{"@context":"https:\/\/schema.org","@graph":[{"@type":"WebPage","@id":"https:\/\/elbullifoundation.com\/elbulli1846\/elbulli1846\/donde-esta-espacio-habra\/","url":"https:\/\/elbullifoundation.com\/elbulli1846\/elbulli1846\/donde-esta-espacio-habra\/","name":"\u00bfD\u00f3nde se encuentra? \u00bfQu\u00e9 habr\u00e1 ah\u00ed? - elBulli1846","isPartOf":{"@id":"https:\/\/elbullifoundation.com\/elbulli1846\/#website"},"datePublished":"2019-12-05T11:03:47+00:00","dateModified":"2021-03-15T13:04:59+00:00","breadcrumb":{"@id":"https:\/\/elbullifoundation.com\/elbulli1846\/elbulli1846\/donde-esta-espacio-habra\/#breadcrumb"},"inLanguage":"es","potentialAction":[{"@type":"ReadAction","target":["https:\/\/elbullifoundation.com\/elbulli1846\/elbulli1846\/donde-esta-espacio-habra\/"]}]},{"@type":"BreadcrumbList","@id":"https:\/\/elbullifoundation.com\/elbulli1846\/elbulli1846\/donde-esta-espacio-habra\/#breadcrumb","itemListElement":[{"@type":"ListItem","position":1,"name":"Portada","item":"https:\/\/elbullifoundation.com\/elbulli1846\/"},{"@type":"ListItem","position":2,"name":"elBulli1846","item":"https:\/\/elbullifoundation.com\/elbulli1846\/"},{"@type":"ListItem","position":3,"name":"\u00bfD\u00f3nde se encuentra? \u00bfQu\u00e9 habr\u00e1 ah\u00ed?"}]},{"@type":"WebSite","@id":"https:\/\/elbullifoundation.com\/elbulli1846\/#website","url":"https:\/\/elbullifoundation.com\/elbulli1846\/","name":"elBulli1846","description":"","potentialAction":[{"@type":"SearchAction","target":{"@type":"EntryPoint","urlTemplate":"https:\/\/elbullifoundation.com\/elbulli1846\/?s={search_term_string}"},"query-input":{"@type":"PropertyValueSpecification","valueRequired":true,"valueName":"search_term_string"}}],"inLanguage":"es"}]}},"lang":"es","translations":{"es":54,"en":335,"ca":395},"pll_sync_post":[],"_links":{"self":[{"href":"https:\/\/elbullifoundation.com\/elbulli1846\/wp-json\/wp\/v2\/pages\/54","targetHints":{"allow":["GET"]}}],"collection":[{"href":"https:\/\/elbullifoundation.com\/elbulli1846\/wp-json\/wp\/v2\/pages"}],"about":[{"href":"https:\/\/elbullifoundation.com\/elbulli1846\/wp-json\/wp\/v2\/types\/page"}],"author":[{"embeddable":true,"href":"https:\/\/elbullifoundation.com\/elbulli1846\/wp-json\/wp\/v2\/users\/1"}],"replies":[{"embeddable":true,"href":"https:\/\/elbullifoundation.com\/elbulli1846\/wp-json\/wp\/v2\/comments?post=54"}],"version-history":[{"count":14,"href":"https:\/\/elbullifoundation.com\/elbulli1846\/wp-json\/wp\/v2\/pages\/54\/revisions"}],"predecessor-version":[{"id":8034,"href":"https:\/\/elbullifoundation.com\/elbulli1846\/wp-json\/wp\/v2\/pages\/54\/revisions\/8034"}],"up":[{"embeddable":true,"href":"https:\/\/elbullifoundation.com\/elbulli1846\/wp-json\/wp\/v2\/pages\/6445"}],"wp:attachment":[{"href":"https:\/\/elbullifoundation.com\/elbulli1846\/wp-json\/wp\/v2\/media?parent=54"}],"curies":[{"name":"wp","href":"https:\/\/api.w.org\/{rel}","templated":true}]}}