{"id":664,"date":"2019-12-04T13:42:46","date_gmt":"2019-12-04T12:42:46","guid":{"rendered":"https:\/\/elbullifoundation.com\/elbulli1846\/politica-de-privacidad\/"},"modified":"2020-01-13T12:38:52","modified_gmt":"2020-01-13T11:38:52","slug":"politica-de-privacitat","status":"publish","type":"page","link":"https:\/\/elbullifoundation.com\/elbulli1846\/ca\/politica-de-privacitat\/","title":{"rendered":"Pol\u00edtica de privacitat"},"content":{"rendered":"<h2>1. POL\u00cdTICA D\u2019ENLLA\u00c7OS I EXEMPCIONS DE RESPONSABILITAT<\/h2>\n<p><strong>EL BULLI FOUNDATI\u00d3N, FUNDACIO PRIVADA,<\/strong> no es fa responsable del contingut de les p\u00e0gines web a les quals pugui accedir l\u2019<strong>Usuari<\/strong> a trav\u00e9s dels enlla\u00e7os establerts als seus llocs web i declara que en cap cas examinar\u00e0 ni exercitar\u00e0 cap tipus de control sobre el contingut d\u2019altres p\u00e0gines de la xarxa.<\/p>\n<p>Aix\u00ed mateix, tampoc garanteix la disponibilitat t\u00e8cnica, exactitud, veracitat, validesa o legalitat de p\u00e0gines alienes a la seva propietat a les qual es pugui accedir a trav\u00e9s dels enlla\u00e7os.<\/p>\n<p><strong>EL BULLI FOUNDATI\u00d3N, FUNDACIO PRIVADA,<\/strong> declara que ha adoptat totes les mesures necess\u00e0ries per evitar qualsevol dany que pugui derivar-se de la navegaci\u00f3 per les seves p\u00e0gines web. En conseq\u00fc\u00e8ncia,<strong> EL BULLI FOUNDATI\u00d3N, FUNDACIO PRIVADA,<\/strong> no es fa responsable, en cap cas, dels eventuals danys que pugui sofrir l\u2019<strong>Usuari<\/strong> a causa de la navegaci\u00f3 per Internet.<\/p>\n<p><strong>EL BULLI FOUNDATI\u00d3N, FUNDACIO PRIVADA,<\/strong> no es responsabilitza dels danys o perjudicis de qualsevol tipus produ\u00efts en l&#8217;<strong>Usuari<\/strong> que portin causa d&#8217;errors o desconnexions a les xarxes de telecomunicacions que produeixin la suspensi\u00f3, cancel\u00b7laci\u00f3 o interrupci\u00f3 del servei de la web durant la prestaci\u00f3 del mateix o amb car\u00e0cter previ.<\/p>\n<p>L&#8217;acc\u00e9s a la web:\u00a0<a href=\"http:\/\/www.elbullifoundation.com\"><strong>www.elbullifoundation.com<\/strong><\/a>\u00a0no implica l&#8217;obligaci\u00f3 per part de l&#8217;empresa de controlar l&#8217;abs\u00e8ncia de virus o qualsevol altre element inform\u00e0tic dany\u00f3s. Correspon a l&#8217;<strong>Usuari<\/strong>, en tot cas, la disponibilitat d&#8217;eines adequades per a la detecci\u00f3 i desinfecci\u00f3 de programes inform\u00e0tics nocius.<\/p>\n<p><strong>EL BULLI FOUNDATI\u00d3N, FUNDACIO PRIVADA,<\/strong> no es responsabilitza dels danys produ\u00efts en els equips inform\u00e0tics, documents i\/o fitxers dels <strong>Usuaris<\/strong> o de tercers durant la prestaci\u00f3 del servei al Portal.<\/p>\n<h2>2.\u00a0PUBLICITAT<\/h2>\n<p>La web: <a href=\"http:\/\/www.elbullifoundation.com\"><strong>www.elbullifoundation.com<\/strong><\/a> podr\u00e0 allotjar continguts publicitaris o patrocinats. Els anunciants o patrocinadors s\u00f3n els \u00fanics responsables d&#8217;assegurar que el material rem\u00e8s per a la seva inclusi\u00f3 a la Web compleix amb les lleis que en cada cas puguin ser d&#8217;aplicaci\u00f3.<\/p>\n<p><strong>EL BULLI FOUNDATI\u00d3N, FUNDACIO PRIVADA,<\/strong> no ser\u00e0 responsable de qualsevol error, inexactitud o irregularitat que puguin contenir els continguts publicitaris o dels patrocinadors.<\/p>\n<h2>3. MODIFICACIONS<\/h2>\n<p><strong>EL BULLI FOUNDATI\u00d3N, FUNDACIO PRIVADA,<\/strong> es reserva el dret a realitzar les modificacions que consideri oportunes, sense av\u00eds previ, al contingut dels seus llocs web, tant pel que fa als continguts dels llocs web com per les seves condicions d\u2019\u00fas o per les condicions generals de contractaci\u00f3. Aquestes modificacions podran realitzar-se, a trav\u00e9s dels seus llocs web, de qualsevol forma admissible en dret i seran d\u2019obligat compliment durant el temps que estiguin publicades a la web i fins que no siguin modificades per d\u2019altres de posteriors.<\/p>\n<h2>4. RESERVA DE COOKIES<\/h2>\n<p><strong>EL BULLI FOUNDATI\u00d3N, FUNDACIO PRIVADA,<\/strong> es reserva el dret d\u2019utilitzar cookies en la navegaci\u00f3 de l\u2019<strong>Usuari<\/strong> pels seus llocs web per facilitar la personalitzaci\u00f3 i comoditat de la navegaci\u00f3. Seguint la pol\u00edtica de protecci\u00f3 de dades de l\u2019empresa, <strong>EL BULLI FOUNDATI\u00d3N, FUNDACIO PRIVADA,<\/strong> informa que les cookies s\u2019associen a l\u2019<strong>Usuari<\/strong> an\u00f2nim i al seu ordinador i no proporcionen per si mateixes ni el nom ni els cognoms de l\u2019<strong>Usuari<\/strong>.<\/p>\n<p>L\u2019<strong>Usuari<\/strong> t\u00e9 la possibilitat de configurar el seu navegador de manera que sigui informat de la recepci\u00f3 de cookies, amb la possibilitat, si aix\u00ed ho desitja, d\u2019impedir que s\u2019instal\u00b7lin al seu disc dur. No obstant aix\u00f2, per accedir als llocs web de <strong>EL BULLI FOUNDATI\u00d3N, FUNDACIO PRIVADA,<\/strong> no \u00e9s preceptiva la instal\u00b7laci\u00f3 de cookies.<\/p>\n<p>L&#8217;<strong>Usuari<\/strong> es compromet a abstenir-se de reproduir, copiar, distribuir, posar a disposici\u00f3 o de qualsevol altra forma de comunicar p\u00fablicament, transformar o modificar els Continguts, llevat que es compti amb l&#8217;autoritzaci\u00f3 del titular dels corresponents drets o aix\u00f2 resulti legalment perm\u00e8s.<\/p>\n<h2>5. PROTECCI\u00d3 DE DADES PERSONAL<\/h2>\n<p>De conformitat amb el que estableix la Llei Org\u00e0nica i el Reglament General -UE- 2016\/679 del Parlament i Consell d\u2019Europa de Protecci\u00f3 de Dades de Car\u00e0cter Personal,\u00a0aprovat el 27 d\u2019abril de 2016, <strong>EL BULLI FOUNDATI\u00d3N, FUNDACIO PRIVADA,<\/strong> informa als <strong>Usuaris<\/strong> dels seus websites, que estem obligats a guardar secret professional de les dades personals captades per l\u2019empresa mitjan\u00e7ant els formularis situats a les seves p\u00e0gines, aquesta obligaci\u00f3 continur\u00e0 fins i tot despr\u00e9s d&#8217;haver finalitzat la nostra relaci\u00f3 comercial o contractual, i en cap cas podrem fer p\u00fablics les dades personals dels visitants i clients a la web sense el seu consentiment, els menors de 13 anys, no poden prestar el seu consentiment per a qu\u00e8 un comer\u00e7 reculli i tracti les seves dades personals; solament els seus representants legals (pares o tutors) s\u00f3n els qui poden fer-ho en el seu nom. Aquells comer\u00e7os que necessitin tractar dades de menors de 13 anys, han de disposar dels mitjans per obtenir el consentiment dels seus pares o tutors, per exemple, mitjan\u00e7ant un missatge de correu electr\u00f2nic dirigit a algun d&#8217;ells que contingui un enlla\u00e7 a un formulari electr\u00f2nic. No es pot demanar als menors de 13 anys dades sobre l&#8217;\u00e0mbit familiar, sent l&#8217;\u00fanica excepci\u00f3 les dades d&#8217;identificaci\u00f3 i contacte dels pares o tutors.<\/p>\n<p>Aquestes dades seran introdu\u00efts en un fitxer automatitzat sota la responsabilitat de l\u2019administrador de la web de\u00a0<strong>EL BULLI FOUNDATI\u00d3N, FUNDACIO PRIVADA,<\/strong>, amb la finalitat de poder facilitar, agilitzar i complir els compromisos establerts entre ambdues parts. Aix\u00ed mateix,\u00a0<strong>EL BULLI FOUNDATI\u00d3N, FUNDACIO PRIVADA,<\/strong>, informa de la possibilitat d\u2019exercir els drets <strong>d\u2019<\/strong><strong>acc\u00e9s<\/strong>, que permet a l&#8217;usuari web, con\u00e8ixer que dades personals t\u00e9 l&#8217;administrador d&#8217;aquesta p\u00e0gina i en tal cas contest\u00e9s en un termini de 30 dies, sempre que conservi les dades, <strong>rectificaci\u00f3<\/strong>, que permet corregir errors, modificar les dades que siguin inexactes o incomplets i garantir la certesa de la informaci\u00f3, <strong>oposici\u00f3,<\/strong> que podr\u00e0 sol\u00b7licitar i aconseguir que no dugui a terme el tractament de dades, <strong>supressi\u00f3,<\/strong> que permet que se suprimeixin les dades inadequades o excessius, <strong>limitaci\u00f3<\/strong>, pel qual pot sol\u00b7licitar que es limiti el tractament de les seves dades quan hagi exercit el seu dret a la rectificaci\u00f3 de les seves dades personals, i <strong>portabilitat<\/strong>, perqu\u00e8 l&#8217;usuari pugui obtenir una c\u00f2pia de les dades personals que hagi facilitat a la web a fi de poder transmetre&#8217;ls a altres serveis, aquests drets es podran exercir \u00a0per qualsevol mitj\u00e0 que deixi const\u00e0ncia del seu enviament i de la seva recepci\u00f3 a l\u2019adre\u00e7a: <strong>CALA MONJOI S\/N. <\/strong>Codi Postal: <strong>17480<\/strong>. Localitat: <strong>ROSES<\/strong>. Prov\u00edncia: <strong>GIRONA<\/strong>., o al correu electr\u00f2nic <a href=\"mailto:departamentolegal@elbullifoundation.com\">departamentolegal@elbullifoundation.com<\/a><strong>, \u200b\u200b<\/strong>aportant fotoc\u00f2pia del DNI o documentaci\u00f3 alternativa que acrediti la seva identitat.<\/p>\n<p>Mentre no ens comuniqui el contrari, entendrem que les seves dades no han estat modificats, que vost\u00e8 es compromet a notificar-nos qualsevol variaci\u00f3 i que tenim el consentiment per utilitzar-los a fi de poder fidelitzar la relaci\u00f3 entre les parts.<\/p>\n<p>L&#8217;enviament de les seves dades mitjan\u00e7ant el\/els formulari\/s de la nostra web, estar\u00e0 supeditat obligat\u00f2riament al fet que hagi llegit\/acceptat la Pol\u00edtica de Privacitat, mitjan\u00e7ant un check box obligatori a peu del formulari.<\/p>\n<p>D\u2019acord amb el que estableix la Llei 34\/2002, de Serveis de la Societat de la Informaci\u00f3 i el Comer\u00e7 Electr\u00f2nic en el seu article 21, demanem el seu consentiment per a poder realitzar comunicacions publicit\u00e0ries que considerem puguin ser del seu inter\u00e8s, per correu electr\u00f2nic o per qualsevol altre mitj\u00e0 de comunicaci\u00f3 electr\u00f2nica equivalent, aquest consentiment ho acceptar\u00e0 o negar\u00e0 amb un check box obligatori a peu del formulari.<\/p>\n<h2>6. PROPIETAT INTEL\u00b7LECTUAL<\/h2>\n<p>Els drets de propietat intel\u00b7lectual i industrial derivats de tots els textos, imatges, com tamb\u00e9 dels mitjans i formes de presentaci\u00f3 i muntatge de les seves p\u00e0gines pertanyen, per si mateixos o com a cession\u00e0ria, a <strong>EL BULLI FOUNDATI\u00d3N, FUNDACIO PRIVADA,<\/strong> seran, per tant, obres protegides amb propietat intel\u00b7lectual per l\u2019ordenament jur\u00eddic espanyol i se\u2019ls podr\u00e0 aplicar tant la normativa espanyola i comunit\u00e0ria en aquest camp, com els tractats internacionals relatius a la mat\u00e8ria i subscrits per Espanya.<\/p>\n<p>Tots els drets reservats. En compliment de la Llei de la Propietat Intel\u00b7lectual es prohibeix expressament la reproducci\u00f3, distribuci\u00f3, comunicaci\u00f3 p\u00fablica i utilitzaci\u00f3 de la totalitat o part dels continguts de les seves p\u00e0gines web sense el consentiment expl\u00edcit de\u00a0<strong>EL BULLI FOUNDATI\u00d3N, FUNDACIO PRIVADA.<\/strong><\/p>\n<p>Aix\u00ed mateix, <strong>EL BULLI FOUNDATI\u00d3N, FUNDACIO PRIVADA,<\/strong> es reserva la facultat de presentar les accions civils o penals que consideri oportunes per la utilitzaci\u00f3 indeguda de les seves p\u00e0gines web i continguts o per l\u2019 incompliment d\u2019aquestes condicions.<\/p>\n<h2>7. SEGELLS DE CONFIAN\u00c7A<\/h2>\n<p>Els segells de confian\u00e7a s\u00f3n distintius que es proporcionen a les tendes online per demostrar la seva qualitat i seguretat en la venda online.<\/p>\n<p>Per aconseguir el segell, aquestes s\u00f3n auditades o avaluades per comprovar que compleixen els criteris de seguretat en la compra i compliment legal.<\/p>\n<p>Les tendes que disposen d&#8217;un segell de confian\u00e7a estan adherides a un codi de conducta i solen oferir als consumidors procediments alternatius de resoluci\u00f3 de conflictes senzills, r\u00e0pids i c\u00f2modes.<\/p>\n<h2>8. CERTIFICATS DE COMPLIMENT LSSI-CE I PROTECCI\u00d3 DE DADES<\/h2>\n<p><a href=\"http:\/\/www.elbullifoundation.com\"><strong>www.elbullifoundation.com<\/strong><\/a>\u00a0compleix amb la normativa de Protecci\u00f3 de Dades vigent i amb la <strong>LSSI-CE<\/strong>, i ha estat assessorada en aquestes normatives per <a href=\"http:\/\/www.grupoqualia.net\/es\/inicio\"><strong>GRUPO QUALIA<\/strong><\/a><strong>,\u00a0<\/strong>per la qual cosa se li atorguen dues certificats en format d&#8217;imatge digital perqu\u00e8 pugui exposar-los en el seu lloc web.<\/p>\n<h2>9. ACCIONS LEGAL, LEGISLACI\u00d3 APLICABLE I JURISDICCI\u00d3<\/h2>\n<p>La relaci\u00f3 entre l\u2019usuari i\u00a0<strong>EL BULLI FOUNDATI\u00d3N, FUNDACIO PRIVADA,<\/strong> es regir\u00e0 per la normativa espanyola vigent i seran competents, per decidir sobre qualsevol controv\u00e8rsia que pugui sorgir entre l\u2019usuari i <strong>EL BULLI FOUNDATI\u00d3N, FUNDACIO PRIVADA,<\/strong>, els jutjats o tribunals de la localitat de <strong>FIGUERES.<\/strong><\/p>\n","protected":false},"excerpt":{"rendered":"<p>1. POL\u00cdTICA D\u2019ENLLA\u00c7OS I EXEMPCIONS DE RESPONSABILITAT EL BULLI FOUNDATI\u00d3N, FUNDACIO PRIVADA, no es fa responsable del contingut de les p\u00e0gines web a les quals pugui accedir l\u2019Usuari a trav\u00e9s dels enlla\u00e7os establerts als seus llocs web i declara que en cap cas examinar\u00e0 ni exercitar\u00e0 cap tipus de control sobre el contingut d\u2019altres p\u00e0gines [&hellip;]<\/p>\n","protected":false},"author":1,"featured_media":0,"parent":0,"menu_order":0,"comment_status":"closed","ping_status":"closed","template":"template_text.php","meta":{"_acf_changed":false,"footnotes":""},"class_list":["post-664","page","type-page","status-publish","hentry"],"acf":[],"yoast_head":"<!-- This site is optimized with the Yoast SEO plugin v27.0-RC2 - https:\/\/yoast.com\/product\/yoast-seo-wordpress\/ -->\n<title>Pol\u00edtica de privacitat - elBulli1846<\/title>\n<meta name=\"robots\" content=\"index, follow, max-snippet:-1, max-image-preview:large, max-video-preview:-1\" \/>\n<link rel=\"canonical\" href=\"https:\/\/elbullifoundation.com\/elbulli1846\/ca\/politica-de-privacitat\/\" \/>\n<meta property=\"og:locale\" content=\"es_ES\" \/>\n<meta property=\"og:type\" content=\"article\" \/>\n<meta property=\"og:title\" content=\"Pol\u00edtica de privacitat - elBulli1846\" \/>\n<meta property=\"og:description\" content=\"1. POL\u00cdTICA D\u2019ENLLA\u00c7OS I EXEMPCIONS DE RESPONSABILITAT EL BULLI FOUNDATI\u00d3N, FUNDACIO PRIVADA, no es fa responsable del contingut de les p\u00e0gines web a les quals pugui accedir l\u2019Usuari a trav\u00e9s dels enlla\u00e7os establerts als seus llocs web i declara que en cap cas examinar\u00e0 ni exercitar\u00e0 cap tipus de control sobre el contingut d\u2019altres p\u00e0gines [&hellip;]\" \/>\n<meta property=\"og:url\" content=\"https:\/\/elbullifoundation.com\/elbulli1846\/ca\/politica-de-privacitat\/\" \/>\n<meta property=\"og:site_name\" content=\"elBulli1846\" \/>\n<meta property=\"article:modified_time\" content=\"2020-01-13T11:38:52+00:00\" \/>\n<meta name=\"twitter:card\" content=\"summary_large_image\" \/>\n<meta name=\"twitter:label1\" content=\"Tiempo de lectura\" \/>\n\t<meta name=\"twitter:data1\" content=\"8 minutos\" \/>\n<script type=\"application\/ld+json\" class=\"yoast-schema-graph\">{\"@context\":\"https:\/\/schema.org\",\"@graph\":[{\"@type\":\"WebPage\",\"@id\":\"https:\/\/elbullifoundation.com\/elbulli1846\/ca\/politica-de-privacitat\/\",\"url\":\"https:\/\/elbullifoundation.com\/elbulli1846\/ca\/politica-de-privacitat\/\",\"name\":\"Pol\u00edtica de privacitat - elBulli1846\",\"isPartOf\":{\"@id\":\"https:\/\/elbullifoundation.com\/elbulli1846\/#website\"},\"datePublished\":\"2019-12-04T12:42:46+00:00\",\"dateModified\":\"2020-01-13T11:38:52+00:00\",\"breadcrumb\":{\"@id\":\"https:\/\/elbullifoundation.com\/elbulli1846\/ca\/politica-de-privacitat\/#breadcrumb\"},\"inLanguage\":\"es\",\"potentialAction\":[{\"@type\":\"ReadAction\",\"target\":[\"https:\/\/elbullifoundation.com\/elbulli1846\/ca\/politica-de-privacitat\/\"]}]},{\"@type\":\"BreadcrumbList\",\"@id\":\"https:\/\/elbullifoundation.com\/elbulli1846\/ca\/politica-de-privacitat\/#breadcrumb\",\"itemListElement\":[{\"@type\":\"ListItem\",\"position\":1,\"name\":\"Portada\",\"item\":\"https:\/\/elbullifoundation.com\/elbulli1846\/\"},{\"@type\":\"ListItem\",\"position\":2,\"name\":\"Pol\u00edtica de privacitat\"}]},{\"@type\":\"WebSite\",\"@id\":\"https:\/\/elbullifoundation.com\/elbulli1846\/#website\",\"url\":\"https:\/\/elbullifoundation.com\/elbulli1846\/\",\"name\":\"elBulli1846\",\"description\":\"\",\"potentialAction\":[{\"@type\":\"SearchAction\",\"target\":{\"@type\":\"EntryPoint\",\"urlTemplate\":\"https:\/\/elbullifoundation.com\/elbulli1846\/?s={search_term_string}\"},\"query-input\":{\"@type\":\"PropertyValueSpecification\",\"valueRequired\":true,\"valueName\":\"search_term_string\"}}],\"inLanguage\":\"es\"}]}<\/script>\n<!-- \/ Yoast SEO plugin. -->","yoast_head_json":{"title":"Pol\u00edtica de privacitat - elBulli1846","robots":{"index":"index","follow":"follow","max-snippet":"max-snippet:-1","max-image-preview":"max-image-preview:large","max-video-preview":"max-video-preview:-1"},"canonical":"https:\/\/elbullifoundation.com\/elbulli1846\/ca\/politica-de-privacitat\/","og_locale":"es_ES","og_type":"article","og_title":"Pol\u00edtica de privacitat - elBulli1846","og_description":"1. POL\u00cdTICA D\u2019ENLLA\u00c7OS I EXEMPCIONS DE RESPONSABILITAT EL BULLI FOUNDATI\u00d3N, FUNDACIO PRIVADA, no es fa responsable del contingut de les p\u00e0gines web a les quals pugui accedir l\u2019Usuari a trav\u00e9s dels enlla\u00e7os establerts als seus llocs web i declara que en cap cas examinar\u00e0 ni exercitar\u00e0 cap tipus de control sobre el contingut d\u2019altres p\u00e0gines [&hellip;]","og_url":"https:\/\/elbullifoundation.com\/elbulli1846\/ca\/politica-de-privacitat\/","og_site_name":"elBulli1846","article_modified_time":"2020-01-13T11:38:52+00:00","twitter_card":"summary_large_image","twitter_misc":{"Tiempo de lectura":"8 minutos"},"schema":{"@context":"https:\/\/schema.org","@graph":[{"@type":"WebPage","@id":"https:\/\/elbullifoundation.com\/elbulli1846\/ca\/politica-de-privacitat\/","url":"https:\/\/elbullifoundation.com\/elbulli1846\/ca\/politica-de-privacitat\/","name":"Pol\u00edtica de privacitat - elBulli1846","isPartOf":{"@id":"https:\/\/elbullifoundation.com\/elbulli1846\/#website"},"datePublished":"2019-12-04T12:42:46+00:00","dateModified":"2020-01-13T11:38:52+00:00","breadcrumb":{"@id":"https:\/\/elbullifoundation.com\/elbulli1846\/ca\/politica-de-privacitat\/#breadcrumb"},"inLanguage":"es","potentialAction":[{"@type":"ReadAction","target":["https:\/\/elbullifoundation.com\/elbulli1846\/ca\/politica-de-privacitat\/"]}]},{"@type":"BreadcrumbList","@id":"https:\/\/elbullifoundation.com\/elbulli1846\/ca\/politica-de-privacitat\/#breadcrumb","itemListElement":[{"@type":"ListItem","position":1,"name":"Portada","item":"https:\/\/elbullifoundation.com\/elbulli1846\/"},{"@type":"ListItem","position":2,"name":"Pol\u00edtica de privacitat"}]},{"@type":"WebSite","@id":"https:\/\/elbullifoundation.com\/elbulli1846\/#website","url":"https:\/\/elbullifoundation.com\/elbulli1846\/","name":"elBulli1846","description":"","potentialAction":[{"@type":"SearchAction","target":{"@type":"EntryPoint","urlTemplate":"https:\/\/elbullifoundation.com\/elbulli1846\/?s={search_term_string}"},"query-input":{"@type":"PropertyValueSpecification","valueRequired":true,"valueName":"search_term_string"}}],"inLanguage":"es"}]}},"lang":"ca","translations":{"ca":664,"es":14,"en":649},"pll_sync_post":[],"_links":{"self":[{"href":"https:\/\/elbullifoundation.com\/elbulli1846\/wp-json\/wp\/v2\/pages\/664","targetHints":{"allow":["GET"]}}],"collection":[{"href":"https:\/\/elbullifoundation.com\/elbulli1846\/wp-json\/wp\/v2\/pages"}],"about":[{"href":"https:\/\/elbullifoundation.com\/elbulli1846\/wp-json\/wp\/v2\/types\/page"}],"author":[{"embeddable":true,"href":"https:\/\/elbullifoundation.com\/elbulli1846\/wp-json\/wp\/v2\/users\/1"}],"replies":[{"embeddable":true,"href":"https:\/\/elbullifoundation.com\/elbulli1846\/wp-json\/wp\/v2\/comments?post=664"}],"version-history":[{"count":3,"href":"https:\/\/elbullifoundation.com\/elbulli1846\/wp-json\/wp\/v2\/pages\/664\/revisions"}],"predecessor-version":[{"id":855,"href":"https:\/\/elbullifoundation.com\/elbulli1846\/wp-json\/wp\/v2\/pages\/664\/revisions\/855"}],"wp:attachment":[{"href":"https:\/\/elbullifoundation.com\/elbulli1846\/wp-json\/wp\/v2\/media?parent=664"}],"curies":[{"name":"wp","href":"https:\/\/api.w.org\/{rel}","templated":true}]}}