{"id":242,"date":"2023-04-04T11:00:52","date_gmt":"2023-04-04T09:00:52","guid":{"rendered":"https:\/\/elbullifoundation.com\/elbullidna\/?page_id=242"},"modified":"2025-04-29T17:05:09","modified_gmt":"2025-04-29T15:05:09","slug":"convocatorias","status":"publish","type":"page","link":"https:\/\/elbullifoundation.com\/elbullidna\/convocatorias\/","title":{"rendered":"Convocatorias"},"content":{"rendered":"\n<p>En elBulli1846 se organizan diversas convocatorias centradas en la&nbsp; investigaci\u00f3n que cuentan con la participaci\u00f3n de diferentes equipos multidisciplinares.<\/p>\n\n\n\n<p>En cada per\u00edodo, el equipo profundiza sobre un \u00abgran\u00bb tema de estudio y varios temas espec\u00edficos, que se tratan de manera individual. En ambos casos, las tem\u00e1ticas se encuadran siempre dentro del marco de la creaci\u00f3n y la innovaci\u00f3n, que se analizan mediante el pensamiento sist\u00e9mico que caracteriza a la metodolog\u00eda Sapiens.<\/p>\n\n\n\n<div class=\"wp-block-buttons is-layout-flex wp-block-buttons-is-layout-flex\">\n<div class=\"wp-block-button\"><a class=\"wp-block-button__link wp-element-button\" href=\"https:\/\/elbullifoundation.com\/convocatorias\/\" target=\"_blank\" rel=\"noreferrer noopener\">Primera convocatoria<\/a><\/div>\n\n\n\n<div class=\"wp-block-button\"><a class=\"wp-block-button__link wp-element-button\" href=\"https:\/\/elbullifoundation.com\/convocatorias\/segunda\/\" target=\"_blank\" rel=\"noreferrer noopener\">Segunda convocatoria<\/a><\/div>\n\n\n\n<div class=\"wp-block-button\"><a class=\"wp-block-button__link wp-element-button\" href=\"https:\/\/elbullifoundation.com\/convocatorias\/tercera\/\" target=\"_blank\" rel=\"noreferrer noopener\">Tercera convocatoria<\/a><\/div>\n<\/div>\n\n\n\n<p><\/p>\n","protected":false},"excerpt":{"rendered":"<p>En elBulli1846 se organizan diversas convocatorias centradas en la&nbsp; investigaci\u00f3n que cuentan con la participaci\u00f3n de diferentes equipos multidisciplinares. En cada per\u00edodo, el equipo profundiza sobre un \u00abgran\u00bb tema de estudio y varios temas espec\u00edficos, que se tratan de manera individual. En ambos casos, las tem\u00e1ticas se encuadran siempre dentro del marco de la creaci\u00f3n [&hellip;]<\/p>\n","protected":false},"author":1,"featured_media":246,"parent":0,"menu_order":0,"comment_status":"closed","ping_status":"closed","template":"","meta":{"_acf_changed":false,"footnotes":""},"class_list":["post-242","page","type-page","status-publish","has-post-thumbnail","hentry"],"acf":[],"yoast_head":"<!-- This site is optimized with the Yoast SEO plugin v27.0-RC2 - https:\/\/yoast.com\/product\/yoast-seo-wordpress\/ -->\n<title>Convocatorias - elBulliDNA<\/title>\n<meta name=\"robots\" content=\"index, follow, max-snippet:-1, max-image-preview:large, max-video-preview:-1\" \/>\n<link rel=\"canonical\" href=\"https:\/\/elbullifoundation.com\/elbullidna\/convocatorias\/\" \/>\n<meta property=\"og:locale\" content=\"es_ES\" \/>\n<meta property=\"og:type\" content=\"article\" \/>\n<meta property=\"og:title\" content=\"Convocatorias - elBulliDNA\" \/>\n<meta property=\"og:description\" content=\"En elBulli1846 se organizan diversas convocatorias centradas en la&nbsp; investigaci\u00f3n que cuentan con la participaci\u00f3n de diferentes equipos multidisciplinares. En cada per\u00edodo, el equipo profundiza sobre un \u00abgran\u00bb tema de estudio y varios temas espec\u00edficos, que se tratan de manera individual. En ambos casos, las tem\u00e1ticas se encuadran siempre dentro del marco de la creaci\u00f3n [&hellip;]\" \/>\n<meta property=\"og:url\" content=\"https:\/\/elbullifoundation.com\/elbullidna\/convocatorias\/\" \/>\n<meta property=\"og:site_name\" content=\"elBulliDNA\" \/>\n<meta property=\"article:modified_time\" content=\"2025-04-29T15:05:09+00:00\" \/>\n<meta property=\"og:image\" content=\"https:\/\/elbullifoundation.com\/elbullidna\/wp-content\/uploads\/sites\/18\/2023\/04\/IMG_20210625_132220_resized_20210625_053057285.jpg\" \/>\n\t<meta property=\"og:image:width\" content=\"1984\" \/>\n\t<meta property=\"og:image:height\" content=\"1488\" \/>\n\t<meta property=\"og:image:type\" content=\"image\/jpeg\" \/>\n<meta name=\"twitter:card\" content=\"summary_large_image\" \/>\n<script type=\"application\/ld+json\" class=\"yoast-schema-graph\">{\"@context\":\"https:\/\/schema.org\",\"@graph\":[{\"@type\":\"WebPage\",\"@id\":\"https:\/\/elbullifoundation.com\/elbullidna\/convocatorias\/\",\"url\":\"https:\/\/elbullifoundation.com\/elbullidna\/convocatorias\/\",\"name\":\"Convocatorias - elBulliDNA\",\"isPartOf\":{\"@id\":\"https:\/\/elbullifoundation.com\/elbullidna\/#website\"},\"primaryImageOfPage\":{\"@id\":\"https:\/\/elbullifoundation.com\/elbullidna\/convocatorias\/#primaryimage\"},\"image\":{\"@id\":\"https:\/\/elbullifoundation.com\/elbullidna\/convocatorias\/#primaryimage\"},\"thumbnailUrl\":\"https:\/\/elbullifoundation.com\/elbullidna\/wp-content\/uploads\/sites\/18\/2023\/04\/IMG_20210625_132220_resized_20210625_053057285.jpg\",\"datePublished\":\"2023-04-04T09:00:52+00:00\",\"dateModified\":\"2025-04-29T15:05:09+00:00\",\"breadcrumb\":{\"@id\":\"https:\/\/elbullifoundation.com\/elbullidna\/convocatorias\/#breadcrumb\"},\"inLanguage\":\"es\",\"potentialAction\":[{\"@type\":\"ReadAction\",\"target\":[\"https:\/\/elbullifoundation.com\/elbullidna\/convocatorias\/\"]}]},{\"@type\":\"ImageObject\",\"inLanguage\":\"es\",\"@id\":\"https:\/\/elbullifoundation.com\/elbullidna\/convocatorias\/#primaryimage\",\"url\":\"https:\/\/elbullifoundation.com\/elbullidna\/wp-content\/uploads\/sites\/18\/2023\/04\/IMG_20210625_132220_resized_20210625_053057285.jpg\",\"contentUrl\":\"https:\/\/elbullifoundation.com\/elbullidna\/wp-content\/uploads\/sites\/18\/2023\/04\/IMG_20210625_132220_resized_20210625_053057285.jpg\",\"width\":1984,\"height\":1488},{\"@type\":\"BreadcrumbList\",\"@id\":\"https:\/\/elbullifoundation.com\/elbullidna\/convocatorias\/#breadcrumb\",\"itemListElement\":[{\"@type\":\"ListItem\",\"position\":1,\"name\":\"Portada\",\"item\":\"https:\/\/elbullifoundation.com\/elbullidna\/en\/\"},{\"@type\":\"ListItem\",\"position\":2,\"name\":\"Convocatorias\"}]},{\"@type\":\"WebSite\",\"@id\":\"https:\/\/elbullifoundation.com\/elbullidna\/#website\",\"url\":\"https:\/\/elbullifoundation.com\/elbullidna\/\",\"name\":\"elBulliDNA\",\"description\":\"\",\"potentialAction\":[{\"@type\":\"SearchAction\",\"target\":{\"@type\":\"EntryPoint\",\"urlTemplate\":\"https:\/\/elbullifoundation.com\/elbullidna\/?s={search_term_string}\"},\"query-input\":{\"@type\":\"PropertyValueSpecification\",\"valueRequired\":true,\"valueName\":\"search_term_string\"}}],\"inLanguage\":\"es\"}]}<\/script>\n<!-- \/ Yoast SEO plugin. -->","yoast_head_json":{"title":"Convocatorias - elBulliDNA","robots":{"index":"index","follow":"follow","max-snippet":"max-snippet:-1","max-image-preview":"max-image-preview:large","max-video-preview":"max-video-preview:-1"},"canonical":"https:\/\/elbullifoundation.com\/elbullidna\/convocatorias\/","og_locale":"es_ES","og_type":"article","og_title":"Convocatorias - elBulliDNA","og_description":"En elBulli1846 se organizan diversas convocatorias centradas en la&nbsp; investigaci\u00f3n que cuentan con la participaci\u00f3n de diferentes equipos multidisciplinares. En cada per\u00edodo, el equipo profundiza sobre un \u00abgran\u00bb tema de estudio y varios temas espec\u00edficos, que se tratan de manera individual. En ambos casos, las tem\u00e1ticas se encuadran siempre dentro del marco de la creaci\u00f3n [&hellip;]","og_url":"https:\/\/elbullifoundation.com\/elbullidna\/convocatorias\/","og_site_name":"elBulliDNA","article_modified_time":"2025-04-29T15:05:09+00:00","og_image":[{"width":1984,"height":1488,"url":"https:\/\/elbullifoundation.com\/elbullidna\/wp-content\/uploads\/sites\/18\/2023\/04\/IMG_20210625_132220_resized_20210625_053057285.jpg","type":"image\/jpeg"}],"twitter_card":"summary_large_image","schema":{"@context":"https:\/\/schema.org","@graph":[{"@type":"WebPage","@id":"https:\/\/elbullifoundation.com\/elbullidna\/convocatorias\/","url":"https:\/\/elbullifoundation.com\/elbullidna\/convocatorias\/","name":"Convocatorias - elBulliDNA","isPartOf":{"@id":"https:\/\/elbullifoundation.com\/elbullidna\/#website"},"primaryImageOfPage":{"@id":"https:\/\/elbullifoundation.com\/elbullidna\/convocatorias\/#primaryimage"},"image":{"@id":"https:\/\/elbullifoundation.com\/elbullidna\/convocatorias\/#primaryimage"},"thumbnailUrl":"https:\/\/elbullifoundation.com\/elbullidna\/wp-content\/uploads\/sites\/18\/2023\/04\/IMG_20210625_132220_resized_20210625_053057285.jpg","datePublished":"2023-04-04T09:00:52+00:00","dateModified":"2025-04-29T15:05:09+00:00","breadcrumb":{"@id":"https:\/\/elbullifoundation.com\/elbullidna\/convocatorias\/#breadcrumb"},"inLanguage":"es","potentialAction":[{"@type":"ReadAction","target":["https:\/\/elbullifoundation.com\/elbullidna\/convocatorias\/"]}]},{"@type":"ImageObject","inLanguage":"es","@id":"https:\/\/elbullifoundation.com\/elbullidna\/convocatorias\/#primaryimage","url":"https:\/\/elbullifoundation.com\/elbullidna\/wp-content\/uploads\/sites\/18\/2023\/04\/IMG_20210625_132220_resized_20210625_053057285.jpg","contentUrl":"https:\/\/elbullifoundation.com\/elbullidna\/wp-content\/uploads\/sites\/18\/2023\/04\/IMG_20210625_132220_resized_20210625_053057285.jpg","width":1984,"height":1488},{"@type":"BreadcrumbList","@id":"https:\/\/elbullifoundation.com\/elbullidna\/convocatorias\/#breadcrumb","itemListElement":[{"@type":"ListItem","position":1,"name":"Portada","item":"https:\/\/elbullifoundation.com\/elbullidna\/en\/"},{"@type":"ListItem","position":2,"name":"Convocatorias"}]},{"@type":"WebSite","@id":"https:\/\/elbullifoundation.com\/elbullidna\/#website","url":"https:\/\/elbullifoundation.com\/elbullidna\/","name":"elBulliDNA","description":"","potentialAction":[{"@type":"SearchAction","target":{"@type":"EntryPoint","urlTemplate":"https:\/\/elbullifoundation.com\/elbullidna\/?s={search_term_string}"},"query-input":{"@type":"PropertyValueSpecification","valueRequired":true,"valueName":"search_term_string"}}],"inLanguage":"es"}]}},"lang":"es","translations":{"es":242,"ca":267,"en":292},"pll_sync_post":[],"_links":{"self":[{"href":"https:\/\/elbullifoundation.com\/elbullidna\/wp-json\/wp\/v2\/pages\/242","targetHints":{"allow":["GET"]}}],"collection":[{"href":"https:\/\/elbullifoundation.com\/elbullidna\/wp-json\/wp\/v2\/pages"}],"about":[{"href":"https:\/\/elbullifoundation.com\/elbullidna\/wp-json\/wp\/v2\/types\/page"}],"author":[{"embeddable":true,"href":"https:\/\/elbullifoundation.com\/elbullidna\/wp-json\/wp\/v2\/users\/1"}],"replies":[{"embeddable":true,"href":"https:\/\/elbullifoundation.com\/elbullidna\/wp-json\/wp\/v2\/comments?post=242"}],"version-history":[{"count":5,"href":"https:\/\/elbullifoundation.com\/elbullidna\/wp-json\/wp\/v2\/pages\/242\/revisions"}],"predecessor-version":[{"id":360,"href":"https:\/\/elbullifoundation.com\/elbullidna\/wp-json\/wp\/v2\/pages\/242\/revisions\/360"}],"wp:featuredmedia":[{"embeddable":true,"href":"https:\/\/elbullifoundation.com\/elbullidna\/wp-json\/wp\/v2\/media\/246"}],"wp:attachment":[{"href":"https:\/\/elbullifoundation.com\/elbullidna\/wp-json\/wp\/v2\/media?parent=242"}],"curies":[{"name":"wp","href":"https:\/\/api.w.org\/{rel}","templated":true}]}}