{"id":263,"date":"2023-04-04T17:40:19","date_gmt":"2023-04-04T15:40:19","guid":{"rendered":"https:\/\/elbullifoundation.com\/elbullidna\/?page_id=263"},"modified":"2023-04-11T12:17:51","modified_gmt":"2023-04-11T10:17:51","slug":"que-es-elbullidna","status":"publish","type":"page","link":"https:\/\/elbullifoundation.com\/elbullidna\/ca\/que-es-elbullidna\/","title":{"rendered":"Qu\u00e8 \u00e9s elBulliDNA"},"content":{"rendered":"\n<p>Q\u00fcestionar l\u2019statu quo i fomentar la reflexi\u00f3 i la recerca sempre van ser actituds essencials en la hist\u00f2ria d\u2019elBulli i continuen formant part de l\u2019ADN d\u2019elBullifoundation.<\/p>\n\n\n\n<p>elBulliDNA recull tots els projectes que es desenvolupen a elBullifoundation.<\/p>\n\n\n\n<p>Diversos equips treballen seguint una visi\u00f3 hol\u00edstica amb l\u2019objectiu de connectar coneixement aplicant la metodologia Sapiens i fomentar:<\/p>\n\n\n\n<ul class=\"wp-block-list\">\n<li>L\u2019aposta per la qualitat de l\u2019oferta<\/li>\n\n\n\n<li>La import\u00e0ncia de la gesti\u00f3 de l\u2019empresa<\/li>\n\n\n\n<li>L\u2019actitud innovadora<\/li>\n<\/ul>\n\n\n\n<p>Aquests s\u00f3n els pilars i els principis sobre els quals cal plantejar la transformaci\u00f3 del sector de la gastronomia i el seu futur.<\/p>\n","protected":false},"excerpt":{"rendered":"<p>Q\u00fcestionar l\u2019statu quo i fomentar la reflexi\u00f3 i la recerca sempre van ser actituds essencials en la hist\u00f2ria d\u2019elBulli i continuen formant part de l\u2019ADN d\u2019elBullifoundation. elBulliDNA recull tots els projectes que es desenvolupen a elBullifoundation. Diversos equips treballen seguint una visi\u00f3 hol\u00edstica amb l\u2019objectiu de connectar coneixement aplicant la metodologia Sapiens i fomentar: Aquests [&hellip;]<\/p>\n","protected":false},"author":4,"featured_media":235,"parent":0,"menu_order":0,"comment_status":"closed","ping_status":"closed","template":"","meta":{"_acf_changed":false,"footnotes":""},"class_list":["post-263","page","type-page","status-publish","has-post-thumbnail","hentry"],"acf":[],"yoast_head":"<!-- This site is optimized with the Yoast SEO plugin v27.0-RC2 - https:\/\/yoast.com\/product\/yoast-seo-wordpress\/ -->\n<title>Qu\u00e8 \u00e9s elBulliDNA - elBulliDNA<\/title>\n<meta name=\"robots\" content=\"index, follow, max-snippet:-1, max-image-preview:large, max-video-preview:-1\" \/>\n<link rel=\"canonical\" href=\"https:\/\/elbullifoundation.com\/elbullidna\/ca\/que-es-elbullidna\/\" \/>\n<meta property=\"og:locale\" content=\"es_ES\" \/>\n<meta property=\"og:type\" content=\"article\" \/>\n<meta property=\"og:title\" content=\"Qu\u00e8 \u00e9s elBulliDNA - elBulliDNA\" \/>\n<meta property=\"og:description\" content=\"Q\u00fcestionar l\u2019statu quo i fomentar la reflexi\u00f3 i la recerca sempre van ser actituds essencials en la hist\u00f2ria d\u2019elBulli i continuen formant part de l\u2019ADN d\u2019elBullifoundation. elBulliDNA recull tots els projectes que es desenvolupen a elBullifoundation. Diversos equips treballen seguint una visi\u00f3 hol\u00edstica amb l\u2019objectiu de connectar coneixement aplicant la metodologia Sapiens i fomentar: Aquests [&hellip;]\" \/>\n<meta property=\"og:url\" content=\"https:\/\/elbullifoundation.com\/elbullidna\/ca\/que-es-elbullidna\/\" \/>\n<meta property=\"og:site_name\" content=\"elBulliDNA\" \/>\n<meta property=\"article:modified_time\" content=\"2023-04-11T10:17:51+00:00\" \/>\n<meta property=\"og:image\" content=\"https:\/\/elbullifoundation.com\/elbullidna\/wp-content\/uploads\/sites\/18\/2023\/03\/IMG_1535.jpg\" \/>\n\t<meta property=\"og:image:width\" content=\"1600\" \/>\n\t<meta property=\"og:image:height\" content=\"1067\" \/>\n\t<meta property=\"og:image:type\" content=\"image\/jpeg\" \/>\n<meta name=\"twitter:card\" content=\"summary_large_image\" \/>\n<meta name=\"twitter:label1\" content=\"Tiempo de lectura\" \/>\n\t<meta name=\"twitter:data1\" content=\"1 minuto\" \/>\n<script type=\"application\/ld+json\" class=\"yoast-schema-graph\">{\"@context\":\"https:\/\/schema.org\",\"@graph\":[{\"@type\":\"WebPage\",\"@id\":\"https:\/\/elbullifoundation.com\/elbullidna\/ca\/que-es-elbullidna\/\",\"url\":\"https:\/\/elbullifoundation.com\/elbullidna\/ca\/que-es-elbullidna\/\",\"name\":\"Qu\u00e8 \u00e9s elBulliDNA - elBulliDNA\",\"isPartOf\":{\"@id\":\"https:\/\/elbullifoundation.com\/elbullidna\/#website\"},\"primaryImageOfPage\":{\"@id\":\"https:\/\/elbullifoundation.com\/elbullidna\/ca\/que-es-elbullidna\/#primaryimage\"},\"image\":{\"@id\":\"https:\/\/elbullifoundation.com\/elbullidna\/ca\/que-es-elbullidna\/#primaryimage\"},\"thumbnailUrl\":\"https:\/\/elbullifoundation.com\/elbullidna\/wp-content\/uploads\/sites\/18\/2023\/03\/IMG_1535.jpg\",\"datePublished\":\"2023-04-04T15:40:19+00:00\",\"dateModified\":\"2023-04-11T10:17:51+00:00\",\"breadcrumb\":{\"@id\":\"https:\/\/elbullifoundation.com\/elbullidna\/ca\/que-es-elbullidna\/#breadcrumb\"},\"inLanguage\":\"es\",\"potentialAction\":[{\"@type\":\"ReadAction\",\"target\":[\"https:\/\/elbullifoundation.com\/elbullidna\/ca\/que-es-elbullidna\/\"]}]},{\"@type\":\"ImageObject\",\"inLanguage\":\"es\",\"@id\":\"https:\/\/elbullifoundation.com\/elbullidna\/ca\/que-es-elbullidna\/#primaryimage\",\"url\":\"https:\/\/elbullifoundation.com\/elbullidna\/wp-content\/uploads\/sites\/18\/2023\/03\/IMG_1535.jpg\",\"contentUrl\":\"https:\/\/elbullifoundation.com\/elbullidna\/wp-content\/uploads\/sites\/18\/2023\/03\/IMG_1535.jpg\",\"width\":1600,\"height\":1067},{\"@type\":\"BreadcrumbList\",\"@id\":\"https:\/\/elbullifoundation.com\/elbullidna\/ca\/que-es-elbullidna\/#breadcrumb\",\"itemListElement\":[{\"@type\":\"ListItem\",\"position\":1,\"name\":\"Portada\",\"item\":\"https:\/\/elbullifoundation.com\/elbullidna\/en\/\"},{\"@type\":\"ListItem\",\"position\":2,\"name\":\"Qu\u00e8 \u00e9s elBulliDNA\"}]},{\"@type\":\"WebSite\",\"@id\":\"https:\/\/elbullifoundation.com\/elbullidna\/#website\",\"url\":\"https:\/\/elbullifoundation.com\/elbullidna\/\",\"name\":\"elBulliDNA\",\"description\":\"\",\"potentialAction\":[{\"@type\":\"SearchAction\",\"target\":{\"@type\":\"EntryPoint\",\"urlTemplate\":\"https:\/\/elbullifoundation.com\/elbullidna\/?s={search_term_string}\"},\"query-input\":{\"@type\":\"PropertyValueSpecification\",\"valueRequired\":true,\"valueName\":\"search_term_string\"}}],\"inLanguage\":\"es\"}]}<\/script>\n<!-- \/ Yoast SEO plugin. -->","yoast_head_json":{"title":"Qu\u00e8 \u00e9s elBulliDNA - elBulliDNA","robots":{"index":"index","follow":"follow","max-snippet":"max-snippet:-1","max-image-preview":"max-image-preview:large","max-video-preview":"max-video-preview:-1"},"canonical":"https:\/\/elbullifoundation.com\/elbullidna\/ca\/que-es-elbullidna\/","og_locale":"es_ES","og_type":"article","og_title":"Qu\u00e8 \u00e9s elBulliDNA - elBulliDNA","og_description":"Q\u00fcestionar l\u2019statu quo i fomentar la reflexi\u00f3 i la recerca sempre van ser actituds essencials en la hist\u00f2ria d\u2019elBulli i continuen formant part de l\u2019ADN d\u2019elBullifoundation. elBulliDNA recull tots els projectes que es desenvolupen a elBullifoundation. Diversos equips treballen seguint una visi\u00f3 hol\u00edstica amb l\u2019objectiu de connectar coneixement aplicant la metodologia Sapiens i fomentar: Aquests [&hellip;]","og_url":"https:\/\/elbullifoundation.com\/elbullidna\/ca\/que-es-elbullidna\/","og_site_name":"elBulliDNA","article_modified_time":"2023-04-11T10:17:51+00:00","og_image":[{"width":1600,"height":1067,"url":"https:\/\/elbullifoundation.com\/elbullidna\/wp-content\/uploads\/sites\/18\/2023\/03\/IMG_1535.jpg","type":"image\/jpeg"}],"twitter_card":"summary_large_image","twitter_misc":{"Tiempo de lectura":"1 minuto"},"schema":{"@context":"https:\/\/schema.org","@graph":[{"@type":"WebPage","@id":"https:\/\/elbullifoundation.com\/elbullidna\/ca\/que-es-elbullidna\/","url":"https:\/\/elbullifoundation.com\/elbullidna\/ca\/que-es-elbullidna\/","name":"Qu\u00e8 \u00e9s elBulliDNA - elBulliDNA","isPartOf":{"@id":"https:\/\/elbullifoundation.com\/elbullidna\/#website"},"primaryImageOfPage":{"@id":"https:\/\/elbullifoundation.com\/elbullidna\/ca\/que-es-elbullidna\/#primaryimage"},"image":{"@id":"https:\/\/elbullifoundation.com\/elbullidna\/ca\/que-es-elbullidna\/#primaryimage"},"thumbnailUrl":"https:\/\/elbullifoundation.com\/elbullidna\/wp-content\/uploads\/sites\/18\/2023\/03\/IMG_1535.jpg","datePublished":"2023-04-04T15:40:19+00:00","dateModified":"2023-04-11T10:17:51+00:00","breadcrumb":{"@id":"https:\/\/elbullifoundation.com\/elbullidna\/ca\/que-es-elbullidna\/#breadcrumb"},"inLanguage":"es","potentialAction":[{"@type":"ReadAction","target":["https:\/\/elbullifoundation.com\/elbullidna\/ca\/que-es-elbullidna\/"]}]},{"@type":"ImageObject","inLanguage":"es","@id":"https:\/\/elbullifoundation.com\/elbullidna\/ca\/que-es-elbullidna\/#primaryimage","url":"https:\/\/elbullifoundation.com\/elbullidna\/wp-content\/uploads\/sites\/18\/2023\/03\/IMG_1535.jpg","contentUrl":"https:\/\/elbullifoundation.com\/elbullidna\/wp-content\/uploads\/sites\/18\/2023\/03\/IMG_1535.jpg","width":1600,"height":1067},{"@type":"BreadcrumbList","@id":"https:\/\/elbullifoundation.com\/elbullidna\/ca\/que-es-elbullidna\/#breadcrumb","itemListElement":[{"@type":"ListItem","position":1,"name":"Portada","item":"https:\/\/elbullifoundation.com\/elbullidna\/en\/"},{"@type":"ListItem","position":2,"name":"Qu\u00e8 \u00e9s elBulliDNA"}]},{"@type":"WebSite","@id":"https:\/\/elbullifoundation.com\/elbullidna\/#website","url":"https:\/\/elbullifoundation.com\/elbullidna\/","name":"elBulliDNA","description":"","potentialAction":[{"@type":"SearchAction","target":{"@type":"EntryPoint","urlTemplate":"https:\/\/elbullifoundation.com\/elbullidna\/?s={search_term_string}"},"query-input":{"@type":"PropertyValueSpecification","valueRequired":true,"valueName":"search_term_string"}}],"inLanguage":"es"}]}},"lang":"ca","translations":{"ca":263,"es":238,"en":286},"pll_sync_post":[],"_links":{"self":[{"href":"https:\/\/elbullifoundation.com\/elbullidna\/wp-json\/wp\/v2\/pages\/263","targetHints":{"allow":["GET"]}}],"collection":[{"href":"https:\/\/elbullifoundation.com\/elbullidna\/wp-json\/wp\/v2\/pages"}],"about":[{"href":"https:\/\/elbullifoundation.com\/elbullidna\/wp-json\/wp\/v2\/types\/page"}],"author":[{"embeddable":true,"href":"https:\/\/elbullifoundation.com\/elbullidna\/wp-json\/wp\/v2\/users\/4"}],"replies":[{"embeddable":true,"href":"https:\/\/elbullifoundation.com\/elbullidna\/wp-json\/wp\/v2\/comments?post=263"}],"version-history":[{"count":3,"href":"https:\/\/elbullifoundation.com\/elbullidna\/wp-json\/wp\/v2\/pages\/263\/revisions"}],"predecessor-version":[{"id":285,"href":"https:\/\/elbullifoundation.com\/elbullidna\/wp-json\/wp\/v2\/pages\/263\/revisions\/285"}],"wp:featuredmedia":[{"embeddable":true,"href":"https:\/\/elbullifoundation.com\/elbullidna\/wp-json\/wp\/v2\/media\/235"}],"wp:attachment":[{"href":"https:\/\/elbullifoundation.com\/elbullidna\/wp-json\/wp\/v2\/media?parent=263"}],"curies":[{"name":"wp","href":"https:\/\/api.w.org\/{rel}","templated":true}]}}