{"id":267,"date":"2023-04-04T17:45:52","date_gmt":"2023-04-04T15:45:52","guid":{"rendered":"https:\/\/elbullifoundation.com\/elbullidna\/?page_id=267"},"modified":"2025-04-29T17:05:00","modified_gmt":"2025-04-29T15:05:00","slug":"convocatories","status":"publish","type":"page","link":"https:\/\/elbullifoundation.com\/elbullidna\/ca\/convocatories\/","title":{"rendered":"Convocat\u00f2ries"},"content":{"rendered":"\n<p>A elBulli1846 s\u2019organitzen diverses convocat\u00f2ries centrades en la recerca que compten amb la participaci\u00f3 de diversos equips multidisciplinaris.<\/p>\n\n\n\n<p>A cada per\u00edode, l\u2019equip aprofundeix en un \u00abgran\u00bb tema d\u2019estudi i en diversos temes espec\u00edfics que es tracten de manera individual. En tots dos casos, les tem\u00e0tiques sempre es contextualitzen dins el marc de la creaci\u00f3 i la innovaci\u00f3 i s\u2019analitzen mitjan\u00e7ant el pensament sist\u00e8mic que caracteritza la metodologia Sapiens.<\/p>\n\n\n\n<div class=\"wp-block-buttons is-layout-flex wp-block-buttons-is-layout-flex\">\n<div class=\"wp-block-button\"><a class=\"wp-block-button__link wp-element-button\" href=\"https:\/\/elbullifoundation.com\/convocatorias\/\" target=\"_blank\" rel=\"noreferrer noopener\">Primera&nbsp;convocat\u00f2ria<\/a><\/div>\n\n\n\n<div class=\"wp-block-button\"><a class=\"wp-block-button__link wp-element-button\" href=\"https:\/\/elbullifoundation.com\/convocatorias\/segunda\/\" target=\"_blank\" rel=\"noreferrer noopener\">Segona convocat\u00f2ria<\/a><\/div>\n\n\n\n<div class=\"wp-block-button\"><a class=\"wp-block-button__link wp-element-button\" href=\"https:\/\/elbullifoundation.com\/convocatorias\/tercera\/\" target=\"_blank\" rel=\"noreferrer noopener\">Tercera convocat\u00f2ria<\/a><\/div>\n<\/div>\n\n\n\n<p><\/p>\n","protected":false},"excerpt":{"rendered":"<p>A elBulli1846 s\u2019organitzen diverses convocat\u00f2ries centrades en la recerca que compten amb la participaci\u00f3 de diversos equips multidisciplinaris. A cada per\u00edode, l\u2019equip aprofundeix en un \u00abgran\u00bb tema d\u2019estudi i en diversos temes espec\u00edfics que es tracten de manera individual. En tots dos casos, les tem\u00e0tiques sempre es contextualitzen dins el marc de la creaci\u00f3 i [&hellip;]<\/p>\n","protected":false},"author":4,"featured_media":246,"parent":0,"menu_order":0,"comment_status":"closed","ping_status":"closed","template":"","meta":{"_acf_changed":false,"footnotes":""},"class_list":["post-267","page","type-page","status-publish","has-post-thumbnail","hentry"],"acf":[],"yoast_head":"<!-- This site is optimized with the Yoast SEO plugin v27.0-RC2 - https:\/\/yoast.com\/product\/yoast-seo-wordpress\/ -->\n<title>Convocat\u00f2ries - elBulliDNA<\/title>\n<meta name=\"robots\" content=\"index, follow, max-snippet:-1, max-image-preview:large, max-video-preview:-1\" \/>\n<link rel=\"canonical\" href=\"https:\/\/elbullifoundation.com\/elbullidna\/ca\/convocatories\/\" \/>\n<meta property=\"og:locale\" content=\"es_ES\" \/>\n<meta property=\"og:type\" content=\"article\" \/>\n<meta property=\"og:title\" content=\"Convocat\u00f2ries - elBulliDNA\" \/>\n<meta property=\"og:description\" content=\"A elBulli1846 s\u2019organitzen diverses convocat\u00f2ries centrades en la recerca que compten amb la participaci\u00f3 de diversos equips multidisciplinaris. A cada per\u00edode, l\u2019equip aprofundeix en un \u00abgran\u00bb tema d\u2019estudi i en diversos temes espec\u00edfics que es tracten de manera individual. En tots dos casos, les tem\u00e0tiques sempre es contextualitzen dins el marc de la creaci\u00f3 i [&hellip;]\" \/>\n<meta property=\"og:url\" content=\"https:\/\/elbullifoundation.com\/elbullidna\/ca\/convocatories\/\" \/>\n<meta property=\"og:site_name\" content=\"elBulliDNA\" \/>\n<meta property=\"article:modified_time\" content=\"2025-04-29T15:05:00+00:00\" \/>\n<meta property=\"og:image\" content=\"https:\/\/elbullifoundation.com\/elbullidna\/wp-content\/uploads\/sites\/18\/2023\/04\/IMG_20210625_132220_resized_20210625_053057285.jpg\" \/>\n\t<meta property=\"og:image:width\" content=\"1984\" \/>\n\t<meta property=\"og:image:height\" content=\"1488\" \/>\n\t<meta property=\"og:image:type\" content=\"image\/jpeg\" \/>\n<meta name=\"twitter:card\" content=\"summary_large_image\" \/>\n<meta name=\"twitter:label1\" content=\"Tiempo de lectura\" \/>\n\t<meta name=\"twitter:data1\" content=\"1 minuto\" \/>\n<script type=\"application\/ld+json\" class=\"yoast-schema-graph\">{\"@context\":\"https:\/\/schema.org\",\"@graph\":[{\"@type\":\"WebPage\",\"@id\":\"https:\/\/elbullifoundation.com\/elbullidna\/ca\/convocatories\/\",\"url\":\"https:\/\/elbullifoundation.com\/elbullidna\/ca\/convocatories\/\",\"name\":\"Convocat\u00f2ries - elBulliDNA\",\"isPartOf\":{\"@id\":\"https:\/\/elbullifoundation.com\/elbullidna\/#website\"},\"primaryImageOfPage\":{\"@id\":\"https:\/\/elbullifoundation.com\/elbullidna\/ca\/convocatories\/#primaryimage\"},\"image\":{\"@id\":\"https:\/\/elbullifoundation.com\/elbullidna\/ca\/convocatories\/#primaryimage\"},\"thumbnailUrl\":\"https:\/\/elbullifoundation.com\/elbullidna\/wp-content\/uploads\/sites\/18\/2023\/04\/IMG_20210625_132220_resized_20210625_053057285.jpg\",\"datePublished\":\"2023-04-04T15:45:52+00:00\",\"dateModified\":\"2025-04-29T15:05:00+00:00\",\"breadcrumb\":{\"@id\":\"https:\/\/elbullifoundation.com\/elbullidna\/ca\/convocatories\/#breadcrumb\"},\"inLanguage\":\"es\",\"potentialAction\":[{\"@type\":\"ReadAction\",\"target\":[\"https:\/\/elbullifoundation.com\/elbullidna\/ca\/convocatories\/\"]}]},{\"@type\":\"ImageObject\",\"inLanguage\":\"es\",\"@id\":\"https:\/\/elbullifoundation.com\/elbullidna\/ca\/convocatories\/#primaryimage\",\"url\":\"https:\/\/elbullifoundation.com\/elbullidna\/wp-content\/uploads\/sites\/18\/2023\/04\/IMG_20210625_132220_resized_20210625_053057285.jpg\",\"contentUrl\":\"https:\/\/elbullifoundation.com\/elbullidna\/wp-content\/uploads\/sites\/18\/2023\/04\/IMG_20210625_132220_resized_20210625_053057285.jpg\",\"width\":1984,\"height\":1488},{\"@type\":\"BreadcrumbList\",\"@id\":\"https:\/\/elbullifoundation.com\/elbullidna\/ca\/convocatories\/#breadcrumb\",\"itemListElement\":[{\"@type\":\"ListItem\",\"position\":1,\"name\":\"Portada\",\"item\":\"https:\/\/elbullifoundation.com\/elbullidna\/en\/\"},{\"@type\":\"ListItem\",\"position\":2,\"name\":\"Convocat\u00f2ries\"}]},{\"@type\":\"WebSite\",\"@id\":\"https:\/\/elbullifoundation.com\/elbullidna\/#website\",\"url\":\"https:\/\/elbullifoundation.com\/elbullidna\/\",\"name\":\"elBulliDNA\",\"description\":\"\",\"potentialAction\":[{\"@type\":\"SearchAction\",\"target\":{\"@type\":\"EntryPoint\",\"urlTemplate\":\"https:\/\/elbullifoundation.com\/elbullidna\/?s={search_term_string}\"},\"query-input\":{\"@type\":\"PropertyValueSpecification\",\"valueRequired\":true,\"valueName\":\"search_term_string\"}}],\"inLanguage\":\"es\"}]}<\/script>\n<!-- \/ Yoast SEO plugin. -->","yoast_head_json":{"title":"Convocat\u00f2ries - elBulliDNA","robots":{"index":"index","follow":"follow","max-snippet":"max-snippet:-1","max-image-preview":"max-image-preview:large","max-video-preview":"max-video-preview:-1"},"canonical":"https:\/\/elbullifoundation.com\/elbullidna\/ca\/convocatories\/","og_locale":"es_ES","og_type":"article","og_title":"Convocat\u00f2ries - elBulliDNA","og_description":"A elBulli1846 s\u2019organitzen diverses convocat\u00f2ries centrades en la recerca que compten amb la participaci\u00f3 de diversos equips multidisciplinaris. A cada per\u00edode, l\u2019equip aprofundeix en un \u00abgran\u00bb tema d\u2019estudi i en diversos temes espec\u00edfics que es tracten de manera individual. En tots dos casos, les tem\u00e0tiques sempre es contextualitzen dins el marc de la creaci\u00f3 i [&hellip;]","og_url":"https:\/\/elbullifoundation.com\/elbullidna\/ca\/convocatories\/","og_site_name":"elBulliDNA","article_modified_time":"2025-04-29T15:05:00+00:00","og_image":[{"width":1984,"height":1488,"url":"https:\/\/elbullifoundation.com\/elbullidna\/wp-content\/uploads\/sites\/18\/2023\/04\/IMG_20210625_132220_resized_20210625_053057285.jpg","type":"image\/jpeg"}],"twitter_card":"summary_large_image","twitter_misc":{"Tiempo de lectura":"1 minuto"},"schema":{"@context":"https:\/\/schema.org","@graph":[{"@type":"WebPage","@id":"https:\/\/elbullifoundation.com\/elbullidna\/ca\/convocatories\/","url":"https:\/\/elbullifoundation.com\/elbullidna\/ca\/convocatories\/","name":"Convocat\u00f2ries - elBulliDNA","isPartOf":{"@id":"https:\/\/elbullifoundation.com\/elbullidna\/#website"},"primaryImageOfPage":{"@id":"https:\/\/elbullifoundation.com\/elbullidna\/ca\/convocatories\/#primaryimage"},"image":{"@id":"https:\/\/elbullifoundation.com\/elbullidna\/ca\/convocatories\/#primaryimage"},"thumbnailUrl":"https:\/\/elbullifoundation.com\/elbullidna\/wp-content\/uploads\/sites\/18\/2023\/04\/IMG_20210625_132220_resized_20210625_053057285.jpg","datePublished":"2023-04-04T15:45:52+00:00","dateModified":"2025-04-29T15:05:00+00:00","breadcrumb":{"@id":"https:\/\/elbullifoundation.com\/elbullidna\/ca\/convocatories\/#breadcrumb"},"inLanguage":"es","potentialAction":[{"@type":"ReadAction","target":["https:\/\/elbullifoundation.com\/elbullidna\/ca\/convocatories\/"]}]},{"@type":"ImageObject","inLanguage":"es","@id":"https:\/\/elbullifoundation.com\/elbullidna\/ca\/convocatories\/#primaryimage","url":"https:\/\/elbullifoundation.com\/elbullidna\/wp-content\/uploads\/sites\/18\/2023\/04\/IMG_20210625_132220_resized_20210625_053057285.jpg","contentUrl":"https:\/\/elbullifoundation.com\/elbullidna\/wp-content\/uploads\/sites\/18\/2023\/04\/IMG_20210625_132220_resized_20210625_053057285.jpg","width":1984,"height":1488},{"@type":"BreadcrumbList","@id":"https:\/\/elbullifoundation.com\/elbullidna\/ca\/convocatories\/#breadcrumb","itemListElement":[{"@type":"ListItem","position":1,"name":"Portada","item":"https:\/\/elbullifoundation.com\/elbullidna\/en\/"},{"@type":"ListItem","position":2,"name":"Convocat\u00f2ries"}]},{"@type":"WebSite","@id":"https:\/\/elbullifoundation.com\/elbullidna\/#website","url":"https:\/\/elbullifoundation.com\/elbullidna\/","name":"elBulliDNA","description":"","potentialAction":[{"@type":"SearchAction","target":{"@type":"EntryPoint","urlTemplate":"https:\/\/elbullifoundation.com\/elbullidna\/?s={search_term_string}"},"query-input":{"@type":"PropertyValueSpecification","valueRequired":true,"valueName":"search_term_string"}}],"inLanguage":"es"}]}},"lang":"ca","translations":{"ca":267,"es":242,"en":292},"pll_sync_post":[],"_links":{"self":[{"href":"https:\/\/elbullifoundation.com\/elbullidna\/wp-json\/wp\/v2\/pages\/267","targetHints":{"allow":["GET"]}}],"collection":[{"href":"https:\/\/elbullifoundation.com\/elbullidna\/wp-json\/wp\/v2\/pages"}],"about":[{"href":"https:\/\/elbullifoundation.com\/elbullidna\/wp-json\/wp\/v2\/types\/page"}],"author":[{"embeddable":true,"href":"https:\/\/elbullifoundation.com\/elbullidna\/wp-json\/wp\/v2\/users\/4"}],"replies":[{"embeddable":true,"href":"https:\/\/elbullifoundation.com\/elbullidna\/wp-json\/wp\/v2\/comments?post=267"}],"version-history":[{"count":5,"href":"https:\/\/elbullifoundation.com\/elbullidna\/wp-json\/wp\/v2\/pages\/267\/revisions"}],"predecessor-version":[{"id":364,"href":"https:\/\/elbullifoundation.com\/elbullidna\/wp-json\/wp\/v2\/pages\/267\/revisions\/364"}],"wp:featuredmedia":[{"embeddable":true,"href":"https:\/\/elbullifoundation.com\/elbullidna\/wp-json\/wp\/v2\/media\/246"}],"wp:attachment":[{"href":"https:\/\/elbullifoundation.com\/elbullidna\/wp-json\/wp\/v2\/media?parent=267"}],"curies":[{"name":"wp","href":"https:\/\/api.w.org\/{rel}","templated":true}]}}