{"id":2151,"date":"2017-11-28T10:27:18","date_gmt":"2017-11-28T09:27:18","guid":{"rendered":"https:\/\/elbullifoundation.com\/elbullistore\/catalogo-general-elbulli-1983-2004-acceso-digital\/"},"modified":"2023-07-26T18:13:34","modified_gmt":"2023-07-26T16:13:34","slug":"catalogo-general-elbulli-1983-2011-acceso-digital","status":"publish","type":"page","link":"https:\/\/elbullifoundation.com\/elbullistore\/ca\/catalogo-general-elbulli-1983-2011-acceso-digital\/","title":{"rendered":"Cat\u00e0leg General de elBulli 1983-2011 (acc\u00e9s digital)"},"content":{"rendered":"\n<p>Aquest projecte va comen\u00e7ar en 2002 quan presentem un projecte editorial que inclo\u00efa part del contingut en format digital en un CD.<\/p>\n\n\n\n<p> <\/p>\n\n\n\n<p><strong>Hem transformat aquest contingut en un projecte en l\u00ednia al qual es podr\u00e0 accedir amb la compra d&#8217;un llibre del Cat\u00e0leg general.<\/strong><\/p>\n","protected":false},"excerpt":{"rendered":"<p>Aquest projecte va comen\u00e7ar en 2002 quan presentem un projecte editorial que inclo\u00efa part del contingut en format digital en un CD. Hem transformat aquest contingut en un projecte en l\u00ednia al qual es podr\u00e0 accedir amb la compra d&#8217;un llibre del Cat\u00e0leg general.<\/p>\n","protected":false},"author":1,"featured_media":2108,"parent":0,"menu_order":0,"comment_status":"closed","ping_status":"closed","template":"template_acceso-digital-sin-acceso.php","meta":{"_acf_changed":false,"footnotes":""},"class_list":["post-2151","page","type-page","status-publish","has-post-thumbnail","hentry"],"acf":[],"yoast_head":"<!-- This site is optimized with the Yoast SEO plugin v26.9 - https:\/\/yoast.com\/product\/yoast-seo-wordpress\/ -->\n<title>Cat\u00e0leg General de elBulli 1983-2011 (acc\u00e9s digital) - elBullistore<\/title>\n<meta name=\"robots\" content=\"noindex, nofollow\" \/>\n<meta property=\"og:locale\" content=\"es_ES\" \/>\n<meta property=\"og:type\" content=\"article\" \/>\n<meta property=\"og:title\" content=\"Cat\u00e0leg General de elBulli 1983-2011 (acc\u00e9s digital) - elBullistore\" \/>\n<meta property=\"og:description\" content=\"Aquest projecte va comen\u00e7ar en 2002 quan presentem un projecte editorial que inclo\u00efa part del contingut en format digital en un CD. Hem transformat aquest contingut en un projecte en l\u00ednia al qual es podr\u00e0 accedir amb la compra d&#8217;un llibre del Cat\u00e0leg general.\" \/>\n<meta property=\"og:url\" content=\"https:\/\/elbullifoundation.com\/elbullistore\/ca\/catalogo-general-elbulli-1983-2011-acceso-digital\/\" \/>\n<meta property=\"og:site_name\" content=\"elBullistore\" \/>\n<meta property=\"article:modified_time\" content=\"2023-07-26T16:13:34+00:00\" \/>\n<meta property=\"og:image\" content=\"https:\/\/elbullifoundation.com\/elbullistore\/wp-content\/uploads\/2017\/11\/info-cd-4.jpg\" \/>\n\t<meta property=\"og:image:width\" content=\"580\" \/>\n\t<meta property=\"og:image:height\" content=\"554\" \/>\n\t<meta property=\"og:image:type\" content=\"image\/jpeg\" \/>\n<meta name=\"twitter:card\" content=\"summary_large_image\" \/>\n<meta name=\"twitter:label1\" content=\"Tiempo de lectura\" \/>\n\t<meta name=\"twitter:data1\" content=\"1 minuto\" \/>\n<script type=\"application\/ld+json\" class=\"yoast-schema-graph\">{\"@context\":\"https:\/\/schema.org\",\"@graph\":[{\"@type\":\"WebPage\",\"@id\":\"https:\/\/elbullifoundation.com\/elbullistore\/ca\/catalogo-general-elbulli-1983-2011-acceso-digital\/\",\"url\":\"https:\/\/elbullifoundation.com\/elbullistore\/ca\/catalogo-general-elbulli-1983-2011-acceso-digital\/\",\"name\":\"Cat\u00e0leg General de elBulli 1983-2011 (acc\u00e9s digital) - elBullistore\",\"isPartOf\":{\"@id\":\"https:\/\/elbullifoundation.com\/elbullistore\/#website\"},\"primaryImageOfPage\":{\"@id\":\"https:\/\/elbullifoundation.com\/elbullistore\/ca\/catalogo-general-elbulli-1983-2011-acceso-digital\/#primaryimage\"},\"image\":{\"@id\":\"https:\/\/elbullifoundation.com\/elbullistore\/ca\/catalogo-general-elbulli-1983-2011-acceso-digital\/#primaryimage\"},\"thumbnailUrl\":\"https:\/\/elbullifoundation.com\/elbullistore\/wp-content\/uploads\/2017\/11\/info-cd-4.jpg\",\"datePublished\":\"2017-11-28T09:27:18+00:00\",\"dateModified\":\"2023-07-26T16:13:34+00:00\",\"breadcrumb\":{\"@id\":\"https:\/\/elbullifoundation.com\/elbullistore\/ca\/catalogo-general-elbulli-1983-2011-acceso-digital\/#breadcrumb\"},\"inLanguage\":\"es\",\"potentialAction\":[{\"@type\":\"ReadAction\",\"target\":[\"https:\/\/elbullifoundation.com\/elbullistore\/ca\/catalogo-general-elbulli-1983-2011-acceso-digital\/\"]}]},{\"@type\":\"ImageObject\",\"inLanguage\":\"es\",\"@id\":\"https:\/\/elbullifoundation.com\/elbullistore\/ca\/catalogo-general-elbulli-1983-2011-acceso-digital\/#primaryimage\",\"url\":\"https:\/\/elbullifoundation.com\/elbullistore\/wp-content\/uploads\/2017\/11\/info-cd-4.jpg\",\"contentUrl\":\"https:\/\/elbullifoundation.com\/elbullistore\/wp-content\/uploads\/2017\/11\/info-cd-4.jpg\",\"width\":580,\"height\":554},{\"@type\":\"BreadcrumbList\",\"@id\":\"https:\/\/elbullifoundation.com\/elbullistore\/ca\/catalogo-general-elbulli-1983-2011-acceso-digital\/#breadcrumb\",\"itemListElement\":[{\"@type\":\"ListItem\",\"position\":1,\"name\":\"Portada\",\"item\":\"https:\/\/elbullifoundation.com\/elbullistore\/\"},{\"@type\":\"ListItem\",\"position\":2,\"name\":\"Cat\u00e0leg General de elBulli 1983-2011 (acc\u00e9s digital)\"}]},{\"@type\":\"WebSite\",\"@id\":\"https:\/\/elbullifoundation.com\/elbullistore\/#website\",\"url\":\"https:\/\/elbullifoundation.com\/elbullistore\/\",\"name\":\"elBullistore\",\"description\":\"\",\"potentialAction\":[{\"@type\":\"SearchAction\",\"target\":{\"@type\":\"EntryPoint\",\"urlTemplate\":\"https:\/\/elbullifoundation.com\/elbullistore\/?s={search_term_string}\"},\"query-input\":{\"@type\":\"PropertyValueSpecification\",\"valueRequired\":true,\"valueName\":\"search_term_string\"}}],\"inLanguage\":\"es\"}]}<\/script>\n<!-- \/ Yoast SEO plugin. -->","yoast_head_json":{"title":"Cat\u00e0leg General de elBulli 1983-2011 (acc\u00e9s digital) - elBullistore","robots":{"index":"noindex","follow":"nofollow"},"og_locale":"es_ES","og_type":"article","og_title":"Cat\u00e0leg General de elBulli 1983-2011 (acc\u00e9s digital) - elBullistore","og_description":"Aquest projecte va comen\u00e7ar en 2002 quan presentem un projecte editorial que inclo\u00efa part del contingut en format digital en un CD. Hem transformat aquest contingut en un projecte en l\u00ednia al qual es podr\u00e0 accedir amb la compra d&#8217;un llibre del Cat\u00e0leg general.","og_url":"https:\/\/elbullifoundation.com\/elbullistore\/ca\/catalogo-general-elbulli-1983-2011-acceso-digital\/","og_site_name":"elBullistore","article_modified_time":"2023-07-26T16:13:34+00:00","og_image":[{"width":580,"height":554,"url":"https:\/\/elbullifoundation.com\/elbullistore\/wp-content\/uploads\/2017\/11\/info-cd-4.jpg","type":"image\/jpeg"}],"twitter_card":"summary_large_image","twitter_misc":{"Tiempo de lectura":"1 minuto"},"schema":{"@context":"https:\/\/schema.org","@graph":[{"@type":"WebPage","@id":"https:\/\/elbullifoundation.com\/elbullistore\/ca\/catalogo-general-elbulli-1983-2011-acceso-digital\/","url":"https:\/\/elbullifoundation.com\/elbullistore\/ca\/catalogo-general-elbulli-1983-2011-acceso-digital\/","name":"Cat\u00e0leg General de elBulli 1983-2011 (acc\u00e9s digital) - elBullistore","isPartOf":{"@id":"https:\/\/elbullifoundation.com\/elbullistore\/#website"},"primaryImageOfPage":{"@id":"https:\/\/elbullifoundation.com\/elbullistore\/ca\/catalogo-general-elbulli-1983-2011-acceso-digital\/#primaryimage"},"image":{"@id":"https:\/\/elbullifoundation.com\/elbullistore\/ca\/catalogo-general-elbulli-1983-2011-acceso-digital\/#primaryimage"},"thumbnailUrl":"https:\/\/elbullifoundation.com\/elbullistore\/wp-content\/uploads\/2017\/11\/info-cd-4.jpg","datePublished":"2017-11-28T09:27:18+00:00","dateModified":"2023-07-26T16:13:34+00:00","breadcrumb":{"@id":"https:\/\/elbullifoundation.com\/elbullistore\/ca\/catalogo-general-elbulli-1983-2011-acceso-digital\/#breadcrumb"},"inLanguage":"es","potentialAction":[{"@type":"ReadAction","target":["https:\/\/elbullifoundation.com\/elbullistore\/ca\/catalogo-general-elbulli-1983-2011-acceso-digital\/"]}]},{"@type":"ImageObject","inLanguage":"es","@id":"https:\/\/elbullifoundation.com\/elbullistore\/ca\/catalogo-general-elbulli-1983-2011-acceso-digital\/#primaryimage","url":"https:\/\/elbullifoundation.com\/elbullistore\/wp-content\/uploads\/2017\/11\/info-cd-4.jpg","contentUrl":"https:\/\/elbullifoundation.com\/elbullistore\/wp-content\/uploads\/2017\/11\/info-cd-4.jpg","width":580,"height":554},{"@type":"BreadcrumbList","@id":"https:\/\/elbullifoundation.com\/elbullistore\/ca\/catalogo-general-elbulli-1983-2011-acceso-digital\/#breadcrumb","itemListElement":[{"@type":"ListItem","position":1,"name":"Portada","item":"https:\/\/elbullifoundation.com\/elbullistore\/"},{"@type":"ListItem","position":2,"name":"Cat\u00e0leg General de elBulli 1983-2011 (acc\u00e9s digital)"}]},{"@type":"WebSite","@id":"https:\/\/elbullifoundation.com\/elbullistore\/#website","url":"https:\/\/elbullifoundation.com\/elbullistore\/","name":"elBullistore","description":"","potentialAction":[{"@type":"SearchAction","target":{"@type":"EntryPoint","urlTemplate":"https:\/\/elbullifoundation.com\/elbullistore\/?s={search_term_string}"},"query-input":{"@type":"PropertyValueSpecification","valueRequired":true,"valueName":"search_term_string"}}],"inLanguage":"es"}]}},"lang":"ca","translations":{"ca":2151,"es":2143,"en":2152},"pll_sync_post":[],"_links":{"self":[{"href":"https:\/\/elbullifoundation.com\/elbullistore\/wp-json\/wp\/v2\/pages\/2151","targetHints":{"allow":["GET"]}}],"collection":[{"href":"https:\/\/elbullifoundation.com\/elbullistore\/wp-json\/wp\/v2\/pages"}],"about":[{"href":"https:\/\/elbullifoundation.com\/elbullistore\/wp-json\/wp\/v2\/types\/page"}],"author":[{"embeddable":true,"href":"https:\/\/elbullifoundation.com\/elbullistore\/wp-json\/wp\/v2\/users\/1"}],"replies":[{"embeddable":true,"href":"https:\/\/elbullifoundation.com\/elbullistore\/wp-json\/wp\/v2\/comments?post=2151"}],"version-history":[{"count":0,"href":"https:\/\/elbullifoundation.com\/elbullistore\/wp-json\/wp\/v2\/pages\/2151\/revisions"}],"wp:featuredmedia":[{"embeddable":true,"href":"https:\/\/elbullifoundation.com\/elbullistore\/wp-json\/wp\/v2\/media\/2108"}],"wp:attachment":[{"href":"https:\/\/elbullifoundation.com\/elbullistore\/wp-json\/wp\/v2\/media?parent=2151"}],"curies":[{"name":"wp","href":"https:\/\/api.w.org\/{rel}","templated":true}]}}