{"id":298,"date":"2017-09-04T10:21:38","date_gmt":"2017-09-04T10:21:38","guid":{"rendered":"https:\/\/elbullifoundation.com\/elbullistore\/?page_id=298\/"},"modified":"2023-07-17T11:23:35","modified_gmt":"2023-07-17T09:23:35","slug":"faqs","status":"publish","type":"page","link":"https:\/\/elbullifoundation.com\/elbullistore\/faqs\/","title":{"rendered":"FAQs"},"content":{"rendered":"<h4><strong>\u00bfC\u00f3mo puedo comprar?<\/strong><\/h4>\n<p>Es muy sencillo, tan s\u00f3lo tienes que registrarte mediante una cuenta personal o de empresa y agregar a tu \u201ccesta de la compra\u201d los productos que desees. Para formalizar el pedido, simplemente deber\u00e1s seguir los pasos que te indique la web.<\/p>\n<h4><\/h4>\n<h4><strong>\u00bfNecesito registrarme para comprar?<\/strong><\/h4>\n<div class=\"page\" title=\"Page 36\">\n<p>S\u00ed, pero solamente deber\u00e1s llevar a cabo el proceso de registro una \u00fanica vez: cuando realices tu primer pedido.<\/p>\n<p>Una vez registrado, tendr\u00e1s acceso a la zona de usuario y podr\u00e1s modificar tus datos personales siempre que resulte necesario. Recuerda que es importante mantenerlos actualizados.<\/p>\n<h4><\/h4>\n<h4><strong>\u00bfC\u00f3mo puedo recuperar mi contrase\u00f1a?<\/strong><\/h4>\n<p>Si olvidas tu contrase\u00f1a, podr\u00e1s restablecerla mediante un enlace que enviaremos a tu correo electr\u00f3nico siempre que lo necesites.<\/p>\n<h4><\/h4>\n<h4><strong>\u00bfEs obligatorio introducir el NIF o n\u00famero de pasaporte?<\/strong><\/h4>\n<p>S\u00ed, es necesario que registres tu CIF, NIF o n\u00famero de pasaporte, incluso en el caso de no necesitar factura.<\/p>\n<h4><\/h4>\n<h4><strong>\u00bfPuedo comprar art\u00edculos como empresa? \u00bfC\u00f3mo recibir\u00e9 mi factura?<\/strong><\/h4>\n<p>S\u00ed, para ello tan s\u00f3lo deber\u00e1s crear una cuenta de empresa y a\u00f1adir correctamente todos los datos fiscales.<\/p>\n<p>La factura se incluye en cada uno de tus pedidos, pero tambi\u00e9n puede ser consultada online mediante tu acceso de usuario.<\/p>\n<h4><\/h4>\n<h4><strong>\u00bfSe puede comprar desde cualquier pa\u00eds del mundo?<\/strong><\/h4>\n<p>S\u00ed, pero es importante tener en cuenta que los pedidos realizados desde fuera del estado espa\u00f1ol s\u00f3lo pueden ser tramitados mediante la plataforma de pago PayPal.<\/p>\n<p>Una vez formalizado tu pedido, la empresa de transporte se encargar\u00e1 de hac\u00e9rtelo llegar a la direcci\u00f3n de env\u00edo cuanto antes.<\/p>\n<h4><\/h4>\n<h4><strong>\u00bfEs seguro comprar online?<\/strong><\/h4>\n<p>Todas las operaciones que implican la transmisi\u00f3n de datos personales o bancarios se realizan en un entorno seguro: la informaci\u00f3n viaja encriptada a trav\u00e9s de la red y los datos de tu tarjeta de cr\u00e9dito no quedan registrados en ninguna base de datos.<\/p>\n<h4><\/h4>\n<h4><strong>\u00bfC\u00f3mo puedo obtener un cup\u00f3n de descuento?<\/strong><\/h4>\n<p>Los cupones de descuento se env\u00edan a trav\u00e9s de promociones espec\u00edficas. Para recibirlos, solamente has de registrarte y aceptar nuestras newsletters.<\/p>\n<h4><\/h4>\n<h4><strong>\u00bfPuede ser distinta la direcci\u00f3n de la factura de la direcci\u00f3n de env\u00edo?<\/strong><\/h4>\n<p>S\u00ed, el carrito de la compra permite introducir datos de facturaci\u00f3n alternativos a los de entrega.<\/p>\n<h4><\/h4>\n<h4><strong>\u00bfCu\u00e1les son los plazos de entrega?<\/strong><\/h4>\n<div class=\"layoutArea\">\n<p>El plazo previsto para los pedidos realizados desde la Pen\u00ednsula Ib\u00e9rica es de entre 48 y 72 horas laborables.<\/p>\n<\/div>\n<h4><\/h4>\n<h4><strong>\u00bfTengo que pagar tarifas de aduana e impuestos de importaci\u00f3n?<\/strong><\/h4>\n<div class=\"layoutArea\">\n<p>Debido a las diferentes pol\u00edticas de aduana y derechos de importaci\u00f3n que rigen en cada pa\u00eds, elBullifoundation no puede dar garant\u00edas sobre este tipo de cargas impositivas.<\/p>\n<\/div>\n<h4><\/h4>\n<h4><strong>\u00bfCon qu\u00e9 moneda puedo realizar el pago?<\/strong><\/h4>\n<div class=\"layoutArea\">\n<p>Todos los pedidos se calculan y procesan en Euros (\u20ac). Ten en cuenta que si tu cuenta bancaria est\u00e1 asociada a otra moneda, el tipo de cambio que condicionar\u00e1 el importe final ser\u00e1 determinado autom\u00e1ticamente por el banco\/PayPal y no por elBullifoundation.<\/p>\n<\/div>\n<h4><\/h4>\n<h4><strong>\u00bfEs posible reservar un art\u00edculo y comprarlo m\u00e1s adelante?<\/strong><\/h4>\n<div class=\"layoutArea\">\n<p>Actualmente no disponemos de servicio de reserva de art\u00edculos, pero s\u00ed que puedes hacer una pre-compra del articulo seleccionado.<\/p>\n<p>No todos los art\u00edculos estar\u00e1n en preventa antes de su salida en el mercado.<\/p>\n<div class=\"layoutArea\">\n<\/div>\n<\/div>\n<\/div>\n","protected":false},"excerpt":{"rendered":"<p>\u00bfC\u00f3mo puedo comprar? Es muy sencillo, tan s\u00f3lo tienes que registrarte mediante una cuenta personal o de empresa y agregar a tu \u201ccesta de la compra\u201d los productos que desees. Para formalizar el pedido, simplemente deber\u00e1s seguir los pasos que te indique la web. \u00bfNecesito registrarme para comprar? S\u00ed, pero solamente deber\u00e1s llevar a cabo [&hellip;]<\/p>\n","protected":false},"author":1,"featured_media":0,"parent":0,"menu_order":0,"comment_status":"closed","ping_status":"closed","template":"template_text.php","meta":{"_acf_changed":false,"footnotes":""},"class_list":["post-298","page","type-page","status-publish","hentry"],"acf":[],"yoast_head":"<!-- This site is optimized with the Yoast SEO plugin v26.9 - https:\/\/yoast.com\/product\/yoast-seo-wordpress\/ -->\n<title>FAQs - elBullistore<\/title>\n<meta name=\"robots\" content=\"index, follow, max-snippet:-1, max-image-preview:large, max-video-preview:-1\" \/>\n<link rel=\"canonical\" href=\"https:\/\/elbullifoundation.com\/elbullistore\/faqs\/\" \/>\n<meta property=\"og:locale\" content=\"es_ES\" \/>\n<meta property=\"og:type\" content=\"article\" \/>\n<meta property=\"og:title\" content=\"FAQs - elBullistore\" \/>\n<meta property=\"og:description\" content=\"\u00bfC\u00f3mo puedo comprar? Es muy sencillo, tan s\u00f3lo tienes que registrarte mediante una cuenta personal o de empresa y agregar a tu \u201ccesta de la compra\u201d los productos que desees. Para formalizar el pedido, simplemente deber\u00e1s seguir los pasos que te indique la web. \u00bfNecesito registrarme para comprar? S\u00ed, pero solamente deber\u00e1s llevar a cabo [&hellip;]\" \/>\n<meta property=\"og:url\" content=\"https:\/\/elbullifoundation.com\/elbullistore\/faqs\/\" \/>\n<meta property=\"og:site_name\" content=\"elBullistore\" \/>\n<meta property=\"article:modified_time\" content=\"2023-07-17T09:23:35+00:00\" \/>\n<meta name=\"twitter:card\" content=\"summary_large_image\" \/>\n<meta name=\"twitter:label1\" content=\"Tiempo de lectura\" \/>\n\t<meta name=\"twitter:data1\" content=\"3 minutos\" \/>\n<script type=\"application\/ld+json\" class=\"yoast-schema-graph\">{\"@context\":\"https:\/\/schema.org\",\"@graph\":[{\"@type\":\"WebPage\",\"@id\":\"https:\/\/elbullifoundation.com\/elbullistore\/faqs\/\",\"url\":\"https:\/\/elbullifoundation.com\/elbullistore\/faqs\/\",\"name\":\"FAQs - elBullistore\",\"isPartOf\":{\"@id\":\"https:\/\/elbullifoundation.com\/elbullistore\/#website\"},\"datePublished\":\"2017-09-04T10:21:38+00:00\",\"dateModified\":\"2023-07-17T09:23:35+00:00\",\"breadcrumb\":{\"@id\":\"https:\/\/elbullifoundation.com\/elbullistore\/faqs\/#breadcrumb\"},\"inLanguage\":\"es\",\"potentialAction\":[{\"@type\":\"ReadAction\",\"target\":[\"https:\/\/elbullifoundation.com\/elbullistore\/faqs\/\"]}]},{\"@type\":\"BreadcrumbList\",\"@id\":\"https:\/\/elbullifoundation.com\/elbullistore\/faqs\/#breadcrumb\",\"itemListElement\":[{\"@type\":\"ListItem\",\"position\":1,\"name\":\"Portada\",\"item\":\"https:\/\/elbullifoundation.com\/elbullistore\/\"},{\"@type\":\"ListItem\",\"position\":2,\"name\":\"FAQs\"}]},{\"@type\":\"WebSite\",\"@id\":\"https:\/\/elbullifoundation.com\/elbullistore\/#website\",\"url\":\"https:\/\/elbullifoundation.com\/elbullistore\/\",\"name\":\"elBullistore\",\"description\":\"\",\"potentialAction\":[{\"@type\":\"SearchAction\",\"target\":{\"@type\":\"EntryPoint\",\"urlTemplate\":\"https:\/\/elbullifoundation.com\/elbullistore\/?s={search_term_string}\"},\"query-input\":{\"@type\":\"PropertyValueSpecification\",\"valueRequired\":true,\"valueName\":\"search_term_string\"}}],\"inLanguage\":\"es\"}]}<\/script>\n<!-- \/ Yoast SEO plugin. -->","yoast_head_json":{"title":"FAQs - elBullistore","robots":{"index":"index","follow":"follow","max-snippet":"max-snippet:-1","max-image-preview":"max-image-preview:large","max-video-preview":"max-video-preview:-1"},"canonical":"https:\/\/elbullifoundation.com\/elbullistore\/faqs\/","og_locale":"es_ES","og_type":"article","og_title":"FAQs - elBullistore","og_description":"\u00bfC\u00f3mo puedo comprar? Es muy sencillo, tan s\u00f3lo tienes que registrarte mediante una cuenta personal o de empresa y agregar a tu \u201ccesta de la compra\u201d los productos que desees. Para formalizar el pedido, simplemente deber\u00e1s seguir los pasos que te indique la web. \u00bfNecesito registrarme para comprar? S\u00ed, pero solamente deber\u00e1s llevar a cabo [&hellip;]","og_url":"https:\/\/elbullifoundation.com\/elbullistore\/faqs\/","og_site_name":"elBullistore","article_modified_time":"2023-07-17T09:23:35+00:00","twitter_card":"summary_large_image","twitter_misc":{"Tiempo de lectura":"3 minutos"},"schema":{"@context":"https:\/\/schema.org","@graph":[{"@type":"WebPage","@id":"https:\/\/elbullifoundation.com\/elbullistore\/faqs\/","url":"https:\/\/elbullifoundation.com\/elbullistore\/faqs\/","name":"FAQs - elBullistore","isPartOf":{"@id":"https:\/\/elbullifoundation.com\/elbullistore\/#website"},"datePublished":"2017-09-04T10:21:38+00:00","dateModified":"2023-07-17T09:23:35+00:00","breadcrumb":{"@id":"https:\/\/elbullifoundation.com\/elbullistore\/faqs\/#breadcrumb"},"inLanguage":"es","potentialAction":[{"@type":"ReadAction","target":["https:\/\/elbullifoundation.com\/elbullistore\/faqs\/"]}]},{"@type":"BreadcrumbList","@id":"https:\/\/elbullifoundation.com\/elbullistore\/faqs\/#breadcrumb","itemListElement":[{"@type":"ListItem","position":1,"name":"Portada","item":"https:\/\/elbullifoundation.com\/elbullistore\/"},{"@type":"ListItem","position":2,"name":"FAQs"}]},{"@type":"WebSite","@id":"https:\/\/elbullifoundation.com\/elbullistore\/#website","url":"https:\/\/elbullifoundation.com\/elbullistore\/","name":"elBullistore","description":"","potentialAction":[{"@type":"SearchAction","target":{"@type":"EntryPoint","urlTemplate":"https:\/\/elbullifoundation.com\/elbullistore\/?s={search_term_string}"},"query-input":{"@type":"PropertyValueSpecification","valueRequired":true,"valueName":"search_term_string"}}],"inLanguage":"es"}]}},"lang":"es","translations":{"es":298,"en":1220,"ca":1219},"pll_sync_post":[],"_links":{"self":[{"href":"https:\/\/elbullifoundation.com\/elbullistore\/wp-json\/wp\/v2\/pages\/298","targetHints":{"allow":["GET"]}}],"collection":[{"href":"https:\/\/elbullifoundation.com\/elbullistore\/wp-json\/wp\/v2\/pages"}],"about":[{"href":"https:\/\/elbullifoundation.com\/elbullistore\/wp-json\/wp\/v2\/types\/page"}],"author":[{"embeddable":true,"href":"https:\/\/elbullifoundation.com\/elbullistore\/wp-json\/wp\/v2\/users\/1"}],"replies":[{"embeddable":true,"href":"https:\/\/elbullifoundation.com\/elbullistore\/wp-json\/wp\/v2\/comments?post=298"}],"version-history":[{"count":0,"href":"https:\/\/elbullifoundation.com\/elbullistore\/wp-json\/wp\/v2\/pages\/298\/revisions"}],"wp:attachment":[{"href":"https:\/\/elbullifoundation.com\/elbullistore\/wp-json\/wp\/v2\/media?parent=298"}],"curies":[{"name":"wp","href":"https:\/\/api.w.org\/{rel}","templated":true}]}}