{"id":300,"date":"2017-09-04T10:25:22","date_gmt":"2017-09-04T10:25:22","guid":{"rendered":"https:\/\/elbullifoundation.com\/elbullistore\/?page_id=300\/"},"modified":"2023-07-17T11:24:32","modified_gmt":"2023-07-17T09:24:32","slug":"envio-y-devoluciones","status":"publish","type":"page","link":"https:\/\/elbullifoundation.com\/elbullistore\/envio-y-devoluciones\/","title":{"rendered":"Env\u00edo y Devoluciones"},"content":{"rendered":"<div>\n<h3><\/h3>\n<h3>Env\u00edos<\/h3>\n<p>Realizamos env\u00edos a nivel internacional: Los gastos de env\u00edo depender\u00e1n del peso y el destino, se calculan autom\u00e1ticamente seg\u00fan producto y destino.<\/p>\n<p>Los pedidos se procesar\u00e1n el d\u00eda h\u00e1bil siguiente, de lunes a viernes, excepto festivos. Los pedidos recibidos los fines de semana y d\u00edas festivos ser\u00e1n procesados el siguiente d\u00eda laborable. Los pedidos se procesan desde Barcelona, Espa\u00f1a. La disponibilidad de los productos no est\u00e1 garantizada. Si usted ha pedido un art\u00edculo que no est\u00e1 disponible o que se retrasa, se lo notificaremos por correo electr\u00f3nico o por tel\u00e9fono. El tiempo estimado de recepci\u00f3n es de 5 d\u00edas h\u00e1biles dentro de Espa\u00f1a y requieren una firma en la entrega.<\/p>\n<\/div>\n<div>\n<h3>Impuestos y Aranceles<\/h3>\n<p>Los precios de los art\u00edculos no incluyen impuestos ni aranceles. Los pedidos pueden estar sujetos a impuestos locales y \/ o los derechos de importaci\u00f3n. Los impuestos ser\u00e1n pagados a la recepci\u00f3n del paquete por parte del comprador de acuerdo con las leyes aplicables en el pa\u00eds de destino.<\/p>\n<\/div>\n<div>\n<h3>Cambios y Devoluciones<\/h3>\n<p>Aceptamos cambios o devoluci\u00f3n de los art\u00edculos dentro de 15 d\u00edas desde la recepci\u00f3n de su pedido. Para cambiar o devolver un art\u00edculo, el cliente debe ponerse en contacto con nuestro servicio de atenci\u00f3n al cliente por e -mail proporcionando el n\u00famero de pedido y el comprobante de compra.<\/p>\n<p>La devoluci\u00f3n tiene como efecto cancelar la compra de dicho art\u00edculo y el reembolso al cliente del importe pagado a elBullistore.<\/p>\n<p>No se reembolsar\u00e1 el coste del env\u00edo de los art\u00edculos devueltos.<\/p>\n<p>Para proceder al cambio o reembolso es necesario que el pedido cumpla las siguientes condiciones:<\/p>\n<ul>\n<li>El producto no debe estar usado.<\/li>\n<li>Debe ser enviado en las mismas condiciones en las que fue recibido.<\/li>\n<li>Debe ser entregado en nuestras oficinas antes de los 15 d\u00edas desde la fecha en la que se recibi\u00f3 el pedido.<\/li>\n<\/ul>\n<p>elBullistore tiene derecho a negarse a aceptar un art\u00edculo devuelto si presenta signos de haber sido usado, si no lleva las etiquetas originales o presenta da\u00f1os causados por el Cliente , o bien si el Cliente no cumple con las instrucciones del apartado de Cambios y devoluciones mencionado por elBullistore.<\/p>\n<p>Una vez recibido el producto se inspecciona y se le notifica mediante un correo electr\u00f3nico la recepci\u00f3n de su art\u00edculo devuelto. Tambi\u00e9n se le notificar\u00e1 la aprobaci\u00f3n o rechazo de su cambio \/ reembolso.<br \/>\nEn caso de cambio, procederemos a enviar de nuevo el producto, sin costes de env\u00edo.<\/p>\n<p>Si la devoluci\u00f3n es autorizada entonces se procesar\u00e1 a su cambio o reembolso, y se le abonar\u00e1 autom\u00e1ticamente en su tarjeta de cr\u00e9dito o m\u00e9todo original de pago, dentro de margen de d\u00edas.<br \/>\nLas empresas de tarjetas de cr\u00e9dito var\u00edan en el tiempo que tardan en abonar el importe en su cuenta y la operaci\u00f3n podr\u00eda tardar hasta 7 d\u00edas h\u00e1biles, desde el d\u00eda de la comunicaci\u00f3n de la confirmaci\u00f3n del reembolso por correo electr\u00f3nico.<\/p>\n<p>En el caso de que la devoluci\u00f3n no fuera aceptada por el proveedor por entender que el producto cuya devoluci\u00f3n se pretende hubiera sido utilizado, estos productos permanecer\u00e1n en el almac\u00e9n de distribuci\u00f3n para ser recogidos por el cliente, por un per\u00edodo no superior a quince d\u00edas desde su devoluci\u00f3n.<\/p>\n<p>Los gastos y riesgos vinculados a la devoluci\u00f3n del producto ser\u00e1n a cargo del remitente, quien deber\u00e1 enviarlos de forma segura y con las garant\u00edas necesarias para que la mercanc\u00eda devuelta llegue en perfecto estado de conservaci\u00f3n.<\/p>\n<\/div>\n<div>\n<h3>Error en la entrega<\/h3>\n<p>Si elBullistore env\u00eda un art\u00edculo diferente al solicitado, o si el art\u00edculo est\u00e1 da\u00f1ado o defectuoso, el cliente debe notificarlo a elBullistore dentro de las 48 horas siguientes, en la forma indicada en el albar\u00e1n que acompa\u00f1a al art\u00edculo. elBullistore se har\u00e1 cargo de entregar el pedido correcto a la mayor brevedad posible y de recoger el art\u00edculo equivocado sin coste alguno para el cliente.<\/p>\n<\/div>\n<div>\n<h3>Reclamaciones<\/h3>\n<p>Si un cliente desea cambiar o devolver un art\u00edculo, debe seguir las instrucciones especificadas en el albar\u00e1n que acompa\u00f1a al paquete.<\/p>\n<p>El resto de preguntas, comentarios o reclamaciones relacionados con un pedido, pago o entrega deben enviarse por escrito a la siguiente direcci\u00f3n de correo electr\u00f3nico:\u00a0 info@elbullistore.com<\/p>\n<p>El mensaje de correo electr\u00f3nico debe contener el nombre del cliente, la direcci\u00f3n de correo<br \/>\nelectr\u00f3nico incluida en los registros de elBullistore, el n\u00famero de pedido que aparece en la confirmaci\u00f3n del pedido y el n\u00famero de art\u00edculo.<\/p>\n<\/div>\n","protected":false},"excerpt":{"rendered":"<p>Env\u00edos Realizamos env\u00edos a nivel internacional: Los gastos de env\u00edo depender\u00e1n del peso y el destino, se calculan autom\u00e1ticamente seg\u00fan producto y destino. Los pedidos se procesar\u00e1n el d\u00eda h\u00e1bil siguiente, de lunes a viernes, excepto festivos. Los pedidos recibidos los fines de semana y d\u00edas festivos ser\u00e1n procesados el siguiente d\u00eda laborable. Los pedidos [&hellip;]<\/p>\n","protected":false},"author":1,"featured_media":0,"parent":0,"menu_order":0,"comment_status":"closed","ping_status":"closed","template":"template_text.php","meta":{"_acf_changed":false,"footnotes":""},"class_list":["post-300","page","type-page","status-publish","hentry"],"acf":[],"yoast_head":"<!-- This site is optimized with the Yoast SEO plugin v26.9 - https:\/\/yoast.com\/product\/yoast-seo-wordpress\/ -->\n<title>Env\u00edo y Devoluciones - elBullistore<\/title>\n<meta name=\"robots\" content=\"index, follow, max-snippet:-1, max-image-preview:large, max-video-preview:-1\" \/>\n<link rel=\"canonical\" href=\"https:\/\/elbullifoundation.com\/elbullistore\/envio-y-devoluciones\/\" \/>\n<meta property=\"og:locale\" content=\"es_ES\" \/>\n<meta property=\"og:type\" content=\"article\" \/>\n<meta property=\"og:title\" content=\"Env\u00edo y Devoluciones - elBullistore\" \/>\n<meta property=\"og:description\" content=\"Env\u00edos Realizamos env\u00edos a nivel internacional: Los gastos de env\u00edo depender\u00e1n del peso y el destino, se calculan autom\u00e1ticamente seg\u00fan producto y destino. Los pedidos se procesar\u00e1n el d\u00eda h\u00e1bil siguiente, de lunes a viernes, excepto festivos. Los pedidos recibidos los fines de semana y d\u00edas festivos ser\u00e1n procesados el siguiente d\u00eda laborable. Los pedidos [&hellip;]\" \/>\n<meta property=\"og:url\" content=\"https:\/\/elbullifoundation.com\/elbullistore\/envio-y-devoluciones\/\" \/>\n<meta property=\"og:site_name\" content=\"elBullistore\" \/>\n<meta property=\"article:modified_time\" content=\"2023-07-17T09:24:32+00:00\" \/>\n<meta name=\"twitter:card\" content=\"summary_large_image\" \/>\n<meta name=\"twitter:label1\" content=\"Tiempo de lectura\" \/>\n\t<meta name=\"twitter:data1\" content=\"4 minutos\" \/>\n<script type=\"application\/ld+json\" class=\"yoast-schema-graph\">{\"@context\":\"https:\/\/schema.org\",\"@graph\":[{\"@type\":\"WebPage\",\"@id\":\"https:\/\/elbullifoundation.com\/elbullistore\/envio-y-devoluciones\/\",\"url\":\"https:\/\/elbullifoundation.com\/elbullistore\/envio-y-devoluciones\/\",\"name\":\"Env\u00edo y Devoluciones - elBullistore\",\"isPartOf\":{\"@id\":\"https:\/\/elbullifoundation.com\/elbullistore\/#website\"},\"datePublished\":\"2017-09-04T10:25:22+00:00\",\"dateModified\":\"2023-07-17T09:24:32+00:00\",\"breadcrumb\":{\"@id\":\"https:\/\/elbullifoundation.com\/elbullistore\/envio-y-devoluciones\/#breadcrumb\"},\"inLanguage\":\"es\",\"potentialAction\":[{\"@type\":\"ReadAction\",\"target\":[\"https:\/\/elbullifoundation.com\/elbullistore\/envio-y-devoluciones\/\"]}]},{\"@type\":\"BreadcrumbList\",\"@id\":\"https:\/\/elbullifoundation.com\/elbullistore\/envio-y-devoluciones\/#breadcrumb\",\"itemListElement\":[{\"@type\":\"ListItem\",\"position\":1,\"name\":\"Portada\",\"item\":\"https:\/\/elbullifoundation.com\/elbullistore\/\"},{\"@type\":\"ListItem\",\"position\":2,\"name\":\"Env\u00edo y Devoluciones\"}]},{\"@type\":\"WebSite\",\"@id\":\"https:\/\/elbullifoundation.com\/elbullistore\/#website\",\"url\":\"https:\/\/elbullifoundation.com\/elbullistore\/\",\"name\":\"elBullistore\",\"description\":\"\",\"potentialAction\":[{\"@type\":\"SearchAction\",\"target\":{\"@type\":\"EntryPoint\",\"urlTemplate\":\"https:\/\/elbullifoundation.com\/elbullistore\/?s={search_term_string}\"},\"query-input\":{\"@type\":\"PropertyValueSpecification\",\"valueRequired\":true,\"valueName\":\"search_term_string\"}}],\"inLanguage\":\"es\"}]}<\/script>\n<!-- \/ Yoast SEO plugin. -->","yoast_head_json":{"title":"Env\u00edo y Devoluciones - elBullistore","robots":{"index":"index","follow":"follow","max-snippet":"max-snippet:-1","max-image-preview":"max-image-preview:large","max-video-preview":"max-video-preview:-1"},"canonical":"https:\/\/elbullifoundation.com\/elbullistore\/envio-y-devoluciones\/","og_locale":"es_ES","og_type":"article","og_title":"Env\u00edo y Devoluciones - elBullistore","og_description":"Env\u00edos Realizamos env\u00edos a nivel internacional: Los gastos de env\u00edo depender\u00e1n del peso y el destino, se calculan autom\u00e1ticamente seg\u00fan producto y destino. Los pedidos se procesar\u00e1n el d\u00eda h\u00e1bil siguiente, de lunes a viernes, excepto festivos. Los pedidos recibidos los fines de semana y d\u00edas festivos ser\u00e1n procesados el siguiente d\u00eda laborable. Los pedidos [&hellip;]","og_url":"https:\/\/elbullifoundation.com\/elbullistore\/envio-y-devoluciones\/","og_site_name":"elBullistore","article_modified_time":"2023-07-17T09:24:32+00:00","twitter_card":"summary_large_image","twitter_misc":{"Tiempo de lectura":"4 minutos"},"schema":{"@context":"https:\/\/schema.org","@graph":[{"@type":"WebPage","@id":"https:\/\/elbullifoundation.com\/elbullistore\/envio-y-devoluciones\/","url":"https:\/\/elbullifoundation.com\/elbullistore\/envio-y-devoluciones\/","name":"Env\u00edo y Devoluciones - elBullistore","isPartOf":{"@id":"https:\/\/elbullifoundation.com\/elbullistore\/#website"},"datePublished":"2017-09-04T10:25:22+00:00","dateModified":"2023-07-17T09:24:32+00:00","breadcrumb":{"@id":"https:\/\/elbullifoundation.com\/elbullistore\/envio-y-devoluciones\/#breadcrumb"},"inLanguage":"es","potentialAction":[{"@type":"ReadAction","target":["https:\/\/elbullifoundation.com\/elbullistore\/envio-y-devoluciones\/"]}]},{"@type":"BreadcrumbList","@id":"https:\/\/elbullifoundation.com\/elbullistore\/envio-y-devoluciones\/#breadcrumb","itemListElement":[{"@type":"ListItem","position":1,"name":"Portada","item":"https:\/\/elbullifoundation.com\/elbullistore\/"},{"@type":"ListItem","position":2,"name":"Env\u00edo y Devoluciones"}]},{"@type":"WebSite","@id":"https:\/\/elbullifoundation.com\/elbullistore\/#website","url":"https:\/\/elbullifoundation.com\/elbullistore\/","name":"elBullistore","description":"","potentialAction":[{"@type":"SearchAction","target":{"@type":"EntryPoint","urlTemplate":"https:\/\/elbullifoundation.com\/elbullistore\/?s={search_term_string}"},"query-input":{"@type":"PropertyValueSpecification","valueRequired":true,"valueName":"search_term_string"}}],"inLanguage":"es"}]}},"lang":"es","translations":{"es":300,"ca":1214,"en":528},"pll_sync_post":[],"_links":{"self":[{"href":"https:\/\/elbullifoundation.com\/elbullistore\/wp-json\/wp\/v2\/pages\/300","targetHints":{"allow":["GET"]}}],"collection":[{"href":"https:\/\/elbullifoundation.com\/elbullistore\/wp-json\/wp\/v2\/pages"}],"about":[{"href":"https:\/\/elbullifoundation.com\/elbullistore\/wp-json\/wp\/v2\/types\/page"}],"author":[{"embeddable":true,"href":"https:\/\/elbullifoundation.com\/elbullistore\/wp-json\/wp\/v2\/users\/1"}],"replies":[{"embeddable":true,"href":"https:\/\/elbullifoundation.com\/elbullistore\/wp-json\/wp\/v2\/comments?post=300"}],"version-history":[{"count":0,"href":"https:\/\/elbullifoundation.com\/elbullistore\/wp-json\/wp\/v2\/pages\/300\/revisions"}],"wp:attachment":[{"href":"https:\/\/elbullifoundation.com\/elbullistore\/wp-json\/wp\/v2\/media?parent=300"}],"curies":[{"name":"wp","href":"https:\/\/api.w.org\/{rel}","templated":true}]}}