{"id":1030,"date":"2017-08-21T16:20:00","date_gmt":"2017-08-21T16:20:00","guid":{"rendered":"https:\/\/elbullifoundation.com\/elbullistore\/producto\/catalogo-general-elbulli-1998-2002\/"},"modified":"2024-11-08T12:53:44","modified_gmt":"2024-11-08T11:53:44","slug":"catalogo-general-elbulli-1998-2002","status":"publish","type":"product","link":"https:\/\/elbullifoundation.com\/elbullistore\/ca\/product\/catalogo-general-elbulli-1998-2002\/","title":{"rendered":"Cat\u00e1logo general elBulli 1998-2002"},"content":{"rendered":"<p><em>elBulli1998-2002<\/em>. Durant els anys 1998 a 2002, el men\u00fa degustaci\u00f3 adquireix una estructura pr\u00e0cticament definitiva que constitueix el vehicle ideal per a portar fins al comensal m\u00faltiples elaboracions que permetin comprendre la proposta gastron\u00f2mica de cadascuna de les temporades.<\/p>\n<p>Cat\u00e0leg amb 371 plats. An\u00e0lisi evolutiu de 1998 a 2002.<\/p>\n<p>&nbsp;<\/p>\n<p>P\u00e0gines: 496 p\u00e0gines. 22 p\u00e0gines amb la Guia de l&#8217;obra: l&#8217;explicaci\u00f3 del mapa evolutiu i les fam\u00edlies que el componen. El desplegable cont\u00e9 el Cd-rom <em>elBulli1998-2002<\/em> amb totes les receptes d&#8217;aquest per\u00edode.<\/p>\n<p>Format: 31,5 x 24 cm.<\/p>\n<p>Pes: 4,410 kg.<\/p>\n<p>Cr\u00e8dits: Fotografia: Francesc Guillamet. Textos: Josep Maria Pinto. Disseny gr\u00e0fic: Marta M\u00e9ndez Blaya, Roberta Sucupira.<\/p>\n","protected":false},"excerpt":{"rendered":"<p>elBulli1998-2002. Durant els anys 1998 a 2002, el men\u00fa degustaci\u00f3 adquireix una estructura pr\u00e0cticament definitiva que constitueix el vehicle ideal per a portar fins al comensal m\u00faltiples elaboracions que permetin comprendre la proposta gastron\u00f2mica de cadascuna de les temporades. Cat\u00e0leg amb 371 plats. An\u00e0lisi evolutiu de 1998 a 2002. &nbsp; P\u00e0gines: 496 p\u00e0gines. 22 p\u00e0gines [&hellip;]<\/p>\n","protected":false},"featured_media":4470,"comment_status":"open","ping_status":"closed","template":"","meta":{"_acf_changed":false},"product_brand":[],"product_cat":[99],"product_tag":[],"class_list":{"0":"post-1030","1":"product","2":"type-product","3":"status-publish","4":"has-post-thumbnail","6":"product_cat-catalogos-ca","7":"product_shipping_class-envio-5k-ca-2","9":"first","10":"instock","11":"taxable","12":"shipping-taxable","13":"purchasable","14":"product-type-variable"},"acf":[],"yoast_head":"<!-- This site is optimized with the Yoast SEO plugin v26.9 - https:\/\/yoast.com\/product\/yoast-seo-wordpress\/ -->\n<title>Cat\u00e1logo general elBulli 1998-2002 - elBullistore<\/title>\n<meta name=\"description\" content=\"elBulli 1998-2002. Durante estos a\u00f1os el men\u00fa degustaci\u00f3n constituye el veh\u00edculo ideal para llevar hasta el comensal m\u00faltiples elaboraciones.\" \/>\n<meta name=\"robots\" content=\"index, follow, max-snippet:-1, max-image-preview:large, max-video-preview:-1\" \/>\n<link rel=\"canonical\" href=\"https:\/\/elbullifoundation.com\/elbullistore\/ca\/product\/catalogo-general-elbulli-1998-2002\/\" \/>\n<meta property=\"og:locale\" content=\"es_ES\" \/>\n<meta property=\"og:type\" content=\"article\" \/>\n<meta property=\"og:title\" content=\"Cat\u00e1logo general elBulli 1998-2002 - elBullistore\" \/>\n<meta property=\"og:description\" content=\"elBulli 1998-2002. Durante estos a\u00f1os el men\u00fa degustaci\u00f3n constituye el veh\u00edculo ideal para llevar hasta el comensal m\u00faltiples elaboraciones.\" \/>\n<meta property=\"og:url\" content=\"https:\/\/elbullifoundation.com\/elbullistore\/ca\/product\/catalogo-general-elbulli-1998-2002\/\" \/>\n<meta property=\"og:site_name\" content=\"elBullistore\" \/>\n<meta property=\"article:modified_time\" content=\"2024-11-08T11:53:44+00:00\" \/>\n<meta property=\"og:image\" content=\"https:\/\/elbullifoundation.com\/elbullistore\/wp-content\/uploads\/2017\/08\/catalogo_general_elbulli_1998-2002.jpg\" \/>\n\t<meta property=\"og:image:width\" content=\"800\" \/>\n\t<meta property=\"og:image:height\" content=\"739\" \/>\n\t<meta property=\"og:image:type\" content=\"image\/jpeg\" \/>\n<meta name=\"twitter:card\" content=\"summary_large_image\" \/>\n<meta name=\"twitter:label1\" content=\"Tiempo de lectura\" \/>\n\t<meta name=\"twitter:data1\" content=\"1 minuto\" \/>\n<script type=\"application\/ld+json\" class=\"yoast-schema-graph\">{\"@context\":\"https:\/\/schema.org\",\"@graph\":[{\"@type\":\"WebPage\",\"@id\":\"https:\/\/elbullifoundation.com\/elbullistore\/ca\/product\/catalogo-general-elbulli-1998-2002\/\",\"url\":\"https:\/\/elbullifoundation.com\/elbullistore\/ca\/product\/catalogo-general-elbulli-1998-2002\/\",\"name\":\"Cat\u00e1logo general elBulli 1998-2002 - elBullistore\",\"isPartOf\":{\"@id\":\"https:\/\/elbullifoundation.com\/elbullistore\/#website\"},\"primaryImageOfPage\":{\"@id\":\"https:\/\/elbullifoundation.com\/elbullistore\/ca\/product\/catalogo-general-elbulli-1998-2002\/#primaryimage\"},\"image\":{\"@id\":\"https:\/\/elbullifoundation.com\/elbullistore\/ca\/product\/catalogo-general-elbulli-1998-2002\/#primaryimage\"},\"thumbnailUrl\":\"https:\/\/elbullifoundation.com\/elbullistore\/wp-content\/uploads\/2017\/08\/catalogo_general_elbulli_1998-2002.jpg\",\"datePublished\":\"2017-08-21T16:20:00+00:00\",\"dateModified\":\"2024-11-08T11:53:44+00:00\",\"description\":\"elBulli 1998-2002. Durante estos a\u00f1os el men\u00fa degustaci\u00f3n constituye el veh\u00edculo ideal para llevar hasta el comensal m\u00faltiples elaboraciones.\",\"breadcrumb\":{\"@id\":\"https:\/\/elbullifoundation.com\/elbullistore\/ca\/product\/catalogo-general-elbulli-1998-2002\/#breadcrumb\"},\"inLanguage\":\"es\",\"potentialAction\":[{\"@type\":\"ReadAction\",\"target\":[\"https:\/\/elbullifoundation.com\/elbullistore\/ca\/product\/catalogo-general-elbulli-1998-2002\/\"]}]},{\"@type\":\"ImageObject\",\"inLanguage\":\"es\",\"@id\":\"https:\/\/elbullifoundation.com\/elbullistore\/ca\/product\/catalogo-general-elbulli-1998-2002\/#primaryimage\",\"url\":\"https:\/\/elbullifoundation.com\/elbullistore\/wp-content\/uploads\/2017\/08\/catalogo_general_elbulli_1998-2002.jpg\",\"contentUrl\":\"https:\/\/elbullifoundation.com\/elbullistore\/wp-content\/uploads\/2017\/08\/catalogo_general_elbulli_1998-2002.jpg\",\"width\":800,\"height\":739},{\"@type\":\"BreadcrumbList\",\"@id\":\"https:\/\/elbullifoundation.com\/elbullistore\/ca\/product\/catalogo-general-elbulli-1998-2002\/#breadcrumb\",\"itemListElement\":[{\"@type\":\"ListItem\",\"position\":1,\"name\":\"Portada\",\"item\":\"https:\/\/elbullifoundation.com\/elbullistore\/\"},{\"@type\":\"ListItem\",\"position\":2,\"name\":\"Productos\",\"item\":\"https:\/\/elbullifoundation.com\/elbullistore\/shop\/\"},{\"@type\":\"ListItem\",\"position\":3,\"name\":\"Cat\u00e1logo general elBulli 1998-2002\"}]},{\"@type\":\"WebSite\",\"@id\":\"https:\/\/elbullifoundation.com\/elbullistore\/#website\",\"url\":\"https:\/\/elbullifoundation.com\/elbullistore\/\",\"name\":\"elBullistore\",\"description\":\"\",\"potentialAction\":[{\"@type\":\"SearchAction\",\"target\":{\"@type\":\"EntryPoint\",\"urlTemplate\":\"https:\/\/elbullifoundation.com\/elbullistore\/?s={search_term_string}\"},\"query-input\":{\"@type\":\"PropertyValueSpecification\",\"valueRequired\":true,\"valueName\":\"search_term_string\"}}],\"inLanguage\":\"es\"}]}<\/script>\n<!-- \/ Yoast SEO plugin. -->","yoast_head_json":{"title":"Cat\u00e1logo general elBulli 1998-2002 - elBullistore","description":"elBulli 1998-2002. Durante estos a\u00f1os el men\u00fa degustaci\u00f3n constituye el veh\u00edculo ideal para llevar hasta el comensal m\u00faltiples elaboraciones.","robots":{"index":"index","follow":"follow","max-snippet":"max-snippet:-1","max-image-preview":"max-image-preview:large","max-video-preview":"max-video-preview:-1"},"canonical":"https:\/\/elbullifoundation.com\/elbullistore\/ca\/product\/catalogo-general-elbulli-1998-2002\/","og_locale":"es_ES","og_type":"article","og_title":"Cat\u00e1logo general elBulli 1998-2002 - elBullistore","og_description":"elBulli 1998-2002. Durante estos a\u00f1os el men\u00fa degustaci\u00f3n constituye el veh\u00edculo ideal para llevar hasta el comensal m\u00faltiples elaboraciones.","og_url":"https:\/\/elbullifoundation.com\/elbullistore\/ca\/product\/catalogo-general-elbulli-1998-2002\/","og_site_name":"elBullistore","article_modified_time":"2024-11-08T11:53:44+00:00","og_image":[{"width":800,"height":739,"url":"https:\/\/elbullifoundation.com\/elbullistore\/wp-content\/uploads\/2017\/08\/catalogo_general_elbulli_1998-2002.jpg","type":"image\/jpeg"}],"twitter_card":"summary_large_image","twitter_misc":{"Tiempo de lectura":"1 minuto"},"schema":{"@context":"https:\/\/schema.org","@graph":[{"@type":"WebPage","@id":"https:\/\/elbullifoundation.com\/elbullistore\/ca\/product\/catalogo-general-elbulli-1998-2002\/","url":"https:\/\/elbullifoundation.com\/elbullistore\/ca\/product\/catalogo-general-elbulli-1998-2002\/","name":"Cat\u00e1logo general elBulli 1998-2002 - elBullistore","isPartOf":{"@id":"https:\/\/elbullifoundation.com\/elbullistore\/#website"},"primaryImageOfPage":{"@id":"https:\/\/elbullifoundation.com\/elbullistore\/ca\/product\/catalogo-general-elbulli-1998-2002\/#primaryimage"},"image":{"@id":"https:\/\/elbullifoundation.com\/elbullistore\/ca\/product\/catalogo-general-elbulli-1998-2002\/#primaryimage"},"thumbnailUrl":"https:\/\/elbullifoundation.com\/elbullistore\/wp-content\/uploads\/2017\/08\/catalogo_general_elbulli_1998-2002.jpg","datePublished":"2017-08-21T16:20:00+00:00","dateModified":"2024-11-08T11:53:44+00:00","description":"elBulli 1998-2002. Durante estos a\u00f1os el men\u00fa degustaci\u00f3n constituye el veh\u00edculo ideal para llevar hasta el comensal m\u00faltiples elaboraciones.","breadcrumb":{"@id":"https:\/\/elbullifoundation.com\/elbullistore\/ca\/product\/catalogo-general-elbulli-1998-2002\/#breadcrumb"},"inLanguage":"es","potentialAction":[{"@type":"ReadAction","target":["https:\/\/elbullifoundation.com\/elbullistore\/ca\/product\/catalogo-general-elbulli-1998-2002\/"]}]},{"@type":"ImageObject","inLanguage":"es","@id":"https:\/\/elbullifoundation.com\/elbullistore\/ca\/product\/catalogo-general-elbulli-1998-2002\/#primaryimage","url":"https:\/\/elbullifoundation.com\/elbullistore\/wp-content\/uploads\/2017\/08\/catalogo_general_elbulli_1998-2002.jpg","contentUrl":"https:\/\/elbullifoundation.com\/elbullistore\/wp-content\/uploads\/2017\/08\/catalogo_general_elbulli_1998-2002.jpg","width":800,"height":739},{"@type":"BreadcrumbList","@id":"https:\/\/elbullifoundation.com\/elbullistore\/ca\/product\/catalogo-general-elbulli-1998-2002\/#breadcrumb","itemListElement":[{"@type":"ListItem","position":1,"name":"Portada","item":"https:\/\/elbullifoundation.com\/elbullistore\/"},{"@type":"ListItem","position":2,"name":"Productos","item":"https:\/\/elbullifoundation.com\/elbullistore\/shop\/"},{"@type":"ListItem","position":3,"name":"Cat\u00e1logo general elBulli 1998-2002"}]},{"@type":"WebSite","@id":"https:\/\/elbullifoundation.com\/elbullistore\/#website","url":"https:\/\/elbullifoundation.com\/elbullistore\/","name":"elBullistore","description":"","potentialAction":[{"@type":"SearchAction","target":{"@type":"EntryPoint","urlTemplate":"https:\/\/elbullifoundation.com\/elbullistore\/?s={search_term_string}"},"query-input":{"@type":"PropertyValueSpecification","valueRequired":true,"valueName":"search_term_string"}}],"inLanguage":"es"}]}},"lang":"ca","translations":{"ca":1030,"es":92,"en":240},"pll_sync_post":[],"_links":{"self":[{"href":"https:\/\/elbullifoundation.com\/elbullistore\/wp-json\/wp\/v2\/product\/1030","targetHints":{"allow":["GET"]}}],"collection":[{"href":"https:\/\/elbullifoundation.com\/elbullistore\/wp-json\/wp\/v2\/product"}],"about":[{"href":"https:\/\/elbullifoundation.com\/elbullistore\/wp-json\/wp\/v2\/types\/product"}],"replies":[{"embeddable":true,"href":"https:\/\/elbullifoundation.com\/elbullistore\/wp-json\/wp\/v2\/comments?post=1030"}],"wp:featuredmedia":[{"embeddable":true,"href":"https:\/\/elbullifoundation.com\/elbullistore\/wp-json\/wp\/v2\/media\/4470"}],"wp:attachment":[{"href":"https:\/\/elbullifoundation.com\/elbullistore\/wp-json\/wp\/v2\/media?parent=1030"}],"wp:term":[{"taxonomy":"product_brand","embeddable":true,"href":"https:\/\/elbullifoundation.com\/elbullistore\/wp-json\/wp\/v2\/product_brand?post=1030"},{"taxonomy":"product_cat","embeddable":true,"href":"https:\/\/elbullifoundation.com\/elbullistore\/wp-json\/wp\/v2\/product_cat?post=1030"},{"taxonomy":"product_tag","embeddable":true,"href":"https:\/\/elbullifoundation.com\/elbullistore\/wp-json\/wp\/v2\/product_tag?post=1030"}],"curies":[{"name":"wp","href":"https:\/\/api.w.org\/{rel}","templated":true}]}}