{"id":1114,"date":"2017-08-21T13:20:58","date_gmt":"2017-08-21T13:20:58","guid":{"rendered":"https:\/\/elbullifoundation.com\/elbullistore\/producto\/pack-completo-libros-catalogo-general\/"},"modified":"2024-04-25T19:19:07","modified_gmt":"2024-04-25T17:19:07","slug":"pack-completo-libros-catalogo-general","status":"publish","type":"product","link":"https:\/\/elbullifoundation.com\/elbullistore\/ca\/product\/pack-completo-libros-catalogo-general\/","title":{"rendered":"Pack completo libros Cat\u00e1logo general 1983-2011"},"content":{"rendered":"<p>El <em>Cat\u00e0leg General de elBulli<\/em> \u00e9s una obra imprescindible a la biblioteca de tots els interessats en els processos creatius i en la gastronomia moderna. Amb prop de 7.000 p\u00e0gines, recull el cat\u00e0leg definitiu dels 1.846 plats que es van crear des de l&#8217;any 1983 fins al tancament de elBulli, el 30 de juliol de 2011, aix\u00ed com l&#8217;an\u00e0lisi de les noves aportacions que es van anar produint en cada temporada.<\/p>\n<p>&nbsp;<\/p>\n<p>\u00c9s una oportunitat \u00fanica per a descobrir els secrets de la cuina m\u00e9s innovadora del m\u00f3n i penetrar en el funcionament d&#8217;un equip de cuina altament creatiu, liderat per Ferran Adri\u00e0, Albert Adri\u00e0 i Juli Soler.<\/p>\n<p>&nbsp;<\/p>\n<p>Inclou tots els volums del cat\u00e0leg:<\/p>\n<p>&nbsp;<\/p>\n<ul>\n<li>Cat\u00e0leg General elBulli 1983-1993<\/li>\n<li>Cat\u00e0leg General elBulli 1994-1997<\/li>\n<li>Cat\u00e0leg General elBulli 1998-2002<\/li>\n<li>Cat\u00e0leg General elBulli 2003-2004<\/li>\n<li>Cat\u00e0leg General elBulli 2005-2011<\/li>\n<\/ul>\n<p>&nbsp;<\/p>\n","protected":false},"excerpt":{"rendered":"<p>El Cat\u00e0leg General de elBulli \u00e9s una obra imprescindible a la biblioteca de tots els interessats en els processos creatius i en la gastronomia moderna. Amb prop de 7.000 p\u00e0gines, recull el cat\u00e0leg definitiu dels 1.846 plats que es van crear des de l&#8217;any 1983 fins al tancament de elBulli, el 30 de juliol de [&hellip;]<\/p>\n","protected":false},"featured_media":4452,"comment_status":"open","ping_status":"closed","template":"","meta":{"_acf_changed":false},"product_brand":[],"product_cat":[99],"product_tag":[],"class_list":{"0":"post-1114","1":"product","2":"type-product","3":"status-publish","4":"has-post-thumbnail","6":"product_cat-catalogos-ca","7":"product_shipping_class-envio-40k-ca-2","9":"first","10":"instock","11":"taxable","12":"shipping-taxable","13":"purchasable","14":"product-type-variable"},"acf":[],"yoast_head":"<!-- This site is optimized with the Yoast SEO plugin v26.9 - https:\/\/yoast.com\/product\/yoast-seo-wordpress\/ -->\n<title>Pack completo libros Cat\u00e1logo general 1983-2011 - elBullistore<\/title>\n<meta name=\"description\" content=\"El Cat\u00e1logo General de elBulli es una obra imprescindible en la biblioteca de todos los interesados en los procesos creativos y en la gastronom\u00eda moderna.\" \/>\n<meta name=\"robots\" content=\"index, follow, max-snippet:-1, max-image-preview:large, max-video-preview:-1\" \/>\n<link rel=\"canonical\" href=\"https:\/\/elbullifoundation.com\/elbullistore\/ca\/product\/pack-completo-libros-catalogo-general\/\" \/>\n<meta property=\"og:locale\" content=\"es_ES\" \/>\n<meta property=\"og:type\" content=\"article\" \/>\n<meta property=\"og:title\" content=\"Pack completo libros Cat\u00e1logo general 1983-2011 - elBullistore\" \/>\n<meta property=\"og:description\" content=\"El Cat\u00e1logo General de elBulli es una obra imprescindible en la biblioteca de todos los interesados en los procesos creativos y en la gastronom\u00eda moderna.\" \/>\n<meta property=\"og:url\" content=\"https:\/\/elbullifoundation.com\/elbullistore\/ca\/product\/pack-completo-libros-catalogo-general\/\" \/>\n<meta property=\"og:site_name\" content=\"elBullistore\" \/>\n<meta property=\"article:modified_time\" content=\"2024-04-25T17:19:07+00:00\" \/>\n<meta property=\"og:image\" content=\"https:\/\/elbullifoundation.com\/elbullistore\/wp-content\/uploads\/2017\/08\/Pack-completo-libros-Catalogo-general-1983-2011-1-copia.jpg\" \/>\n\t<meta property=\"og:image:width\" content=\"800\" \/>\n\t<meta property=\"og:image:height\" content=\"739\" \/>\n\t<meta property=\"og:image:type\" content=\"image\/jpeg\" \/>\n<meta name=\"twitter:card\" content=\"summary_large_image\" \/>\n<meta name=\"twitter:label1\" content=\"Tiempo de lectura\" \/>\n\t<meta name=\"twitter:data1\" content=\"1 minuto\" \/>\n<script type=\"application\/ld+json\" class=\"yoast-schema-graph\">{\"@context\":\"https:\/\/schema.org\",\"@graph\":[{\"@type\":\"WebPage\",\"@id\":\"https:\/\/elbullifoundation.com\/elbullistore\/ca\/product\/pack-completo-libros-catalogo-general\/\",\"url\":\"https:\/\/elbullifoundation.com\/elbullistore\/ca\/product\/pack-completo-libros-catalogo-general\/\",\"name\":\"Pack completo libros Cat\u00e1logo general 1983-2011 - elBullistore\",\"isPartOf\":{\"@id\":\"https:\/\/elbullifoundation.com\/elbullistore\/#website\"},\"primaryImageOfPage\":{\"@id\":\"https:\/\/elbullifoundation.com\/elbullistore\/ca\/product\/pack-completo-libros-catalogo-general\/#primaryimage\"},\"image\":{\"@id\":\"https:\/\/elbullifoundation.com\/elbullistore\/ca\/product\/pack-completo-libros-catalogo-general\/#primaryimage\"},\"thumbnailUrl\":\"https:\/\/elbullifoundation.com\/elbullistore\/wp-content\/uploads\/2017\/08\/Pack-completo-libros-Catalogo-general-1983-2011-1-copia.jpg\",\"datePublished\":\"2017-08-21T13:20:58+00:00\",\"dateModified\":\"2024-04-25T17:19:07+00:00\",\"description\":\"El Cat\u00e1logo General de elBulli es una obra imprescindible en la biblioteca de todos los interesados en los procesos creativos y en la gastronom\u00eda moderna.\",\"breadcrumb\":{\"@id\":\"https:\/\/elbullifoundation.com\/elbullistore\/ca\/product\/pack-completo-libros-catalogo-general\/#breadcrumb\"},\"inLanguage\":\"es\",\"potentialAction\":[{\"@type\":\"ReadAction\",\"target\":[\"https:\/\/elbullifoundation.com\/elbullistore\/ca\/product\/pack-completo-libros-catalogo-general\/\"]}]},{\"@type\":\"ImageObject\",\"inLanguage\":\"es\",\"@id\":\"https:\/\/elbullifoundation.com\/elbullistore\/ca\/product\/pack-completo-libros-catalogo-general\/#primaryimage\",\"url\":\"https:\/\/elbullifoundation.com\/elbullistore\/wp-content\/uploads\/2017\/08\/Pack-completo-libros-Catalogo-general-1983-2011-1-copia.jpg\",\"contentUrl\":\"https:\/\/elbullifoundation.com\/elbullistore\/wp-content\/uploads\/2017\/08\/Pack-completo-libros-Catalogo-general-1983-2011-1-copia.jpg\",\"width\":800,\"height\":739},{\"@type\":\"BreadcrumbList\",\"@id\":\"https:\/\/elbullifoundation.com\/elbullistore\/ca\/product\/pack-completo-libros-catalogo-general\/#breadcrumb\",\"itemListElement\":[{\"@type\":\"ListItem\",\"position\":1,\"name\":\"Portada\",\"item\":\"https:\/\/elbullifoundation.com\/elbullistore\/\"},{\"@type\":\"ListItem\",\"position\":2,\"name\":\"Productos\",\"item\":\"https:\/\/elbullifoundation.com\/elbullistore\/shop\/\"},{\"@type\":\"ListItem\",\"position\":3,\"name\":\"Pack completo libros Cat\u00e1logo general 1983-2011\"}]},{\"@type\":\"WebSite\",\"@id\":\"https:\/\/elbullifoundation.com\/elbullistore\/#website\",\"url\":\"https:\/\/elbullifoundation.com\/elbullistore\/\",\"name\":\"elBullistore\",\"description\":\"\",\"potentialAction\":[{\"@type\":\"SearchAction\",\"target\":{\"@type\":\"EntryPoint\",\"urlTemplate\":\"https:\/\/elbullifoundation.com\/elbullistore\/?s={search_term_string}\"},\"query-input\":{\"@type\":\"PropertyValueSpecification\",\"valueRequired\":true,\"valueName\":\"search_term_string\"}}],\"inLanguage\":\"es\"}]}<\/script>\n<!-- \/ Yoast SEO plugin. -->","yoast_head_json":{"title":"Pack completo libros Cat\u00e1logo general 1983-2011 - elBullistore","description":"El Cat\u00e1logo General de elBulli es una obra imprescindible en la biblioteca de todos los interesados en los procesos creativos y en la gastronom\u00eda moderna.","robots":{"index":"index","follow":"follow","max-snippet":"max-snippet:-1","max-image-preview":"max-image-preview:large","max-video-preview":"max-video-preview:-1"},"canonical":"https:\/\/elbullifoundation.com\/elbullistore\/ca\/product\/pack-completo-libros-catalogo-general\/","og_locale":"es_ES","og_type":"article","og_title":"Pack completo libros Cat\u00e1logo general 1983-2011 - elBullistore","og_description":"El Cat\u00e1logo General de elBulli es una obra imprescindible en la biblioteca de todos los interesados en los procesos creativos y en la gastronom\u00eda moderna.","og_url":"https:\/\/elbullifoundation.com\/elbullistore\/ca\/product\/pack-completo-libros-catalogo-general\/","og_site_name":"elBullistore","article_modified_time":"2024-04-25T17:19:07+00:00","og_image":[{"width":800,"height":739,"url":"https:\/\/elbullifoundation.com\/elbullistore\/wp-content\/uploads\/2017\/08\/Pack-completo-libros-Catalogo-general-1983-2011-1-copia.jpg","type":"image\/jpeg"}],"twitter_card":"summary_large_image","twitter_misc":{"Tiempo de lectura":"1 minuto"},"schema":{"@context":"https:\/\/schema.org","@graph":[{"@type":"WebPage","@id":"https:\/\/elbullifoundation.com\/elbullistore\/ca\/product\/pack-completo-libros-catalogo-general\/","url":"https:\/\/elbullifoundation.com\/elbullistore\/ca\/product\/pack-completo-libros-catalogo-general\/","name":"Pack completo libros Cat\u00e1logo general 1983-2011 - elBullistore","isPartOf":{"@id":"https:\/\/elbullifoundation.com\/elbullistore\/#website"},"primaryImageOfPage":{"@id":"https:\/\/elbullifoundation.com\/elbullistore\/ca\/product\/pack-completo-libros-catalogo-general\/#primaryimage"},"image":{"@id":"https:\/\/elbullifoundation.com\/elbullistore\/ca\/product\/pack-completo-libros-catalogo-general\/#primaryimage"},"thumbnailUrl":"https:\/\/elbullifoundation.com\/elbullistore\/wp-content\/uploads\/2017\/08\/Pack-completo-libros-Catalogo-general-1983-2011-1-copia.jpg","datePublished":"2017-08-21T13:20:58+00:00","dateModified":"2024-04-25T17:19:07+00:00","description":"El Cat\u00e1logo General de elBulli es una obra imprescindible en la biblioteca de todos los interesados en los procesos creativos y en la gastronom\u00eda moderna.","breadcrumb":{"@id":"https:\/\/elbullifoundation.com\/elbullistore\/ca\/product\/pack-completo-libros-catalogo-general\/#breadcrumb"},"inLanguage":"es","potentialAction":[{"@type":"ReadAction","target":["https:\/\/elbullifoundation.com\/elbullistore\/ca\/product\/pack-completo-libros-catalogo-general\/"]}]},{"@type":"ImageObject","inLanguage":"es","@id":"https:\/\/elbullifoundation.com\/elbullistore\/ca\/product\/pack-completo-libros-catalogo-general\/#primaryimage","url":"https:\/\/elbullifoundation.com\/elbullistore\/wp-content\/uploads\/2017\/08\/Pack-completo-libros-Catalogo-general-1983-2011-1-copia.jpg","contentUrl":"https:\/\/elbullifoundation.com\/elbullistore\/wp-content\/uploads\/2017\/08\/Pack-completo-libros-Catalogo-general-1983-2011-1-copia.jpg","width":800,"height":739},{"@type":"BreadcrumbList","@id":"https:\/\/elbullifoundation.com\/elbullistore\/ca\/product\/pack-completo-libros-catalogo-general\/#breadcrumb","itemListElement":[{"@type":"ListItem","position":1,"name":"Portada","item":"https:\/\/elbullifoundation.com\/elbullistore\/"},{"@type":"ListItem","position":2,"name":"Productos","item":"https:\/\/elbullifoundation.com\/elbullistore\/shop\/"},{"@type":"ListItem","position":3,"name":"Pack completo libros Cat\u00e1logo general 1983-2011"}]},{"@type":"WebSite","@id":"https:\/\/elbullifoundation.com\/elbullistore\/#website","url":"https:\/\/elbullifoundation.com\/elbullistore\/","name":"elBullistore","description":"","potentialAction":[{"@type":"SearchAction","target":{"@type":"EntryPoint","urlTemplate":"https:\/\/elbullifoundation.com\/elbullistore\/?s={search_term_string}"},"query-input":{"@type":"PropertyValueSpecification","valueRequired":true,"valueName":"search_term_string"}}],"inLanguage":"es"}]}},"lang":"ca","translations":{"ca":1114,"es":66,"en":244},"pll_sync_post":[],"_links":{"self":[{"href":"https:\/\/elbullifoundation.com\/elbullistore\/wp-json\/wp\/v2\/product\/1114","targetHints":{"allow":["GET"]}}],"collection":[{"href":"https:\/\/elbullifoundation.com\/elbullistore\/wp-json\/wp\/v2\/product"}],"about":[{"href":"https:\/\/elbullifoundation.com\/elbullistore\/wp-json\/wp\/v2\/types\/product"}],"replies":[{"embeddable":true,"href":"https:\/\/elbullifoundation.com\/elbullistore\/wp-json\/wp\/v2\/comments?post=1114"}],"wp:featuredmedia":[{"embeddable":true,"href":"https:\/\/elbullifoundation.com\/elbullistore\/wp-json\/wp\/v2\/media\/4452"}],"wp:attachment":[{"href":"https:\/\/elbullifoundation.com\/elbullistore\/wp-json\/wp\/v2\/media?parent=1114"}],"wp:term":[{"taxonomy":"product_brand","embeddable":true,"href":"https:\/\/elbullifoundation.com\/elbullistore\/wp-json\/wp\/v2\/product_brand?post=1114"},{"taxonomy":"product_cat","embeddable":true,"href":"https:\/\/elbullifoundation.com\/elbullistore\/wp-json\/wp\/v2\/product_cat?post=1114"},{"taxonomy":"product_tag","embeddable":true,"href":"https:\/\/elbullifoundation.com\/elbullistore\/wp-json\/wp\/v2\/product_tag?post=1114"}],"curies":[{"name":"wp","href":"https:\/\/api.w.org\/{rel}","templated":true}]}}