{"id":11487,"date":"2020-10-02T18:02:15","date_gmt":"2020-10-02T16:02:15","guid":{"rendered":"https:\/\/elbullifoundation.com\/elbullistore\/producto\/productos-no-elaborados-restaurante-gastronomico-volumen-iii\/"},"modified":"2023-11-10T10:57:16","modified_gmt":"2023-11-10T09:57:16","slug":"productos-no-elaborados-restaurante-gastronomico-volumen-iii","status":"publish","type":"product","link":"https:\/\/elbullifoundation.com\/elbullistore\/ca\/product\/productos-no-elaborados-restaurante-gastronomico-volumen-iii\/","title":{"rendered":"Productos no elaborados. Su uso en el restaurante gastron\u00f3mico (Volumen III)"},"content":{"rendered":"<p><em><strong>Productes no elaborats. El seu \u00fas en el restaurant gastron\u00f2mic<\/strong><\/em> \u00e9s el tercer volum del Sapiens dels productes no elaborats, dirigit per Ferran Adri\u00e0. Recorre el coneixement relatiu a aquests productes en camps com la producci\u00f3 prim\u00e0ria, la composici\u00f3 qu\u00edmica, la compra i recepci\u00f3 en el restaurant, la conservaci\u00f3 i emmagatzematge, la seguretat aliment\u00e0ria i el m\u00e0rqueting. Aquests procediments anteriors ens condueixen a l&#8217;ess\u00e8ncia del restaurant: la seva cuina. Per aix\u00f2, parlarem de com es cuinen, quines t\u00e8cniques i eines utilitzem per a transformar-los i, sobretot, com el client viu l&#8217;experi\u00e8ncia en degustar-los en el restaurant.<\/p>\n<p>&nbsp;<\/p>\n<p>640 p\u00e0gines<\/p>\n<p>230 x 330<\/p>\n<p>Tapa dura<\/p>\n<p>ISBN: 978-84-09-394045-3<\/p>\n","protected":false},"excerpt":{"rendered":"<p>Productes no elaborats. El seu \u00fas en el restaurant gastron\u00f2mic \u00e9s el tercer volum del Sapiens dels productes no elaborats, dirigit per Ferran Adri\u00e0. Recorre el coneixement relatiu a aquests productes en camps com la producci\u00f3 prim\u00e0ria, la composici\u00f3 qu\u00edmica, la compra i recepci\u00f3 en el restaurant, la conservaci\u00f3 i emmagatzematge, la seguretat aliment\u00e0ria i [&hellip;]<\/p>\n","protected":false},"featured_media":11425,"comment_status":"closed","ping_status":"closed","template":"","meta":{"_acf_changed":false},"product_brand":[],"product_cat":[71],"product_tag":[339,182,183,184,233,186,188,861,862,863],"class_list":{"0":"post-11487","1":"product","2":"type-product","3":"status-publish","4":"has-post-thumbnail","6":"product_cat-productos-no-elaborados-ca","7":"product_tag-book-ca","8":"product_tag-bullipedia-ca","9":"product_tag-elbulli-ca","10":"product_tag-elbullifoundation-ca","11":"product_tag-elbullistore-ca","12":"product_tag-ferran-adria-ca","13":"product_tag-libro-ca","14":"product_tag-productos-ca","15":"product_tag-productos-no-elaborados-ca","16":"product_tag-restaurante-ca","18":"first","19":"instock","20":"taxable","21":"shipping-taxable","22":"purchasable","23":"product-type-variable"},"acf":[],"yoast_head":"<!-- This site is optimized with the Yoast SEO plugin v26.9 - https:\/\/yoast.com\/product\/yoast-seo-wordpress\/ -->\n<title>Productos no elaborados. Su uso en el restaurante gastron\u00f3mico (Volumen III) - elBullistore<\/title>\n<meta name=\"robots\" content=\"index, follow, max-snippet:-1, max-image-preview:large, max-video-preview:-1\" \/>\n<link rel=\"canonical\" href=\"https:\/\/elbullifoundation.com\/elbullistore\/ca\/product\/productos-no-elaborados-restaurante-gastronomico-volumen-iii\/\" \/>\n<meta property=\"og:locale\" content=\"es_ES\" \/>\n<meta property=\"og:type\" content=\"article\" \/>\n<meta property=\"og:title\" content=\"Productos no elaborados. Su uso en el restaurante gastron\u00f3mico (Volumen III) - elBullistore\" \/>\n<meta property=\"og:description\" content=\"Productes no elaborats. El seu \u00fas en el restaurant gastron\u00f2mic \u00e9s el tercer volum del Sapiens dels productes no elaborats, dirigit per Ferran Adri\u00e0. Recorre el coneixement relatiu a aquests productes en camps com la producci\u00f3 prim\u00e0ria, la composici\u00f3 qu\u00edmica, la compra i recepci\u00f3 en el restaurant, la conservaci\u00f3 i emmagatzematge, la seguretat aliment\u00e0ria i [&hellip;]\" \/>\n<meta property=\"og:url\" content=\"https:\/\/elbullifoundation.com\/elbullistore\/ca\/product\/productos-no-elaborados-restaurante-gastronomico-volumen-iii\/\" \/>\n<meta property=\"og:site_name\" content=\"elBullistore\" \/>\n<meta property=\"article:modified_time\" content=\"2023-11-10T09:57:16+00:00\" \/>\n<meta property=\"og:image\" content=\"https:\/\/elbullifoundation.com\/elbullistore\/wp-content\/uploads\/2020\/10\/coberta-2.jpg\" \/>\n\t<meta property=\"og:image:width\" content=\"1400\" \/>\n\t<meta property=\"og:image:height\" content=\"1008\" \/>\n\t<meta property=\"og:image:type\" content=\"image\/jpeg\" \/>\n<meta name=\"twitter:card\" content=\"summary_large_image\" \/>\n<meta name=\"twitter:label1\" content=\"Tiempo de lectura\" \/>\n\t<meta name=\"twitter:data1\" content=\"1 minuto\" \/>\n<script type=\"application\/ld+json\" class=\"yoast-schema-graph\">{\"@context\":\"https:\/\/schema.org\",\"@graph\":[{\"@type\":\"WebPage\",\"@id\":\"https:\/\/elbullifoundation.com\/elbullistore\/ca\/product\/productos-no-elaborados-restaurante-gastronomico-volumen-iii\/\",\"url\":\"https:\/\/elbullifoundation.com\/elbullistore\/ca\/product\/productos-no-elaborados-restaurante-gastronomico-volumen-iii\/\",\"name\":\"Productos no elaborados. Su uso en el restaurante gastron\u00f3mico (Volumen III) - elBullistore\",\"isPartOf\":{\"@id\":\"https:\/\/elbullifoundation.com\/elbullistore\/#website\"},\"primaryImageOfPage\":{\"@id\":\"https:\/\/elbullifoundation.com\/elbullistore\/ca\/product\/productos-no-elaborados-restaurante-gastronomico-volumen-iii\/#primaryimage\"},\"image\":{\"@id\":\"https:\/\/elbullifoundation.com\/elbullistore\/ca\/product\/productos-no-elaborados-restaurante-gastronomico-volumen-iii\/#primaryimage\"},\"thumbnailUrl\":\"https:\/\/elbullifoundation.com\/elbullistore\/wp-content\/uploads\/2020\/10\/coberta-2.jpg\",\"datePublished\":\"2020-10-02T16:02:15+00:00\",\"dateModified\":\"2023-11-10T09:57:16+00:00\",\"breadcrumb\":{\"@id\":\"https:\/\/elbullifoundation.com\/elbullistore\/ca\/product\/productos-no-elaborados-restaurante-gastronomico-volumen-iii\/#breadcrumb\"},\"inLanguage\":\"es\",\"potentialAction\":[{\"@type\":\"ReadAction\",\"target\":[\"https:\/\/elbullifoundation.com\/elbullistore\/ca\/product\/productos-no-elaborados-restaurante-gastronomico-volumen-iii\/\"]}]},{\"@type\":\"ImageObject\",\"inLanguage\":\"es\",\"@id\":\"https:\/\/elbullifoundation.com\/elbullistore\/ca\/product\/productos-no-elaborados-restaurante-gastronomico-volumen-iii\/#primaryimage\",\"url\":\"https:\/\/elbullifoundation.com\/elbullistore\/wp-content\/uploads\/2020\/10\/coberta-2.jpg\",\"contentUrl\":\"https:\/\/elbullifoundation.com\/elbullistore\/wp-content\/uploads\/2020\/10\/coberta-2.jpg\",\"width\":1400,\"height\":1008},{\"@type\":\"BreadcrumbList\",\"@id\":\"https:\/\/elbullifoundation.com\/elbullistore\/ca\/product\/productos-no-elaborados-restaurante-gastronomico-volumen-iii\/#breadcrumb\",\"itemListElement\":[{\"@type\":\"ListItem\",\"position\":1,\"name\":\"Portada\",\"item\":\"https:\/\/elbullifoundation.com\/elbullistore\/\"},{\"@type\":\"ListItem\",\"position\":2,\"name\":\"Productos\",\"item\":\"https:\/\/elbullifoundation.com\/elbullistore\/shop\/\"},{\"@type\":\"ListItem\",\"position\":3,\"name\":\"Productos no elaborados. Su uso en el restaurante gastron\u00f3mico (Volumen III)\"}]},{\"@type\":\"WebSite\",\"@id\":\"https:\/\/elbullifoundation.com\/elbullistore\/#website\",\"url\":\"https:\/\/elbullifoundation.com\/elbullistore\/\",\"name\":\"elBullistore\",\"description\":\"\",\"potentialAction\":[{\"@type\":\"SearchAction\",\"target\":{\"@type\":\"EntryPoint\",\"urlTemplate\":\"https:\/\/elbullifoundation.com\/elbullistore\/?s={search_term_string}\"},\"query-input\":{\"@type\":\"PropertyValueSpecification\",\"valueRequired\":true,\"valueName\":\"search_term_string\"}}],\"inLanguage\":\"es\"}]}<\/script>\n<!-- \/ Yoast SEO plugin. -->","yoast_head_json":{"title":"Productos no elaborados. Su uso en el restaurante gastron\u00f3mico (Volumen III) - elBullistore","robots":{"index":"index","follow":"follow","max-snippet":"max-snippet:-1","max-image-preview":"max-image-preview:large","max-video-preview":"max-video-preview:-1"},"canonical":"https:\/\/elbullifoundation.com\/elbullistore\/ca\/product\/productos-no-elaborados-restaurante-gastronomico-volumen-iii\/","og_locale":"es_ES","og_type":"article","og_title":"Productos no elaborados. Su uso en el restaurante gastron\u00f3mico (Volumen III) - elBullistore","og_description":"Productes no elaborats. El seu \u00fas en el restaurant gastron\u00f2mic \u00e9s el tercer volum del Sapiens dels productes no elaborats, dirigit per Ferran Adri\u00e0. Recorre el coneixement relatiu a aquests productes en camps com la producci\u00f3 prim\u00e0ria, la composici\u00f3 qu\u00edmica, la compra i recepci\u00f3 en el restaurant, la conservaci\u00f3 i emmagatzematge, la seguretat aliment\u00e0ria i [&hellip;]","og_url":"https:\/\/elbullifoundation.com\/elbullistore\/ca\/product\/productos-no-elaborados-restaurante-gastronomico-volumen-iii\/","og_site_name":"elBullistore","article_modified_time":"2023-11-10T09:57:16+00:00","og_image":[{"width":1400,"height":1008,"url":"https:\/\/elbullifoundation.com\/elbullistore\/wp-content\/uploads\/2020\/10\/coberta-2.jpg","type":"image\/jpeg"}],"twitter_card":"summary_large_image","twitter_misc":{"Tiempo de lectura":"1 minuto"},"schema":{"@context":"https:\/\/schema.org","@graph":[{"@type":"WebPage","@id":"https:\/\/elbullifoundation.com\/elbullistore\/ca\/product\/productos-no-elaborados-restaurante-gastronomico-volumen-iii\/","url":"https:\/\/elbullifoundation.com\/elbullistore\/ca\/product\/productos-no-elaborados-restaurante-gastronomico-volumen-iii\/","name":"Productos no elaborados. Su uso en el restaurante gastron\u00f3mico (Volumen III) - elBullistore","isPartOf":{"@id":"https:\/\/elbullifoundation.com\/elbullistore\/#website"},"primaryImageOfPage":{"@id":"https:\/\/elbullifoundation.com\/elbullistore\/ca\/product\/productos-no-elaborados-restaurante-gastronomico-volumen-iii\/#primaryimage"},"image":{"@id":"https:\/\/elbullifoundation.com\/elbullistore\/ca\/product\/productos-no-elaborados-restaurante-gastronomico-volumen-iii\/#primaryimage"},"thumbnailUrl":"https:\/\/elbullifoundation.com\/elbullistore\/wp-content\/uploads\/2020\/10\/coberta-2.jpg","datePublished":"2020-10-02T16:02:15+00:00","dateModified":"2023-11-10T09:57:16+00:00","breadcrumb":{"@id":"https:\/\/elbullifoundation.com\/elbullistore\/ca\/product\/productos-no-elaborados-restaurante-gastronomico-volumen-iii\/#breadcrumb"},"inLanguage":"es","potentialAction":[{"@type":"ReadAction","target":["https:\/\/elbullifoundation.com\/elbullistore\/ca\/product\/productos-no-elaborados-restaurante-gastronomico-volumen-iii\/"]}]},{"@type":"ImageObject","inLanguage":"es","@id":"https:\/\/elbullifoundation.com\/elbullistore\/ca\/product\/productos-no-elaborados-restaurante-gastronomico-volumen-iii\/#primaryimage","url":"https:\/\/elbullifoundation.com\/elbullistore\/wp-content\/uploads\/2020\/10\/coberta-2.jpg","contentUrl":"https:\/\/elbullifoundation.com\/elbullistore\/wp-content\/uploads\/2020\/10\/coberta-2.jpg","width":1400,"height":1008},{"@type":"BreadcrumbList","@id":"https:\/\/elbullifoundation.com\/elbullistore\/ca\/product\/productos-no-elaborados-restaurante-gastronomico-volumen-iii\/#breadcrumb","itemListElement":[{"@type":"ListItem","position":1,"name":"Portada","item":"https:\/\/elbullifoundation.com\/elbullistore\/"},{"@type":"ListItem","position":2,"name":"Productos","item":"https:\/\/elbullifoundation.com\/elbullistore\/shop\/"},{"@type":"ListItem","position":3,"name":"Productos no elaborados. Su uso en el restaurante gastron\u00f3mico (Volumen III)"}]},{"@type":"WebSite","@id":"https:\/\/elbullifoundation.com\/elbullistore\/#website","url":"https:\/\/elbullifoundation.com\/elbullistore\/","name":"elBullistore","description":"","potentialAction":[{"@type":"SearchAction","target":{"@type":"EntryPoint","urlTemplate":"https:\/\/elbullifoundation.com\/elbullistore\/?s={search_term_string}"},"query-input":{"@type":"PropertyValueSpecification","valueRequired":true,"valueName":"search_term_string"}}],"inLanguage":"es"}]}},"lang":"ca","translations":{"ca":11487,"es":8820,"en":9758},"pll_sync_post":[],"_links":{"self":[{"href":"https:\/\/elbullifoundation.com\/elbullistore\/wp-json\/wp\/v2\/product\/11487","targetHints":{"allow":["GET"]}}],"collection":[{"href":"https:\/\/elbullifoundation.com\/elbullistore\/wp-json\/wp\/v2\/product"}],"about":[{"href":"https:\/\/elbullifoundation.com\/elbullistore\/wp-json\/wp\/v2\/types\/product"}],"replies":[{"embeddable":true,"href":"https:\/\/elbullifoundation.com\/elbullistore\/wp-json\/wp\/v2\/comments?post=11487"}],"wp:featuredmedia":[{"embeddable":true,"href":"https:\/\/elbullifoundation.com\/elbullistore\/wp-json\/wp\/v2\/media\/11425"}],"wp:attachment":[{"href":"https:\/\/elbullifoundation.com\/elbullistore\/wp-json\/wp\/v2\/media?parent=11487"}],"wp:term":[{"taxonomy":"product_brand","embeddable":true,"href":"https:\/\/elbullifoundation.com\/elbullistore\/wp-json\/wp\/v2\/product_brand?post=11487"},{"taxonomy":"product_cat","embeddable":true,"href":"https:\/\/elbullifoundation.com\/elbullistore\/wp-json\/wp\/v2\/product_cat?post=11487"},{"taxonomy":"product_tag","embeddable":true,"href":"https:\/\/elbullifoundation.com\/elbullistore\/wp-json\/wp\/v2\/product_tag?post=11487"}],"curies":[{"name":"wp","href":"https:\/\/api.w.org\/{rel}","templated":true}]}}