{"id":13214,"date":"2022-03-29T12:55:13","date_gmt":"2022-03-29T10:55:13","guid":{"rendered":"https:\/\/elbullifoundation.com\/elbullistore\/?post_type=product&#038;p=13214"},"modified":"2026-04-07T16:42:38","modified_gmt":"2026-04-07T14:42:38","slug":"juli-soler-estas-la-sala-vida-casi-milagros-del-creador-ferran-adria-elbulli","status":"publish","type":"product","link":"https:\/\/elbullifoundation.com\/elbullistore\/producto\/juli-soler-estas-la-sala-vida-casi-milagros-del-creador-ferran-adria-elbulli\/","title":{"rendered":"Juli Soler que est\u00e1s en la sala. Vida y (casi) milagros del creador con Ferran Adri\u00e0 de elBulli"},"content":{"rendered":"<p>La biograf\u00eda autorizada de uno de los actores principales de la revoluci\u00f3n gastron\u00f3mica espa\u00f1ola, el considerado mejor director de sala que ha habido en el pa\u00eds.<\/p>\n<p>&nbsp;<\/p>\n<p>496 p\u00e1ginas<\/p>\n<p>230 x 145mm<\/p>\n<p>Tapa Blanda<\/p>\n<p>Editorial: Planeta Gastro<\/p>\n<p>ISBN: 978-84-08-25457-7<\/p>\n","protected":false},"excerpt":{"rendered":"<p>La biograf\u00eda autorizada de uno de los actores principales de la revoluci\u00f3n gastron\u00f3mica espa\u00f1ola, el considerado mejor director de sala que ha habido en el pa\u00eds. &nbsp; 496 p\u00e1ginas 230 x 145mm Tapa Blanda Editorial: Planeta Gastro ISBN: 978-84-08-25457-7<\/p>\n","protected":false},"featured_media":13217,"comment_status":"closed","ping_status":"closed","template":"","meta":{"_acf_changed":false},"product_brand":[],"product_cat":[34],"product_tag":[],"class_list":{"0":"post-13214","1":"product","2":"type-product","3":"status-publish","4":"has-post-thumbnail","6":"product_cat-otros","8":"first","9":"instock","10":"taxable","11":"shipping-taxable","12":"purchasable","13":"product-type-variable"},"acf":[],"yoast_head":"<!-- This site is optimized with the Yoast SEO plugin v26.9 - https:\/\/yoast.com\/product\/yoast-seo-wordpress\/ -->\n<title>Juli Soler que est\u00e1s en la sala. Vida y (casi) milagros del creador con Ferran Adri\u00e0 de elBulli - elBullistore<\/title>\n<meta name=\"robots\" content=\"index, follow, max-snippet:-1, max-image-preview:large, max-video-preview:-1\" \/>\n<link rel=\"canonical\" href=\"https:\/\/elbullifoundation.com\/elbullistore\/producto\/juli-soler-estas-la-sala-vida-casi-milagros-del-creador-ferran-adria-elbulli\/\" \/>\n<meta property=\"og:locale\" content=\"es_ES\" \/>\n<meta property=\"og:type\" content=\"article\" \/>\n<meta property=\"og:title\" content=\"Juli Soler que est\u00e1s en la sala. Vida y (casi) milagros del creador con Ferran Adri\u00e0 de elBulli - elBullistore\" \/>\n<meta property=\"og:description\" content=\"La biograf\u00eda autorizada de uno de los actores principales de la revoluci\u00f3n gastron\u00f3mica espa\u00f1ola, el considerado mejor director de sala que ha habido en el pa\u00eds. &nbsp; 496 p\u00e1ginas 230 x 145mm Tapa Blanda Editorial: Planeta Gastro ISBN: 978-84-08-25457-7\" \/>\n<meta property=\"og:url\" content=\"https:\/\/elbullifoundation.com\/elbullistore\/producto\/juli-soler-estas-la-sala-vida-casi-milagros-del-creador-ferran-adria-elbulli\/\" \/>\n<meta property=\"og:site_name\" content=\"elBullistore\" \/>\n<meta property=\"article:modified_time\" content=\"2026-04-07T14:42:38+00:00\" \/>\n<meta property=\"og:image\" content=\"https:\/\/elbullifoundation.com\/elbullistore\/wp-content\/uploads\/2022\/03\/04-portada_claro-scaled.jpg\" \/>\n\t<meta property=\"og:image:width\" content=\"2560\" \/>\n\t<meta property=\"og:image:height\" content=\"1843\" \/>\n\t<meta property=\"og:image:type\" content=\"image\/jpeg\" \/>\n<meta name=\"twitter:card\" content=\"summary_large_image\" \/>\n<meta name=\"twitter:label1\" content=\"Tiempo de lectura\" \/>\n\t<meta name=\"twitter:data1\" content=\"1 minuto\" \/>\n<script type=\"application\/ld+json\" class=\"yoast-schema-graph\">{\"@context\":\"https:\/\/schema.org\",\"@graph\":[{\"@type\":\"WebPage\",\"@id\":\"https:\/\/elbullifoundation.com\/elbullistore\/producto\/juli-soler-estas-la-sala-vida-casi-milagros-del-creador-ferran-adria-elbulli\/\",\"url\":\"https:\/\/elbullifoundation.com\/elbullistore\/producto\/juli-soler-estas-la-sala-vida-casi-milagros-del-creador-ferran-adria-elbulli\/\",\"name\":\"Juli Soler que est\u00e1s en la sala. Vida y (casi) milagros del creador con Ferran Adri\u00e0 de elBulli - elBullistore\",\"isPartOf\":{\"@id\":\"https:\/\/elbullifoundation.com\/elbullistore\/#website\"},\"primaryImageOfPage\":{\"@id\":\"https:\/\/elbullifoundation.com\/elbullistore\/producto\/juli-soler-estas-la-sala-vida-casi-milagros-del-creador-ferran-adria-elbulli\/#primaryimage\"},\"image\":{\"@id\":\"https:\/\/elbullifoundation.com\/elbullistore\/producto\/juli-soler-estas-la-sala-vida-casi-milagros-del-creador-ferran-adria-elbulli\/#primaryimage\"},\"thumbnailUrl\":\"https:\/\/elbullifoundation.com\/elbullistore\/wp-content\/uploads\/2022\/03\/04-portada_claro-scaled.jpg\",\"datePublished\":\"2022-03-29T10:55:13+00:00\",\"dateModified\":\"2026-04-07T14:42:38+00:00\",\"breadcrumb\":{\"@id\":\"https:\/\/elbullifoundation.com\/elbullistore\/producto\/juli-soler-estas-la-sala-vida-casi-milagros-del-creador-ferran-adria-elbulli\/#breadcrumb\"},\"inLanguage\":\"es\",\"potentialAction\":[{\"@type\":\"ReadAction\",\"target\":[\"https:\/\/elbullifoundation.com\/elbullistore\/producto\/juli-soler-estas-la-sala-vida-casi-milagros-del-creador-ferran-adria-elbulli\/\"]}]},{\"@type\":\"ImageObject\",\"inLanguage\":\"es\",\"@id\":\"https:\/\/elbullifoundation.com\/elbullistore\/producto\/juli-soler-estas-la-sala-vida-casi-milagros-del-creador-ferran-adria-elbulli\/#primaryimage\",\"url\":\"https:\/\/elbullifoundation.com\/elbullistore\/wp-content\/uploads\/2022\/03\/04-portada_claro-scaled.jpg\",\"contentUrl\":\"https:\/\/elbullifoundation.com\/elbullistore\/wp-content\/uploads\/2022\/03\/04-portada_claro-scaled.jpg\",\"width\":2560,\"height\":1843},{\"@type\":\"BreadcrumbList\",\"@id\":\"https:\/\/elbullifoundation.com\/elbullistore\/producto\/juli-soler-estas-la-sala-vida-casi-milagros-del-creador-ferran-adria-elbulli\/#breadcrumb\",\"itemListElement\":[{\"@type\":\"ListItem\",\"position\":1,\"name\":\"Portada\",\"item\":\"https:\/\/elbullifoundation.com\/elbullistore\/\"},{\"@type\":\"ListItem\",\"position\":2,\"name\":\"Productos\",\"item\":\"https:\/\/elbullifoundation.com\/elbullistore\/shop\/\"},{\"@type\":\"ListItem\",\"position\":3,\"name\":\"Juli Soler que est\u00e1s en la sala. Vida y (casi) milagros del creador con Ferran Adri\u00e0 de elBulli\"}]},{\"@type\":\"WebSite\",\"@id\":\"https:\/\/elbullifoundation.com\/elbullistore\/#website\",\"url\":\"https:\/\/elbullifoundation.com\/elbullistore\/\",\"name\":\"elBullistore\",\"description\":\"\",\"potentialAction\":[{\"@type\":\"SearchAction\",\"target\":{\"@type\":\"EntryPoint\",\"urlTemplate\":\"https:\/\/elbullifoundation.com\/elbullistore\/?s={search_term_string}\"},\"query-input\":{\"@type\":\"PropertyValueSpecification\",\"valueRequired\":true,\"valueName\":\"search_term_string\"}}],\"inLanguage\":\"es\"}]}<\/script>\n<!-- \/ Yoast SEO plugin. -->","yoast_head_json":{"title":"Juli Soler que est\u00e1s en la sala. Vida y (casi) milagros del creador con Ferran Adri\u00e0 de elBulli - elBullistore","robots":{"index":"index","follow":"follow","max-snippet":"max-snippet:-1","max-image-preview":"max-image-preview:large","max-video-preview":"max-video-preview:-1"},"canonical":"https:\/\/elbullifoundation.com\/elbullistore\/producto\/juli-soler-estas-la-sala-vida-casi-milagros-del-creador-ferran-adria-elbulli\/","og_locale":"es_ES","og_type":"article","og_title":"Juli Soler que est\u00e1s en la sala. Vida y (casi) milagros del creador con Ferran Adri\u00e0 de elBulli - elBullistore","og_description":"La biograf\u00eda autorizada de uno de los actores principales de la revoluci\u00f3n gastron\u00f3mica espa\u00f1ola, el considerado mejor director de sala que ha habido en el pa\u00eds. &nbsp; 496 p\u00e1ginas 230 x 145mm Tapa Blanda Editorial: Planeta Gastro ISBN: 978-84-08-25457-7","og_url":"https:\/\/elbullifoundation.com\/elbullistore\/producto\/juli-soler-estas-la-sala-vida-casi-milagros-del-creador-ferran-adria-elbulli\/","og_site_name":"elBullistore","article_modified_time":"2026-04-07T14:42:38+00:00","og_image":[{"width":2560,"height":1843,"url":"https:\/\/elbullifoundation.com\/elbullistore\/wp-content\/uploads\/2022\/03\/04-portada_claro-scaled.jpg","type":"image\/jpeg"}],"twitter_card":"summary_large_image","twitter_misc":{"Tiempo de lectura":"1 minuto"},"schema":{"@context":"https:\/\/schema.org","@graph":[{"@type":"WebPage","@id":"https:\/\/elbullifoundation.com\/elbullistore\/producto\/juli-soler-estas-la-sala-vida-casi-milagros-del-creador-ferran-adria-elbulli\/","url":"https:\/\/elbullifoundation.com\/elbullistore\/producto\/juli-soler-estas-la-sala-vida-casi-milagros-del-creador-ferran-adria-elbulli\/","name":"Juli Soler que est\u00e1s en la sala. Vida y (casi) milagros del creador con Ferran Adri\u00e0 de elBulli - elBullistore","isPartOf":{"@id":"https:\/\/elbullifoundation.com\/elbullistore\/#website"},"primaryImageOfPage":{"@id":"https:\/\/elbullifoundation.com\/elbullistore\/producto\/juli-soler-estas-la-sala-vida-casi-milagros-del-creador-ferran-adria-elbulli\/#primaryimage"},"image":{"@id":"https:\/\/elbullifoundation.com\/elbullistore\/producto\/juli-soler-estas-la-sala-vida-casi-milagros-del-creador-ferran-adria-elbulli\/#primaryimage"},"thumbnailUrl":"https:\/\/elbullifoundation.com\/elbullistore\/wp-content\/uploads\/2022\/03\/04-portada_claro-scaled.jpg","datePublished":"2022-03-29T10:55:13+00:00","dateModified":"2026-04-07T14:42:38+00:00","breadcrumb":{"@id":"https:\/\/elbullifoundation.com\/elbullistore\/producto\/juli-soler-estas-la-sala-vida-casi-milagros-del-creador-ferran-adria-elbulli\/#breadcrumb"},"inLanguage":"es","potentialAction":[{"@type":"ReadAction","target":["https:\/\/elbullifoundation.com\/elbullistore\/producto\/juli-soler-estas-la-sala-vida-casi-milagros-del-creador-ferran-adria-elbulli\/"]}]},{"@type":"ImageObject","inLanguage":"es","@id":"https:\/\/elbullifoundation.com\/elbullistore\/producto\/juli-soler-estas-la-sala-vida-casi-milagros-del-creador-ferran-adria-elbulli\/#primaryimage","url":"https:\/\/elbullifoundation.com\/elbullistore\/wp-content\/uploads\/2022\/03\/04-portada_claro-scaled.jpg","contentUrl":"https:\/\/elbullifoundation.com\/elbullistore\/wp-content\/uploads\/2022\/03\/04-portada_claro-scaled.jpg","width":2560,"height":1843},{"@type":"BreadcrumbList","@id":"https:\/\/elbullifoundation.com\/elbullistore\/producto\/juli-soler-estas-la-sala-vida-casi-milagros-del-creador-ferran-adria-elbulli\/#breadcrumb","itemListElement":[{"@type":"ListItem","position":1,"name":"Portada","item":"https:\/\/elbullifoundation.com\/elbullistore\/"},{"@type":"ListItem","position":2,"name":"Productos","item":"https:\/\/elbullifoundation.com\/elbullistore\/shop\/"},{"@type":"ListItem","position":3,"name":"Juli Soler que est\u00e1s en la sala. Vida y (casi) milagros del creador con Ferran Adri\u00e0 de elBulli"}]},{"@type":"WebSite","@id":"https:\/\/elbullifoundation.com\/elbullistore\/#website","url":"https:\/\/elbullifoundation.com\/elbullistore\/","name":"elBullistore","description":"","potentialAction":[{"@type":"SearchAction","target":{"@type":"EntryPoint","urlTemplate":"https:\/\/elbullifoundation.com\/elbullistore\/?s={search_term_string}"},"query-input":{"@type":"PropertyValueSpecification","valueRequired":true,"valueName":"search_term_string"}}],"inLanguage":"es"}]}},"lang":"es","translations":{"es":13214,"en":13254,"ca":15871},"pll_sync_post":[],"_links":{"self":[{"href":"https:\/\/elbullifoundation.com\/elbullistore\/wp-json\/wp\/v2\/product\/13214","targetHints":{"allow":["GET"]}}],"collection":[{"href":"https:\/\/elbullifoundation.com\/elbullistore\/wp-json\/wp\/v2\/product"}],"about":[{"href":"https:\/\/elbullifoundation.com\/elbullistore\/wp-json\/wp\/v2\/types\/product"}],"replies":[{"embeddable":true,"href":"https:\/\/elbullifoundation.com\/elbullistore\/wp-json\/wp\/v2\/comments?post=13214"}],"wp:featuredmedia":[{"embeddable":true,"href":"https:\/\/elbullifoundation.com\/elbullistore\/wp-json\/wp\/v2\/media\/13217"}],"wp:attachment":[{"href":"https:\/\/elbullifoundation.com\/elbullistore\/wp-json\/wp\/v2\/media?parent=13214"}],"wp:term":[{"taxonomy":"product_brand","embeddable":true,"href":"https:\/\/elbullifoundation.com\/elbullistore\/wp-json\/wp\/v2\/product_brand?post=13214"},{"taxonomy":"product_cat","embeddable":true,"href":"https:\/\/elbullifoundation.com\/elbullistore\/wp-json\/wp\/v2\/product_cat?post=13214"},{"taxonomy":"product_tag","embeddable":true,"href":"https:\/\/elbullifoundation.com\/elbullistore\/wp-json\/wp\/v2\/product_tag?post=13214"}],"curies":[{"name":"wp","href":"https:\/\/api.w.org\/{rel}","templated":true}]}}