{"id":13464,"date":"2022-06-17T16:55:25","date_gmt":"2022-06-17T14:55:25","guid":{"rendered":"https:\/\/elbullifoundation.com\/elbullistore\/?post_type=product&#038;p=13464"},"modified":"2024-09-03T16:18:30","modified_gmt":"2024-09-03T14:18:30","slug":"sapiens-del-food-delivery","status":"publish","type":"product","link":"https:\/\/elbullifoundation.com\/elbullistore\/producto\/sapiens-del-food-delivery\/","title":{"rendered":"Sapiens del Food Delivery"},"content":{"rendered":"<p><strong><em>Sapiens del Food<\/em><\/strong><strong> <em>Delivery<\/em><\/strong> es un proyecto de investigaci\u00f3n en el que, a trav\u00e9s de la metodolog\u00eda Sapiens, creada por Ferran Adri\u00e0 y elBullifoundation, se pretende comprender un canal complejo y en acelerada evoluci\u00f3n. Con \u00e9l, se incorpora a la Bullipedia una obra cuyo objeto de estudio es una actividad econ\u00f3mica, la actividad de la comida a domicilio, para abordar su conocimiento y comprensi\u00f3n desde una perspectiva hol\u00edstica, considerando y analizando todos los agentes que conforman su ecosistema, los procesos y sistemas involucrados.<\/p>\n<p>&nbsp;<\/p>\n<p>528 p\u00e1ginas<\/p>\n<p>230 x 330 mm<\/p>\n<p>Tapa dura<\/p>\n<p>ISBN:978-84-09-41864-0<\/p>\n","protected":false},"excerpt":{"rendered":"<p>Sapiens del Food Delivery es un proyecto de investigaci\u00f3n en el que, a trav\u00e9s de la metodolog\u00eda Sapiens, creada por Ferran Adri\u00e0 y elBullifoundation, se pretende comprender un canal complejo y en acelerada evoluci\u00f3n. Con \u00e9l, se incorpora a la Bullipedia una obra cuyo objeto de estudio es una actividad econ\u00f3mica, la actividad de la [&hellip;]<\/p>\n","protected":false},"featured_media":13465,"comment_status":"closed","ping_status":"closed","template":"","meta":{"_acf_changed":false},"product_brand":[],"product_cat":[15,655],"product_tag":[],"class_list":{"0":"post-13464","1":"product","2":"type-product","3":"status-publish","4":"has-post-thumbnail","6":"product_cat-bullipedia","7":"product_cat-general","9":"first","10":"instock","11":"taxable","12":"shipping-taxable","13":"purchasable","14":"product-type-variable"},"acf":[],"yoast_head":"<!-- This site is optimized with the Yoast SEO plugin v26.9 - https:\/\/yoast.com\/product\/yoast-seo-wordpress\/ -->\n<title>Sapiens del Food Delivery - elBullistore<\/title>\n<meta name=\"robots\" content=\"index, follow, max-snippet:-1, max-image-preview:large, max-video-preview:-1\" \/>\n<link rel=\"canonical\" href=\"https:\/\/elbullifoundation.com\/elbullistore\/producto\/sapiens-del-food-delivery\/\" \/>\n<meta property=\"og:locale\" content=\"es_ES\" \/>\n<meta property=\"og:type\" content=\"article\" \/>\n<meta property=\"og:title\" content=\"Sapiens del Food Delivery - elBullistore\" \/>\n<meta property=\"og:description\" content=\"Sapiens del Food Delivery es un proyecto de investigaci\u00f3n en el que, a trav\u00e9s de la metodolog\u00eda Sapiens, creada por Ferran Adri\u00e0 y elBullifoundation, se pretende comprender un canal complejo y en acelerada evoluci\u00f3n. Con \u00e9l, se incorpora a la Bullipedia una obra cuyo objeto de estudio es una actividad econ\u00f3mica, la actividad de la [&hellip;]\" \/>\n<meta property=\"og:url\" content=\"https:\/\/elbullifoundation.com\/elbullistore\/producto\/sapiens-del-food-delivery\/\" \/>\n<meta property=\"og:site_name\" content=\"elBullistore\" \/>\n<meta property=\"article:modified_time\" content=\"2024-09-03T14:18:30+00:00\" \/>\n<meta property=\"og:image\" content=\"https:\/\/elbullifoundation.com\/elbullistore\/wp-content\/uploads\/2022\/06\/portada.png\" \/>\n\t<meta property=\"og:image:width\" content=\"2400\" \/>\n\t<meta property=\"og:image:height\" content=\"1728\" \/>\n\t<meta property=\"og:image:type\" content=\"image\/png\" \/>\n<meta name=\"twitter:card\" content=\"summary_large_image\" \/>\n<meta name=\"twitter:label1\" content=\"Tiempo de lectura\" \/>\n\t<meta name=\"twitter:data1\" content=\"1 minuto\" \/>\n<script type=\"application\/ld+json\" class=\"yoast-schema-graph\">{\"@context\":\"https:\/\/schema.org\",\"@graph\":[{\"@type\":\"WebPage\",\"@id\":\"https:\/\/elbullifoundation.com\/elbullistore\/producto\/sapiens-del-food-delivery\/\",\"url\":\"https:\/\/elbullifoundation.com\/elbullistore\/producto\/sapiens-del-food-delivery\/\",\"name\":\"Sapiens del Food Delivery - elBullistore\",\"isPartOf\":{\"@id\":\"https:\/\/elbullifoundation.com\/elbullistore\/#website\"},\"primaryImageOfPage\":{\"@id\":\"https:\/\/elbullifoundation.com\/elbullistore\/producto\/sapiens-del-food-delivery\/#primaryimage\"},\"image\":{\"@id\":\"https:\/\/elbullifoundation.com\/elbullistore\/producto\/sapiens-del-food-delivery\/#primaryimage\"},\"thumbnailUrl\":\"https:\/\/elbullifoundation.com\/elbullistore\/wp-content\/uploads\/2022\/06\/portada.png\",\"datePublished\":\"2022-06-17T14:55:25+00:00\",\"dateModified\":\"2024-09-03T14:18:30+00:00\",\"breadcrumb\":{\"@id\":\"https:\/\/elbullifoundation.com\/elbullistore\/producto\/sapiens-del-food-delivery\/#breadcrumb\"},\"inLanguage\":\"es\",\"potentialAction\":[{\"@type\":\"ReadAction\",\"target\":[\"https:\/\/elbullifoundation.com\/elbullistore\/producto\/sapiens-del-food-delivery\/\"]}]},{\"@type\":\"ImageObject\",\"inLanguage\":\"es\",\"@id\":\"https:\/\/elbullifoundation.com\/elbullistore\/producto\/sapiens-del-food-delivery\/#primaryimage\",\"url\":\"https:\/\/elbullifoundation.com\/elbullistore\/wp-content\/uploads\/2022\/06\/portada.png\",\"contentUrl\":\"https:\/\/elbullifoundation.com\/elbullistore\/wp-content\/uploads\/2022\/06\/portada.png\",\"width\":2400,\"height\":1728},{\"@type\":\"BreadcrumbList\",\"@id\":\"https:\/\/elbullifoundation.com\/elbullistore\/producto\/sapiens-del-food-delivery\/#breadcrumb\",\"itemListElement\":[{\"@type\":\"ListItem\",\"position\":1,\"name\":\"Portada\",\"item\":\"https:\/\/elbullifoundation.com\/elbullistore\/\"},{\"@type\":\"ListItem\",\"position\":2,\"name\":\"Productos\",\"item\":\"https:\/\/elbullifoundation.com\/elbullistore\/shop\/\"},{\"@type\":\"ListItem\",\"position\":3,\"name\":\"Sapiens del Food Delivery\"}]},{\"@type\":\"WebSite\",\"@id\":\"https:\/\/elbullifoundation.com\/elbullistore\/#website\",\"url\":\"https:\/\/elbullifoundation.com\/elbullistore\/\",\"name\":\"elBullistore\",\"description\":\"\",\"potentialAction\":[{\"@type\":\"SearchAction\",\"target\":{\"@type\":\"EntryPoint\",\"urlTemplate\":\"https:\/\/elbullifoundation.com\/elbullistore\/?s={search_term_string}\"},\"query-input\":{\"@type\":\"PropertyValueSpecification\",\"valueRequired\":true,\"valueName\":\"search_term_string\"}}],\"inLanguage\":\"es\"}]}<\/script>\n<!-- \/ Yoast SEO plugin. -->","yoast_head_json":{"title":"Sapiens del Food Delivery - elBullistore","robots":{"index":"index","follow":"follow","max-snippet":"max-snippet:-1","max-image-preview":"max-image-preview:large","max-video-preview":"max-video-preview:-1"},"canonical":"https:\/\/elbullifoundation.com\/elbullistore\/producto\/sapiens-del-food-delivery\/","og_locale":"es_ES","og_type":"article","og_title":"Sapiens del Food Delivery - elBullistore","og_description":"Sapiens del Food Delivery es un proyecto de investigaci\u00f3n en el que, a trav\u00e9s de la metodolog\u00eda Sapiens, creada por Ferran Adri\u00e0 y elBullifoundation, se pretende comprender un canal complejo y en acelerada evoluci\u00f3n. Con \u00e9l, se incorpora a la Bullipedia una obra cuyo objeto de estudio es una actividad econ\u00f3mica, la actividad de la [&hellip;]","og_url":"https:\/\/elbullifoundation.com\/elbullistore\/producto\/sapiens-del-food-delivery\/","og_site_name":"elBullistore","article_modified_time":"2024-09-03T14:18:30+00:00","og_image":[{"width":2400,"height":1728,"url":"https:\/\/elbullifoundation.com\/elbullistore\/wp-content\/uploads\/2022\/06\/portada.png","type":"image\/png"}],"twitter_card":"summary_large_image","twitter_misc":{"Tiempo de lectura":"1 minuto"},"schema":{"@context":"https:\/\/schema.org","@graph":[{"@type":"WebPage","@id":"https:\/\/elbullifoundation.com\/elbullistore\/producto\/sapiens-del-food-delivery\/","url":"https:\/\/elbullifoundation.com\/elbullistore\/producto\/sapiens-del-food-delivery\/","name":"Sapiens del Food Delivery - elBullistore","isPartOf":{"@id":"https:\/\/elbullifoundation.com\/elbullistore\/#website"},"primaryImageOfPage":{"@id":"https:\/\/elbullifoundation.com\/elbullistore\/producto\/sapiens-del-food-delivery\/#primaryimage"},"image":{"@id":"https:\/\/elbullifoundation.com\/elbullistore\/producto\/sapiens-del-food-delivery\/#primaryimage"},"thumbnailUrl":"https:\/\/elbullifoundation.com\/elbullistore\/wp-content\/uploads\/2022\/06\/portada.png","datePublished":"2022-06-17T14:55:25+00:00","dateModified":"2024-09-03T14:18:30+00:00","breadcrumb":{"@id":"https:\/\/elbullifoundation.com\/elbullistore\/producto\/sapiens-del-food-delivery\/#breadcrumb"},"inLanguage":"es","potentialAction":[{"@type":"ReadAction","target":["https:\/\/elbullifoundation.com\/elbullistore\/producto\/sapiens-del-food-delivery\/"]}]},{"@type":"ImageObject","inLanguage":"es","@id":"https:\/\/elbullifoundation.com\/elbullistore\/producto\/sapiens-del-food-delivery\/#primaryimage","url":"https:\/\/elbullifoundation.com\/elbullistore\/wp-content\/uploads\/2022\/06\/portada.png","contentUrl":"https:\/\/elbullifoundation.com\/elbullistore\/wp-content\/uploads\/2022\/06\/portada.png","width":2400,"height":1728},{"@type":"BreadcrumbList","@id":"https:\/\/elbullifoundation.com\/elbullistore\/producto\/sapiens-del-food-delivery\/#breadcrumb","itemListElement":[{"@type":"ListItem","position":1,"name":"Portada","item":"https:\/\/elbullifoundation.com\/elbullistore\/"},{"@type":"ListItem","position":2,"name":"Productos","item":"https:\/\/elbullifoundation.com\/elbullistore\/shop\/"},{"@type":"ListItem","position":3,"name":"Sapiens del Food Delivery"}]},{"@type":"WebSite","@id":"https:\/\/elbullifoundation.com\/elbullistore\/#website","url":"https:\/\/elbullifoundation.com\/elbullistore\/","name":"elBullistore","description":"","potentialAction":[{"@type":"SearchAction","target":{"@type":"EntryPoint","urlTemplate":"https:\/\/elbullifoundation.com\/elbullistore\/?s={search_term_string}"},"query-input":{"@type":"PropertyValueSpecification","valueRequired":true,"valueName":"search_term_string"}}],"inLanguage":"es"}]}},"lang":"es","translations":{"es":13464,"en":13478,"ca":15868},"pll_sync_post":[],"_links":{"self":[{"href":"https:\/\/elbullifoundation.com\/elbullistore\/wp-json\/wp\/v2\/product\/13464","targetHints":{"allow":["GET"]}}],"collection":[{"href":"https:\/\/elbullifoundation.com\/elbullistore\/wp-json\/wp\/v2\/product"}],"about":[{"href":"https:\/\/elbullifoundation.com\/elbullistore\/wp-json\/wp\/v2\/types\/product"}],"replies":[{"embeddable":true,"href":"https:\/\/elbullifoundation.com\/elbullistore\/wp-json\/wp\/v2\/comments?post=13464"}],"wp:featuredmedia":[{"embeddable":true,"href":"https:\/\/elbullifoundation.com\/elbullistore\/wp-json\/wp\/v2\/media\/13465"}],"wp:attachment":[{"href":"https:\/\/elbullifoundation.com\/elbullistore\/wp-json\/wp\/v2\/media?parent=13464"}],"wp:term":[{"taxonomy":"product_brand","embeddable":true,"href":"https:\/\/elbullifoundation.com\/elbullistore\/wp-json\/wp\/v2\/product_brand?post=13464"},{"taxonomy":"product_cat","embeddable":true,"href":"https:\/\/elbullifoundation.com\/elbullistore\/wp-json\/wp\/v2\/product_cat?post=13464"},{"taxonomy":"product_tag","embeddable":true,"href":"https:\/\/elbullifoundation.com\/elbullistore\/wp-json\/wp\/v2\/product_tag?post=13464"}],"curies":[{"name":"wp","href":"https:\/\/api.w.org\/{rel}","templated":true}]}}