{"id":1361,"date":"2017-10-12T09:23:00","date_gmt":"2017-10-12T09:23:00","guid":{"rendered":"https:\/\/elbullifoundation.com\/elbullistore\/?post_type=product&#038;p=1361"},"modified":"2024-09-03T17:51:25","modified_gmt":"2024-09-03T15:51:25","slug":"cocteles-cocteleria-y-bartender-fundamentos-ferran-adria-bullipedia","status":"publish","type":"product","link":"https:\/\/elbullifoundation.com\/elbullistore\/producto\/cocteles-cocteleria-y-bartender-fundamentos-ferran-adria-bullipedia\/","title":{"rendered":"C\u00f3cteles, cocteler\u00eda y bartenders. Fundamentos (Volumen I)"},"content":{"rendered":"<p>El primer volumen del Sapiens de los C\u00f3cteles es un apasionante compendio de reflexiones, comparativas y pensamientos que permiten comprender los fundamentos de la profesi\u00f3n del bartender: \u00bfQu\u00e9 son los c\u00f3cteles? \u00bfCu\u00e1les son los momentos de consumo? \u00bfC\u00f3mo han evolucionado durante la historia? \u00bfC\u00f3mo se clasifican? \u00bfQu\u00e9 personajes se deben conocer?<\/p>\n<p>&nbsp;<\/p>\n<p><span lang=\"ES\">328 paginas<\/span><\/p>\n<p><span lang=\"ES\">230 x 330 mm<\/span><\/p>\n<p><span lang=\"ES\">Tapa Dura<\/span><\/p>\n<p><span lang=\"ES\">ISBAN: 978-84-09-05125-0<\/span><\/p>\n","protected":false},"excerpt":{"rendered":"<p>El primer volumen del Sapiens de los C\u00f3cteles es un apasionante compendio de reflexiones, comparativas y pensamientos que permiten comprender los fundamentos de la profesi\u00f3n del bartender: \u00bfQu\u00e9 son los c\u00f3cteles? \u00bfCu\u00e1les son los momentos de consumo? \u00bfC\u00f3mo han evolucionado durante la historia? \u00bfC\u00f3mo se clasifican? \u00bfQu\u00e9 personajes se deben conocer? &nbsp; 328 paginas 230 [&hellip;]<\/p>\n","protected":false},"featured_media":2959,"comment_status":"closed","ping_status":"closed","template":"","meta":{"_acf_changed":false},"product_brand":[],"product_cat":[15,402],"product_tag":[],"class_list":{"0":"post-1361","1":"product","2":"type-product","3":"status-publish","4":"has-post-thumbnail","6":"product_cat-bullipedia","7":"product_cat-cocteles","8":"product_shipping_class-envio-2k","10":"first","11":"outofstock","12":"taxable","13":"shipping-taxable","14":"product-type-variable"},"acf":[],"yoast_head":"<!-- This site is optimized with the Yoast SEO plugin v26.9 - https:\/\/yoast.com\/product\/yoast-seo-wordpress\/ -->\n<title>C\u00f3cteles, cocteler\u00eda y bartenders. Fundamentos (Volumen I) - elBullistore<\/title>\n<meta name=\"description\" content=\"C\u00f3cteles, cocteler\u00eda y bartenders es el primer volumen sobre los c\u00f3cteles de Bullipedia, que aborda la cocteler\u00eda desde todas sus formas y expresiones.\" \/>\n<meta name=\"robots\" content=\"index, follow, max-snippet:-1, max-image-preview:large, max-video-preview:-1\" \/>\n<link rel=\"canonical\" href=\"https:\/\/elbullifoundation.com\/elbullistore\/producto\/cocteles-cocteleria-y-bartender-fundamentos-ferran-adria-bullipedia\/\" \/>\n<meta property=\"og:locale\" content=\"es_ES\" \/>\n<meta property=\"og:type\" content=\"article\" \/>\n<meta property=\"og:title\" content=\"C\u00f3cteles, cocteler\u00eda y bartenders. Fundamentos (Volumen I) - elBullistore\" \/>\n<meta property=\"og:description\" content=\"C\u00f3cteles, cocteler\u00eda y bartenders es el primer volumen sobre los c\u00f3cteles de Bullipedia, que aborda la cocteler\u00eda desde todas sus formas y expresiones.\" \/>\n<meta property=\"og:url\" content=\"https:\/\/elbullifoundation.com\/elbullistore\/producto\/cocteles-cocteleria-y-bartender-fundamentos-ferran-adria-bullipedia\/\" \/>\n<meta property=\"og:site_name\" content=\"elBullistore\" \/>\n<meta property=\"article:modified_time\" content=\"2024-09-03T15:51:25+00:00\" \/>\n<meta property=\"og:image\" content=\"https:\/\/elbullifoundation.com\/elbullistore\/wp-content\/uploads\/2017\/10\/cocteles_1.jpg\" \/>\n\t<meta property=\"og:image:width\" content=\"900\" \/>\n\t<meta property=\"og:image:height\" content=\"641\" \/>\n\t<meta property=\"og:image:type\" content=\"image\/jpeg\" \/>\n<meta name=\"twitter:card\" content=\"summary_large_image\" \/>\n<meta name=\"twitter:label1\" content=\"Tiempo de lectura\" \/>\n\t<meta name=\"twitter:data1\" content=\"1 minuto\" \/>\n<script type=\"application\/ld+json\" class=\"yoast-schema-graph\">{\"@context\":\"https:\/\/schema.org\",\"@graph\":[{\"@type\":\"WebPage\",\"@id\":\"https:\/\/elbullifoundation.com\/elbullistore\/producto\/cocteles-cocteleria-y-bartender-fundamentos-ferran-adria-bullipedia\/\",\"url\":\"https:\/\/elbullifoundation.com\/elbullistore\/producto\/cocteles-cocteleria-y-bartender-fundamentos-ferran-adria-bullipedia\/\",\"name\":\"C\u00f3cteles, cocteler\u00eda y bartenders. Fundamentos (Volumen I) - elBullistore\",\"isPartOf\":{\"@id\":\"https:\/\/elbullifoundation.com\/elbullistore\/#website\"},\"primaryImageOfPage\":{\"@id\":\"https:\/\/elbullifoundation.com\/elbullistore\/producto\/cocteles-cocteleria-y-bartender-fundamentos-ferran-adria-bullipedia\/#primaryimage\"},\"image\":{\"@id\":\"https:\/\/elbullifoundation.com\/elbullistore\/producto\/cocteles-cocteleria-y-bartender-fundamentos-ferran-adria-bullipedia\/#primaryimage\"},\"thumbnailUrl\":\"https:\/\/elbullifoundation.com\/elbullistore\/wp-content\/uploads\/2017\/10\/cocteles_1.jpg\",\"datePublished\":\"2017-10-12T09:23:00+00:00\",\"dateModified\":\"2024-09-03T15:51:25+00:00\",\"description\":\"C\u00f3cteles, cocteler\u00eda y bartenders es el primer volumen sobre los c\u00f3cteles de Bullipedia, que aborda la cocteler\u00eda desde todas sus formas y expresiones.\",\"breadcrumb\":{\"@id\":\"https:\/\/elbullifoundation.com\/elbullistore\/producto\/cocteles-cocteleria-y-bartender-fundamentos-ferran-adria-bullipedia\/#breadcrumb\"},\"inLanguage\":\"es\",\"potentialAction\":[{\"@type\":\"ReadAction\",\"target\":[\"https:\/\/elbullifoundation.com\/elbullistore\/producto\/cocteles-cocteleria-y-bartender-fundamentos-ferran-adria-bullipedia\/\"]}]},{\"@type\":\"ImageObject\",\"inLanguage\":\"es\",\"@id\":\"https:\/\/elbullifoundation.com\/elbullistore\/producto\/cocteles-cocteleria-y-bartender-fundamentos-ferran-adria-bullipedia\/#primaryimage\",\"url\":\"https:\/\/elbullifoundation.com\/elbullistore\/wp-content\/uploads\/2017\/10\/cocteles_1.jpg\",\"contentUrl\":\"https:\/\/elbullifoundation.com\/elbullistore\/wp-content\/uploads\/2017\/10\/cocteles_1.jpg\",\"width\":900,\"height\":641},{\"@type\":\"BreadcrumbList\",\"@id\":\"https:\/\/elbullifoundation.com\/elbullistore\/producto\/cocteles-cocteleria-y-bartender-fundamentos-ferran-adria-bullipedia\/#breadcrumb\",\"itemListElement\":[{\"@type\":\"ListItem\",\"position\":1,\"name\":\"Portada\",\"item\":\"https:\/\/elbullifoundation.com\/elbullistore\/\"},{\"@type\":\"ListItem\",\"position\":2,\"name\":\"Productos\",\"item\":\"https:\/\/elbullifoundation.com\/elbullistore\/shop\/\"},{\"@type\":\"ListItem\",\"position\":3,\"name\":\"C\u00f3cteles, cocteler\u00eda y bartenders. Fundamentos (Volumen I)\"}]},{\"@type\":\"WebSite\",\"@id\":\"https:\/\/elbullifoundation.com\/elbullistore\/#website\",\"url\":\"https:\/\/elbullifoundation.com\/elbullistore\/\",\"name\":\"elBullistore\",\"description\":\"\",\"potentialAction\":[{\"@type\":\"SearchAction\",\"target\":{\"@type\":\"EntryPoint\",\"urlTemplate\":\"https:\/\/elbullifoundation.com\/elbullistore\/?s={search_term_string}\"},\"query-input\":{\"@type\":\"PropertyValueSpecification\",\"valueRequired\":true,\"valueName\":\"search_term_string\"}}],\"inLanguage\":\"es\"}]}<\/script>\n<!-- \/ Yoast SEO plugin. -->","yoast_head_json":{"title":"C\u00f3cteles, cocteler\u00eda y bartenders. Fundamentos (Volumen I) - elBullistore","description":"C\u00f3cteles, cocteler\u00eda y bartenders es el primer volumen sobre los c\u00f3cteles de Bullipedia, que aborda la cocteler\u00eda desde todas sus formas y expresiones.","robots":{"index":"index","follow":"follow","max-snippet":"max-snippet:-1","max-image-preview":"max-image-preview:large","max-video-preview":"max-video-preview:-1"},"canonical":"https:\/\/elbullifoundation.com\/elbullistore\/producto\/cocteles-cocteleria-y-bartender-fundamentos-ferran-adria-bullipedia\/","og_locale":"es_ES","og_type":"article","og_title":"C\u00f3cteles, cocteler\u00eda y bartenders. Fundamentos (Volumen I) - elBullistore","og_description":"C\u00f3cteles, cocteler\u00eda y bartenders es el primer volumen sobre los c\u00f3cteles de Bullipedia, que aborda la cocteler\u00eda desde todas sus formas y expresiones.","og_url":"https:\/\/elbullifoundation.com\/elbullistore\/producto\/cocteles-cocteleria-y-bartender-fundamentos-ferran-adria-bullipedia\/","og_site_name":"elBullistore","article_modified_time":"2024-09-03T15:51:25+00:00","og_image":[{"width":900,"height":641,"url":"https:\/\/elbullifoundation.com\/elbullistore\/wp-content\/uploads\/2017\/10\/cocteles_1.jpg","type":"image\/jpeg"}],"twitter_card":"summary_large_image","twitter_misc":{"Tiempo de lectura":"1 minuto"},"schema":{"@context":"https:\/\/schema.org","@graph":[{"@type":"WebPage","@id":"https:\/\/elbullifoundation.com\/elbullistore\/producto\/cocteles-cocteleria-y-bartender-fundamentos-ferran-adria-bullipedia\/","url":"https:\/\/elbullifoundation.com\/elbullistore\/producto\/cocteles-cocteleria-y-bartender-fundamentos-ferran-adria-bullipedia\/","name":"C\u00f3cteles, cocteler\u00eda y bartenders. Fundamentos (Volumen I) - elBullistore","isPartOf":{"@id":"https:\/\/elbullifoundation.com\/elbullistore\/#website"},"primaryImageOfPage":{"@id":"https:\/\/elbullifoundation.com\/elbullistore\/producto\/cocteles-cocteleria-y-bartender-fundamentos-ferran-adria-bullipedia\/#primaryimage"},"image":{"@id":"https:\/\/elbullifoundation.com\/elbullistore\/producto\/cocteles-cocteleria-y-bartender-fundamentos-ferran-adria-bullipedia\/#primaryimage"},"thumbnailUrl":"https:\/\/elbullifoundation.com\/elbullistore\/wp-content\/uploads\/2017\/10\/cocteles_1.jpg","datePublished":"2017-10-12T09:23:00+00:00","dateModified":"2024-09-03T15:51:25+00:00","description":"C\u00f3cteles, cocteler\u00eda y bartenders es el primer volumen sobre los c\u00f3cteles de Bullipedia, que aborda la cocteler\u00eda desde todas sus formas y expresiones.","breadcrumb":{"@id":"https:\/\/elbullifoundation.com\/elbullistore\/producto\/cocteles-cocteleria-y-bartender-fundamentos-ferran-adria-bullipedia\/#breadcrumb"},"inLanguage":"es","potentialAction":[{"@type":"ReadAction","target":["https:\/\/elbullifoundation.com\/elbullistore\/producto\/cocteles-cocteleria-y-bartender-fundamentos-ferran-adria-bullipedia\/"]}]},{"@type":"ImageObject","inLanguage":"es","@id":"https:\/\/elbullifoundation.com\/elbullistore\/producto\/cocteles-cocteleria-y-bartender-fundamentos-ferran-adria-bullipedia\/#primaryimage","url":"https:\/\/elbullifoundation.com\/elbullistore\/wp-content\/uploads\/2017\/10\/cocteles_1.jpg","contentUrl":"https:\/\/elbullifoundation.com\/elbullistore\/wp-content\/uploads\/2017\/10\/cocteles_1.jpg","width":900,"height":641},{"@type":"BreadcrumbList","@id":"https:\/\/elbullifoundation.com\/elbullistore\/producto\/cocteles-cocteleria-y-bartender-fundamentos-ferran-adria-bullipedia\/#breadcrumb","itemListElement":[{"@type":"ListItem","position":1,"name":"Portada","item":"https:\/\/elbullifoundation.com\/elbullistore\/"},{"@type":"ListItem","position":2,"name":"Productos","item":"https:\/\/elbullifoundation.com\/elbullistore\/shop\/"},{"@type":"ListItem","position":3,"name":"C\u00f3cteles, cocteler\u00eda y bartenders. Fundamentos (Volumen I)"}]},{"@type":"WebSite","@id":"https:\/\/elbullifoundation.com\/elbullistore\/#website","url":"https:\/\/elbullifoundation.com\/elbullistore\/","name":"elBullistore","description":"","potentialAction":[{"@type":"SearchAction","target":{"@type":"EntryPoint","urlTemplate":"https:\/\/elbullifoundation.com\/elbullistore\/?s={search_term_string}"},"query-input":{"@type":"PropertyValueSpecification","valueRequired":true,"valueName":"search_term_string"}}],"inLanguage":"es"}]}},"lang":"es","translations":{"es":1361,"en":1440,"ca":1439},"pll_sync_post":[],"_links":{"self":[{"href":"https:\/\/elbullifoundation.com\/elbullistore\/wp-json\/wp\/v2\/product\/1361","targetHints":{"allow":["GET"]}}],"collection":[{"href":"https:\/\/elbullifoundation.com\/elbullistore\/wp-json\/wp\/v2\/product"}],"about":[{"href":"https:\/\/elbullifoundation.com\/elbullistore\/wp-json\/wp\/v2\/types\/product"}],"replies":[{"embeddable":true,"href":"https:\/\/elbullifoundation.com\/elbullistore\/wp-json\/wp\/v2\/comments?post=1361"}],"wp:featuredmedia":[{"embeddable":true,"href":"https:\/\/elbullifoundation.com\/elbullistore\/wp-json\/wp\/v2\/media\/2959"}],"wp:attachment":[{"href":"https:\/\/elbullifoundation.com\/elbullistore\/wp-json\/wp\/v2\/media?parent=1361"}],"wp:term":[{"taxonomy":"product_brand","embeddable":true,"href":"https:\/\/elbullifoundation.com\/elbullistore\/wp-json\/wp\/v2\/product_brand?post=1361"},{"taxonomy":"product_cat","embeddable":true,"href":"https:\/\/elbullifoundation.com\/elbullistore\/wp-json\/wp\/v2\/product_cat?post=1361"},{"taxonomy":"product_tag","embeddable":true,"href":"https:\/\/elbullifoundation.com\/elbullistore\/wp-json\/wp\/v2\/product_tag?post=1361"}],"curies":[{"name":"wp","href":"https:\/\/api.w.org\/{rel}","templated":true}]}}