{"id":15873,"date":"2023-07-20T12:57:43","date_gmt":"2023-07-20T10:57:43","guid":{"rendered":"https:\/\/elbullifoundation.com\/elbullistore\/?post_type=product&#038;p=15873"},"modified":"2025-12-04T20:25:28","modified_gmt":"2025-12-04T19:25:28","slug":"candy-los-postres-elbarri-2","status":"publish","type":"product","link":"https:\/\/elbullifoundation.com\/elbullistore\/ca\/product\/candy-los-postres-elbarri-2\/","title":{"rendered":"Candy. Los postres de elBarri"},"content":{"rendered":"<p><em><strong>Candy<\/strong><\/em> \u00e9s un destil\u00b7lat de la cuina dol\u00e7a creada en els restaurants de elBarri al llarg de tota una d\u00e8cada (2011-2021).<\/p>\n<p>&nbsp;<\/p>\n<p>512 p\u00e0gines<\/p>\n<p>25,5 x 32 cm<\/p>\n<p>Tapa Dura<\/p>\n<p>ISBN: 9788491876052<\/p>\n","protected":false},"excerpt":{"rendered":"<p>Candy \u00e9s un destil\u00b7lat de la cuina dol\u00e7a creada en els restaurants de elBarri al llarg de tota una d\u00e8cada (2011-2021). &nbsp; 512 p\u00e0gines 25,5 x 32 cm Tapa Dura ISBN: 9788491876052<\/p>\n","protected":false},"featured_media":13133,"comment_status":"closed","ping_status":"closed","template":"","meta":{"_acf_changed":false},"product_brand":[],"product_cat":[75],"product_tag":[],"class_list":{"0":"post-15873","1":"product","2":"type-product","3":"status-publish","4":"has-post-thumbnail","6":"product_cat-otros-ca","8":"first","9":"instock","10":"taxable","11":"shipping-taxable","12":"purchasable","13":"product-type-variable"},"acf":[],"yoast_head":"<!-- This site is optimized with the Yoast SEO plugin v26.9 - https:\/\/yoast.com\/product\/yoast-seo-wordpress\/ -->\n<title>Candy. Los postres de elBarri - elBullistore<\/title>\n<meta name=\"robots\" content=\"index, follow, max-snippet:-1, max-image-preview:large, max-video-preview:-1\" \/>\n<link rel=\"canonical\" href=\"https:\/\/elbullifoundation.com\/elbullistore\/ca\/product\/candy-los-postres-elbarri-2\/\" \/>\n<meta property=\"og:locale\" content=\"es_ES\" \/>\n<meta property=\"og:type\" content=\"article\" \/>\n<meta property=\"og:title\" content=\"Candy. Los postres de elBarri - elBullistore\" \/>\n<meta property=\"og:description\" content=\"Candy \u00e9s un destil\u00b7lat de la cuina dol\u00e7a creada en els restaurants de elBarri al llarg de tota una d\u00e8cada (2011-2021). &nbsp; 512 p\u00e0gines 25,5 x 32 cm Tapa Dura ISBN: 9788491876052\" \/>\n<meta property=\"og:url\" content=\"https:\/\/elbullifoundation.com\/elbullistore\/ca\/product\/candy-los-postres-elbarri-2\/\" \/>\n<meta property=\"og:site_name\" content=\"elBullistore\" \/>\n<meta property=\"article:modified_time\" content=\"2025-12-04T19:25:28+00:00\" \/>\n<meta property=\"og:image\" content=\"https:\/\/elbullifoundation.com\/elbullistore\/wp-content\/uploads\/2022\/02\/Candy-Bodegon-1-scaled.jpg\" \/>\n\t<meta property=\"og:image:width\" content=\"3294\" \/>\n\t<meta property=\"og:image:height\" content=\"3098\" \/>\n\t<meta property=\"og:image:type\" content=\"image\/jpeg\" \/>\n<meta name=\"twitter:card\" content=\"summary_large_image\" \/>\n<meta name=\"twitter:label1\" content=\"Tiempo de lectura\" \/>\n\t<meta name=\"twitter:data1\" content=\"1 minuto\" \/>\n<script type=\"application\/ld+json\" class=\"yoast-schema-graph\">{\"@context\":\"https:\/\/schema.org\",\"@graph\":[{\"@type\":\"WebPage\",\"@id\":\"https:\/\/elbullifoundation.com\/elbullistore\/ca\/product\/candy-los-postres-elbarri-2\/\",\"url\":\"https:\/\/elbullifoundation.com\/elbullistore\/ca\/product\/candy-los-postres-elbarri-2\/\",\"name\":\"Candy. Los postres de elBarri - elBullistore\",\"isPartOf\":{\"@id\":\"https:\/\/elbullifoundation.com\/elbullistore\/#website\"},\"primaryImageOfPage\":{\"@id\":\"https:\/\/elbullifoundation.com\/elbullistore\/ca\/product\/candy-los-postres-elbarri-2\/#primaryimage\"},\"image\":{\"@id\":\"https:\/\/elbullifoundation.com\/elbullistore\/ca\/product\/candy-los-postres-elbarri-2\/#primaryimage\"},\"thumbnailUrl\":\"https:\/\/elbullifoundation.com\/elbullistore\/wp-content\/uploads\/2022\/02\/Candy-Bodegon-1-scaled.jpg\",\"datePublished\":\"2023-07-20T10:57:43+00:00\",\"dateModified\":\"2025-12-04T19:25:28+00:00\",\"breadcrumb\":{\"@id\":\"https:\/\/elbullifoundation.com\/elbullistore\/ca\/product\/candy-los-postres-elbarri-2\/#breadcrumb\"},\"inLanguage\":\"es\",\"potentialAction\":[{\"@type\":\"ReadAction\",\"target\":[\"https:\/\/elbullifoundation.com\/elbullistore\/ca\/product\/candy-los-postres-elbarri-2\/\"]}]},{\"@type\":\"ImageObject\",\"inLanguage\":\"es\",\"@id\":\"https:\/\/elbullifoundation.com\/elbullistore\/ca\/product\/candy-los-postres-elbarri-2\/#primaryimage\",\"url\":\"https:\/\/elbullifoundation.com\/elbullistore\/wp-content\/uploads\/2022\/02\/Candy-Bodegon-1-scaled.jpg\",\"contentUrl\":\"https:\/\/elbullifoundation.com\/elbullistore\/wp-content\/uploads\/2022\/02\/Candy-Bodegon-1-scaled.jpg\",\"width\":2560,\"height\":2408},{\"@type\":\"BreadcrumbList\",\"@id\":\"https:\/\/elbullifoundation.com\/elbullistore\/ca\/product\/candy-los-postres-elbarri-2\/#breadcrumb\",\"itemListElement\":[{\"@type\":\"ListItem\",\"position\":1,\"name\":\"Portada\",\"item\":\"https:\/\/elbullifoundation.com\/elbullistore\/\"},{\"@type\":\"ListItem\",\"position\":2,\"name\":\"Productos\",\"item\":\"https:\/\/elbullifoundation.com\/elbullistore\/shop\/\"},{\"@type\":\"ListItem\",\"position\":3,\"name\":\"Candy. Los postres de elBarri\"}]},{\"@type\":\"WebSite\",\"@id\":\"https:\/\/elbullifoundation.com\/elbullistore\/#website\",\"url\":\"https:\/\/elbullifoundation.com\/elbullistore\/\",\"name\":\"elBullistore\",\"description\":\"\",\"potentialAction\":[{\"@type\":\"SearchAction\",\"target\":{\"@type\":\"EntryPoint\",\"urlTemplate\":\"https:\/\/elbullifoundation.com\/elbullistore\/?s={search_term_string}\"},\"query-input\":{\"@type\":\"PropertyValueSpecification\",\"valueRequired\":true,\"valueName\":\"search_term_string\"}}],\"inLanguage\":\"es\"}]}<\/script>\n<!-- \/ Yoast SEO plugin. -->","yoast_head_json":{"title":"Candy. Los postres de elBarri - elBullistore","robots":{"index":"index","follow":"follow","max-snippet":"max-snippet:-1","max-image-preview":"max-image-preview:large","max-video-preview":"max-video-preview:-1"},"canonical":"https:\/\/elbullifoundation.com\/elbullistore\/ca\/product\/candy-los-postres-elbarri-2\/","og_locale":"es_ES","og_type":"article","og_title":"Candy. Los postres de elBarri - elBullistore","og_description":"Candy \u00e9s un destil\u00b7lat de la cuina dol\u00e7a creada en els restaurants de elBarri al llarg de tota una d\u00e8cada (2011-2021). &nbsp; 512 p\u00e0gines 25,5 x 32 cm Tapa Dura ISBN: 9788491876052","og_url":"https:\/\/elbullifoundation.com\/elbullistore\/ca\/product\/candy-los-postres-elbarri-2\/","og_site_name":"elBullistore","article_modified_time":"2025-12-04T19:25:28+00:00","og_image":[{"width":3294,"height":3098,"url":"https:\/\/elbullifoundation.com\/elbullistore\/wp-content\/uploads\/2022\/02\/Candy-Bodegon-1-scaled.jpg","type":"image\/jpeg"}],"twitter_card":"summary_large_image","twitter_misc":{"Tiempo de lectura":"1 minuto"},"schema":{"@context":"https:\/\/schema.org","@graph":[{"@type":"WebPage","@id":"https:\/\/elbullifoundation.com\/elbullistore\/ca\/product\/candy-los-postres-elbarri-2\/","url":"https:\/\/elbullifoundation.com\/elbullistore\/ca\/product\/candy-los-postres-elbarri-2\/","name":"Candy. Los postres de elBarri - elBullistore","isPartOf":{"@id":"https:\/\/elbullifoundation.com\/elbullistore\/#website"},"primaryImageOfPage":{"@id":"https:\/\/elbullifoundation.com\/elbullistore\/ca\/product\/candy-los-postres-elbarri-2\/#primaryimage"},"image":{"@id":"https:\/\/elbullifoundation.com\/elbullistore\/ca\/product\/candy-los-postres-elbarri-2\/#primaryimage"},"thumbnailUrl":"https:\/\/elbullifoundation.com\/elbullistore\/wp-content\/uploads\/2022\/02\/Candy-Bodegon-1-scaled.jpg","datePublished":"2023-07-20T10:57:43+00:00","dateModified":"2025-12-04T19:25:28+00:00","breadcrumb":{"@id":"https:\/\/elbullifoundation.com\/elbullistore\/ca\/product\/candy-los-postres-elbarri-2\/#breadcrumb"},"inLanguage":"es","potentialAction":[{"@type":"ReadAction","target":["https:\/\/elbullifoundation.com\/elbullistore\/ca\/product\/candy-los-postres-elbarri-2\/"]}]},{"@type":"ImageObject","inLanguage":"es","@id":"https:\/\/elbullifoundation.com\/elbullistore\/ca\/product\/candy-los-postres-elbarri-2\/#primaryimage","url":"https:\/\/elbullifoundation.com\/elbullistore\/wp-content\/uploads\/2022\/02\/Candy-Bodegon-1-scaled.jpg","contentUrl":"https:\/\/elbullifoundation.com\/elbullistore\/wp-content\/uploads\/2022\/02\/Candy-Bodegon-1-scaled.jpg","width":2560,"height":2408},{"@type":"BreadcrumbList","@id":"https:\/\/elbullifoundation.com\/elbullistore\/ca\/product\/candy-los-postres-elbarri-2\/#breadcrumb","itemListElement":[{"@type":"ListItem","position":1,"name":"Portada","item":"https:\/\/elbullifoundation.com\/elbullistore\/"},{"@type":"ListItem","position":2,"name":"Productos","item":"https:\/\/elbullifoundation.com\/elbullistore\/shop\/"},{"@type":"ListItem","position":3,"name":"Candy. Los postres de elBarri"}]},{"@type":"WebSite","@id":"https:\/\/elbullifoundation.com\/elbullistore\/#website","url":"https:\/\/elbullifoundation.com\/elbullistore\/","name":"elBullistore","description":"","potentialAction":[{"@type":"SearchAction","target":{"@type":"EntryPoint","urlTemplate":"https:\/\/elbullifoundation.com\/elbullistore\/?s={search_term_string}"},"query-input":{"@type":"PropertyValueSpecification","valueRequired":true,"valueName":"search_term_string"}}],"inLanguage":"es"}]}},"lang":"ca","translations":{"ca":15873,"es":12901,"en":13184},"pll_sync_post":[],"_links":{"self":[{"href":"https:\/\/elbullifoundation.com\/elbullistore\/wp-json\/wp\/v2\/product\/15873","targetHints":{"allow":["GET"]}}],"collection":[{"href":"https:\/\/elbullifoundation.com\/elbullistore\/wp-json\/wp\/v2\/product"}],"about":[{"href":"https:\/\/elbullifoundation.com\/elbullistore\/wp-json\/wp\/v2\/types\/product"}],"replies":[{"embeddable":true,"href":"https:\/\/elbullifoundation.com\/elbullistore\/wp-json\/wp\/v2\/comments?post=15873"}],"wp:featuredmedia":[{"embeddable":true,"href":"https:\/\/elbullifoundation.com\/elbullistore\/wp-json\/wp\/v2\/media\/13133"}],"wp:attachment":[{"href":"https:\/\/elbullifoundation.com\/elbullistore\/wp-json\/wp\/v2\/media?parent=15873"}],"wp:term":[{"taxonomy":"product_brand","embeddable":true,"href":"https:\/\/elbullifoundation.com\/elbullistore\/wp-json\/wp\/v2\/product_brand?post=15873"},{"taxonomy":"product_cat","embeddable":true,"href":"https:\/\/elbullifoundation.com\/elbullistore\/wp-json\/wp\/v2\/product_cat?post=15873"},{"taxonomy":"product_tag","embeddable":true,"href":"https:\/\/elbullifoundation.com\/elbullistore\/wp-json\/wp\/v2\/product_tag?post=15873"}],"curies":[{"name":"wp","href":"https:\/\/api.w.org\/{rel}","templated":true}]}}