{"id":15887,"date":"2023-07-20T13:25:06","date_gmt":"2023-07-20T11:25:06","guid":{"rendered":"https:\/\/elbullifoundation.com\/elbullistore\/?post_type=product&#038;p=15887"},"modified":"2024-09-11T13:00:08","modified_gmt":"2024-09-11T11:00:08","slug":"sapiens-del-tomate","status":"publish","type":"product","link":"https:\/\/elbullifoundation.com\/elbullistore\/ca\/product\/sapiens-del-tomate\/","title":{"rendered":"Sapiens del tomate"},"content":{"rendered":"<p><strong><em>Sapiens del tom\u00e0quet<\/em><\/strong> \u00e9s el primer llibre de Bullipedia especialitzat en un producte concret: el tom\u00e0quet. Aquesta apassionant obra respon preguntes de car\u00e0cter general, gastron\u00f2mic i cient\u00edfic d&#8217;una forma senzilla i comprensible.<\/p>\n<p>&nbsp;<\/p>\n<p>El tom\u00e0quet \u00e9s una hortalissa, una verdura o una fruita? Es tracta d&#8217;un producte natural? Tenen els mateixos nutrients unes varietats que unes altres? A trav\u00e9s de la metodologia Sapiens, creada per Ferran Adri\u00e0 i elBullifoundation, partim dels aspectes l\u00e8xic-sem\u00e0ntics de la paraula per a q\u00fcestionar els seus fonaments i classificar el producte en l&#8217;immens m\u00f3n vegetal i animal.<\/p>\n<p>&nbsp;<\/p>\n<p>680 p\u00e0gines<\/p>\n<p>230 x 330<\/p>\n<p>Tapa dura<\/p>\n<p>ISBN: 978-84-09-21515-7<\/p>\n","protected":false},"excerpt":{"rendered":"<p>Sapiens del tom\u00e0quet \u00e9s el primer llibre de Bullipedia especialitzat en un producte concret: el tom\u00e0quet. Aquesta apassionant obra respon preguntes de car\u00e0cter general, gastron\u00f2mic i cient\u00edfic d&#8217;una forma senzilla i comprensible. &nbsp; El tom\u00e0quet \u00e9s una hortalissa, una verdura o una fruita? Es tracta d&#8217;un producte natural? Tenen els mateixos nutrients unes varietats que [&hellip;]<\/p>\n","protected":false},"featured_media":8266,"comment_status":"closed","ping_status":"closed","template":"","meta":{"_acf_changed":false},"product_brand":[],"product_cat":[656],"product_tag":[],"class_list":{"0":"post-15887","1":"product","2":"type-product","3":"status-publish","4":"has-post-thumbnail","6":"product_cat-general-ca","7":"product_shipping_class-envio-3k","9":"first","10":"instock","11":"taxable","12":"shipping-taxable","13":"purchasable","14":"product-type-variable"},"acf":[],"yoast_head":"<!-- This site is optimized with the Yoast SEO plugin v26.9 - https:\/\/yoast.com\/product\/yoast-seo-wordpress\/ -->\n<title>Sapiens del tomate - elBullistore<\/title>\n<meta name=\"robots\" content=\"index, follow, max-snippet:-1, max-image-preview:large, max-video-preview:-1\" \/>\n<link rel=\"canonical\" href=\"https:\/\/elbullifoundation.com\/elbullistore\/ca\/product\/sapiens-del-tomate\/\" \/>\n<meta property=\"og:locale\" content=\"es_ES\" \/>\n<meta property=\"og:type\" content=\"article\" \/>\n<meta property=\"og:title\" content=\"Sapiens del tomate - elBullistore\" \/>\n<meta property=\"og:description\" content=\"Sapiens del tom\u00e0quet \u00e9s el primer llibre de Bullipedia especialitzat en un producte concret: el tom\u00e0quet. Aquesta apassionant obra respon preguntes de car\u00e0cter general, gastron\u00f2mic i cient\u00edfic d&#8217;una forma senzilla i comprensible. &nbsp; El tom\u00e0quet \u00e9s una hortalissa, una verdura o una fruita? Es tracta d&#8217;un producte natural? Tenen els mateixos nutrients unes varietats que [&hellip;]\" \/>\n<meta property=\"og:url\" content=\"https:\/\/elbullifoundation.com\/elbullistore\/ca\/product\/sapiens-del-tomate\/\" \/>\n<meta property=\"og:site_name\" content=\"elBullistore\" \/>\n<meta property=\"article:modified_time\" content=\"2024-09-11T11:00:08+00:00\" \/>\n<meta property=\"og:image\" content=\"https:\/\/elbullifoundation.com\/elbullistore\/wp-content\/uploads\/2020\/01\/01-portada_tomate_mockup.jpg\" \/>\n\t<meta property=\"og:image:width\" content=\"1000\" \/>\n\t<meta property=\"og:image:height\" content=\"720\" \/>\n\t<meta property=\"og:image:type\" content=\"image\/jpeg\" \/>\n<meta name=\"twitter:card\" content=\"summary_large_image\" \/>\n<meta name=\"twitter:label1\" content=\"Tiempo de lectura\" \/>\n\t<meta name=\"twitter:data1\" content=\"1 minuto\" \/>\n<script type=\"application\/ld+json\" class=\"yoast-schema-graph\">{\"@context\":\"https:\/\/schema.org\",\"@graph\":[{\"@type\":\"WebPage\",\"@id\":\"https:\/\/elbullifoundation.com\/elbullistore\/ca\/product\/sapiens-del-tomate\/\",\"url\":\"https:\/\/elbullifoundation.com\/elbullistore\/ca\/product\/sapiens-del-tomate\/\",\"name\":\"Sapiens del tomate - elBullistore\",\"isPartOf\":{\"@id\":\"https:\/\/elbullifoundation.com\/elbullistore\/#website\"},\"primaryImageOfPage\":{\"@id\":\"https:\/\/elbullifoundation.com\/elbullistore\/ca\/product\/sapiens-del-tomate\/#primaryimage\"},\"image\":{\"@id\":\"https:\/\/elbullifoundation.com\/elbullistore\/ca\/product\/sapiens-del-tomate\/#primaryimage\"},\"thumbnailUrl\":\"https:\/\/elbullifoundation.com\/elbullistore\/wp-content\/uploads\/2020\/01\/01-portada_tomate_mockup.jpg\",\"datePublished\":\"2023-07-20T11:25:06+00:00\",\"dateModified\":\"2024-09-11T11:00:08+00:00\",\"breadcrumb\":{\"@id\":\"https:\/\/elbullifoundation.com\/elbullistore\/ca\/product\/sapiens-del-tomate\/#breadcrumb\"},\"inLanguage\":\"es\",\"potentialAction\":[{\"@type\":\"ReadAction\",\"target\":[\"https:\/\/elbullifoundation.com\/elbullistore\/ca\/product\/sapiens-del-tomate\/\"]}]},{\"@type\":\"ImageObject\",\"inLanguage\":\"es\",\"@id\":\"https:\/\/elbullifoundation.com\/elbullistore\/ca\/product\/sapiens-del-tomate\/#primaryimage\",\"url\":\"https:\/\/elbullifoundation.com\/elbullistore\/wp-content\/uploads\/2020\/01\/01-portada_tomate_mockup.jpg\",\"contentUrl\":\"https:\/\/elbullifoundation.com\/elbullistore\/wp-content\/uploads\/2020\/01\/01-portada_tomate_mockup.jpg\",\"width\":1000,\"height\":720},{\"@type\":\"BreadcrumbList\",\"@id\":\"https:\/\/elbullifoundation.com\/elbullistore\/ca\/product\/sapiens-del-tomate\/#breadcrumb\",\"itemListElement\":[{\"@type\":\"ListItem\",\"position\":1,\"name\":\"Portada\",\"item\":\"https:\/\/elbullifoundation.com\/elbullistore\/\"},{\"@type\":\"ListItem\",\"position\":2,\"name\":\"Productos\",\"item\":\"https:\/\/elbullifoundation.com\/elbullistore\/shop\/\"},{\"@type\":\"ListItem\",\"position\":3,\"name\":\"Sapiens del tomate\"}]},{\"@type\":\"WebSite\",\"@id\":\"https:\/\/elbullifoundation.com\/elbullistore\/#website\",\"url\":\"https:\/\/elbullifoundation.com\/elbullistore\/\",\"name\":\"elBullistore\",\"description\":\"\",\"potentialAction\":[{\"@type\":\"SearchAction\",\"target\":{\"@type\":\"EntryPoint\",\"urlTemplate\":\"https:\/\/elbullifoundation.com\/elbullistore\/?s={search_term_string}\"},\"query-input\":{\"@type\":\"PropertyValueSpecification\",\"valueRequired\":true,\"valueName\":\"search_term_string\"}}],\"inLanguage\":\"es\"}]}<\/script>\n<!-- \/ Yoast SEO plugin. -->","yoast_head_json":{"title":"Sapiens del tomate - elBullistore","robots":{"index":"index","follow":"follow","max-snippet":"max-snippet:-1","max-image-preview":"max-image-preview:large","max-video-preview":"max-video-preview:-1"},"canonical":"https:\/\/elbullifoundation.com\/elbullistore\/ca\/product\/sapiens-del-tomate\/","og_locale":"es_ES","og_type":"article","og_title":"Sapiens del tomate - elBullistore","og_description":"Sapiens del tom\u00e0quet \u00e9s el primer llibre de Bullipedia especialitzat en un producte concret: el tom\u00e0quet. Aquesta apassionant obra respon preguntes de car\u00e0cter general, gastron\u00f2mic i cient\u00edfic d&#8217;una forma senzilla i comprensible. &nbsp; El tom\u00e0quet \u00e9s una hortalissa, una verdura o una fruita? Es tracta d&#8217;un producte natural? Tenen els mateixos nutrients unes varietats que [&hellip;]","og_url":"https:\/\/elbullifoundation.com\/elbullistore\/ca\/product\/sapiens-del-tomate\/","og_site_name":"elBullistore","article_modified_time":"2024-09-11T11:00:08+00:00","og_image":[{"width":1000,"height":720,"url":"https:\/\/elbullifoundation.com\/elbullistore\/wp-content\/uploads\/2020\/01\/01-portada_tomate_mockup.jpg","type":"image\/jpeg"}],"twitter_card":"summary_large_image","twitter_misc":{"Tiempo de lectura":"1 minuto"},"schema":{"@context":"https:\/\/schema.org","@graph":[{"@type":"WebPage","@id":"https:\/\/elbullifoundation.com\/elbullistore\/ca\/product\/sapiens-del-tomate\/","url":"https:\/\/elbullifoundation.com\/elbullistore\/ca\/product\/sapiens-del-tomate\/","name":"Sapiens del tomate - elBullistore","isPartOf":{"@id":"https:\/\/elbullifoundation.com\/elbullistore\/#website"},"primaryImageOfPage":{"@id":"https:\/\/elbullifoundation.com\/elbullistore\/ca\/product\/sapiens-del-tomate\/#primaryimage"},"image":{"@id":"https:\/\/elbullifoundation.com\/elbullistore\/ca\/product\/sapiens-del-tomate\/#primaryimage"},"thumbnailUrl":"https:\/\/elbullifoundation.com\/elbullistore\/wp-content\/uploads\/2020\/01\/01-portada_tomate_mockup.jpg","datePublished":"2023-07-20T11:25:06+00:00","dateModified":"2024-09-11T11:00:08+00:00","breadcrumb":{"@id":"https:\/\/elbullifoundation.com\/elbullistore\/ca\/product\/sapiens-del-tomate\/#breadcrumb"},"inLanguage":"es","potentialAction":[{"@type":"ReadAction","target":["https:\/\/elbullifoundation.com\/elbullistore\/ca\/product\/sapiens-del-tomate\/"]}]},{"@type":"ImageObject","inLanguage":"es","@id":"https:\/\/elbullifoundation.com\/elbullistore\/ca\/product\/sapiens-del-tomate\/#primaryimage","url":"https:\/\/elbullifoundation.com\/elbullistore\/wp-content\/uploads\/2020\/01\/01-portada_tomate_mockup.jpg","contentUrl":"https:\/\/elbullifoundation.com\/elbullistore\/wp-content\/uploads\/2020\/01\/01-portada_tomate_mockup.jpg","width":1000,"height":720},{"@type":"BreadcrumbList","@id":"https:\/\/elbullifoundation.com\/elbullistore\/ca\/product\/sapiens-del-tomate\/#breadcrumb","itemListElement":[{"@type":"ListItem","position":1,"name":"Portada","item":"https:\/\/elbullifoundation.com\/elbullistore\/"},{"@type":"ListItem","position":2,"name":"Productos","item":"https:\/\/elbullifoundation.com\/elbullistore\/shop\/"},{"@type":"ListItem","position":3,"name":"Sapiens del tomate"}]},{"@type":"WebSite","@id":"https:\/\/elbullifoundation.com\/elbullistore\/#website","url":"https:\/\/elbullifoundation.com\/elbullistore\/","name":"elBullistore","description":"","potentialAction":[{"@type":"SearchAction","target":{"@type":"EntryPoint","urlTemplate":"https:\/\/elbullifoundation.com\/elbullistore\/?s={search_term_string}"},"query-input":{"@type":"PropertyValueSpecification","valueRequired":true,"valueName":"search_term_string"}}],"inLanguage":"es"}]}},"lang":"ca","translations":{"ca":15887,"es":6163,"en":8958},"pll_sync_post":[],"_links":{"self":[{"href":"https:\/\/elbullifoundation.com\/elbullistore\/wp-json\/wp\/v2\/product\/15887","targetHints":{"allow":["GET"]}}],"collection":[{"href":"https:\/\/elbullifoundation.com\/elbullistore\/wp-json\/wp\/v2\/product"}],"about":[{"href":"https:\/\/elbullifoundation.com\/elbullistore\/wp-json\/wp\/v2\/types\/product"}],"replies":[{"embeddable":true,"href":"https:\/\/elbullifoundation.com\/elbullistore\/wp-json\/wp\/v2\/comments?post=15887"}],"wp:featuredmedia":[{"embeddable":true,"href":"https:\/\/elbullifoundation.com\/elbullistore\/wp-json\/wp\/v2\/media\/8266"}],"wp:attachment":[{"href":"https:\/\/elbullifoundation.com\/elbullistore\/wp-json\/wp\/v2\/media?parent=15887"}],"wp:term":[{"taxonomy":"product_brand","embeddable":true,"href":"https:\/\/elbullifoundation.com\/elbullistore\/wp-json\/wp\/v2\/product_brand?post=15887"},{"taxonomy":"product_cat","embeddable":true,"href":"https:\/\/elbullifoundation.com\/elbullistore\/wp-json\/wp\/v2\/product_cat?post=15887"},{"taxonomy":"product_tag","embeddable":true,"href":"https:\/\/elbullifoundation.com\/elbullistore\/wp-json\/wp\/v2\/product_tag?post=15887"}],"curies":[{"name":"wp","href":"https:\/\/api.w.org\/{rel}","templated":true}]}}