{"id":16871,"date":"2023-10-09T17:45:35","date_gmt":"2023-10-09T15:45:35","guid":{"rendered":"https:\/\/elbullifoundation.com\/elbullistore\/?post_type=product&#038;p=16871"},"modified":"2026-03-29T18:27:31","modified_gmt":"2026-03-29T16:27:31","slug":"postales-la-historia-de-elbulli","status":"publish","type":"product","link":"https:\/\/elbullifoundation.com\/elbullistore\/producto\/postales-la-historia-de-elbulli\/","title":{"rendered":"Postales La historia de elBulli"},"content":{"rendered":"<p>\u00bfBuscas una manera encantadora de expresar tus sentimientos o enviar un mensaje especial?<\/p>\n<p>&nbsp;<\/p>\n<p>Este pack incluye una colecci\u00f3n de 8 postales \u00fanicas, cada una con un dise\u00f1o cautivador que abarca desde el entorno de elBulli, hasta dibujos de Ferran Adri\u00e0, instalaciones art\u00edsticas como recuerdos antiguos. Cada postal es una joya por s\u00ed sola.<\/p>\n<p>&nbsp;<\/p>\n<ul>\n<li>Bulli-Bar. La actitud emprendedora del matrimonio Schilling, los llev\u00f3 a abrir un minigolf en 1961 y posteriormente un chiringuito llamado \u201cBulli-Bar\u201d.<\/li>\n<li>Piedra elBulli. El matrimonio Schilling eligi\u00f3 para el restaurante el nombre \u201cEl Bulli\u201d porque ten\u00edan perros de la raza bulldog franc\u00e9s, a los que coloquialmente llamaban \u201cbully\u201d.<\/li>\n<li>Cartel El Bulli Grill-Room. En 1965, con la construcci\u00f3n de una cocina y una terraza, naci\u00f3 El Bulli Grill-room Bar.<\/li>\n<li>Dibujos de Ferran Adri\u00e0. De recrear a crear: los inicios de la revoluci\u00f3n. En 1987 Ferran Adri\u00e0 comienza a dibujar su propio camino creativo con plena libertad.<\/li>\n<li>Imagen del skyline del atardecer elBulli1846. Un centro para salvaguardar el legado de elBullirestaurante donde reflexionar sobre innovaci\u00f3n y gastronom\u00eda.<\/li>\n<li>Instalaci\u00f3n dedicada a los Bullinianos, todas aquellas personas que pasaron por el restaurante y que comparten un mismo sentimiento.<\/li>\n<li>Comedor de elBulli1846. Una fotograf\u00eda del actual comedor que se encuentra en el interior del museo.<\/li>\n<li>Cala Montjoi y elBulli1846. Un centro para salvaguardar el legado de elBullirestaurante donde reflexionar sobre innovaci\u00f3n y gastronom\u00eda.<\/li>\n<\/ul>\n","protected":false},"excerpt":{"rendered":"<p>\u00bfBuscas una manera encantadora de expresar tus sentimientos o enviar un mensaje especial? &nbsp; Este pack incluye una colecci\u00f3n de 8 postales \u00fanicas, cada una con un dise\u00f1o cautivador que abarca desde el entorno de elBulli, hasta dibujos de Ferran Adri\u00e0, instalaciones art\u00edsticas como recuerdos antiguos. Cada postal es una joya por s\u00ed sola. &nbsp; [&hellip;]<\/p>\n","protected":false},"featured_media":16920,"comment_status":"closed","ping_status":"closed","template":"","meta":{"_acf_changed":false},"product_brand":[],"product_cat":[2601],"product_tag":[290,2800,2796,2721,2719,153,150,2798,2794],"class_list":{"0":"post-16871","1":"product","2":"type-product","3":"status-publish","4":"has-post-thumbnail","6":"product_cat-merchandising","7":"product_tag-el-bulli","8":"product_tag-el-bulli-restaurante","9":"product_tag-elbulli-historia-de-un-sueno","10":"product_tag-elbulli-museo","11":"product_tag-elbulli1846","12":"product_tag-elbullifoundation","13":"product_tag-ferran-adria","14":"product_tag-historia-de-elbulli","15":"product_tag-postales","17":"first","18":"instock","19":"taxable","20":"shipping-taxable","21":"purchasable","22":"product-type-simple"},"acf":[],"yoast_head":"<!-- This site is optimized with the Yoast SEO plugin v26.9 - https:\/\/yoast.com\/product\/yoast-seo-wordpress\/ -->\n<title>Postales La historia de elBulli - elBullistore<\/title>\n<meta name=\"description\" content=\"Postales La historia de elBulli. Pack de 8 postales, desde el entorno de elBulli, dibujos de Ferran Adri\u00e0, instalaciones art\u00edsticas como recuerdos antiguos.\" \/>\n<meta name=\"robots\" content=\"index, follow, max-snippet:-1, max-image-preview:large, max-video-preview:-1\" \/>\n<link rel=\"canonical\" href=\"https:\/\/elbullifoundation.com\/elbullistore\/producto\/postales-la-historia-de-elbulli\/\" \/>\n<meta property=\"og:locale\" content=\"es_ES\" \/>\n<meta property=\"og:type\" content=\"article\" \/>\n<meta property=\"og:title\" content=\"Postales La historia de elBulli - elBullistore\" \/>\n<meta property=\"og:description\" content=\"Postales La historia de elBulli. Pack de 8 postales, desde el entorno de elBulli, dibujos de Ferran Adri\u00e0, instalaciones art\u00edsticas como recuerdos antiguos.\" \/>\n<meta property=\"og:url\" content=\"https:\/\/elbullifoundation.com\/elbullistore\/producto\/postales-la-historia-de-elbulli\/\" \/>\n<meta property=\"og:site_name\" content=\"elBullistore\" \/>\n<meta property=\"article:modified_time\" content=\"2026-03-29T16:27:31+00:00\" \/>\n<meta property=\"og:image\" content=\"https:\/\/elbullifoundation.com\/elbullistore\/wp-content\/uploads\/2023\/10\/postal6.png\" \/>\n\t<meta property=\"og:image:width\" content=\"1097\" \/>\n\t<meta property=\"og:image:height\" content=\"1097\" \/>\n\t<meta property=\"og:image:type\" content=\"image\/png\" \/>\n<meta name=\"twitter:card\" content=\"summary_large_image\" \/>\n<meta name=\"twitter:label1\" content=\"Tiempo de lectura\" \/>\n\t<meta name=\"twitter:data1\" content=\"2 minutos\" \/>\n<script type=\"application\/ld+json\" class=\"yoast-schema-graph\">{\"@context\":\"https:\/\/schema.org\",\"@graph\":[{\"@type\":\"WebPage\",\"@id\":\"https:\/\/elbullifoundation.com\/elbullistore\/producto\/postales-la-historia-de-elbulli\/\",\"url\":\"https:\/\/elbullifoundation.com\/elbullistore\/producto\/postales-la-historia-de-elbulli\/\",\"name\":\"Postales La historia de elBulli - elBullistore\",\"isPartOf\":{\"@id\":\"https:\/\/elbullifoundation.com\/elbullistore\/#website\"},\"primaryImageOfPage\":{\"@id\":\"https:\/\/elbullifoundation.com\/elbullistore\/producto\/postales-la-historia-de-elbulli\/#primaryimage\"},\"image\":{\"@id\":\"https:\/\/elbullifoundation.com\/elbullistore\/producto\/postales-la-historia-de-elbulli\/#primaryimage\"},\"thumbnailUrl\":\"https:\/\/elbullifoundation.com\/elbullistore\/wp-content\/uploads\/2023\/10\/postal6.png\",\"datePublished\":\"2023-10-09T15:45:35+00:00\",\"dateModified\":\"2026-03-29T16:27:31+00:00\",\"description\":\"Postales La historia de elBulli. Pack de 8 postales, desde el entorno de elBulli, dibujos de Ferran Adri\u00e0, instalaciones art\u00edsticas como recuerdos antiguos.\",\"breadcrumb\":{\"@id\":\"https:\/\/elbullifoundation.com\/elbullistore\/producto\/postales-la-historia-de-elbulli\/#breadcrumb\"},\"inLanguage\":\"es\",\"potentialAction\":[{\"@type\":\"ReadAction\",\"target\":[\"https:\/\/elbullifoundation.com\/elbullistore\/producto\/postales-la-historia-de-elbulli\/\"]}]},{\"@type\":\"ImageObject\",\"inLanguage\":\"es\",\"@id\":\"https:\/\/elbullifoundation.com\/elbullistore\/producto\/postales-la-historia-de-elbulli\/#primaryimage\",\"url\":\"https:\/\/elbullifoundation.com\/elbullistore\/wp-content\/uploads\/2023\/10\/postal6.png\",\"contentUrl\":\"https:\/\/elbullifoundation.com\/elbullistore\/wp-content\/uploads\/2023\/10\/postal6.png\",\"width\":1097,\"height\":1097,\"caption\":\"\uf0d8 Dibujos de Ferran Adri\u00e0. De recrear a crear: los inicios de la revoluci\u00f3n. En 1987 Ferran Adri\u00e0 comienza a dibujar su propio camino creativo con plena libertad.\"},{\"@type\":\"BreadcrumbList\",\"@id\":\"https:\/\/elbullifoundation.com\/elbullistore\/producto\/postales-la-historia-de-elbulli\/#breadcrumb\",\"itemListElement\":[{\"@type\":\"ListItem\",\"position\":1,\"name\":\"Portada\",\"item\":\"https:\/\/elbullifoundation.com\/elbullistore\/\"},{\"@type\":\"ListItem\",\"position\":2,\"name\":\"Productos\",\"item\":\"https:\/\/elbullifoundation.com\/elbullistore\/shop\/\"},{\"@type\":\"ListItem\",\"position\":3,\"name\":\"Postales La historia de elBulli\"}]},{\"@type\":\"WebSite\",\"@id\":\"https:\/\/elbullifoundation.com\/elbullistore\/#website\",\"url\":\"https:\/\/elbullifoundation.com\/elbullistore\/\",\"name\":\"elBullistore\",\"description\":\"\",\"potentialAction\":[{\"@type\":\"SearchAction\",\"target\":{\"@type\":\"EntryPoint\",\"urlTemplate\":\"https:\/\/elbullifoundation.com\/elbullistore\/?s={search_term_string}\"},\"query-input\":{\"@type\":\"PropertyValueSpecification\",\"valueRequired\":true,\"valueName\":\"search_term_string\"}}],\"inLanguage\":\"es\"}]}<\/script>\n<!-- \/ Yoast SEO plugin. -->","yoast_head_json":{"title":"Postales La historia de elBulli - elBullistore","description":"Postales La historia de elBulli. Pack de 8 postales, desde el entorno de elBulli, dibujos de Ferran Adri\u00e0, instalaciones art\u00edsticas como recuerdos antiguos.","robots":{"index":"index","follow":"follow","max-snippet":"max-snippet:-1","max-image-preview":"max-image-preview:large","max-video-preview":"max-video-preview:-1"},"canonical":"https:\/\/elbullifoundation.com\/elbullistore\/producto\/postales-la-historia-de-elbulli\/","og_locale":"es_ES","og_type":"article","og_title":"Postales La historia de elBulli - elBullistore","og_description":"Postales La historia de elBulli. Pack de 8 postales, desde el entorno de elBulli, dibujos de Ferran Adri\u00e0, instalaciones art\u00edsticas como recuerdos antiguos.","og_url":"https:\/\/elbullifoundation.com\/elbullistore\/producto\/postales-la-historia-de-elbulli\/","og_site_name":"elBullistore","article_modified_time":"2026-03-29T16:27:31+00:00","og_image":[{"width":1097,"height":1097,"url":"https:\/\/elbullifoundation.com\/elbullistore\/wp-content\/uploads\/2023\/10\/postal6.png","type":"image\/png"}],"twitter_card":"summary_large_image","twitter_misc":{"Tiempo de lectura":"2 minutos"},"schema":{"@context":"https:\/\/schema.org","@graph":[{"@type":"WebPage","@id":"https:\/\/elbullifoundation.com\/elbullistore\/producto\/postales-la-historia-de-elbulli\/","url":"https:\/\/elbullifoundation.com\/elbullistore\/producto\/postales-la-historia-de-elbulli\/","name":"Postales La historia de elBulli - elBullistore","isPartOf":{"@id":"https:\/\/elbullifoundation.com\/elbullistore\/#website"},"primaryImageOfPage":{"@id":"https:\/\/elbullifoundation.com\/elbullistore\/producto\/postales-la-historia-de-elbulli\/#primaryimage"},"image":{"@id":"https:\/\/elbullifoundation.com\/elbullistore\/producto\/postales-la-historia-de-elbulli\/#primaryimage"},"thumbnailUrl":"https:\/\/elbullifoundation.com\/elbullistore\/wp-content\/uploads\/2023\/10\/postal6.png","datePublished":"2023-10-09T15:45:35+00:00","dateModified":"2026-03-29T16:27:31+00:00","description":"Postales La historia de elBulli. Pack de 8 postales, desde el entorno de elBulli, dibujos de Ferran Adri\u00e0, instalaciones art\u00edsticas como recuerdos antiguos.","breadcrumb":{"@id":"https:\/\/elbullifoundation.com\/elbullistore\/producto\/postales-la-historia-de-elbulli\/#breadcrumb"},"inLanguage":"es","potentialAction":[{"@type":"ReadAction","target":["https:\/\/elbullifoundation.com\/elbullistore\/producto\/postales-la-historia-de-elbulli\/"]}]},{"@type":"ImageObject","inLanguage":"es","@id":"https:\/\/elbullifoundation.com\/elbullistore\/producto\/postales-la-historia-de-elbulli\/#primaryimage","url":"https:\/\/elbullifoundation.com\/elbullistore\/wp-content\/uploads\/2023\/10\/postal6.png","contentUrl":"https:\/\/elbullifoundation.com\/elbullistore\/wp-content\/uploads\/2023\/10\/postal6.png","width":1097,"height":1097,"caption":"\uf0d8 Dibujos de Ferran Adri\u00e0. De recrear a crear: los inicios de la revoluci\u00f3n. En 1987 Ferran Adri\u00e0 comienza a dibujar su propio camino creativo con plena libertad."},{"@type":"BreadcrumbList","@id":"https:\/\/elbullifoundation.com\/elbullistore\/producto\/postales-la-historia-de-elbulli\/#breadcrumb","itemListElement":[{"@type":"ListItem","position":1,"name":"Portada","item":"https:\/\/elbullifoundation.com\/elbullistore\/"},{"@type":"ListItem","position":2,"name":"Productos","item":"https:\/\/elbullifoundation.com\/elbullistore\/shop\/"},{"@type":"ListItem","position":3,"name":"Postales La historia de elBulli"}]},{"@type":"WebSite","@id":"https:\/\/elbullifoundation.com\/elbullistore\/#website","url":"https:\/\/elbullifoundation.com\/elbullistore\/","name":"elBullistore","description":"","potentialAction":[{"@type":"SearchAction","target":{"@type":"EntryPoint","urlTemplate":"https:\/\/elbullifoundation.com\/elbullistore\/?s={search_term_string}"},"query-input":{"@type":"PropertyValueSpecification","valueRequired":true,"valueName":"search_term_string"}}],"inLanguage":"es"}]}},"lang":"es","translations":{"es":16871,"en":16967,"ca":16968},"pll_sync_post":[],"_links":{"self":[{"href":"https:\/\/elbullifoundation.com\/elbullistore\/wp-json\/wp\/v2\/product\/16871","targetHints":{"allow":["GET"]}}],"collection":[{"href":"https:\/\/elbullifoundation.com\/elbullistore\/wp-json\/wp\/v2\/product"}],"about":[{"href":"https:\/\/elbullifoundation.com\/elbullistore\/wp-json\/wp\/v2\/types\/product"}],"replies":[{"embeddable":true,"href":"https:\/\/elbullifoundation.com\/elbullistore\/wp-json\/wp\/v2\/comments?post=16871"}],"wp:featuredmedia":[{"embeddable":true,"href":"https:\/\/elbullifoundation.com\/elbullistore\/wp-json\/wp\/v2\/media\/16920"}],"wp:attachment":[{"href":"https:\/\/elbullifoundation.com\/elbullistore\/wp-json\/wp\/v2\/media?parent=16871"}],"wp:term":[{"taxonomy":"product_brand","embeddable":true,"href":"https:\/\/elbullifoundation.com\/elbullistore\/wp-json\/wp\/v2\/product_brand?post=16871"},{"taxonomy":"product_cat","embeddable":true,"href":"https:\/\/elbullifoundation.com\/elbullistore\/wp-json\/wp\/v2\/product_cat?post=16871"},{"taxonomy":"product_tag","embeddable":true,"href":"https:\/\/elbullifoundation.com\/elbullistore\/wp-json\/wp\/v2\/product_tag?post=16871"}],"curies":[{"name":"wp","href":"https:\/\/api.w.org\/{rel}","templated":true}]}}