{"id":16975,"date":"2023-10-24T18:02:06","date_gmt":"2023-10-24T16:02:06","guid":{"rendered":"https:\/\/elbullifoundation.com\/elbullistore\/?post_type=product&#038;p=16975"},"modified":"2026-02-16T11:35:04","modified_gmt":"2026-02-16T10:35:04","slug":"tote-bag","status":"publish","type":"product","link":"https:\/\/elbullifoundation.com\/elbullistore\/producto\/tote-bag\/","title":{"rendered":"Tote Bag Crear es no copiar"},"content":{"rendered":"<p>Bolsa estilo Tote Bag 100% algod\u00f3n. Dise\u00f1ada para la fusi\u00f3n perfecta entre moda y responsabilidad ambiental. Un accesorio con un tejido especial resistente al peso con punto de cruz en las asas para mayor resistencia y duraci\u00f3n.<\/p>\n","protected":false},"excerpt":{"rendered":"<p>Bolsa estilo Tote Bag 100% algod\u00f3n. Dise\u00f1ada para la fusi\u00f3n perfecta entre moda y responsabilidad ambiental. Un accesorio con un tejido especial resistente al peso con punto de cruz en las asas para mayor resistencia y duraci\u00f3n.<\/p>\n","protected":false},"featured_media":17223,"comment_status":"closed","ping_status":"closed","template":"","meta":{"_acf_changed":false},"product_brand":[],"product_cat":[2601],"product_tag":[2788,2786,290,152,2721,2719,153,150,2717],"class_list":{"0":"post-16975","1":"product","2":"type-product","3":"status-publish","4":"has-post-thumbnail","6":"product_cat-merchandising","7":"product_tag-bolsa","8":"product_tag-crear-es-no-copiar","9":"product_tag-el-bulli","10":"product_tag-elbulli","11":"product_tag-elbulli-museo","12":"product_tag-elbulli1846","13":"product_tag-elbullifoundation","14":"product_tag-ferran-adria","15":"product_tag-tote-bag","17":"first","18":"instock","19":"taxable","20":"shipping-taxable","21":"purchasable","22":"product-type-simple"},"acf":[],"yoast_head":"<!-- This site is optimized with the Yoast SEO plugin v26.9 - https:\/\/yoast.com\/product\/yoast-seo-wordpress\/ -->\n<title>Tote Bag Crear es no copiar - elBullistore<\/title>\n<meta name=\"description\" content=\"Tote Bag Crear es no copiar. Bolsa estilo Tote Bag 100% algod\u00f3n. Dise\u00f1ada con la famosa frase Crear es no copiar que a Ferran Adri\u00e0 le impacto tanto.\" \/>\n<meta name=\"robots\" content=\"index, follow, max-snippet:-1, max-image-preview:large, max-video-preview:-1\" \/>\n<link rel=\"canonical\" href=\"https:\/\/elbullifoundation.com\/elbullistore\/producto\/tote-bag\/\" \/>\n<meta property=\"og:locale\" content=\"es_ES\" \/>\n<meta property=\"og:type\" content=\"article\" \/>\n<meta property=\"og:title\" content=\"Tote Bag Crear es no copiar - elBullistore\" \/>\n<meta property=\"og:description\" content=\"Tote Bag Crear es no copiar. Bolsa estilo Tote Bag 100% algod\u00f3n. Dise\u00f1ada con la famosa frase Crear es no copiar que a Ferran Adri\u00e0 le impacto tanto.\" \/>\n<meta property=\"og:url\" content=\"https:\/\/elbullifoundation.com\/elbullistore\/producto\/tote-bag\/\" \/>\n<meta property=\"og:site_name\" content=\"elBullistore\" \/>\n<meta property=\"article:modified_time\" content=\"2026-02-16T10:35:04+00:00\" \/>\n<meta property=\"og:image\" content=\"https:\/\/elbullifoundation.com\/elbullistore\/wp-content\/uploads\/2023\/10\/bossa.jpg\" \/>\n\t<meta property=\"og:image:width\" content=\"1100\" \/>\n\t<meta property=\"og:image:height\" content=\"1100\" \/>\n\t<meta property=\"og:image:type\" content=\"image\/jpeg\" \/>\n<meta name=\"twitter:card\" content=\"summary_large_image\" \/>\n<meta name=\"twitter:label1\" content=\"Tiempo de lectura\" \/>\n\t<meta name=\"twitter:data1\" content=\"1 minuto\" \/>\n<script type=\"application\/ld+json\" class=\"yoast-schema-graph\">{\"@context\":\"https:\/\/schema.org\",\"@graph\":[{\"@type\":\"WebPage\",\"@id\":\"https:\/\/elbullifoundation.com\/elbullistore\/producto\/tote-bag\/\",\"url\":\"https:\/\/elbullifoundation.com\/elbullistore\/producto\/tote-bag\/\",\"name\":\"Tote Bag Crear es no copiar - elBullistore\",\"isPartOf\":{\"@id\":\"https:\/\/elbullifoundation.com\/elbullistore\/#website\"},\"primaryImageOfPage\":{\"@id\":\"https:\/\/elbullifoundation.com\/elbullistore\/producto\/tote-bag\/#primaryimage\"},\"image\":{\"@id\":\"https:\/\/elbullifoundation.com\/elbullistore\/producto\/tote-bag\/#primaryimage\"},\"thumbnailUrl\":\"https:\/\/elbullifoundation.com\/elbullistore\/wp-content\/uploads\/2023\/10\/bossa.jpg\",\"datePublished\":\"2023-10-24T16:02:06+00:00\",\"dateModified\":\"2026-02-16T10:35:04+00:00\",\"description\":\"Tote Bag Crear es no copiar. Bolsa estilo Tote Bag 100% algod\u00f3n. Dise\u00f1ada con la famosa frase Crear es no copiar que a Ferran Adri\u00e0 le impacto tanto.\",\"breadcrumb\":{\"@id\":\"https:\/\/elbullifoundation.com\/elbullistore\/producto\/tote-bag\/#breadcrumb\"},\"inLanguage\":\"es\",\"potentialAction\":[{\"@type\":\"ReadAction\",\"target\":[\"https:\/\/elbullifoundation.com\/elbullistore\/producto\/tote-bag\/\"]}]},{\"@type\":\"ImageObject\",\"inLanguage\":\"es\",\"@id\":\"https:\/\/elbullifoundation.com\/elbullistore\/producto\/tote-bag\/#primaryimage\",\"url\":\"https:\/\/elbullifoundation.com\/elbullistore\/wp-content\/uploads\/2023\/10\/bossa.jpg\",\"contentUrl\":\"https:\/\/elbullifoundation.com\/elbullistore\/wp-content\/uploads\/2023\/10\/bossa.jpg\",\"width\":1100,\"height\":1100,\"caption\":\"Tote Bag Crear es no copiar\"},{\"@type\":\"BreadcrumbList\",\"@id\":\"https:\/\/elbullifoundation.com\/elbullistore\/producto\/tote-bag\/#breadcrumb\",\"itemListElement\":[{\"@type\":\"ListItem\",\"position\":1,\"name\":\"Portada\",\"item\":\"https:\/\/elbullifoundation.com\/elbullistore\/\"},{\"@type\":\"ListItem\",\"position\":2,\"name\":\"Productos\",\"item\":\"https:\/\/elbullifoundation.com\/elbullistore\/shop\/\"},{\"@type\":\"ListItem\",\"position\":3,\"name\":\"Tote Bag Crear es no copiar\"}]},{\"@type\":\"WebSite\",\"@id\":\"https:\/\/elbullifoundation.com\/elbullistore\/#website\",\"url\":\"https:\/\/elbullifoundation.com\/elbullistore\/\",\"name\":\"elBullistore\",\"description\":\"\",\"potentialAction\":[{\"@type\":\"SearchAction\",\"target\":{\"@type\":\"EntryPoint\",\"urlTemplate\":\"https:\/\/elbullifoundation.com\/elbullistore\/?s={search_term_string}\"},\"query-input\":{\"@type\":\"PropertyValueSpecification\",\"valueRequired\":true,\"valueName\":\"search_term_string\"}}],\"inLanguage\":\"es\"}]}<\/script>\n<!-- \/ Yoast SEO plugin. -->","yoast_head_json":{"title":"Tote Bag Crear es no copiar - elBullistore","description":"Tote Bag Crear es no copiar. Bolsa estilo Tote Bag 100% algod\u00f3n. Dise\u00f1ada con la famosa frase Crear es no copiar que a Ferran Adri\u00e0 le impacto tanto.","robots":{"index":"index","follow":"follow","max-snippet":"max-snippet:-1","max-image-preview":"max-image-preview:large","max-video-preview":"max-video-preview:-1"},"canonical":"https:\/\/elbullifoundation.com\/elbullistore\/producto\/tote-bag\/","og_locale":"es_ES","og_type":"article","og_title":"Tote Bag Crear es no copiar - elBullistore","og_description":"Tote Bag Crear es no copiar. Bolsa estilo Tote Bag 100% algod\u00f3n. Dise\u00f1ada con la famosa frase Crear es no copiar que a Ferran Adri\u00e0 le impacto tanto.","og_url":"https:\/\/elbullifoundation.com\/elbullistore\/producto\/tote-bag\/","og_site_name":"elBullistore","article_modified_time":"2026-02-16T10:35:04+00:00","og_image":[{"width":1100,"height":1100,"url":"https:\/\/elbullifoundation.com\/elbullistore\/wp-content\/uploads\/2023\/10\/bossa.jpg","type":"image\/jpeg"}],"twitter_card":"summary_large_image","twitter_misc":{"Tiempo de lectura":"1 minuto"},"schema":{"@context":"https:\/\/schema.org","@graph":[{"@type":"WebPage","@id":"https:\/\/elbullifoundation.com\/elbullistore\/producto\/tote-bag\/","url":"https:\/\/elbullifoundation.com\/elbullistore\/producto\/tote-bag\/","name":"Tote Bag Crear es no copiar - elBullistore","isPartOf":{"@id":"https:\/\/elbullifoundation.com\/elbullistore\/#website"},"primaryImageOfPage":{"@id":"https:\/\/elbullifoundation.com\/elbullistore\/producto\/tote-bag\/#primaryimage"},"image":{"@id":"https:\/\/elbullifoundation.com\/elbullistore\/producto\/tote-bag\/#primaryimage"},"thumbnailUrl":"https:\/\/elbullifoundation.com\/elbullistore\/wp-content\/uploads\/2023\/10\/bossa.jpg","datePublished":"2023-10-24T16:02:06+00:00","dateModified":"2026-02-16T10:35:04+00:00","description":"Tote Bag Crear es no copiar. Bolsa estilo Tote Bag 100% algod\u00f3n. Dise\u00f1ada con la famosa frase Crear es no copiar que a Ferran Adri\u00e0 le impacto tanto.","breadcrumb":{"@id":"https:\/\/elbullifoundation.com\/elbullistore\/producto\/tote-bag\/#breadcrumb"},"inLanguage":"es","potentialAction":[{"@type":"ReadAction","target":["https:\/\/elbullifoundation.com\/elbullistore\/producto\/tote-bag\/"]}]},{"@type":"ImageObject","inLanguage":"es","@id":"https:\/\/elbullifoundation.com\/elbullistore\/producto\/tote-bag\/#primaryimage","url":"https:\/\/elbullifoundation.com\/elbullistore\/wp-content\/uploads\/2023\/10\/bossa.jpg","contentUrl":"https:\/\/elbullifoundation.com\/elbullistore\/wp-content\/uploads\/2023\/10\/bossa.jpg","width":1100,"height":1100,"caption":"Tote Bag Crear es no copiar"},{"@type":"BreadcrumbList","@id":"https:\/\/elbullifoundation.com\/elbullistore\/producto\/tote-bag\/#breadcrumb","itemListElement":[{"@type":"ListItem","position":1,"name":"Portada","item":"https:\/\/elbullifoundation.com\/elbullistore\/"},{"@type":"ListItem","position":2,"name":"Productos","item":"https:\/\/elbullifoundation.com\/elbullistore\/shop\/"},{"@type":"ListItem","position":3,"name":"Tote Bag Crear es no copiar"}]},{"@type":"WebSite","@id":"https:\/\/elbullifoundation.com\/elbullistore\/#website","url":"https:\/\/elbullifoundation.com\/elbullistore\/","name":"elBullistore","description":"","potentialAction":[{"@type":"SearchAction","target":{"@type":"EntryPoint","urlTemplate":"https:\/\/elbullifoundation.com\/elbullistore\/?s={search_term_string}"},"query-input":{"@type":"PropertyValueSpecification","valueRequired":true,"valueName":"search_term_string"}}],"inLanguage":"es"}]}},"lang":"es","translations":{"es":16975,"ca":16989,"en":16991},"pll_sync_post":[],"_links":{"self":[{"href":"https:\/\/elbullifoundation.com\/elbullistore\/wp-json\/wp\/v2\/product\/16975","targetHints":{"allow":["GET"]}}],"collection":[{"href":"https:\/\/elbullifoundation.com\/elbullistore\/wp-json\/wp\/v2\/product"}],"about":[{"href":"https:\/\/elbullifoundation.com\/elbullistore\/wp-json\/wp\/v2\/types\/product"}],"replies":[{"embeddable":true,"href":"https:\/\/elbullifoundation.com\/elbullistore\/wp-json\/wp\/v2\/comments?post=16975"}],"wp:featuredmedia":[{"embeddable":true,"href":"https:\/\/elbullifoundation.com\/elbullistore\/wp-json\/wp\/v2\/media\/17223"}],"wp:attachment":[{"href":"https:\/\/elbullifoundation.com\/elbullistore\/wp-json\/wp\/v2\/media?parent=16975"}],"wp:term":[{"taxonomy":"product_brand","embeddable":true,"href":"https:\/\/elbullifoundation.com\/elbullistore\/wp-json\/wp\/v2\/product_brand?post=16975"},{"taxonomy":"product_cat","embeddable":true,"href":"https:\/\/elbullifoundation.com\/elbullistore\/wp-json\/wp\/v2\/product_cat?post=16975"},{"taxonomy":"product_tag","embeddable":true,"href":"https:\/\/elbullifoundation.com\/elbullistore\/wp-json\/wp\/v2\/product_tag?post=16975"}],"curies":[{"name":"wp","href":"https:\/\/api.w.org\/{rel}","templated":true}]}}