{"id":17048,"date":"2023-10-25T17:18:52","date_gmt":"2023-10-25T15:18:52","guid":{"rendered":"https:\/\/elbullifoundation.com\/elbullistore\/?post_type=product&#038;p=17048"},"modified":"2026-03-30T11:04:26","modified_gmt":"2026-03-30T09:04:26","slug":"llavero-bully","status":"publish","type":"product","link":"https:\/\/elbullifoundation.com\/elbullistore\/ca\/product\/llavero-bully\/","title":{"rendered":"Clauer elBulli"},"content":{"rendered":"<p>Clauer de metacrilat.<\/p>\n<p>Aquest clauer est\u00e0 inspirat en l&#8217;antiga pedra que es trobava just en l&#8217;entrada del restaurant. Aquesta pedra ha estat recuperada i s&#8217;exhibeix avui en el museu en la zona de la terrassa.<\/p>\n<p>El matrimoni Schilling va triar per al restaurant el nom \u201celBulli\u201d perqu\u00e8 tenien gossos de la ra\u00e7a buldog franc\u00e8s, als quals col\u00b7loquialment cridaven \u201cbully\u201d.<\/p>\n","protected":false},"excerpt":{"rendered":"<p>Clauer de metacrilat. Aquest clauer est\u00e0 inspirat en l&#8217;antiga pedra que es trobava just en l&#8217;entrada del restaurant. Aquesta pedra ha estat recuperada i s&#8217;exhibeix avui en el museu en la zona de la terrassa. El matrimoni Schilling va triar per al restaurant el nom \u201celBulli\u201d perqu\u00e8 tenien gossos de la ra\u00e7a buldog franc\u00e8s, als [&hellip;]<\/p>\n","protected":false},"featured_media":17221,"comment_status":"closed","ping_status":"closed","template":"","meta":{"_acf_changed":false},"product_brand":[],"product_cat":[2629],"product_tag":[2971,184,233,2974,2762],"class_list":{"0":"post-17048","1":"product","2":"type-product","3":"status-publish","4":"has-post-thumbnail","6":"product_cat-merchandising","7":"product_tag-el-bulli-ca","8":"product_tag-elbullifoundation-ca","9":"product_tag-elbullistore-ca","11":"product_tag-merchandaising","13":"first","14":"instock","15":"taxable","16":"shipping-taxable","17":"purchasable","18":"product-type-simple"},"acf":[],"yoast_head":"<!-- This site is optimized with the Yoast SEO plugin v26.9 - https:\/\/yoast.com\/product\/yoast-seo-wordpress\/ -->\n<title>Clauer elBulli - elBullistore<\/title>\n<meta name=\"robots\" content=\"index, follow, max-snippet:-1, max-image-preview:large, max-video-preview:-1\" \/>\n<link rel=\"canonical\" href=\"https:\/\/elbullifoundation.com\/elbullistore\/ca\/product\/llavero-bully\/\" \/>\n<meta property=\"og:locale\" content=\"es_ES\" \/>\n<meta property=\"og:type\" content=\"article\" \/>\n<meta property=\"og:title\" content=\"Clauer elBulli - elBullistore\" \/>\n<meta property=\"og:description\" content=\"Clauer de metacrilat. Aquest clauer est\u00e0 inspirat en l&#8217;antiga pedra que es trobava just en l&#8217;entrada del restaurant. Aquesta pedra ha estat recuperada i s&#8217;exhibeix avui en el museu en la zona de la terrassa. El matrimoni Schilling va triar per al restaurant el nom \u201celBulli\u201d perqu\u00e8 tenien gossos de la ra\u00e7a buldog franc\u00e8s, als [&hellip;]\" \/>\n<meta property=\"og:url\" content=\"https:\/\/elbullifoundation.com\/elbullistore\/ca\/product\/llavero-bully\/\" \/>\n<meta property=\"og:site_name\" content=\"elBullistore\" \/>\n<meta property=\"article:modified_time\" content=\"2026-03-30T09:04:26+00:00\" \/>\n<meta property=\"og:image\" content=\"https:\/\/elbullifoundation.com\/elbullistore\/wp-content\/uploads\/2023\/10\/clauer-1.jpg\" \/>\n\t<meta property=\"og:image:width\" content=\"1100\" \/>\n\t<meta property=\"og:image:height\" content=\"1100\" \/>\n\t<meta property=\"og:image:type\" content=\"image\/jpeg\" \/>\n<meta name=\"twitter:card\" content=\"summary_large_image\" \/>\n<meta name=\"twitter:label1\" content=\"Tiempo de lectura\" \/>\n\t<meta name=\"twitter:data1\" content=\"1 minuto\" \/>\n<script type=\"application\/ld+json\" class=\"yoast-schema-graph\">{\"@context\":\"https:\/\/schema.org\",\"@graph\":[{\"@type\":\"WebPage\",\"@id\":\"https:\/\/elbullifoundation.com\/elbullistore\/ca\/product\/llavero-bully\/\",\"url\":\"https:\/\/elbullifoundation.com\/elbullistore\/ca\/product\/llavero-bully\/\",\"name\":\"Clauer elBulli - elBullistore\",\"isPartOf\":{\"@id\":\"https:\/\/elbullifoundation.com\/elbullistore\/#website\"},\"primaryImageOfPage\":{\"@id\":\"https:\/\/elbullifoundation.com\/elbullistore\/ca\/product\/llavero-bully\/#primaryimage\"},\"image\":{\"@id\":\"https:\/\/elbullifoundation.com\/elbullistore\/ca\/product\/llavero-bully\/#primaryimage\"},\"thumbnailUrl\":\"https:\/\/elbullifoundation.com\/elbullistore\/wp-content\/uploads\/2023\/10\/clauer-1.jpg\",\"datePublished\":\"2023-10-25T15:18:52+00:00\",\"dateModified\":\"2026-03-30T09:04:26+00:00\",\"breadcrumb\":{\"@id\":\"https:\/\/elbullifoundation.com\/elbullistore\/ca\/product\/llavero-bully\/#breadcrumb\"},\"inLanguage\":\"es\",\"potentialAction\":[{\"@type\":\"ReadAction\",\"target\":[\"https:\/\/elbullifoundation.com\/elbullistore\/ca\/product\/llavero-bully\/\"]}]},{\"@type\":\"ImageObject\",\"inLanguage\":\"es\",\"@id\":\"https:\/\/elbullifoundation.com\/elbullistore\/ca\/product\/llavero-bully\/#primaryimage\",\"url\":\"https:\/\/elbullifoundation.com\/elbullistore\/wp-content\/uploads\/2023\/10\/clauer-1.jpg\",\"contentUrl\":\"https:\/\/elbullifoundation.com\/elbullistore\/wp-content\/uploads\/2023\/10\/clauer-1.jpg\",\"width\":1100,\"height\":1100},{\"@type\":\"BreadcrumbList\",\"@id\":\"https:\/\/elbullifoundation.com\/elbullistore\/ca\/product\/llavero-bully\/#breadcrumb\",\"itemListElement\":[{\"@type\":\"ListItem\",\"position\":1,\"name\":\"Portada\",\"item\":\"https:\/\/elbullifoundation.com\/elbullistore\/\"},{\"@type\":\"ListItem\",\"position\":2,\"name\":\"Productos\",\"item\":\"https:\/\/elbullifoundation.com\/elbullistore\/shop\/\"},{\"@type\":\"ListItem\",\"position\":3,\"name\":\"Clauer elBulli\"}]},{\"@type\":\"WebSite\",\"@id\":\"https:\/\/elbullifoundation.com\/elbullistore\/#website\",\"url\":\"https:\/\/elbullifoundation.com\/elbullistore\/\",\"name\":\"elBullistore\",\"description\":\"\",\"potentialAction\":[{\"@type\":\"SearchAction\",\"target\":{\"@type\":\"EntryPoint\",\"urlTemplate\":\"https:\/\/elbullifoundation.com\/elbullistore\/?s={search_term_string}\"},\"query-input\":{\"@type\":\"PropertyValueSpecification\",\"valueRequired\":true,\"valueName\":\"search_term_string\"}}],\"inLanguage\":\"es\"}]}<\/script>\n<!-- \/ Yoast SEO plugin. -->","yoast_head_json":{"title":"Clauer elBulli - elBullistore","robots":{"index":"index","follow":"follow","max-snippet":"max-snippet:-1","max-image-preview":"max-image-preview:large","max-video-preview":"max-video-preview:-1"},"canonical":"https:\/\/elbullifoundation.com\/elbullistore\/ca\/product\/llavero-bully\/","og_locale":"es_ES","og_type":"article","og_title":"Clauer elBulli - elBullistore","og_description":"Clauer de metacrilat. Aquest clauer est\u00e0 inspirat en l&#8217;antiga pedra que es trobava just en l&#8217;entrada del restaurant. Aquesta pedra ha estat recuperada i s&#8217;exhibeix avui en el museu en la zona de la terrassa. El matrimoni Schilling va triar per al restaurant el nom \u201celBulli\u201d perqu\u00e8 tenien gossos de la ra\u00e7a buldog franc\u00e8s, als [&hellip;]","og_url":"https:\/\/elbullifoundation.com\/elbullistore\/ca\/product\/llavero-bully\/","og_site_name":"elBullistore","article_modified_time":"2026-03-30T09:04:26+00:00","og_image":[{"width":1100,"height":1100,"url":"https:\/\/elbullifoundation.com\/elbullistore\/wp-content\/uploads\/2023\/10\/clauer-1.jpg","type":"image\/jpeg"}],"twitter_card":"summary_large_image","twitter_misc":{"Tiempo de lectura":"1 minuto"},"schema":{"@context":"https:\/\/schema.org","@graph":[{"@type":"WebPage","@id":"https:\/\/elbullifoundation.com\/elbullistore\/ca\/product\/llavero-bully\/","url":"https:\/\/elbullifoundation.com\/elbullistore\/ca\/product\/llavero-bully\/","name":"Clauer elBulli - elBullistore","isPartOf":{"@id":"https:\/\/elbullifoundation.com\/elbullistore\/#website"},"primaryImageOfPage":{"@id":"https:\/\/elbullifoundation.com\/elbullistore\/ca\/product\/llavero-bully\/#primaryimage"},"image":{"@id":"https:\/\/elbullifoundation.com\/elbullistore\/ca\/product\/llavero-bully\/#primaryimage"},"thumbnailUrl":"https:\/\/elbullifoundation.com\/elbullistore\/wp-content\/uploads\/2023\/10\/clauer-1.jpg","datePublished":"2023-10-25T15:18:52+00:00","dateModified":"2026-03-30T09:04:26+00:00","breadcrumb":{"@id":"https:\/\/elbullifoundation.com\/elbullistore\/ca\/product\/llavero-bully\/#breadcrumb"},"inLanguage":"es","potentialAction":[{"@type":"ReadAction","target":["https:\/\/elbullifoundation.com\/elbullistore\/ca\/product\/llavero-bully\/"]}]},{"@type":"ImageObject","inLanguage":"es","@id":"https:\/\/elbullifoundation.com\/elbullistore\/ca\/product\/llavero-bully\/#primaryimage","url":"https:\/\/elbullifoundation.com\/elbullistore\/wp-content\/uploads\/2023\/10\/clauer-1.jpg","contentUrl":"https:\/\/elbullifoundation.com\/elbullistore\/wp-content\/uploads\/2023\/10\/clauer-1.jpg","width":1100,"height":1100},{"@type":"BreadcrumbList","@id":"https:\/\/elbullifoundation.com\/elbullistore\/ca\/product\/llavero-bully\/#breadcrumb","itemListElement":[{"@type":"ListItem","position":1,"name":"Portada","item":"https:\/\/elbullifoundation.com\/elbullistore\/"},{"@type":"ListItem","position":2,"name":"Productos","item":"https:\/\/elbullifoundation.com\/elbullistore\/shop\/"},{"@type":"ListItem","position":3,"name":"Clauer elBulli"}]},{"@type":"WebSite","@id":"https:\/\/elbullifoundation.com\/elbullistore\/#website","url":"https:\/\/elbullifoundation.com\/elbullistore\/","name":"elBullistore","description":"","potentialAction":[{"@type":"SearchAction","target":{"@type":"EntryPoint","urlTemplate":"https:\/\/elbullifoundation.com\/elbullistore\/?s={search_term_string}"},"query-input":{"@type":"PropertyValueSpecification","valueRequired":true,"valueName":"search_term_string"}}],"inLanguage":"es"}]}},"lang":"ca","translations":{"ca":17048,"es":17044,"en":17049},"pll_sync_post":[],"_links":{"self":[{"href":"https:\/\/elbullifoundation.com\/elbullistore\/wp-json\/wp\/v2\/product\/17048","targetHints":{"allow":["GET"]}}],"collection":[{"href":"https:\/\/elbullifoundation.com\/elbullistore\/wp-json\/wp\/v2\/product"}],"about":[{"href":"https:\/\/elbullifoundation.com\/elbullistore\/wp-json\/wp\/v2\/types\/product"}],"replies":[{"embeddable":true,"href":"https:\/\/elbullifoundation.com\/elbullistore\/wp-json\/wp\/v2\/comments?post=17048"}],"wp:featuredmedia":[{"embeddable":true,"href":"https:\/\/elbullifoundation.com\/elbullistore\/wp-json\/wp\/v2\/media\/17221"}],"wp:attachment":[{"href":"https:\/\/elbullifoundation.com\/elbullistore\/wp-json\/wp\/v2\/media?parent=17048"}],"wp:term":[{"taxonomy":"product_brand","embeddable":true,"href":"https:\/\/elbullifoundation.com\/elbullistore\/wp-json\/wp\/v2\/product_brand?post=17048"},{"taxonomy":"product_cat","embeddable":true,"href":"https:\/\/elbullifoundation.com\/elbullistore\/wp-json\/wp\/v2\/product_cat?post=17048"},{"taxonomy":"product_tag","embeddable":true,"href":"https:\/\/elbullifoundation.com\/elbullistore\/wp-json\/wp\/v2\/product_tag?post=17048"}],"curies":[{"name":"wp","href":"https:\/\/api.w.org\/{rel}","templated":true}]}}