{"id":17055,"date":"2023-11-20T12:03:21","date_gmt":"2023-11-20T11:03:21","guid":{"rendered":"https:\/\/elbullifoundation.com\/elbullistore\/?post_type=product&#038;p=17055"},"modified":"2025-09-23T11:37:34","modified_gmt":"2025-09-23T09:37:34","slug":"termo-daigua-bullinians","status":"publish","type":"product","link":"https:\/\/elbullifoundation.com\/elbullistore\/ca\/product\/termo-daigua-bullinians\/","title":{"rendered":"Termo d&#8217;aigua Bullinians"},"content":{"rendered":"<p>Termo d&#8217;aigua Bullinians<\/p>\n<p>Ampolla Inox de 600ml en color negre, amb una serigrafia dels Bullinians.<\/p>\n<p>Ampolla de doble paret d&#8217;acer inoxidable a\u00efllant amb tapa que incorpora una part magn\u00e8tica per a evitar-ne la p\u00e8rdua.<\/p>\n","protected":false},"excerpt":{"rendered":"<p>Termo d&#8217;aigua Bullinians Ampolla Inox de 600ml en color negre, amb una serigrafia dels Bullinians. Ampolla de doble paret d&#8217;acer inoxidable a\u00efllant amb tapa que incorpora una part magn\u00e8tica per a evitar-ne la p\u00e8rdua.<\/p>\n","protected":false},"featured_media":17192,"comment_status":"closed","ping_status":"closed","template":"","meta":{"_acf_changed":false},"product_brand":[],"product_cat":[2629],"product_tag":[2756,2764,2760,2758,183,2744,184,186,2762,2754],"class_list":{"0":"post-17055","1":"product","2":"type-product","3":"status-publish","4":"has-post-thumbnail","6":"product_cat-merchandising","7":"product_tag-agua","8":"product_tag-ampolla","9":"product_tag-bullinia","10":"product_tag-bullinianos","11":"product_tag-elbulli-ca","12":"product_tag-elbulli1846","13":"product_tag-elbullifoundation-ca","14":"product_tag-ferran-adria-ca","15":"product_tag-merchandaising","16":"product_tag-termo","18":"first","19":"instock","20":"taxable","21":"shipping-taxable","22":"purchasable","23":"product-type-simple"},"acf":[],"yoast_head":"<!-- This site is optimized with the Yoast SEO plugin v26.9 - https:\/\/yoast.com\/product\/yoast-seo-wordpress\/ -->\n<title>Termo d&#039;aigua Bullinians - elBullistore<\/title>\n<meta name=\"description\" content=\"Termo d&#039;aigua Bullinians. Ampolla Inox de 600ml en color negre, amb una serigrafia dels Bullinians. Termo de agua Bullinianos\" \/>\n<meta name=\"robots\" content=\"index, follow, max-snippet:-1, max-image-preview:large, max-video-preview:-1\" \/>\n<link rel=\"canonical\" href=\"https:\/\/elbullifoundation.com\/elbullistore\/ca\/product\/termo-daigua-bullinians\/\" \/>\n<meta property=\"og:locale\" content=\"es_ES\" \/>\n<meta property=\"og:type\" content=\"article\" \/>\n<meta property=\"og:title\" content=\"Termo d&#039;aigua Bullinians - elBullistore\" \/>\n<meta property=\"og:description\" content=\"Termo d&#039;aigua Bullinians. Ampolla Inox de 600ml en color negre, amb una serigrafia dels Bullinians. Termo de agua Bullinianos\" \/>\n<meta property=\"og:url\" content=\"https:\/\/elbullifoundation.com\/elbullistore\/ca\/product\/termo-daigua-bullinians\/\" \/>\n<meta property=\"og:site_name\" content=\"elBullistore\" \/>\n<meta property=\"article:modified_time\" content=\"2025-09-23T09:37:34+00:00\" \/>\n<meta property=\"og:image\" content=\"https:\/\/elbullifoundation.com\/elbullistore\/wp-content\/uploads\/2023\/10\/Cantimplora.jpg\" \/>\n\t<meta property=\"og:image:width\" content=\"1097\" \/>\n\t<meta property=\"og:image:height\" content=\"1097\" \/>\n\t<meta property=\"og:image:type\" content=\"image\/jpeg\" \/>\n<meta name=\"twitter:card\" content=\"summary_large_image\" \/>\n<meta name=\"twitter:label1\" content=\"Tiempo de lectura\" \/>\n\t<meta name=\"twitter:data1\" content=\"1 minuto\" \/>\n<script type=\"application\/ld+json\" class=\"yoast-schema-graph\">{\"@context\":\"https:\/\/schema.org\",\"@graph\":[{\"@type\":\"WebPage\",\"@id\":\"https:\/\/elbullifoundation.com\/elbullistore\/ca\/product\/termo-daigua-bullinians\/\",\"url\":\"https:\/\/elbullifoundation.com\/elbullistore\/ca\/product\/termo-daigua-bullinians\/\",\"name\":\"Termo d'aigua Bullinians - elBullistore\",\"isPartOf\":{\"@id\":\"https:\/\/elbullifoundation.com\/elbullistore\/#website\"},\"primaryImageOfPage\":{\"@id\":\"https:\/\/elbullifoundation.com\/elbullistore\/ca\/product\/termo-daigua-bullinians\/#primaryimage\"},\"image\":{\"@id\":\"https:\/\/elbullifoundation.com\/elbullistore\/ca\/product\/termo-daigua-bullinians\/#primaryimage\"},\"thumbnailUrl\":\"https:\/\/elbullifoundation.com\/elbullistore\/wp-content\/uploads\/2023\/10\/Cantimplora.jpg\",\"datePublished\":\"2023-11-20T11:03:21+00:00\",\"dateModified\":\"2025-09-23T09:37:34+00:00\",\"description\":\"Termo d'aigua Bullinians. Ampolla Inox de 600ml en color negre, amb una serigrafia dels Bullinians. Termo de agua Bullinianos\",\"breadcrumb\":{\"@id\":\"https:\/\/elbullifoundation.com\/elbullistore\/ca\/product\/termo-daigua-bullinians\/#breadcrumb\"},\"inLanguage\":\"es\",\"potentialAction\":[{\"@type\":\"ReadAction\",\"target\":[\"https:\/\/elbullifoundation.com\/elbullistore\/ca\/product\/termo-daigua-bullinians\/\"]}]},{\"@type\":\"ImageObject\",\"inLanguage\":\"es\",\"@id\":\"https:\/\/elbullifoundation.com\/elbullistore\/ca\/product\/termo-daigua-bullinians\/#primaryimage\",\"url\":\"https:\/\/elbullifoundation.com\/elbullistore\/wp-content\/uploads\/2023\/10\/Cantimplora.jpg\",\"contentUrl\":\"https:\/\/elbullifoundation.com\/elbullistore\/wp-content\/uploads\/2023\/10\/Cantimplora.jpg\",\"width\":1097,\"height\":1097,\"caption\":\"Termo d'aigua Bullinians\"},{\"@type\":\"BreadcrumbList\",\"@id\":\"https:\/\/elbullifoundation.com\/elbullistore\/ca\/product\/termo-daigua-bullinians\/#breadcrumb\",\"itemListElement\":[{\"@type\":\"ListItem\",\"position\":1,\"name\":\"Portada\",\"item\":\"https:\/\/elbullifoundation.com\/elbullistore\/\"},{\"@type\":\"ListItem\",\"position\":2,\"name\":\"Productos\",\"item\":\"https:\/\/elbullifoundation.com\/elbullistore\/shop\/\"},{\"@type\":\"ListItem\",\"position\":3,\"name\":\"Termo d&#8217;aigua Bullinians\"}]},{\"@type\":\"WebSite\",\"@id\":\"https:\/\/elbullifoundation.com\/elbullistore\/#website\",\"url\":\"https:\/\/elbullifoundation.com\/elbullistore\/\",\"name\":\"elBullistore\",\"description\":\"\",\"potentialAction\":[{\"@type\":\"SearchAction\",\"target\":{\"@type\":\"EntryPoint\",\"urlTemplate\":\"https:\/\/elbullifoundation.com\/elbullistore\/?s={search_term_string}\"},\"query-input\":{\"@type\":\"PropertyValueSpecification\",\"valueRequired\":true,\"valueName\":\"search_term_string\"}}],\"inLanguage\":\"es\"}]}<\/script>\n<!-- \/ Yoast SEO plugin. -->","yoast_head_json":{"title":"Termo d'aigua Bullinians - elBullistore","description":"Termo d'aigua Bullinians. Ampolla Inox de 600ml en color negre, amb una serigrafia dels Bullinians. Termo de agua Bullinianos","robots":{"index":"index","follow":"follow","max-snippet":"max-snippet:-1","max-image-preview":"max-image-preview:large","max-video-preview":"max-video-preview:-1"},"canonical":"https:\/\/elbullifoundation.com\/elbullistore\/ca\/product\/termo-daigua-bullinians\/","og_locale":"es_ES","og_type":"article","og_title":"Termo d'aigua Bullinians - elBullistore","og_description":"Termo d'aigua Bullinians. Ampolla Inox de 600ml en color negre, amb una serigrafia dels Bullinians. Termo de agua Bullinianos","og_url":"https:\/\/elbullifoundation.com\/elbullistore\/ca\/product\/termo-daigua-bullinians\/","og_site_name":"elBullistore","article_modified_time":"2025-09-23T09:37:34+00:00","og_image":[{"width":1097,"height":1097,"url":"https:\/\/elbullifoundation.com\/elbullistore\/wp-content\/uploads\/2023\/10\/Cantimplora.jpg","type":"image\/jpeg"}],"twitter_card":"summary_large_image","twitter_misc":{"Tiempo de lectura":"1 minuto"},"schema":{"@context":"https:\/\/schema.org","@graph":[{"@type":"WebPage","@id":"https:\/\/elbullifoundation.com\/elbullistore\/ca\/product\/termo-daigua-bullinians\/","url":"https:\/\/elbullifoundation.com\/elbullistore\/ca\/product\/termo-daigua-bullinians\/","name":"Termo d'aigua Bullinians - elBullistore","isPartOf":{"@id":"https:\/\/elbullifoundation.com\/elbullistore\/#website"},"primaryImageOfPage":{"@id":"https:\/\/elbullifoundation.com\/elbullistore\/ca\/product\/termo-daigua-bullinians\/#primaryimage"},"image":{"@id":"https:\/\/elbullifoundation.com\/elbullistore\/ca\/product\/termo-daigua-bullinians\/#primaryimage"},"thumbnailUrl":"https:\/\/elbullifoundation.com\/elbullistore\/wp-content\/uploads\/2023\/10\/Cantimplora.jpg","datePublished":"2023-11-20T11:03:21+00:00","dateModified":"2025-09-23T09:37:34+00:00","description":"Termo d'aigua Bullinians. Ampolla Inox de 600ml en color negre, amb una serigrafia dels Bullinians. Termo de agua Bullinianos","breadcrumb":{"@id":"https:\/\/elbullifoundation.com\/elbullistore\/ca\/product\/termo-daigua-bullinians\/#breadcrumb"},"inLanguage":"es","potentialAction":[{"@type":"ReadAction","target":["https:\/\/elbullifoundation.com\/elbullistore\/ca\/product\/termo-daigua-bullinians\/"]}]},{"@type":"ImageObject","inLanguage":"es","@id":"https:\/\/elbullifoundation.com\/elbullistore\/ca\/product\/termo-daigua-bullinians\/#primaryimage","url":"https:\/\/elbullifoundation.com\/elbullistore\/wp-content\/uploads\/2023\/10\/Cantimplora.jpg","contentUrl":"https:\/\/elbullifoundation.com\/elbullistore\/wp-content\/uploads\/2023\/10\/Cantimplora.jpg","width":1097,"height":1097,"caption":"Termo d'aigua Bullinians"},{"@type":"BreadcrumbList","@id":"https:\/\/elbullifoundation.com\/elbullistore\/ca\/product\/termo-daigua-bullinians\/#breadcrumb","itemListElement":[{"@type":"ListItem","position":1,"name":"Portada","item":"https:\/\/elbullifoundation.com\/elbullistore\/"},{"@type":"ListItem","position":2,"name":"Productos","item":"https:\/\/elbullifoundation.com\/elbullistore\/shop\/"},{"@type":"ListItem","position":3,"name":"Termo d&#8217;aigua Bullinians"}]},{"@type":"WebSite","@id":"https:\/\/elbullifoundation.com\/elbullistore\/#website","url":"https:\/\/elbullifoundation.com\/elbullistore\/","name":"elBullistore","description":"","potentialAction":[{"@type":"SearchAction","target":{"@type":"EntryPoint","urlTemplate":"https:\/\/elbullifoundation.com\/elbullistore\/?s={search_term_string}"},"query-input":{"@type":"PropertyValueSpecification","valueRequired":true,"valueName":"search_term_string"}}],"inLanguage":"es"}]}},"lang":"ca","translations":{"ca":17055,"en":17054,"es":17050},"pll_sync_post":[],"_links":{"self":[{"href":"https:\/\/elbullifoundation.com\/elbullistore\/wp-json\/wp\/v2\/product\/17055","targetHints":{"allow":["GET"]}}],"collection":[{"href":"https:\/\/elbullifoundation.com\/elbullistore\/wp-json\/wp\/v2\/product"}],"about":[{"href":"https:\/\/elbullifoundation.com\/elbullistore\/wp-json\/wp\/v2\/types\/product"}],"replies":[{"embeddable":true,"href":"https:\/\/elbullifoundation.com\/elbullistore\/wp-json\/wp\/v2\/comments?post=17055"}],"wp:featuredmedia":[{"embeddable":true,"href":"https:\/\/elbullifoundation.com\/elbullistore\/wp-json\/wp\/v2\/media\/17192"}],"wp:attachment":[{"href":"https:\/\/elbullifoundation.com\/elbullistore\/wp-json\/wp\/v2\/media?parent=17055"}],"wp:term":[{"taxonomy":"product_brand","embeddable":true,"href":"https:\/\/elbullifoundation.com\/elbullistore\/wp-json\/wp\/v2\/product_brand?post=17055"},{"taxonomy":"product_cat","embeddable":true,"href":"https:\/\/elbullifoundation.com\/elbullistore\/wp-json\/wp\/v2\/product_cat?post=17055"},{"taxonomy":"product_tag","embeddable":true,"href":"https:\/\/elbullifoundation.com\/elbullistore\/wp-json\/wp\/v2\/product_tag?post=17055"}],"curies":[{"name":"wp","href":"https:\/\/api.w.org\/{rel}","templated":true}]}}