{"id":17056,"date":"2023-11-21T12:06:49","date_gmt":"2023-11-21T11:06:49","guid":{"rendered":"https:\/\/elbullifoundation.com\/elbullistore\/?post_type=product&#038;p=17056"},"modified":"2026-03-20T15:50:00","modified_gmt":"2026-03-20T14:50:00","slug":"delantal-elbulli1846","status":"publish","type":"product","link":"https:\/\/elbullifoundation.com\/elbullistore\/producto\/delantal-elbulli1846\/","title":{"rendered":"Delantal elBulli1846"},"content":{"rendered":"<p>\u00bfEres un apasionado de la cocina? El delantal de elBulli1846 es el mismo delantal ic\u00f3nico que llevaban los cocineros en el restaurante, pero esta vez con el nombre de elBulli1846 bordado.<\/p>\n<p>&nbsp;<\/p>\n<p>Este delantal es mucho m\u00e1s que una simple prenda de cocina; es una parte hist\u00f3rica de elBulli.<\/p>\n<p>&nbsp;<\/p>\n<p>Su dise\u00f1o minimalista en color azul marino con el detalle bordado le da un aspecto elegante y moderno.<\/p>\n<p>&nbsp;<\/p>\n<p>Composici\u00f3n: 65% poli\u00e9ster 35% algod\u00f3n<\/p>\n<p>&nbsp;<\/p>\n<p>Talla \u00fanica<\/p>\n","protected":false},"excerpt":{"rendered":"<p>\u00bfEres un apasionado de la cocina? El delantal de elBulli1846 es el mismo delantal ic\u00f3nico que llevaban los cocineros en el restaurante, pero esta vez con el nombre de elBulli1846 bordado. &nbsp; Este delantal es mucho m\u00e1s que una simple prenda de cocina; es una parte hist\u00f3rica de elBulli. &nbsp; Su dise\u00f1o minimalista en color [&hellip;]<\/p>\n","protected":false},"featured_media":17270,"comment_status":"closed","ping_status":"closed","template":"","meta":{"_acf_changed":false},"product_brand":[],"product_cat":[2601],"product_tag":[2748,2750,2746,2752,290,152,2721,2719,227,150,2766],"class_list":{"0":"post-17056","1":"product","2":"type-product","3":"status-publish","4":"has-post-thumbnail","6":"product_cat-merchandising","7":"product_tag-chef","8":"product_tag-cocina","9":"product_tag-cocinero","10":"product_tag-delantal","11":"product_tag-el-bulli","12":"product_tag-elbulli","13":"product_tag-elbulli-museo","14":"product_tag-elbulli1846","15":"product_tag-elbullistore","16":"product_tag-ferran-adria","17":"product_tag-merchandaising","19":"first","20":"instock","21":"taxable","22":"shipping-taxable","23":"purchasable","24":"product-type-simple"},"acf":[],"yoast_head":"<!-- This site is optimized with the Yoast SEO plugin v26.9 - https:\/\/yoast.com\/product\/yoast-seo-wordpress\/ -->\n<title>Delantal elBulli1846 - elBullistore<\/title>\n<meta name=\"description\" content=\"Delantal de elBulli pero esta vez con el nombre de elBulli1846 bordado. Es el mismo delantal ic\u00f3nico que llevaban los cocineros en el restaurante.\" \/>\n<meta name=\"robots\" content=\"index, follow, max-snippet:-1, max-image-preview:large, max-video-preview:-1\" \/>\n<link rel=\"canonical\" href=\"https:\/\/elbullifoundation.com\/elbullistore\/producto\/delantal-elbulli1846\/\" \/>\n<meta property=\"og:locale\" content=\"es_ES\" \/>\n<meta property=\"og:type\" content=\"article\" \/>\n<meta property=\"og:title\" content=\"Delantal elBulli1846 - elBullistore\" \/>\n<meta property=\"og:description\" content=\"Delantal de elBulli pero esta vez con el nombre de elBulli1846 bordado. Es el mismo delantal ic\u00f3nico que llevaban los cocineros en el restaurante.\" \/>\n<meta property=\"og:url\" content=\"https:\/\/elbullifoundation.com\/elbullistore\/producto\/delantal-elbulli1846\/\" \/>\n<meta property=\"og:site_name\" content=\"elBullistore\" \/>\n<meta property=\"article:modified_time\" content=\"2026-03-20T14:50:00+00:00\" \/>\n<meta property=\"og:image\" content=\"https:\/\/elbullifoundation.com\/elbullistore\/wp-content\/uploads\/2023\/10\/delantal-2.jpg\" \/>\n\t<meta property=\"og:image:width\" content=\"1100\" \/>\n\t<meta property=\"og:image:height\" content=\"1100\" \/>\n\t<meta property=\"og:image:type\" content=\"image\/jpeg\" \/>\n<meta name=\"twitter:card\" content=\"summary_large_image\" \/>\n<meta name=\"twitter:label1\" content=\"Tiempo de lectura\" \/>\n\t<meta name=\"twitter:data1\" content=\"1 minuto\" \/>\n<script type=\"application\/ld+json\" class=\"yoast-schema-graph\">{\"@context\":\"https:\/\/schema.org\",\"@graph\":[{\"@type\":\"WebPage\",\"@id\":\"https:\/\/elbullifoundation.com\/elbullistore\/producto\/delantal-elbulli1846\/\",\"url\":\"https:\/\/elbullifoundation.com\/elbullistore\/producto\/delantal-elbulli1846\/\",\"name\":\"Delantal elBulli1846 - elBullistore\",\"isPartOf\":{\"@id\":\"https:\/\/elbullifoundation.com\/elbullistore\/#website\"},\"primaryImageOfPage\":{\"@id\":\"https:\/\/elbullifoundation.com\/elbullistore\/producto\/delantal-elbulli1846\/#primaryimage\"},\"image\":{\"@id\":\"https:\/\/elbullifoundation.com\/elbullistore\/producto\/delantal-elbulli1846\/#primaryimage\"},\"thumbnailUrl\":\"https:\/\/elbullifoundation.com\/elbullistore\/wp-content\/uploads\/2023\/10\/delantal-2.jpg\",\"datePublished\":\"2023-11-21T11:06:49+00:00\",\"dateModified\":\"2026-03-20T14:50:00+00:00\",\"description\":\"Delantal de elBulli pero esta vez con el nombre de elBulli1846 bordado. Es el mismo delantal ic\u00f3nico que llevaban los cocineros en el restaurante.\",\"breadcrumb\":{\"@id\":\"https:\/\/elbullifoundation.com\/elbullistore\/producto\/delantal-elbulli1846\/#breadcrumb\"},\"inLanguage\":\"es\",\"potentialAction\":[{\"@type\":\"ReadAction\",\"target\":[\"https:\/\/elbullifoundation.com\/elbullistore\/producto\/delantal-elbulli1846\/\"]}]},{\"@type\":\"ImageObject\",\"inLanguage\":\"es\",\"@id\":\"https:\/\/elbullifoundation.com\/elbullistore\/producto\/delantal-elbulli1846\/#primaryimage\",\"url\":\"https:\/\/elbullifoundation.com\/elbullistore\/wp-content\/uploads\/2023\/10\/delantal-2.jpg\",\"contentUrl\":\"https:\/\/elbullifoundation.com\/elbullistore\/wp-content\/uploads\/2023\/10\/delantal-2.jpg\",\"width\":1100,\"height\":1100,\"caption\":\"Delantal elBulli1846\"},{\"@type\":\"BreadcrumbList\",\"@id\":\"https:\/\/elbullifoundation.com\/elbullistore\/producto\/delantal-elbulli1846\/#breadcrumb\",\"itemListElement\":[{\"@type\":\"ListItem\",\"position\":1,\"name\":\"Portada\",\"item\":\"https:\/\/elbullifoundation.com\/elbullistore\/\"},{\"@type\":\"ListItem\",\"position\":2,\"name\":\"Productos\",\"item\":\"https:\/\/elbullifoundation.com\/elbullistore\/shop\/\"},{\"@type\":\"ListItem\",\"position\":3,\"name\":\"Delantal elBulli1846\"}]},{\"@type\":\"WebSite\",\"@id\":\"https:\/\/elbullifoundation.com\/elbullistore\/#website\",\"url\":\"https:\/\/elbullifoundation.com\/elbullistore\/\",\"name\":\"elBullistore\",\"description\":\"\",\"potentialAction\":[{\"@type\":\"SearchAction\",\"target\":{\"@type\":\"EntryPoint\",\"urlTemplate\":\"https:\/\/elbullifoundation.com\/elbullistore\/?s={search_term_string}\"},\"query-input\":{\"@type\":\"PropertyValueSpecification\",\"valueRequired\":true,\"valueName\":\"search_term_string\"}}],\"inLanguage\":\"es\"}]}<\/script>\n<!-- \/ Yoast SEO plugin. -->","yoast_head_json":{"title":"Delantal elBulli1846 - elBullistore","description":"Delantal de elBulli pero esta vez con el nombre de elBulli1846 bordado. Es el mismo delantal ic\u00f3nico que llevaban los cocineros en el restaurante.","robots":{"index":"index","follow":"follow","max-snippet":"max-snippet:-1","max-image-preview":"max-image-preview:large","max-video-preview":"max-video-preview:-1"},"canonical":"https:\/\/elbullifoundation.com\/elbullistore\/producto\/delantal-elbulli1846\/","og_locale":"es_ES","og_type":"article","og_title":"Delantal elBulli1846 - elBullistore","og_description":"Delantal de elBulli pero esta vez con el nombre de elBulli1846 bordado. Es el mismo delantal ic\u00f3nico que llevaban los cocineros en el restaurante.","og_url":"https:\/\/elbullifoundation.com\/elbullistore\/producto\/delantal-elbulli1846\/","og_site_name":"elBullistore","article_modified_time":"2026-03-20T14:50:00+00:00","og_image":[{"width":1100,"height":1100,"url":"https:\/\/elbullifoundation.com\/elbullistore\/wp-content\/uploads\/2023\/10\/delantal-2.jpg","type":"image\/jpeg"}],"twitter_card":"summary_large_image","twitter_misc":{"Tiempo de lectura":"1 minuto"},"schema":{"@context":"https:\/\/schema.org","@graph":[{"@type":"WebPage","@id":"https:\/\/elbullifoundation.com\/elbullistore\/producto\/delantal-elbulli1846\/","url":"https:\/\/elbullifoundation.com\/elbullistore\/producto\/delantal-elbulli1846\/","name":"Delantal elBulli1846 - elBullistore","isPartOf":{"@id":"https:\/\/elbullifoundation.com\/elbullistore\/#website"},"primaryImageOfPage":{"@id":"https:\/\/elbullifoundation.com\/elbullistore\/producto\/delantal-elbulli1846\/#primaryimage"},"image":{"@id":"https:\/\/elbullifoundation.com\/elbullistore\/producto\/delantal-elbulli1846\/#primaryimage"},"thumbnailUrl":"https:\/\/elbullifoundation.com\/elbullistore\/wp-content\/uploads\/2023\/10\/delantal-2.jpg","datePublished":"2023-11-21T11:06:49+00:00","dateModified":"2026-03-20T14:50:00+00:00","description":"Delantal de elBulli pero esta vez con el nombre de elBulli1846 bordado. Es el mismo delantal ic\u00f3nico que llevaban los cocineros en el restaurante.","breadcrumb":{"@id":"https:\/\/elbullifoundation.com\/elbullistore\/producto\/delantal-elbulli1846\/#breadcrumb"},"inLanguage":"es","potentialAction":[{"@type":"ReadAction","target":["https:\/\/elbullifoundation.com\/elbullistore\/producto\/delantal-elbulli1846\/"]}]},{"@type":"ImageObject","inLanguage":"es","@id":"https:\/\/elbullifoundation.com\/elbullistore\/producto\/delantal-elbulli1846\/#primaryimage","url":"https:\/\/elbullifoundation.com\/elbullistore\/wp-content\/uploads\/2023\/10\/delantal-2.jpg","contentUrl":"https:\/\/elbullifoundation.com\/elbullistore\/wp-content\/uploads\/2023\/10\/delantal-2.jpg","width":1100,"height":1100,"caption":"Delantal elBulli1846"},{"@type":"BreadcrumbList","@id":"https:\/\/elbullifoundation.com\/elbullistore\/producto\/delantal-elbulli1846\/#breadcrumb","itemListElement":[{"@type":"ListItem","position":1,"name":"Portada","item":"https:\/\/elbullifoundation.com\/elbullistore\/"},{"@type":"ListItem","position":2,"name":"Productos","item":"https:\/\/elbullifoundation.com\/elbullistore\/shop\/"},{"@type":"ListItem","position":3,"name":"Delantal elBulli1846"}]},{"@type":"WebSite","@id":"https:\/\/elbullifoundation.com\/elbullistore\/#website","url":"https:\/\/elbullifoundation.com\/elbullistore\/","name":"elBullistore","description":"","potentialAction":[{"@type":"SearchAction","target":{"@type":"EntryPoint","urlTemplate":"https:\/\/elbullifoundation.com\/elbullistore\/?s={search_term_string}"},"query-input":{"@type":"PropertyValueSpecification","valueRequired":true,"valueName":"search_term_string"}}],"inLanguage":"es"}]}},"lang":"es","translations":{"es":17056,"en":17060,"ca":17061},"pll_sync_post":[],"_links":{"self":[{"href":"https:\/\/elbullifoundation.com\/elbullistore\/wp-json\/wp\/v2\/product\/17056","targetHints":{"allow":["GET"]}}],"collection":[{"href":"https:\/\/elbullifoundation.com\/elbullistore\/wp-json\/wp\/v2\/product"}],"about":[{"href":"https:\/\/elbullifoundation.com\/elbullistore\/wp-json\/wp\/v2\/types\/product"}],"replies":[{"embeddable":true,"href":"https:\/\/elbullifoundation.com\/elbullistore\/wp-json\/wp\/v2\/comments?post=17056"}],"wp:featuredmedia":[{"embeddable":true,"href":"https:\/\/elbullifoundation.com\/elbullistore\/wp-json\/wp\/v2\/media\/17270"}],"wp:attachment":[{"href":"https:\/\/elbullifoundation.com\/elbullistore\/wp-json\/wp\/v2\/media?parent=17056"}],"wp:term":[{"taxonomy":"product_brand","embeddable":true,"href":"https:\/\/elbullifoundation.com\/elbullistore\/wp-json\/wp\/v2\/product_brand?post=17056"},{"taxonomy":"product_cat","embeddable":true,"href":"https:\/\/elbullifoundation.com\/elbullistore\/wp-json\/wp\/v2\/product_cat?post=17056"},{"taxonomy":"product_tag","embeddable":true,"href":"https:\/\/elbullifoundation.com\/elbullistore\/wp-json\/wp\/v2\/product_tag?post=17056"}],"curies":[{"name":"wp","href":"https:\/\/api.w.org\/{rel}","templated":true}]}}