{"id":17061,"date":"2023-11-21T12:12:39","date_gmt":"2023-11-21T11:12:39","guid":{"rendered":"https:\/\/elbullifoundation.com\/elbullistore\/?post_type=product&#038;p=17061"},"modified":"2026-03-17T11:09:08","modified_gmt":"2026-03-17T10:09:08","slug":"delantal-elbulli1846","status":"publish","type":"product","link":"https:\/\/elbullifoundation.com\/elbullistore\/ca\/product\/delantal-elbulli1846\/","title":{"rendered":"Davantal elBulli1846"},"content":{"rendered":"<p>Ets un apassionat de la cuina? El davantal d&#8217;elBulli1846 \u00e9s el mateix davantal ic\u00f2nic que portaven els cuiners al restaurant, per\u00f2 aquesta vegada amb el nom d&#8217;elBulli1846 brodat.<\/p>\n<p>&nbsp;<\/p>\n<p>Aquest davantal \u00e9s molt m\u00e9s que una simple pe\u00e7a de cuina; \u00e9s una part hist\u00f2rica de elBulli.<\/p>\n<p>&nbsp;<\/p>\n<p>El seu disseny minimalista de color blau mar\u00ed amb el detall brodat li d\u00f3na un aspecte elegant i modern.<\/p>\n<p>&nbsp;<\/p>\n<p>Composici\u00f3: 65% poli\u00e8ster 35% cot\u00f3<\/p>\n<p>&nbsp;<\/p>\n<p>Talla \u00fanica<\/p>\n","protected":false},"excerpt":{"rendered":"<p>Ets un apassionat de la cuina? El davantal d&#8217;elBulli1846 \u00e9s el mateix davantal ic\u00f2nic que portaven els cuiners al restaurant, per\u00f2 aquesta vegada amb el nom d&#8217;elBulli1846 brodat. &nbsp; Aquest davantal \u00e9s molt m\u00e9s que una simple pe\u00e7a de cuina; \u00e9s una part hist\u00f2rica de elBulli. &nbsp; El seu disseny minimalista de color blau mar\u00ed [&hellip;]<\/p>\n","protected":false},"featured_media":17271,"comment_status":"closed","ping_status":"closed","template":"","meta":{"_acf_changed":false},"product_brand":[],"product_cat":[2629],"product_tag":[2742,2738,2740,340,183,2744,233,186,2762],"class_list":{"0":"post-17061","1":"product","2":"type-product","3":"status-publish","4":"has-post-thumbnail","6":"product_cat-merchandising","7":"product_tag-cocina","8":"product_tag-delantal","9":"product_tag-devantal","10":"product_tag-el-bulli-ca","11":"product_tag-elbulli-ca","12":"product_tag-elbulli1846","13":"product_tag-elbullistore-ca","14":"product_tag-ferran-adria-ca","15":"product_tag-merchandaising","17":"first","18":"instock","19":"taxable","20":"shipping-taxable","21":"purchasable","22":"product-type-simple"},"acf":[],"yoast_head":"<!-- This site is optimized with the Yoast SEO plugin v26.9 - https:\/\/yoast.com\/product\/yoast-seo-wordpress\/ -->\n<title>Davantal elBulli1846 - elBullistore<\/title>\n<meta name=\"description\" content=\"El &quot;delantal elBulli1846&quot; \u00e9s el mateix davantal ic\u00f2nic que portaven els cuiners al restaurant, per\u00f2 aquesta vegada amb el nom d&#039;elBulli1846 brodat.\" \/>\n<meta name=\"robots\" content=\"index, follow, max-snippet:-1, max-image-preview:large, max-video-preview:-1\" \/>\n<link rel=\"canonical\" href=\"https:\/\/elbullifoundation.com\/elbullistore\/ca\/product\/delantal-elbulli1846\/\" \/>\n<meta property=\"og:locale\" content=\"es_ES\" \/>\n<meta property=\"og:type\" content=\"article\" \/>\n<meta property=\"og:title\" content=\"Davantal elBulli1846 - elBullistore\" \/>\n<meta property=\"og:description\" content=\"El &quot;delantal elBulli1846&quot; \u00e9s el mateix davantal ic\u00f2nic que portaven els cuiners al restaurant, per\u00f2 aquesta vegada amb el nom d&#039;elBulli1846 brodat.\" \/>\n<meta property=\"og:url\" content=\"https:\/\/elbullifoundation.com\/elbullistore\/ca\/product\/delantal-elbulli1846\/\" \/>\n<meta property=\"og:site_name\" content=\"elBullistore\" \/>\n<meta property=\"article:modified_time\" content=\"2026-03-17T10:09:08+00:00\" \/>\n<meta property=\"og:image\" content=\"https:\/\/elbullifoundation.com\/elbullistore\/wp-content\/uploads\/2023\/10\/delantal-2.jpg\" \/>\n\t<meta property=\"og:image:width\" content=\"1100\" \/>\n\t<meta property=\"og:image:height\" content=\"1100\" \/>\n\t<meta property=\"og:image:type\" content=\"image\/jpeg\" \/>\n<meta name=\"twitter:card\" content=\"summary_large_image\" \/>\n<meta name=\"twitter:label1\" content=\"Tiempo de lectura\" \/>\n\t<meta name=\"twitter:data1\" content=\"1 minuto\" \/>\n<script type=\"application\/ld+json\" class=\"yoast-schema-graph\">{\"@context\":\"https:\/\/schema.org\",\"@graph\":[{\"@type\":\"WebPage\",\"@id\":\"https:\/\/elbullifoundation.com\/elbullistore\/ca\/product\/delantal-elbulli1846\/\",\"url\":\"https:\/\/elbullifoundation.com\/elbullistore\/ca\/product\/delantal-elbulli1846\/\",\"name\":\"Davantal elBulli1846 - elBullistore\",\"isPartOf\":{\"@id\":\"https:\/\/elbullifoundation.com\/elbullistore\/#website\"},\"primaryImageOfPage\":{\"@id\":\"https:\/\/elbullifoundation.com\/elbullistore\/ca\/product\/delantal-elbulli1846\/#primaryimage\"},\"image\":{\"@id\":\"https:\/\/elbullifoundation.com\/elbullistore\/ca\/product\/delantal-elbulli1846\/#primaryimage\"},\"thumbnailUrl\":\"https:\/\/elbullifoundation.com\/elbullistore\/wp-content\/uploads\/2023\/10\/delantal-2.jpg\",\"datePublished\":\"2023-11-21T11:12:39+00:00\",\"dateModified\":\"2026-03-17T10:09:08+00:00\",\"description\":\"El \\\"delantal elBulli1846\\\" \u00e9s el mateix davantal ic\u00f2nic que portaven els cuiners al restaurant, per\u00f2 aquesta vegada amb el nom d'elBulli1846 brodat.\",\"breadcrumb\":{\"@id\":\"https:\/\/elbullifoundation.com\/elbullistore\/ca\/product\/delantal-elbulli1846\/#breadcrumb\"},\"inLanguage\":\"es\",\"potentialAction\":[{\"@type\":\"ReadAction\",\"target\":[\"https:\/\/elbullifoundation.com\/elbullistore\/ca\/product\/delantal-elbulli1846\/\"]}]},{\"@type\":\"ImageObject\",\"inLanguage\":\"es\",\"@id\":\"https:\/\/elbullifoundation.com\/elbullistore\/ca\/product\/delantal-elbulli1846\/#primaryimage\",\"url\":\"https:\/\/elbullifoundation.com\/elbullistore\/wp-content\/uploads\/2023\/10\/delantal-2.jpg\",\"contentUrl\":\"https:\/\/elbullifoundation.com\/elbullistore\/wp-content\/uploads\/2023\/10\/delantal-2.jpg\",\"width\":1100,\"height\":1100,\"caption\":\"Davantal elBulli1846\"},{\"@type\":\"BreadcrumbList\",\"@id\":\"https:\/\/elbullifoundation.com\/elbullistore\/ca\/product\/delantal-elbulli1846\/#breadcrumb\",\"itemListElement\":[{\"@type\":\"ListItem\",\"position\":1,\"name\":\"Portada\",\"item\":\"https:\/\/elbullifoundation.com\/elbullistore\/\"},{\"@type\":\"ListItem\",\"position\":2,\"name\":\"Productos\",\"item\":\"https:\/\/elbullifoundation.com\/elbullistore\/shop\/\"},{\"@type\":\"ListItem\",\"position\":3,\"name\":\"Davantal elBulli1846\"}]},{\"@type\":\"WebSite\",\"@id\":\"https:\/\/elbullifoundation.com\/elbullistore\/#website\",\"url\":\"https:\/\/elbullifoundation.com\/elbullistore\/\",\"name\":\"elBullistore\",\"description\":\"\",\"potentialAction\":[{\"@type\":\"SearchAction\",\"target\":{\"@type\":\"EntryPoint\",\"urlTemplate\":\"https:\/\/elbullifoundation.com\/elbullistore\/?s={search_term_string}\"},\"query-input\":{\"@type\":\"PropertyValueSpecification\",\"valueRequired\":true,\"valueName\":\"search_term_string\"}}],\"inLanguage\":\"es\"}]}<\/script>\n<!-- \/ Yoast SEO plugin. -->","yoast_head_json":{"title":"Davantal elBulli1846 - elBullistore","description":"El \"delantal elBulli1846\" \u00e9s el mateix davantal ic\u00f2nic que portaven els cuiners al restaurant, per\u00f2 aquesta vegada amb el nom d'elBulli1846 brodat.","robots":{"index":"index","follow":"follow","max-snippet":"max-snippet:-1","max-image-preview":"max-image-preview:large","max-video-preview":"max-video-preview:-1"},"canonical":"https:\/\/elbullifoundation.com\/elbullistore\/ca\/product\/delantal-elbulli1846\/","og_locale":"es_ES","og_type":"article","og_title":"Davantal elBulli1846 - elBullistore","og_description":"El \"delantal elBulli1846\" \u00e9s el mateix davantal ic\u00f2nic que portaven els cuiners al restaurant, per\u00f2 aquesta vegada amb el nom d'elBulli1846 brodat.","og_url":"https:\/\/elbullifoundation.com\/elbullistore\/ca\/product\/delantal-elbulli1846\/","og_site_name":"elBullistore","article_modified_time":"2026-03-17T10:09:08+00:00","og_image":[{"width":1100,"height":1100,"url":"https:\/\/elbullifoundation.com\/elbullistore\/wp-content\/uploads\/2023\/10\/delantal-2.jpg","type":"image\/jpeg"}],"twitter_card":"summary_large_image","twitter_misc":{"Tiempo de lectura":"1 minuto"},"schema":{"@context":"https:\/\/schema.org","@graph":[{"@type":"WebPage","@id":"https:\/\/elbullifoundation.com\/elbullistore\/ca\/product\/delantal-elbulli1846\/","url":"https:\/\/elbullifoundation.com\/elbullistore\/ca\/product\/delantal-elbulli1846\/","name":"Davantal elBulli1846 - elBullistore","isPartOf":{"@id":"https:\/\/elbullifoundation.com\/elbullistore\/#website"},"primaryImageOfPage":{"@id":"https:\/\/elbullifoundation.com\/elbullistore\/ca\/product\/delantal-elbulli1846\/#primaryimage"},"image":{"@id":"https:\/\/elbullifoundation.com\/elbullistore\/ca\/product\/delantal-elbulli1846\/#primaryimage"},"thumbnailUrl":"https:\/\/elbullifoundation.com\/elbullistore\/wp-content\/uploads\/2023\/10\/delantal-2.jpg","datePublished":"2023-11-21T11:12:39+00:00","dateModified":"2026-03-17T10:09:08+00:00","description":"El \"delantal elBulli1846\" \u00e9s el mateix davantal ic\u00f2nic que portaven els cuiners al restaurant, per\u00f2 aquesta vegada amb el nom d'elBulli1846 brodat.","breadcrumb":{"@id":"https:\/\/elbullifoundation.com\/elbullistore\/ca\/product\/delantal-elbulli1846\/#breadcrumb"},"inLanguage":"es","potentialAction":[{"@type":"ReadAction","target":["https:\/\/elbullifoundation.com\/elbullistore\/ca\/product\/delantal-elbulli1846\/"]}]},{"@type":"ImageObject","inLanguage":"es","@id":"https:\/\/elbullifoundation.com\/elbullistore\/ca\/product\/delantal-elbulli1846\/#primaryimage","url":"https:\/\/elbullifoundation.com\/elbullistore\/wp-content\/uploads\/2023\/10\/delantal-2.jpg","contentUrl":"https:\/\/elbullifoundation.com\/elbullistore\/wp-content\/uploads\/2023\/10\/delantal-2.jpg","width":1100,"height":1100,"caption":"Davantal elBulli1846"},{"@type":"BreadcrumbList","@id":"https:\/\/elbullifoundation.com\/elbullistore\/ca\/product\/delantal-elbulli1846\/#breadcrumb","itemListElement":[{"@type":"ListItem","position":1,"name":"Portada","item":"https:\/\/elbullifoundation.com\/elbullistore\/"},{"@type":"ListItem","position":2,"name":"Productos","item":"https:\/\/elbullifoundation.com\/elbullistore\/shop\/"},{"@type":"ListItem","position":3,"name":"Davantal elBulli1846"}]},{"@type":"WebSite","@id":"https:\/\/elbullifoundation.com\/elbullistore\/#website","url":"https:\/\/elbullifoundation.com\/elbullistore\/","name":"elBullistore","description":"","potentialAction":[{"@type":"SearchAction","target":{"@type":"EntryPoint","urlTemplate":"https:\/\/elbullifoundation.com\/elbullistore\/?s={search_term_string}"},"query-input":{"@type":"PropertyValueSpecification","valueRequired":true,"valueName":"search_term_string"}}],"inLanguage":"es"}]}},"lang":"ca","translations":{"ca":17061,"en":17060,"es":17056},"pll_sync_post":[],"_links":{"self":[{"href":"https:\/\/elbullifoundation.com\/elbullistore\/wp-json\/wp\/v2\/product\/17061","targetHints":{"allow":["GET"]}}],"collection":[{"href":"https:\/\/elbullifoundation.com\/elbullistore\/wp-json\/wp\/v2\/product"}],"about":[{"href":"https:\/\/elbullifoundation.com\/elbullistore\/wp-json\/wp\/v2\/types\/product"}],"replies":[{"embeddable":true,"href":"https:\/\/elbullifoundation.com\/elbullistore\/wp-json\/wp\/v2\/comments?post=17061"}],"wp:featuredmedia":[{"embeddable":true,"href":"https:\/\/elbullifoundation.com\/elbullistore\/wp-json\/wp\/v2\/media\/17271"}],"wp:attachment":[{"href":"https:\/\/elbullifoundation.com\/elbullistore\/wp-json\/wp\/v2\/media?parent=17061"}],"wp:term":[{"taxonomy":"product_brand","embeddable":true,"href":"https:\/\/elbullifoundation.com\/elbullistore\/wp-json\/wp\/v2\/product_brand?post=17061"},{"taxonomy":"product_cat","embeddable":true,"href":"https:\/\/elbullifoundation.com\/elbullistore\/wp-json\/wp\/v2\/product_cat?post=17061"},{"taxonomy":"product_tag","embeddable":true,"href":"https:\/\/elbullifoundation.com\/elbullistore\/wp-json\/wp\/v2\/product_tag?post=17061"}],"curies":[{"name":"wp","href":"https:\/\/api.w.org\/{rel}","templated":true}]}}