{"id":17062,"date":"2023-10-26T12:26:55","date_gmt":"2023-10-26T10:26:55","guid":{"rendered":"https:\/\/elbullifoundation.com\/elbullistore\/?post_type=product&#038;p=17062"},"modified":"2026-02-25T10:56:07","modified_gmt":"2026-02-25T09:56:07","slug":"taza-elbulli1846","status":"publish","type":"product","link":"https:\/\/elbullifoundation.com\/elbullistore\/producto\/taza-elbulli1846\/","title":{"rendered":"Taza elBulli1846"},"content":{"rendered":"<p>\u00bfQu\u00e9 mejor manera de comenzar el d\u00eda que con una taza de caf\u00e9 o t\u00e9 que despierte tus sentidos y te inspire?<\/p>\n<p>Nuestra taza de porcelana con el logo de elBulli1846 en relieve es la elecci\u00f3n perfecta para a\u00f1adir un toque de belleza y elegancia a tu rutina diaria.<\/p>\n","protected":false},"excerpt":{"rendered":"<p>\u00bfQu\u00e9 mejor manera de comenzar el d\u00eda que con una taza de caf\u00e9 o t\u00e9 que despierte tus sentidos y te inspire? Nuestra taza de porcelana con el logo de elBulli1846 en relieve es la elecci\u00f3n perfecta para a\u00f1adir un toque de belleza y elegancia a tu rutina diaria.<\/p>\n","protected":false},"featured_media":17204,"comment_status":"closed","ping_status":"closed","template":"","meta":{"_acf_changed":false},"product_brand":[],"product_cat":[2601],"product_tag":[290,152,2721,2719,153,150,2772,2770],"class_list":{"0":"post-17062","1":"product","2":"type-product","3":"status-publish","4":"has-post-thumbnail","6":"product_cat-merchandising","7":"product_tag-el-bulli","8":"product_tag-elbulli","9":"product_tag-elbulli-museo","10":"product_tag-elbulli1846","11":"product_tag-elbullifoundation","12":"product_tag-ferran-adria","13":"product_tag-merchandaising-museo","14":"product_tag-taza","16":"first","17":"instock","18":"taxable","19":"shipping-taxable","20":"purchasable","21":"product-type-simple"},"acf":[],"yoast_head":"<!-- This site is optimized with the Yoast SEO plugin v26.9 - https:\/\/yoast.com\/product\/yoast-seo-wordpress\/ -->\n<title>Taza elBulli1846 - elBullistore<\/title>\n<meta name=\"description\" content=\"Taza elBulli1846de porcelana con el logo de elBulli1846 en relieve es la elecci\u00f3n perfecta para a\u00f1adir un toque de belleza y elegancia a tu rutina diaria.\" \/>\n<meta name=\"robots\" content=\"index, follow, max-snippet:-1, max-image-preview:large, max-video-preview:-1\" \/>\n<link rel=\"canonical\" href=\"https:\/\/elbullifoundation.com\/elbullistore\/producto\/taza-elbulli1846\/\" \/>\n<meta property=\"og:locale\" content=\"es_ES\" \/>\n<meta property=\"og:type\" content=\"article\" \/>\n<meta property=\"og:title\" content=\"Taza elBulli1846 - elBullistore\" \/>\n<meta property=\"og:description\" content=\"Taza elBulli1846de porcelana con el logo de elBulli1846 en relieve es la elecci\u00f3n perfecta para a\u00f1adir un toque de belleza y elegancia a tu rutina diaria.\" \/>\n<meta property=\"og:url\" content=\"https:\/\/elbullifoundation.com\/elbullistore\/producto\/taza-elbulli1846\/\" \/>\n<meta property=\"og:site_name\" content=\"elBullistore\" \/>\n<meta property=\"article:modified_time\" content=\"2026-02-25T09:56:07+00:00\" \/>\n<meta property=\"og:image\" content=\"https:\/\/elbullifoundation.com\/elbullistore\/wp-content\/uploads\/2023\/10\/taza.jpg\" \/>\n\t<meta property=\"og:image:width\" content=\"1100\" \/>\n\t<meta property=\"og:image:height\" content=\"1100\" \/>\n\t<meta property=\"og:image:type\" content=\"image\/jpeg\" \/>\n<meta name=\"twitter:card\" content=\"summary_large_image\" \/>\n<meta name=\"twitter:label1\" content=\"Tiempo de lectura\" \/>\n\t<meta name=\"twitter:data1\" content=\"1 minuto\" \/>\n<script type=\"application\/ld+json\" class=\"yoast-schema-graph\">{\"@context\":\"https:\/\/schema.org\",\"@graph\":[{\"@type\":\"WebPage\",\"@id\":\"https:\/\/elbullifoundation.com\/elbullistore\/producto\/taza-elbulli1846\/\",\"url\":\"https:\/\/elbullifoundation.com\/elbullistore\/producto\/taza-elbulli1846\/\",\"name\":\"Taza elBulli1846 - elBullistore\",\"isPartOf\":{\"@id\":\"https:\/\/elbullifoundation.com\/elbullistore\/#website\"},\"primaryImageOfPage\":{\"@id\":\"https:\/\/elbullifoundation.com\/elbullistore\/producto\/taza-elbulli1846\/#primaryimage\"},\"image\":{\"@id\":\"https:\/\/elbullifoundation.com\/elbullistore\/producto\/taza-elbulli1846\/#primaryimage\"},\"thumbnailUrl\":\"https:\/\/elbullifoundation.com\/elbullistore\/wp-content\/uploads\/2023\/10\/taza.jpg\",\"datePublished\":\"2023-10-26T10:26:55+00:00\",\"dateModified\":\"2026-02-25T09:56:07+00:00\",\"description\":\"Taza elBulli1846de porcelana con el logo de elBulli1846 en relieve es la elecci\u00f3n perfecta para a\u00f1adir un toque de belleza y elegancia a tu rutina diaria.\",\"breadcrumb\":{\"@id\":\"https:\/\/elbullifoundation.com\/elbullistore\/producto\/taza-elbulli1846\/#breadcrumb\"},\"inLanguage\":\"es\",\"potentialAction\":[{\"@type\":\"ReadAction\",\"target\":[\"https:\/\/elbullifoundation.com\/elbullistore\/producto\/taza-elbulli1846\/\"]}]},{\"@type\":\"ImageObject\",\"inLanguage\":\"es\",\"@id\":\"https:\/\/elbullifoundation.com\/elbullistore\/producto\/taza-elbulli1846\/#primaryimage\",\"url\":\"https:\/\/elbullifoundation.com\/elbullistore\/wp-content\/uploads\/2023\/10\/taza.jpg\",\"contentUrl\":\"https:\/\/elbullifoundation.com\/elbullistore\/wp-content\/uploads\/2023\/10\/taza.jpg\",\"width\":1100,\"height\":1100,\"caption\":\"taza elBulli1846\"},{\"@type\":\"BreadcrumbList\",\"@id\":\"https:\/\/elbullifoundation.com\/elbullistore\/producto\/taza-elbulli1846\/#breadcrumb\",\"itemListElement\":[{\"@type\":\"ListItem\",\"position\":1,\"name\":\"Portada\",\"item\":\"https:\/\/elbullifoundation.com\/elbullistore\/\"},{\"@type\":\"ListItem\",\"position\":2,\"name\":\"Productos\",\"item\":\"https:\/\/elbullifoundation.com\/elbullistore\/shop\/\"},{\"@type\":\"ListItem\",\"position\":3,\"name\":\"Taza elBulli1846\"}]},{\"@type\":\"WebSite\",\"@id\":\"https:\/\/elbullifoundation.com\/elbullistore\/#website\",\"url\":\"https:\/\/elbullifoundation.com\/elbullistore\/\",\"name\":\"elBullistore\",\"description\":\"\",\"potentialAction\":[{\"@type\":\"SearchAction\",\"target\":{\"@type\":\"EntryPoint\",\"urlTemplate\":\"https:\/\/elbullifoundation.com\/elbullistore\/?s={search_term_string}\"},\"query-input\":{\"@type\":\"PropertyValueSpecification\",\"valueRequired\":true,\"valueName\":\"search_term_string\"}}],\"inLanguage\":\"es\"}]}<\/script>\n<!-- \/ Yoast SEO plugin. -->","yoast_head_json":{"title":"Taza elBulli1846 - elBullistore","description":"Taza elBulli1846de porcelana con el logo de elBulli1846 en relieve es la elecci\u00f3n perfecta para a\u00f1adir un toque de belleza y elegancia a tu rutina diaria.","robots":{"index":"index","follow":"follow","max-snippet":"max-snippet:-1","max-image-preview":"max-image-preview:large","max-video-preview":"max-video-preview:-1"},"canonical":"https:\/\/elbullifoundation.com\/elbullistore\/producto\/taza-elbulli1846\/","og_locale":"es_ES","og_type":"article","og_title":"Taza elBulli1846 - elBullistore","og_description":"Taza elBulli1846de porcelana con el logo de elBulli1846 en relieve es la elecci\u00f3n perfecta para a\u00f1adir un toque de belleza y elegancia a tu rutina diaria.","og_url":"https:\/\/elbullifoundation.com\/elbullistore\/producto\/taza-elbulli1846\/","og_site_name":"elBullistore","article_modified_time":"2026-02-25T09:56:07+00:00","og_image":[{"width":1100,"height":1100,"url":"https:\/\/elbullifoundation.com\/elbullistore\/wp-content\/uploads\/2023\/10\/taza.jpg","type":"image\/jpeg"}],"twitter_card":"summary_large_image","twitter_misc":{"Tiempo de lectura":"1 minuto"},"schema":{"@context":"https:\/\/schema.org","@graph":[{"@type":"WebPage","@id":"https:\/\/elbullifoundation.com\/elbullistore\/producto\/taza-elbulli1846\/","url":"https:\/\/elbullifoundation.com\/elbullistore\/producto\/taza-elbulli1846\/","name":"Taza elBulli1846 - elBullistore","isPartOf":{"@id":"https:\/\/elbullifoundation.com\/elbullistore\/#website"},"primaryImageOfPage":{"@id":"https:\/\/elbullifoundation.com\/elbullistore\/producto\/taza-elbulli1846\/#primaryimage"},"image":{"@id":"https:\/\/elbullifoundation.com\/elbullistore\/producto\/taza-elbulli1846\/#primaryimage"},"thumbnailUrl":"https:\/\/elbullifoundation.com\/elbullistore\/wp-content\/uploads\/2023\/10\/taza.jpg","datePublished":"2023-10-26T10:26:55+00:00","dateModified":"2026-02-25T09:56:07+00:00","description":"Taza elBulli1846de porcelana con el logo de elBulli1846 en relieve es la elecci\u00f3n perfecta para a\u00f1adir un toque de belleza y elegancia a tu rutina diaria.","breadcrumb":{"@id":"https:\/\/elbullifoundation.com\/elbullistore\/producto\/taza-elbulli1846\/#breadcrumb"},"inLanguage":"es","potentialAction":[{"@type":"ReadAction","target":["https:\/\/elbullifoundation.com\/elbullistore\/producto\/taza-elbulli1846\/"]}]},{"@type":"ImageObject","inLanguage":"es","@id":"https:\/\/elbullifoundation.com\/elbullistore\/producto\/taza-elbulli1846\/#primaryimage","url":"https:\/\/elbullifoundation.com\/elbullistore\/wp-content\/uploads\/2023\/10\/taza.jpg","contentUrl":"https:\/\/elbullifoundation.com\/elbullistore\/wp-content\/uploads\/2023\/10\/taza.jpg","width":1100,"height":1100,"caption":"taza elBulli1846"},{"@type":"BreadcrumbList","@id":"https:\/\/elbullifoundation.com\/elbullistore\/producto\/taza-elbulli1846\/#breadcrumb","itemListElement":[{"@type":"ListItem","position":1,"name":"Portada","item":"https:\/\/elbullifoundation.com\/elbullistore\/"},{"@type":"ListItem","position":2,"name":"Productos","item":"https:\/\/elbullifoundation.com\/elbullistore\/shop\/"},{"@type":"ListItem","position":3,"name":"Taza elBulli1846"}]},{"@type":"WebSite","@id":"https:\/\/elbullifoundation.com\/elbullistore\/#website","url":"https:\/\/elbullifoundation.com\/elbullistore\/","name":"elBullistore","description":"","potentialAction":[{"@type":"SearchAction","target":{"@type":"EntryPoint","urlTemplate":"https:\/\/elbullifoundation.com\/elbullistore\/?s={search_term_string}"},"query-input":{"@type":"PropertyValueSpecification","valueRequired":true,"valueName":"search_term_string"}}],"inLanguage":"es"}]}},"lang":"es","translations":{"es":17062,"en":17066,"ca":17067},"pll_sync_post":[],"_links":{"self":[{"href":"https:\/\/elbullifoundation.com\/elbullistore\/wp-json\/wp\/v2\/product\/17062","targetHints":{"allow":["GET"]}}],"collection":[{"href":"https:\/\/elbullifoundation.com\/elbullistore\/wp-json\/wp\/v2\/product"}],"about":[{"href":"https:\/\/elbullifoundation.com\/elbullistore\/wp-json\/wp\/v2\/types\/product"}],"replies":[{"embeddable":true,"href":"https:\/\/elbullifoundation.com\/elbullistore\/wp-json\/wp\/v2\/comments?post=17062"}],"wp:featuredmedia":[{"embeddable":true,"href":"https:\/\/elbullifoundation.com\/elbullistore\/wp-json\/wp\/v2\/media\/17204"}],"wp:attachment":[{"href":"https:\/\/elbullifoundation.com\/elbullistore\/wp-json\/wp\/v2\/media?parent=17062"}],"wp:term":[{"taxonomy":"product_brand","embeddable":true,"href":"https:\/\/elbullifoundation.com\/elbullistore\/wp-json\/wp\/v2\/product_brand?post=17062"},{"taxonomy":"product_cat","embeddable":true,"href":"https:\/\/elbullifoundation.com\/elbullistore\/wp-json\/wp\/v2\/product_cat?post=17062"},{"taxonomy":"product_tag","embeddable":true,"href":"https:\/\/elbullifoundation.com\/elbullistore\/wp-json\/wp\/v2\/product_tag?post=17062"}],"curies":[{"name":"wp","href":"https:\/\/api.w.org\/{rel}","templated":true}]}}