{"id":17110,"date":"2023-10-26T13:16:30","date_gmt":"2023-10-26T11:16:30","guid":{"rendered":"https:\/\/elbullifoundation.com\/elbullistore\/?post_type=product&#038;p=17110"},"modified":"2025-09-12T10:23:00","modified_gmt":"2025-09-12T08:23:00","slug":"cuaderno-de-bolsillo-menestra-de-verduras","status":"publish","type":"product","link":"https:\/\/elbullifoundation.com\/elbullistore\/producto\/cuaderno-de-bolsillo-menestra-de-verduras\/","title":{"rendered":"Cuaderno de bolsillo: Menestra de verduras"},"content":{"rendered":"<p>Un cuaderno de bolsillo dise\u00f1ado por el equipo de elBullifoundation. Un tama\u00f1o compacto y port\u00e1til para llevarlo c\u00f3modamente en el bolsillo de una chaqueta o pantal\u00f3n, para tenerlo siempre a mano, para tomar notas o cuando se te ocurre una idea.<\/p>\n<p>&nbsp;<\/p>\n<p>Portada: Menestra de verduras. Esquema de Ferran Adri\u00e0 del plato 247\/la menestra de verduras en texturas<\/p>\n<p>&nbsp;<\/p>\n<p>Tama\u00f1o: 15 x 9 x 0,9 cm<\/p>\n<p>50 hojas interiores en blanco<\/p>\n","protected":false},"excerpt":{"rendered":"<p>Un cuaderno de bolsillo dise\u00f1ado por el equipo de elBullifoundation. Un tama\u00f1o compacto y port\u00e1til para llevarlo c\u00f3modamente en el bolsillo de una chaqueta o pantal\u00f3n, para tenerlo siempre a mano, para tomar notas o cuando se te ocurre una idea. &nbsp; Portada: Menestra de verduras. Esquema de Ferran Adri\u00e0 del plato 247\/la menestra de [&hellip;]<\/p>\n","protected":false},"featured_media":16863,"comment_status":"closed","ping_status":"closed","template":"","meta":{"_acf_changed":false},"product_brand":[],"product_cat":[2601],"product_tag":[2713,290,152,227,150,2711,2715],"class_list":{"0":"post-17110","1":"product","2":"type-product","3":"status-publish","4":"has-post-thumbnail","6":"product_cat-merchandising","7":"product_tag-cuaderno","8":"product_tag-el-bulli","9":"product_tag-elbulli","10":"product_tag-elbullistore","11":"product_tag-ferran-adria","12":"product_tag-libreta","13":"product_tag-menestra-de-verduras","15":"first","16":"instock","17":"taxable","18":"shipping-taxable","19":"purchasable","20":"product-type-simple"},"acf":[],"yoast_head":"<!-- This site is optimized with the Yoast SEO plugin v26.9 - https:\/\/yoast.com\/product\/yoast-seo-wordpress\/ -->\n<title>Cuaderno de bolsillo: Menestra de verduras - elBullistore<\/title>\n<meta name=\"description\" content=\"Un cuaderno de bolsillo dise\u00f1ado por el equipo de elBullifoundation. Portada menestra de verduras, plato de elBulli restaurante creado por Ferran Adri\u00e0.\" \/>\n<meta name=\"robots\" content=\"index, follow, max-snippet:-1, max-image-preview:large, max-video-preview:-1\" \/>\n<link rel=\"canonical\" href=\"https:\/\/elbullifoundation.com\/elbullistore\/producto\/cuaderno-de-bolsillo-menestra-de-verduras\/\" \/>\n<meta property=\"og:locale\" content=\"es_ES\" \/>\n<meta property=\"og:type\" content=\"article\" \/>\n<meta property=\"og:title\" content=\"Cuaderno de bolsillo: Menestra de verduras - elBullistore\" \/>\n<meta property=\"og:description\" content=\"Un cuaderno de bolsillo dise\u00f1ado por el equipo de elBullifoundation. Portada menestra de verduras, plato de elBulli restaurante creado por Ferran Adri\u00e0.\" \/>\n<meta property=\"og:url\" content=\"https:\/\/elbullifoundation.com\/elbullistore\/producto\/cuaderno-de-bolsillo-menestra-de-verduras\/\" \/>\n<meta property=\"og:site_name\" content=\"elBullistore\" \/>\n<meta property=\"article:modified_time\" content=\"2025-09-12T08:23:00+00:00\" \/>\n<meta property=\"og:image\" content=\"https:\/\/elbullifoundation.com\/elbullistore\/wp-content\/uploads\/2023\/10\/libreta1.png\" \/>\n\t<meta property=\"og:image:width\" content=\"1097\" \/>\n\t<meta property=\"og:image:height\" content=\"1097\" \/>\n\t<meta property=\"og:image:type\" content=\"image\/png\" \/>\n<meta name=\"twitter:card\" content=\"summary_large_image\" \/>\n<meta name=\"twitter:label1\" content=\"Tiempo de lectura\" \/>\n\t<meta name=\"twitter:data1\" content=\"1 minuto\" \/>\n<script type=\"application\/ld+json\" class=\"yoast-schema-graph\">{\"@context\":\"https:\/\/schema.org\",\"@graph\":[{\"@type\":\"WebPage\",\"@id\":\"https:\/\/elbullifoundation.com\/elbullistore\/producto\/cuaderno-de-bolsillo-menestra-de-verduras\/\",\"url\":\"https:\/\/elbullifoundation.com\/elbullistore\/producto\/cuaderno-de-bolsillo-menestra-de-verduras\/\",\"name\":\"Cuaderno de bolsillo: Menestra de verduras - elBullistore\",\"isPartOf\":{\"@id\":\"https:\/\/elbullifoundation.com\/elbullistore\/#website\"},\"primaryImageOfPage\":{\"@id\":\"https:\/\/elbullifoundation.com\/elbullistore\/producto\/cuaderno-de-bolsillo-menestra-de-verduras\/#primaryimage\"},\"image\":{\"@id\":\"https:\/\/elbullifoundation.com\/elbullistore\/producto\/cuaderno-de-bolsillo-menestra-de-verduras\/#primaryimage\"},\"thumbnailUrl\":\"https:\/\/elbullifoundation.com\/elbullistore\/wp-content\/uploads\/2023\/10\/libreta1.png\",\"datePublished\":\"2023-10-26T11:16:30+00:00\",\"dateModified\":\"2025-09-12T08:23:00+00:00\",\"description\":\"Un cuaderno de bolsillo dise\u00f1ado por el equipo de elBullifoundation. Portada menestra de verduras, plato de elBulli restaurante creado por Ferran Adri\u00e0.\",\"breadcrumb\":{\"@id\":\"https:\/\/elbullifoundation.com\/elbullistore\/producto\/cuaderno-de-bolsillo-menestra-de-verduras\/#breadcrumb\"},\"inLanguage\":\"es\",\"potentialAction\":[{\"@type\":\"ReadAction\",\"target\":[\"https:\/\/elbullifoundation.com\/elbullistore\/producto\/cuaderno-de-bolsillo-menestra-de-verduras\/\"]}]},{\"@type\":\"ImageObject\",\"inLanguage\":\"es\",\"@id\":\"https:\/\/elbullifoundation.com\/elbullistore\/producto\/cuaderno-de-bolsillo-menestra-de-verduras\/#primaryimage\",\"url\":\"https:\/\/elbullifoundation.com\/elbullistore\/wp-content\/uploads\/2023\/10\/libreta1.png\",\"contentUrl\":\"https:\/\/elbullifoundation.com\/elbullistore\/wp-content\/uploads\/2023\/10\/libreta1.png\",\"width\":1097,\"height\":1097,\"caption\":\"Libreta Menestra de verduras\"},{\"@type\":\"BreadcrumbList\",\"@id\":\"https:\/\/elbullifoundation.com\/elbullistore\/producto\/cuaderno-de-bolsillo-menestra-de-verduras\/#breadcrumb\",\"itemListElement\":[{\"@type\":\"ListItem\",\"position\":1,\"name\":\"Portada\",\"item\":\"https:\/\/elbullifoundation.com\/elbullistore\/\"},{\"@type\":\"ListItem\",\"position\":2,\"name\":\"Productos\",\"item\":\"https:\/\/elbullifoundation.com\/elbullistore\/shop\/\"},{\"@type\":\"ListItem\",\"position\":3,\"name\":\"Cuaderno de bolsillo: Menestra de verduras\"}]},{\"@type\":\"WebSite\",\"@id\":\"https:\/\/elbullifoundation.com\/elbullistore\/#website\",\"url\":\"https:\/\/elbullifoundation.com\/elbullistore\/\",\"name\":\"elBullistore\",\"description\":\"\",\"potentialAction\":[{\"@type\":\"SearchAction\",\"target\":{\"@type\":\"EntryPoint\",\"urlTemplate\":\"https:\/\/elbullifoundation.com\/elbullistore\/?s={search_term_string}\"},\"query-input\":{\"@type\":\"PropertyValueSpecification\",\"valueRequired\":true,\"valueName\":\"search_term_string\"}}],\"inLanguage\":\"es\"}]}<\/script>\n<!-- \/ Yoast SEO plugin. -->","yoast_head_json":{"title":"Cuaderno de bolsillo: Menestra de verduras - elBullistore","description":"Un cuaderno de bolsillo dise\u00f1ado por el equipo de elBullifoundation. Portada menestra de verduras, plato de elBulli restaurante creado por Ferran Adri\u00e0.","robots":{"index":"index","follow":"follow","max-snippet":"max-snippet:-1","max-image-preview":"max-image-preview:large","max-video-preview":"max-video-preview:-1"},"canonical":"https:\/\/elbullifoundation.com\/elbullistore\/producto\/cuaderno-de-bolsillo-menestra-de-verduras\/","og_locale":"es_ES","og_type":"article","og_title":"Cuaderno de bolsillo: Menestra de verduras - elBullistore","og_description":"Un cuaderno de bolsillo dise\u00f1ado por el equipo de elBullifoundation. Portada menestra de verduras, plato de elBulli restaurante creado por Ferran Adri\u00e0.","og_url":"https:\/\/elbullifoundation.com\/elbullistore\/producto\/cuaderno-de-bolsillo-menestra-de-verduras\/","og_site_name":"elBullistore","article_modified_time":"2025-09-12T08:23:00+00:00","og_image":[{"width":1097,"height":1097,"url":"https:\/\/elbullifoundation.com\/elbullistore\/wp-content\/uploads\/2023\/10\/libreta1.png","type":"image\/png"}],"twitter_card":"summary_large_image","twitter_misc":{"Tiempo de lectura":"1 minuto"},"schema":{"@context":"https:\/\/schema.org","@graph":[{"@type":"WebPage","@id":"https:\/\/elbullifoundation.com\/elbullistore\/producto\/cuaderno-de-bolsillo-menestra-de-verduras\/","url":"https:\/\/elbullifoundation.com\/elbullistore\/producto\/cuaderno-de-bolsillo-menestra-de-verduras\/","name":"Cuaderno de bolsillo: Menestra de verduras - elBullistore","isPartOf":{"@id":"https:\/\/elbullifoundation.com\/elbullistore\/#website"},"primaryImageOfPage":{"@id":"https:\/\/elbullifoundation.com\/elbullistore\/producto\/cuaderno-de-bolsillo-menestra-de-verduras\/#primaryimage"},"image":{"@id":"https:\/\/elbullifoundation.com\/elbullistore\/producto\/cuaderno-de-bolsillo-menestra-de-verduras\/#primaryimage"},"thumbnailUrl":"https:\/\/elbullifoundation.com\/elbullistore\/wp-content\/uploads\/2023\/10\/libreta1.png","datePublished":"2023-10-26T11:16:30+00:00","dateModified":"2025-09-12T08:23:00+00:00","description":"Un cuaderno de bolsillo dise\u00f1ado por el equipo de elBullifoundation. Portada menestra de verduras, plato de elBulli restaurante creado por Ferran Adri\u00e0.","breadcrumb":{"@id":"https:\/\/elbullifoundation.com\/elbullistore\/producto\/cuaderno-de-bolsillo-menestra-de-verduras\/#breadcrumb"},"inLanguage":"es","potentialAction":[{"@type":"ReadAction","target":["https:\/\/elbullifoundation.com\/elbullistore\/producto\/cuaderno-de-bolsillo-menestra-de-verduras\/"]}]},{"@type":"ImageObject","inLanguage":"es","@id":"https:\/\/elbullifoundation.com\/elbullistore\/producto\/cuaderno-de-bolsillo-menestra-de-verduras\/#primaryimage","url":"https:\/\/elbullifoundation.com\/elbullistore\/wp-content\/uploads\/2023\/10\/libreta1.png","contentUrl":"https:\/\/elbullifoundation.com\/elbullistore\/wp-content\/uploads\/2023\/10\/libreta1.png","width":1097,"height":1097,"caption":"Libreta Menestra de verduras"},{"@type":"BreadcrumbList","@id":"https:\/\/elbullifoundation.com\/elbullistore\/producto\/cuaderno-de-bolsillo-menestra-de-verduras\/#breadcrumb","itemListElement":[{"@type":"ListItem","position":1,"name":"Portada","item":"https:\/\/elbullifoundation.com\/elbullistore\/"},{"@type":"ListItem","position":2,"name":"Productos","item":"https:\/\/elbullifoundation.com\/elbullistore\/shop\/"},{"@type":"ListItem","position":3,"name":"Cuaderno de bolsillo: Menestra de verduras"}]},{"@type":"WebSite","@id":"https:\/\/elbullifoundation.com\/elbullistore\/#website","url":"https:\/\/elbullifoundation.com\/elbullistore\/","name":"elBullistore","description":"","potentialAction":[{"@type":"SearchAction","target":{"@type":"EntryPoint","urlTemplate":"https:\/\/elbullifoundation.com\/elbullistore\/?s={search_term_string}"},"query-input":{"@type":"PropertyValueSpecification","valueRequired":true,"valueName":"search_term_string"}}],"inLanguage":"es"}]}},"lang":"es","translations":{"es":17110,"ca":17111,"en":17112},"pll_sync_post":[],"_links":{"self":[{"href":"https:\/\/elbullifoundation.com\/elbullistore\/wp-json\/wp\/v2\/product\/17110","targetHints":{"allow":["GET"]}}],"collection":[{"href":"https:\/\/elbullifoundation.com\/elbullistore\/wp-json\/wp\/v2\/product"}],"about":[{"href":"https:\/\/elbullifoundation.com\/elbullistore\/wp-json\/wp\/v2\/types\/product"}],"replies":[{"embeddable":true,"href":"https:\/\/elbullifoundation.com\/elbullistore\/wp-json\/wp\/v2\/comments?post=17110"}],"wp:featuredmedia":[{"embeddable":true,"href":"https:\/\/elbullifoundation.com\/elbullistore\/wp-json\/wp\/v2\/media\/16863"}],"wp:attachment":[{"href":"https:\/\/elbullifoundation.com\/elbullistore\/wp-json\/wp\/v2\/media?parent=17110"}],"wp:term":[{"taxonomy":"product_brand","embeddable":true,"href":"https:\/\/elbullifoundation.com\/elbullistore\/wp-json\/wp\/v2\/product_brand?post=17110"},{"taxonomy":"product_cat","embeddable":true,"href":"https:\/\/elbullifoundation.com\/elbullistore\/wp-json\/wp\/v2\/product_cat?post=17110"},{"taxonomy":"product_tag","embeddable":true,"href":"https:\/\/elbullifoundation.com\/elbullistore\/wp-json\/wp\/v2\/product_tag?post=17110"}],"curies":[{"name":"wp","href":"https:\/\/api.w.org\/{rel}","templated":true}]}}