{"id":17835,"date":"2024-02-16T15:23:17","date_gmt":"2024-02-16T14:23:17","guid":{"rendered":"https:\/\/elbullifoundation.com\/elbullistore\/?post_type=product&#038;p=17835"},"modified":"2024-08-01T13:07:21","modified_gmt":"2024-08-01T11:07:21","slug":"vinos-origen-evolucion-del-vino-volumen-vii","status":"publish","type":"product","link":"https:\/\/elbullifoundation.com\/elbullistore\/ca\/product\/vinos-origen-evolucion-del-vino-volumen-vii\/","title":{"rendered":"Vinos. Origen y evoluci\u00f3n del vino (Volumen VII)"},"content":{"rendered":"<p><em><strong>Vins. Origen i evoluci\u00f3 del vi (Volum VII)<\/strong><\/em><\/p>\n<p>El volum VII del <em>Sapiens del Vi<\/em> tracta l&#8217;origen i l&#8217;evoluci\u00f3 del vi. Explorem cinc amplis aspectes: la vinya, el vi, el mercat, el servei i l&#8217;experi\u00e8ncia.<\/p>\n<p>\u00c9s un viatge que ens porta, copa en m\u00e0, des de les civilitzacions m\u00e9s antigues fins als nostres dies, on explorem significats religiosos, mitol\u00f2gics, hedonistes, medicinals, art\u00edstics i relacionats amb el servei.<\/p>\n<p>592 p\u00e0gines<\/p>\n<p>230 x 330 mm<\/p>\n<p>Tapa dura<\/p>\n<p>ISBN:978-84-09-53628-3<\/p>\n","protected":false},"excerpt":{"rendered":"<p>Vins. Origen i evoluci\u00f3 del vi (Volum VII) El volum VII del Sapiens del Vi tracta l&#8217;origen i l&#8217;evoluci\u00f3 del vi. Explorem cinc amplis aspectes: la vinya, el vi, el mercat, el servei i l&#8217;experi\u00e8ncia. \u00c9s un viatge que ens porta, copa en m\u00e0, des de les civilitzacions m\u00e9s antigues fins als nostres dies, on [&hellip;]<\/p>\n","protected":false},"featured_media":17831,"comment_status":"closed","ping_status":"closed","template":"","meta":{"_acf_changed":false},"product_brand":[],"product_cat":[854],"product_tag":[],"class_list":{"0":"post-17835","1":"product","2":"type-product","3":"status-publish","4":"has-post-thumbnail","6":"product_cat-vinos-ca","8":"first","9":"instock","10":"taxable","11":"shipping-taxable","12":"purchasable","13":"product-type-simple"},"acf":[],"yoast_head":"<!-- This site is optimized with the Yoast SEO plugin v26.9 - https:\/\/yoast.com\/product\/yoast-seo-wordpress\/ -->\n<title>Vinos. Origen y evoluci\u00f3n del vino (Volumen VII) - elBullistore<\/title>\n<meta name=\"robots\" content=\"index, follow, max-snippet:-1, max-image-preview:large, max-video-preview:-1\" \/>\n<link rel=\"canonical\" href=\"https:\/\/elbullifoundation.com\/elbullistore\/ca\/product\/vinos-origen-evolucion-del-vino-volumen-vii\/\" \/>\n<meta property=\"og:locale\" content=\"es_ES\" \/>\n<meta property=\"og:type\" content=\"article\" \/>\n<meta property=\"og:title\" content=\"Vinos. Origen y evoluci\u00f3n del vino (Volumen VII) - elBullistore\" \/>\n<meta property=\"og:description\" content=\"Vins. Origen i evoluci\u00f3 del vi (Volum VII) El volum VII del Sapiens del Vi tracta l&#8217;origen i l&#8217;evoluci\u00f3 del vi. Explorem cinc amplis aspectes: la vinya, el vi, el mercat, el servei i l&#8217;experi\u00e8ncia. \u00c9s un viatge que ens porta, copa en m\u00e0, des de les civilitzacions m\u00e9s antigues fins als nostres dies, on [&hellip;]\" \/>\n<meta property=\"og:url\" content=\"https:\/\/elbullifoundation.com\/elbullistore\/ca\/product\/vinos-origen-evolucion-del-vino-volumen-vii\/\" \/>\n<meta property=\"og:site_name\" content=\"elBullistore\" \/>\n<meta property=\"article:modified_time\" content=\"2024-08-01T11:07:21+00:00\" \/>\n<meta property=\"og:image\" content=\"https:\/\/elbullifoundation.com\/elbullistore\/wp-content\/uploads\/2015\/11\/interior0.jpg\" \/>\n\t<meta property=\"og:image:width\" content=\"1200\" \/>\n\t<meta property=\"og:image:height\" content=\"960\" \/>\n\t<meta property=\"og:image:type\" content=\"image\/jpeg\" \/>\n<meta name=\"twitter:card\" content=\"summary_large_image\" \/>\n<meta name=\"twitter:label1\" content=\"Tiempo de lectura\" \/>\n\t<meta name=\"twitter:data1\" content=\"1 minuto\" \/>\n<script type=\"application\/ld+json\" class=\"yoast-schema-graph\">{\"@context\":\"https:\/\/schema.org\",\"@graph\":[{\"@type\":\"WebPage\",\"@id\":\"https:\/\/elbullifoundation.com\/elbullistore\/ca\/product\/vinos-origen-evolucion-del-vino-volumen-vii\/\",\"url\":\"https:\/\/elbullifoundation.com\/elbullistore\/ca\/product\/vinos-origen-evolucion-del-vino-volumen-vii\/\",\"name\":\"Vinos. Origen y evoluci\u00f3n del vino (Volumen VII) - elBullistore\",\"isPartOf\":{\"@id\":\"https:\/\/elbullifoundation.com\/elbullistore\/#website\"},\"primaryImageOfPage\":{\"@id\":\"https:\/\/elbullifoundation.com\/elbullistore\/ca\/product\/vinos-origen-evolucion-del-vino-volumen-vii\/#primaryimage\"},\"image\":{\"@id\":\"https:\/\/elbullifoundation.com\/elbullistore\/ca\/product\/vinos-origen-evolucion-del-vino-volumen-vii\/#primaryimage\"},\"thumbnailUrl\":\"https:\/\/elbullifoundation.com\/elbullistore\/wp-content\/uploads\/2015\/11\/interior0.jpg\",\"datePublished\":\"2024-02-16T14:23:17+00:00\",\"dateModified\":\"2024-08-01T11:07:21+00:00\",\"breadcrumb\":{\"@id\":\"https:\/\/elbullifoundation.com\/elbullistore\/ca\/product\/vinos-origen-evolucion-del-vino-volumen-vii\/#breadcrumb\"},\"inLanguage\":\"es\",\"potentialAction\":[{\"@type\":\"ReadAction\",\"target\":[\"https:\/\/elbullifoundation.com\/elbullistore\/ca\/product\/vinos-origen-evolucion-del-vino-volumen-vii\/\"]}]},{\"@type\":\"ImageObject\",\"inLanguage\":\"es\",\"@id\":\"https:\/\/elbullifoundation.com\/elbullistore\/ca\/product\/vinos-origen-evolucion-del-vino-volumen-vii\/#primaryimage\",\"url\":\"https:\/\/elbullifoundation.com\/elbullistore\/wp-content\/uploads\/2015\/11\/interior0.jpg\",\"contentUrl\":\"https:\/\/elbullifoundation.com\/elbullistore\/wp-content\/uploads\/2015\/11\/interior0.jpg\",\"width\":1200,\"height\":960},{\"@type\":\"BreadcrumbList\",\"@id\":\"https:\/\/elbullifoundation.com\/elbullistore\/ca\/product\/vinos-origen-evolucion-del-vino-volumen-vii\/#breadcrumb\",\"itemListElement\":[{\"@type\":\"ListItem\",\"position\":1,\"name\":\"Portada\",\"item\":\"https:\/\/elbullifoundation.com\/elbullistore\/\"},{\"@type\":\"ListItem\",\"position\":2,\"name\":\"Productos\",\"item\":\"https:\/\/elbullifoundation.com\/elbullistore\/shop\/\"},{\"@type\":\"ListItem\",\"position\":3,\"name\":\"Vinos. Origen y evoluci\u00f3n del vino (Volumen VII)\"}]},{\"@type\":\"WebSite\",\"@id\":\"https:\/\/elbullifoundation.com\/elbullistore\/#website\",\"url\":\"https:\/\/elbullifoundation.com\/elbullistore\/\",\"name\":\"elBullistore\",\"description\":\"\",\"potentialAction\":[{\"@type\":\"SearchAction\",\"target\":{\"@type\":\"EntryPoint\",\"urlTemplate\":\"https:\/\/elbullifoundation.com\/elbullistore\/?s={search_term_string}\"},\"query-input\":{\"@type\":\"PropertyValueSpecification\",\"valueRequired\":true,\"valueName\":\"search_term_string\"}}],\"inLanguage\":\"es\"}]}<\/script>\n<!-- \/ Yoast SEO plugin. -->","yoast_head_json":{"title":"Vinos. Origen y evoluci\u00f3n del vino (Volumen VII) - elBullistore","robots":{"index":"index","follow":"follow","max-snippet":"max-snippet:-1","max-image-preview":"max-image-preview:large","max-video-preview":"max-video-preview:-1"},"canonical":"https:\/\/elbullifoundation.com\/elbullistore\/ca\/product\/vinos-origen-evolucion-del-vino-volumen-vii\/","og_locale":"es_ES","og_type":"article","og_title":"Vinos. Origen y evoluci\u00f3n del vino (Volumen VII) - elBullistore","og_description":"Vins. Origen i evoluci\u00f3 del vi (Volum VII) El volum VII del Sapiens del Vi tracta l&#8217;origen i l&#8217;evoluci\u00f3 del vi. Explorem cinc amplis aspectes: la vinya, el vi, el mercat, el servei i l&#8217;experi\u00e8ncia. \u00c9s un viatge que ens porta, copa en m\u00e0, des de les civilitzacions m\u00e9s antigues fins als nostres dies, on [&hellip;]","og_url":"https:\/\/elbullifoundation.com\/elbullistore\/ca\/product\/vinos-origen-evolucion-del-vino-volumen-vii\/","og_site_name":"elBullistore","article_modified_time":"2024-08-01T11:07:21+00:00","og_image":[{"width":1200,"height":960,"url":"https:\/\/elbullifoundation.com\/elbullistore\/wp-content\/uploads\/2015\/11\/interior0.jpg","type":"image\/jpeg"}],"twitter_card":"summary_large_image","twitter_misc":{"Tiempo de lectura":"1 minuto"},"schema":{"@context":"https:\/\/schema.org","@graph":[{"@type":"WebPage","@id":"https:\/\/elbullifoundation.com\/elbullistore\/ca\/product\/vinos-origen-evolucion-del-vino-volumen-vii\/","url":"https:\/\/elbullifoundation.com\/elbullistore\/ca\/product\/vinos-origen-evolucion-del-vino-volumen-vii\/","name":"Vinos. Origen y evoluci\u00f3n del vino (Volumen VII) - elBullistore","isPartOf":{"@id":"https:\/\/elbullifoundation.com\/elbullistore\/#website"},"primaryImageOfPage":{"@id":"https:\/\/elbullifoundation.com\/elbullistore\/ca\/product\/vinos-origen-evolucion-del-vino-volumen-vii\/#primaryimage"},"image":{"@id":"https:\/\/elbullifoundation.com\/elbullistore\/ca\/product\/vinos-origen-evolucion-del-vino-volumen-vii\/#primaryimage"},"thumbnailUrl":"https:\/\/elbullifoundation.com\/elbullistore\/wp-content\/uploads\/2015\/11\/interior0.jpg","datePublished":"2024-02-16T14:23:17+00:00","dateModified":"2024-08-01T11:07:21+00:00","breadcrumb":{"@id":"https:\/\/elbullifoundation.com\/elbullistore\/ca\/product\/vinos-origen-evolucion-del-vino-volumen-vii\/#breadcrumb"},"inLanguage":"es","potentialAction":[{"@type":"ReadAction","target":["https:\/\/elbullifoundation.com\/elbullistore\/ca\/product\/vinos-origen-evolucion-del-vino-volumen-vii\/"]}]},{"@type":"ImageObject","inLanguage":"es","@id":"https:\/\/elbullifoundation.com\/elbullistore\/ca\/product\/vinos-origen-evolucion-del-vino-volumen-vii\/#primaryimage","url":"https:\/\/elbullifoundation.com\/elbullistore\/wp-content\/uploads\/2015\/11\/interior0.jpg","contentUrl":"https:\/\/elbullifoundation.com\/elbullistore\/wp-content\/uploads\/2015\/11\/interior0.jpg","width":1200,"height":960},{"@type":"BreadcrumbList","@id":"https:\/\/elbullifoundation.com\/elbullistore\/ca\/product\/vinos-origen-evolucion-del-vino-volumen-vii\/#breadcrumb","itemListElement":[{"@type":"ListItem","position":1,"name":"Portada","item":"https:\/\/elbullifoundation.com\/elbullistore\/"},{"@type":"ListItem","position":2,"name":"Productos","item":"https:\/\/elbullifoundation.com\/elbullistore\/shop\/"},{"@type":"ListItem","position":3,"name":"Vinos. Origen y evoluci\u00f3n del vino (Volumen VII)"}]},{"@type":"WebSite","@id":"https:\/\/elbullifoundation.com\/elbullistore\/#website","url":"https:\/\/elbullifoundation.com\/elbullistore\/","name":"elBullistore","description":"","potentialAction":[{"@type":"SearchAction","target":{"@type":"EntryPoint","urlTemplate":"https:\/\/elbullifoundation.com\/elbullistore\/?s={search_term_string}"},"query-input":{"@type":"PropertyValueSpecification","valueRequired":true,"valueName":"search_term_string"}}],"inLanguage":"es"}]}},"lang":"ca","translations":{"ca":17835,"es":14391,"en":14398},"pll_sync_post":[],"_links":{"self":[{"href":"https:\/\/elbullifoundation.com\/elbullistore\/wp-json\/wp\/v2\/product\/17835","targetHints":{"allow":["GET"]}}],"collection":[{"href":"https:\/\/elbullifoundation.com\/elbullistore\/wp-json\/wp\/v2\/product"}],"about":[{"href":"https:\/\/elbullifoundation.com\/elbullistore\/wp-json\/wp\/v2\/types\/product"}],"replies":[{"embeddable":true,"href":"https:\/\/elbullifoundation.com\/elbullistore\/wp-json\/wp\/v2\/comments?post=17835"}],"wp:featuredmedia":[{"embeddable":true,"href":"https:\/\/elbullifoundation.com\/elbullistore\/wp-json\/wp\/v2\/media\/17831"}],"wp:attachment":[{"href":"https:\/\/elbullifoundation.com\/elbullistore\/wp-json\/wp\/v2\/media?parent=17835"}],"wp:term":[{"taxonomy":"product_brand","embeddable":true,"href":"https:\/\/elbullifoundation.com\/elbullistore\/wp-json\/wp\/v2\/product_brand?post=17835"},{"taxonomy":"product_cat","embeddable":true,"href":"https:\/\/elbullifoundation.com\/elbullistore\/wp-json\/wp\/v2\/product_cat?post=17835"},{"taxonomy":"product_tag","embeddable":true,"href":"https:\/\/elbullifoundation.com\/elbullistore\/wp-json\/wp\/v2\/product_tag?post=17835"}],"curies":[{"name":"wp","href":"https:\/\/api.w.org\/{rel}","templated":true}]}}