{"id":19314,"date":"2026-02-12T00:17:37","date_gmt":"2026-02-11T23:17:37","guid":{"rendered":"https:\/\/elbullifoundation.com\/elbullistore\/?post_type=product&#038;p=19314"},"modified":"2026-02-12T10:42:48","modified_gmt":"2026-02-12T09:42:48","slug":"plan-genhesis","status":"publish","type":"product","link":"https:\/\/elbullifoundation.com\/elbullistore\/en\/product\/plan-genhesis\/","title":{"rendered":"Plan Genhesis. Plan de empresa para la restauraci\u00f3n"},"content":{"rendered":"<p><em>Plan Genhesis. Plan de empresa para la restauraci\u00f3n gastron\u00f3mica <\/em>is a practical and rigorous guide to designing and managing a restaurant from a business perspective. Applying the Sapiens methodology, the book connects all the key decisions of a project\u2014business model, economic planning, opening and management\u2014through a systemic and applied approach. Conceived as a living tool, it is complemented by digital resources that facilitate its use in day-to-day operations. A work aimed at those who want to better understand gastronomic hospitality and increase the chances of success of their business.<\/p>\n","protected":false},"excerpt":{"rendered":"<p>Plan Genhesis. Plan de empresa para la restauraci\u00f3n gastron\u00f3mica is a practical and rigorous guide to designing and managing a restaurant from a business perspective. Applying the Sapiens methodology, the book connects all the key decisions of a project\u2014business model, economic planning, opening and management\u2014through a systemic and applied approach. Conceived as a living tool, [&hellip;]<\/p>\n","protected":false},"featured_media":19353,"comment_status":"closed","ping_status":"closed","template":"","meta":{"_acf_changed":false},"product_brand":[],"product_cat":[23,660],"product_tag":[],"class_list":{"0":"post-19314","1":"product","2":"type-product","3":"status-publish","4":"has-post-thumbnail","6":"product_cat-bullipedia-en","7":"product_cat-general-en","9":"first","10":"instock","11":"taxable","12":"shipping-taxable","13":"purchasable","14":"product-type-simple"},"acf":[],"yoast_head":"<!-- This site is optimized with the Yoast SEO plugin v26.9 - https:\/\/yoast.com\/product\/yoast-seo-wordpress\/ -->\n<title>Plan Genhesis. Plan de empresa para la restauraci\u00f3n - elBullistore<\/title>\n<meta name=\"robots\" content=\"index, follow, max-snippet:-1, max-image-preview:large, max-video-preview:-1\" \/>\n<link rel=\"canonical\" href=\"https:\/\/elbullifoundation.com\/elbullistore\/en\/product\/plan-genhesis\/\" \/>\n<meta property=\"og:locale\" content=\"es_ES\" \/>\n<meta property=\"og:type\" content=\"article\" \/>\n<meta property=\"og:title\" content=\"Plan Genhesis. Plan de empresa para la restauraci\u00f3n - elBullistore\" \/>\n<meta property=\"og:description\" content=\"Plan Genhesis. Plan de empresa para la restauraci\u00f3n gastron\u00f3mica is a practical and rigorous guide to designing and managing a restaurant from a business perspective. Applying the Sapiens methodology, the book connects all the key decisions of a project\u2014business model, economic planning, opening and management\u2014through a systemic and applied approach. Conceived as a living tool, [&hellip;]\" \/>\n<meta property=\"og:url\" content=\"https:\/\/elbullifoundation.com\/elbullistore\/en\/product\/plan-genhesis\/\" \/>\n<meta property=\"og:site_name\" content=\"elBullistore\" \/>\n<meta property=\"article:modified_time\" content=\"2026-02-12T09:42:48+00:00\" \/>\n<meta property=\"og:image\" content=\"https:\/\/elbullifoundation.com\/elbullistore\/wp-content\/uploads\/2026\/02\/portada.jpg\" \/>\n\t<meta property=\"og:image:width\" content=\"1600\" \/>\n\t<meta property=\"og:image:height\" content=\"1152\" \/>\n\t<meta property=\"og:image:type\" content=\"image\/jpeg\" \/>\n<meta name=\"twitter:card\" content=\"summary_large_image\" \/>\n<meta name=\"twitter:label1\" content=\"Tiempo de lectura\" \/>\n\t<meta name=\"twitter:data1\" content=\"1 minuto\" \/>\n<script type=\"application\/ld+json\" class=\"yoast-schema-graph\">{\"@context\":\"https:\/\/schema.org\",\"@graph\":[{\"@type\":\"WebPage\",\"@id\":\"https:\/\/elbullifoundation.com\/elbullistore\/en\/product\/plan-genhesis\/\",\"url\":\"https:\/\/elbullifoundation.com\/elbullistore\/en\/product\/plan-genhesis\/\",\"name\":\"Plan Genhesis. Plan de empresa para la restauraci\u00f3n - elBullistore\",\"isPartOf\":{\"@id\":\"https:\/\/elbullifoundation.com\/elbullistore\/#website\"},\"primaryImageOfPage\":{\"@id\":\"https:\/\/elbullifoundation.com\/elbullistore\/en\/product\/plan-genhesis\/#primaryimage\"},\"image\":{\"@id\":\"https:\/\/elbullifoundation.com\/elbullistore\/en\/product\/plan-genhesis\/#primaryimage\"},\"thumbnailUrl\":\"https:\/\/elbullifoundation.com\/elbullistore\/wp-content\/uploads\/2026\/02\/portada.jpg\",\"datePublished\":\"2026-02-11T23:17:37+00:00\",\"dateModified\":\"2026-02-12T09:42:48+00:00\",\"breadcrumb\":{\"@id\":\"https:\/\/elbullifoundation.com\/elbullistore\/en\/product\/plan-genhesis\/#breadcrumb\"},\"inLanguage\":\"es\",\"potentialAction\":[{\"@type\":\"ReadAction\",\"target\":[\"https:\/\/elbullifoundation.com\/elbullistore\/en\/product\/plan-genhesis\/\"]}]},{\"@type\":\"ImageObject\",\"inLanguage\":\"es\",\"@id\":\"https:\/\/elbullifoundation.com\/elbullistore\/en\/product\/plan-genhesis\/#primaryimage\",\"url\":\"https:\/\/elbullifoundation.com\/elbullistore\/wp-content\/uploads\/2026\/02\/portada.jpg\",\"contentUrl\":\"https:\/\/elbullifoundation.com\/elbullistore\/wp-content\/uploads\/2026\/02\/portada.jpg\",\"width\":1600,\"height\":1152},{\"@type\":\"BreadcrumbList\",\"@id\":\"https:\/\/elbullifoundation.com\/elbullistore\/en\/product\/plan-genhesis\/#breadcrumb\",\"itemListElement\":[{\"@type\":\"ListItem\",\"position\":1,\"name\":\"Portada\",\"item\":\"https:\/\/elbullifoundation.com\/elbullistore\/\"},{\"@type\":\"ListItem\",\"position\":2,\"name\":\"Productos\",\"item\":\"https:\/\/elbullifoundation.com\/elbullistore\/shop\/\"},{\"@type\":\"ListItem\",\"position\":3,\"name\":\"Plan Genhesis. Plan de empresa para la restauraci\u00f3n\"}]},{\"@type\":\"WebSite\",\"@id\":\"https:\/\/elbullifoundation.com\/elbullistore\/#website\",\"url\":\"https:\/\/elbullifoundation.com\/elbullistore\/\",\"name\":\"elBullistore\",\"description\":\"\",\"potentialAction\":[{\"@type\":\"SearchAction\",\"target\":{\"@type\":\"EntryPoint\",\"urlTemplate\":\"https:\/\/elbullifoundation.com\/elbullistore\/?s={search_term_string}\"},\"query-input\":{\"@type\":\"PropertyValueSpecification\",\"valueRequired\":true,\"valueName\":\"search_term_string\"}}],\"inLanguage\":\"es\"}]}<\/script>\n<!-- \/ Yoast SEO plugin. -->","yoast_head_json":{"title":"Plan Genhesis. Plan de empresa para la restauraci\u00f3n - elBullistore","robots":{"index":"index","follow":"follow","max-snippet":"max-snippet:-1","max-image-preview":"max-image-preview:large","max-video-preview":"max-video-preview:-1"},"canonical":"https:\/\/elbullifoundation.com\/elbullistore\/en\/product\/plan-genhesis\/","og_locale":"es_ES","og_type":"article","og_title":"Plan Genhesis. Plan de empresa para la restauraci\u00f3n - elBullistore","og_description":"Plan Genhesis. Plan de empresa para la restauraci\u00f3n gastron\u00f3mica is a practical and rigorous guide to designing and managing a restaurant from a business perspective. Applying the Sapiens methodology, the book connects all the key decisions of a project\u2014business model, economic planning, opening and management\u2014through a systemic and applied approach. Conceived as a living tool, [&hellip;]","og_url":"https:\/\/elbullifoundation.com\/elbullistore\/en\/product\/plan-genhesis\/","og_site_name":"elBullistore","article_modified_time":"2026-02-12T09:42:48+00:00","og_image":[{"width":1600,"height":1152,"url":"https:\/\/elbullifoundation.com\/elbullistore\/wp-content\/uploads\/2026\/02\/portada.jpg","type":"image\/jpeg"}],"twitter_card":"summary_large_image","twitter_misc":{"Tiempo de lectura":"1 minuto"},"schema":{"@context":"https:\/\/schema.org","@graph":[{"@type":"WebPage","@id":"https:\/\/elbullifoundation.com\/elbullistore\/en\/product\/plan-genhesis\/","url":"https:\/\/elbullifoundation.com\/elbullistore\/en\/product\/plan-genhesis\/","name":"Plan Genhesis. Plan de empresa para la restauraci\u00f3n - elBullistore","isPartOf":{"@id":"https:\/\/elbullifoundation.com\/elbullistore\/#website"},"primaryImageOfPage":{"@id":"https:\/\/elbullifoundation.com\/elbullistore\/en\/product\/plan-genhesis\/#primaryimage"},"image":{"@id":"https:\/\/elbullifoundation.com\/elbullistore\/en\/product\/plan-genhesis\/#primaryimage"},"thumbnailUrl":"https:\/\/elbullifoundation.com\/elbullistore\/wp-content\/uploads\/2026\/02\/portada.jpg","datePublished":"2026-02-11T23:17:37+00:00","dateModified":"2026-02-12T09:42:48+00:00","breadcrumb":{"@id":"https:\/\/elbullifoundation.com\/elbullistore\/en\/product\/plan-genhesis\/#breadcrumb"},"inLanguage":"es","potentialAction":[{"@type":"ReadAction","target":["https:\/\/elbullifoundation.com\/elbullistore\/en\/product\/plan-genhesis\/"]}]},{"@type":"ImageObject","inLanguage":"es","@id":"https:\/\/elbullifoundation.com\/elbullistore\/en\/product\/plan-genhesis\/#primaryimage","url":"https:\/\/elbullifoundation.com\/elbullistore\/wp-content\/uploads\/2026\/02\/portada.jpg","contentUrl":"https:\/\/elbullifoundation.com\/elbullistore\/wp-content\/uploads\/2026\/02\/portada.jpg","width":1600,"height":1152},{"@type":"BreadcrumbList","@id":"https:\/\/elbullifoundation.com\/elbullistore\/en\/product\/plan-genhesis\/#breadcrumb","itemListElement":[{"@type":"ListItem","position":1,"name":"Portada","item":"https:\/\/elbullifoundation.com\/elbullistore\/"},{"@type":"ListItem","position":2,"name":"Productos","item":"https:\/\/elbullifoundation.com\/elbullistore\/shop\/"},{"@type":"ListItem","position":3,"name":"Plan Genhesis. Plan de empresa para la restauraci\u00f3n"}]},{"@type":"WebSite","@id":"https:\/\/elbullifoundation.com\/elbullistore\/#website","url":"https:\/\/elbullifoundation.com\/elbullistore\/","name":"elBullistore","description":"","potentialAction":[{"@type":"SearchAction","target":{"@type":"EntryPoint","urlTemplate":"https:\/\/elbullifoundation.com\/elbullistore\/?s={search_term_string}"},"query-input":{"@type":"PropertyValueSpecification","valueRequired":true,"valueName":"search_term_string"}}],"inLanguage":"es"}]}},"lang":"en","translations":{"en":19314,"es":19310,"ca":19316},"pll_sync_post":[],"_links":{"self":[{"href":"https:\/\/elbullifoundation.com\/elbullistore\/wp-json\/wp\/v2\/product\/19314","targetHints":{"allow":["GET"]}}],"collection":[{"href":"https:\/\/elbullifoundation.com\/elbullistore\/wp-json\/wp\/v2\/product"}],"about":[{"href":"https:\/\/elbullifoundation.com\/elbullistore\/wp-json\/wp\/v2\/types\/product"}],"replies":[{"embeddable":true,"href":"https:\/\/elbullifoundation.com\/elbullistore\/wp-json\/wp\/v2\/comments?post=19314"}],"wp:featuredmedia":[{"embeddable":true,"href":"https:\/\/elbullifoundation.com\/elbullistore\/wp-json\/wp\/v2\/media\/19353"}],"wp:attachment":[{"href":"https:\/\/elbullifoundation.com\/elbullistore\/wp-json\/wp\/v2\/media?parent=19314"}],"wp:term":[{"taxonomy":"product_brand","embeddable":true,"href":"https:\/\/elbullifoundation.com\/elbullistore\/wp-json\/wp\/v2\/product_brand?post=19314"},{"taxonomy":"product_cat","embeddable":true,"href":"https:\/\/elbullifoundation.com\/elbullistore\/wp-json\/wp\/v2\/product_cat?post=19314"},{"taxonomy":"product_tag","embeddable":true,"href":"https:\/\/elbullifoundation.com\/elbullistore\/wp-json\/wp\/v2\/product_tag?post=19314"}],"curies":[{"name":"wp","href":"https:\/\/api.w.org\/{rel}","templated":true}]}}