{"id":240,"date":"2017-08-21T16:20:00","date_gmt":"2017-08-21T16:20:00","guid":{"rendered":"https:\/\/elbullifoundation.com\/elbullistore\/producto\/catalogo-general-elbulli-1998-2002\/"},"modified":"2024-11-08T12:53:44","modified_gmt":"2024-11-08T11:53:44","slug":"elbulli-1998-2002-general-catalogue","status":"publish","type":"product","link":"https:\/\/elbullifoundation.com\/elbullistore\/en\/product\/elbulli-1998-2002-general-catalogue\/","title":{"rendered":"elBulli 1998-2002 General Catalogue"},"content":{"rendered":"<p><em>elBulli1998-2002<\/em>. From 1998 to 2002 the tasting menu acquired an almost definitive structure providing the ideal vehicle for serving diners multiple elaborations that enabled them to appreciate the whole gastronomic offer every season.<\/p>\n<p>The Catalogue details 371 dishes and presents an evolutionary analysis from 1998 to 2002.<\/p>\n<p><strong>\u00a0<\/strong><\/p>\n<p>Length: 496 pages. The Catalogue features a 22-page Guide outlining the evolutionary map and the families that compose it. Also included is CD-Rom elBulli1998-2002 with all the recipes from this period.<\/p>\n<p>Format: 31.5 x 24 cm.<\/p>\n<p>Weight: 4.410 kg.<\/p>\n<p>Credits: Photography: Francesc Guillamet. Texts: Josep Maria Pinto. Graphic Design: Marta M\u00e9ndez Blaya, Roberta Sucupira.<\/p>\n","protected":false},"excerpt":{"rendered":"<p>elBulli1998-2002. From 1998 to 2002 the tasting menu acquired an almost definitive structure providing the ideal vehicle for serving diners multiple elaborations that enabled them to appreciate the whole gastronomic offer every season. The Catalogue details 371 dishes and presents an evolutionary analysis from 1998 to 2002. \u00a0 Length: 496 pages. The Catalogue features a [&hellip;]<\/p>\n","protected":false},"featured_media":4471,"comment_status":"open","ping_status":"closed","template":"","meta":{"_acf_changed":false},"product_brand":[],"product_cat":[33],"product_tag":[],"class_list":{"0":"post-240","1":"product","2":"type-product","3":"status-publish","4":"has-post-thumbnail","6":"product_cat-catalogos-en","7":"product_shipping_class-envio-5k-en-2","9":"first","10":"instock","11":"taxable","12":"shipping-taxable","13":"purchasable","14":"product-type-variable"},"acf":[],"yoast_head":"<!-- This site is optimized with the Yoast SEO plugin v26.9 - https:\/\/yoast.com\/product\/yoast-seo-wordpress\/ -->\n<title>elBulli 1998-2002 General Catalogue - elBullistore<\/title>\n<meta name=\"description\" content=\"elBulli 1998-2002. Durante estos a\u00f1os el men\u00fa degustaci\u00f3n constituye el veh\u00edculo ideal para llevar hasta el comensal m\u00faltiples elaboraciones .\" \/>\n<meta name=\"robots\" content=\"index, follow, max-snippet:-1, max-image-preview:large, max-video-preview:-1\" \/>\n<link rel=\"canonical\" href=\"https:\/\/elbullifoundation.com\/elbullistore\/en\/product\/elbulli-1998-2002-general-catalogue\/\" \/>\n<meta property=\"og:locale\" content=\"es_ES\" \/>\n<meta property=\"og:type\" content=\"article\" \/>\n<meta property=\"og:title\" content=\"elBulli 1998-2002 General Catalogue - elBullistore\" \/>\n<meta property=\"og:description\" content=\"elBulli 1998-2002. Durante estos a\u00f1os el men\u00fa degustaci\u00f3n constituye el veh\u00edculo ideal para llevar hasta el comensal m\u00faltiples elaboraciones .\" \/>\n<meta property=\"og:url\" content=\"https:\/\/elbullifoundation.com\/elbullistore\/en\/product\/elbulli-1998-2002-general-catalogue\/\" \/>\n<meta property=\"og:site_name\" content=\"elBullistore\" \/>\n<meta property=\"article:modified_time\" content=\"2024-11-08T11:53:44+00:00\" \/>\n<meta property=\"og:image\" content=\"https:\/\/elbullifoundation.com\/elbullistore\/wp-content\/uploads\/2017\/08\/catalogo_general_elbulli_1998-2002.jpg\" \/>\n\t<meta property=\"og:image:width\" content=\"800\" \/>\n\t<meta property=\"og:image:height\" content=\"739\" \/>\n\t<meta property=\"og:image:type\" content=\"image\/jpeg\" \/>\n<meta name=\"twitter:card\" content=\"summary_large_image\" \/>\n<meta name=\"twitter:label1\" content=\"Tiempo de lectura\" \/>\n\t<meta name=\"twitter:data1\" content=\"1 minuto\" \/>\n<script type=\"application\/ld+json\" class=\"yoast-schema-graph\">{\"@context\":\"https:\/\/schema.org\",\"@graph\":[{\"@type\":\"WebPage\",\"@id\":\"https:\/\/elbullifoundation.com\/elbullistore\/en\/product\/elbulli-1998-2002-general-catalogue\/\",\"url\":\"https:\/\/elbullifoundation.com\/elbullistore\/en\/product\/elbulli-1998-2002-general-catalogue\/\",\"name\":\"elBulli 1998-2002 General Catalogue - elBullistore\",\"isPartOf\":{\"@id\":\"https:\/\/elbullifoundation.com\/elbullistore\/#website\"},\"primaryImageOfPage\":{\"@id\":\"https:\/\/elbullifoundation.com\/elbullistore\/en\/product\/elbulli-1998-2002-general-catalogue\/#primaryimage\"},\"image\":{\"@id\":\"https:\/\/elbullifoundation.com\/elbullistore\/en\/product\/elbulli-1998-2002-general-catalogue\/#primaryimage\"},\"thumbnailUrl\":\"https:\/\/elbullifoundation.com\/elbullistore\/wp-content\/uploads\/2017\/08\/catalogo_general_elbulli_1998-2002.jpg\",\"datePublished\":\"2017-08-21T16:20:00+00:00\",\"dateModified\":\"2024-11-08T11:53:44+00:00\",\"description\":\"elBulli 1998-2002. Durante estos a\u00f1os el men\u00fa degustaci\u00f3n constituye el veh\u00edculo ideal para llevar hasta el comensal m\u00faltiples elaboraciones .\",\"breadcrumb\":{\"@id\":\"https:\/\/elbullifoundation.com\/elbullistore\/en\/product\/elbulli-1998-2002-general-catalogue\/#breadcrumb\"},\"inLanguage\":\"es\",\"potentialAction\":[{\"@type\":\"ReadAction\",\"target\":[\"https:\/\/elbullifoundation.com\/elbullistore\/en\/product\/elbulli-1998-2002-general-catalogue\/\"]}]},{\"@type\":\"ImageObject\",\"inLanguage\":\"es\",\"@id\":\"https:\/\/elbullifoundation.com\/elbullistore\/en\/product\/elbulli-1998-2002-general-catalogue\/#primaryimage\",\"url\":\"https:\/\/elbullifoundation.com\/elbullistore\/wp-content\/uploads\/2017\/08\/catalogo_general_elbulli_1998-2002.jpg\",\"contentUrl\":\"https:\/\/elbullifoundation.com\/elbullistore\/wp-content\/uploads\/2017\/08\/catalogo_general_elbulli_1998-2002.jpg\",\"width\":800,\"height\":739},{\"@type\":\"BreadcrumbList\",\"@id\":\"https:\/\/elbullifoundation.com\/elbullistore\/en\/product\/elbulli-1998-2002-general-catalogue\/#breadcrumb\",\"itemListElement\":[{\"@type\":\"ListItem\",\"position\":1,\"name\":\"Portada\",\"item\":\"https:\/\/elbullifoundation.com\/elbullistore\/\"},{\"@type\":\"ListItem\",\"position\":2,\"name\":\"Productos\",\"item\":\"https:\/\/elbullifoundation.com\/elbullistore\/shop\/\"},{\"@type\":\"ListItem\",\"position\":3,\"name\":\"elBulli 1998-2002 General Catalogue\"}]},{\"@type\":\"WebSite\",\"@id\":\"https:\/\/elbullifoundation.com\/elbullistore\/#website\",\"url\":\"https:\/\/elbullifoundation.com\/elbullistore\/\",\"name\":\"elBullistore\",\"description\":\"\",\"potentialAction\":[{\"@type\":\"SearchAction\",\"target\":{\"@type\":\"EntryPoint\",\"urlTemplate\":\"https:\/\/elbullifoundation.com\/elbullistore\/?s={search_term_string}\"},\"query-input\":{\"@type\":\"PropertyValueSpecification\",\"valueRequired\":true,\"valueName\":\"search_term_string\"}}],\"inLanguage\":\"es\"}]}<\/script>\n<!-- \/ Yoast SEO plugin. -->","yoast_head_json":{"title":"elBulli 1998-2002 General Catalogue - elBullistore","description":"elBulli 1998-2002. Durante estos a\u00f1os el men\u00fa degustaci\u00f3n constituye el veh\u00edculo ideal para llevar hasta el comensal m\u00faltiples elaboraciones .","robots":{"index":"index","follow":"follow","max-snippet":"max-snippet:-1","max-image-preview":"max-image-preview:large","max-video-preview":"max-video-preview:-1"},"canonical":"https:\/\/elbullifoundation.com\/elbullistore\/en\/product\/elbulli-1998-2002-general-catalogue\/","og_locale":"es_ES","og_type":"article","og_title":"elBulli 1998-2002 General Catalogue - elBullistore","og_description":"elBulli 1998-2002. Durante estos a\u00f1os el men\u00fa degustaci\u00f3n constituye el veh\u00edculo ideal para llevar hasta el comensal m\u00faltiples elaboraciones .","og_url":"https:\/\/elbullifoundation.com\/elbullistore\/en\/product\/elbulli-1998-2002-general-catalogue\/","og_site_name":"elBullistore","article_modified_time":"2024-11-08T11:53:44+00:00","og_image":[{"width":800,"height":739,"url":"https:\/\/elbullifoundation.com\/elbullistore\/wp-content\/uploads\/2017\/08\/catalogo_general_elbulli_1998-2002.jpg","type":"image\/jpeg"}],"twitter_card":"summary_large_image","twitter_misc":{"Tiempo de lectura":"1 minuto"},"schema":{"@context":"https:\/\/schema.org","@graph":[{"@type":"WebPage","@id":"https:\/\/elbullifoundation.com\/elbullistore\/en\/product\/elbulli-1998-2002-general-catalogue\/","url":"https:\/\/elbullifoundation.com\/elbullistore\/en\/product\/elbulli-1998-2002-general-catalogue\/","name":"elBulli 1998-2002 General Catalogue - elBullistore","isPartOf":{"@id":"https:\/\/elbullifoundation.com\/elbullistore\/#website"},"primaryImageOfPage":{"@id":"https:\/\/elbullifoundation.com\/elbullistore\/en\/product\/elbulli-1998-2002-general-catalogue\/#primaryimage"},"image":{"@id":"https:\/\/elbullifoundation.com\/elbullistore\/en\/product\/elbulli-1998-2002-general-catalogue\/#primaryimage"},"thumbnailUrl":"https:\/\/elbullifoundation.com\/elbullistore\/wp-content\/uploads\/2017\/08\/catalogo_general_elbulli_1998-2002.jpg","datePublished":"2017-08-21T16:20:00+00:00","dateModified":"2024-11-08T11:53:44+00:00","description":"elBulli 1998-2002. Durante estos a\u00f1os el men\u00fa degustaci\u00f3n constituye el veh\u00edculo ideal para llevar hasta el comensal m\u00faltiples elaboraciones .","breadcrumb":{"@id":"https:\/\/elbullifoundation.com\/elbullistore\/en\/product\/elbulli-1998-2002-general-catalogue\/#breadcrumb"},"inLanguage":"es","potentialAction":[{"@type":"ReadAction","target":["https:\/\/elbullifoundation.com\/elbullistore\/en\/product\/elbulli-1998-2002-general-catalogue\/"]}]},{"@type":"ImageObject","inLanguage":"es","@id":"https:\/\/elbullifoundation.com\/elbullistore\/en\/product\/elbulli-1998-2002-general-catalogue\/#primaryimage","url":"https:\/\/elbullifoundation.com\/elbullistore\/wp-content\/uploads\/2017\/08\/catalogo_general_elbulli_1998-2002.jpg","contentUrl":"https:\/\/elbullifoundation.com\/elbullistore\/wp-content\/uploads\/2017\/08\/catalogo_general_elbulli_1998-2002.jpg","width":800,"height":739},{"@type":"BreadcrumbList","@id":"https:\/\/elbullifoundation.com\/elbullistore\/en\/product\/elbulli-1998-2002-general-catalogue\/#breadcrumb","itemListElement":[{"@type":"ListItem","position":1,"name":"Portada","item":"https:\/\/elbullifoundation.com\/elbullistore\/"},{"@type":"ListItem","position":2,"name":"Productos","item":"https:\/\/elbullifoundation.com\/elbullistore\/shop\/"},{"@type":"ListItem","position":3,"name":"elBulli 1998-2002 General Catalogue"}]},{"@type":"WebSite","@id":"https:\/\/elbullifoundation.com\/elbullistore\/#website","url":"https:\/\/elbullifoundation.com\/elbullistore\/","name":"elBullistore","description":"","potentialAction":[{"@type":"SearchAction","target":{"@type":"EntryPoint","urlTemplate":"https:\/\/elbullifoundation.com\/elbullistore\/?s={search_term_string}"},"query-input":{"@type":"PropertyValueSpecification","valueRequired":true,"valueName":"search_term_string"}}],"inLanguage":"es"}]}},"lang":"en","translations":{"en":240,"es":92,"ca":1030},"pll_sync_post":[],"_links":{"self":[{"href":"https:\/\/elbullifoundation.com\/elbullistore\/wp-json\/wp\/v2\/product\/240","targetHints":{"allow":["GET"]}}],"collection":[{"href":"https:\/\/elbullifoundation.com\/elbullistore\/wp-json\/wp\/v2\/product"}],"about":[{"href":"https:\/\/elbullifoundation.com\/elbullistore\/wp-json\/wp\/v2\/types\/product"}],"replies":[{"embeddable":true,"href":"https:\/\/elbullifoundation.com\/elbullistore\/wp-json\/wp\/v2\/comments?post=240"}],"wp:featuredmedia":[{"embeddable":true,"href":"https:\/\/elbullifoundation.com\/elbullistore\/wp-json\/wp\/v2\/media\/4471"}],"wp:attachment":[{"href":"https:\/\/elbullifoundation.com\/elbullistore\/wp-json\/wp\/v2\/media?parent=240"}],"wp:term":[{"taxonomy":"product_brand","embeddable":true,"href":"https:\/\/elbullifoundation.com\/elbullistore\/wp-json\/wp\/v2\/product_brand?post=240"},{"taxonomy":"product_cat","embeddable":true,"href":"https:\/\/elbullifoundation.com\/elbullistore\/wp-json\/wp\/v2\/product_cat?post=240"},{"taxonomy":"product_tag","embeddable":true,"href":"https:\/\/elbullifoundation.com\/elbullistore\/wp-json\/wp\/v2\/product_tag?post=240"}],"curies":[{"name":"wp","href":"https:\/\/api.w.org\/{rel}","templated":true}]}}