{"id":2618,"date":"2018-05-25T12:43:18","date_gmt":"2018-05-25T10:43:18","guid":{"rendered":"https:\/\/elbullifoundation.com\/elbullistore\/?post_type=product&#038;p=2618"},"modified":"2024-10-03T13:45:24","modified_gmt":"2024-10-03T11:45:24","slug":"picasso-cocina","status":"publish","type":"product","link":"https:\/\/elbullifoundation.com\/elbullistore\/producto\/picasso-cocina\/","title":{"rendered":"Edici\u00f3n Picasso; C\u00f3mo Empez\u00f3 La Cocina"},"content":{"rendered":"<p>Publicado por elBullibooks con motivo de la exposici\u00f3n <i>La cocina de Picasso<\/i> que se presenta en el Museo Picasso de Barcelona del 25 de mayo\u00a0al 30 de setiembre de 2018.<\/p>\n<p>&nbsp;<\/p>\n<p>210 p\u00e1ginas<\/p>\n<p>Texto introducci\u00f3n:\u00a0<i>Donde se cruzan los caminos. Una entrevista a Ferran Adri\u00e0<\/i>: Emmanuel Guigon, J\u00e8ssica Jacques<\/p>\n<p>Tama\u00f1o:\u00a023&#215;33 cm<\/p>\n<p>Peso: 1.805 gr<\/p>\n<p>ISBN:\u00a0978-8409017140<\/p>\n","protected":false},"excerpt":{"rendered":"<p>Publicado por elBullibooks con motivo de la exposici\u00f3n La cocina de Picasso que se presenta en el Museo Picasso de Barcelona del 25 de mayo\u00a0al 30 de setiembre de 2018. &nbsp; 210 p\u00e1ginas Texto introducci\u00f3n:\u00a0Donde se cruzan los caminos. Una entrevista a Ferran Adri\u00e0: Emmanuel Guigon, J\u00e8ssica Jacques Tama\u00f1o:\u00a023&#215;33 cm Peso: 1.805 gr ISBN:\u00a0978-8409017140<\/p>\n","protected":false},"featured_media":3587,"comment_status":"closed","ping_status":"closed","template":"","meta":{"_acf_changed":false},"product_brand":[],"product_cat":[34],"product_tag":[149,152,153,154,150,155,156,151],"class_list":{"0":"post-2618","1":"product","2":"type-product","3":"status-publish","4":"has-post-thumbnail","6":"product_cat-otros","7":"product_tag-bullipedia","8":"product_tag-elbulli","9":"product_tag-elbullifoundation","10":"product_tag-exposicion","11":"product_tag-ferran-adria","12":"product_tag-la-cocina-de-picasso","13":"product_tag-libro","14":"product_tag-picasso","15":"product_shipping_class-envio-3k","17":"first","18":"instock","19":"taxable","20":"shipping-taxable","21":"purchasable","22":"product-type-simple"},"acf":[],"yoast_head":"<!-- This site is optimized with the Yoast SEO plugin v26.9 - https:\/\/yoast.com\/product\/yoast-seo-wordpress\/ -->\n<title>Edici\u00f3n Picasso; C\u00f3mo Empez\u00f3 La Cocina - elBullistore<\/title>\n<meta name=\"description\" content=\"Publicado por Bullipedia con motivo de la exposici\u00f3n La cocina de Picasso en el Museo Picasso de Barcelona del 25\/03\/2015 al 20\/09\/2015\" \/>\n<meta name=\"robots\" content=\"index, follow, max-snippet:-1, max-image-preview:large, max-video-preview:-1\" \/>\n<link rel=\"canonical\" href=\"https:\/\/elbullifoundation.com\/elbullistore\/producto\/picasso-cocina\/\" \/>\n<meta property=\"og:locale\" content=\"es_ES\" \/>\n<meta property=\"og:type\" content=\"article\" \/>\n<meta property=\"og:title\" content=\"Edici\u00f3n Picasso; C\u00f3mo Empez\u00f3 La Cocina - elBullistore\" \/>\n<meta property=\"og:description\" content=\"Publicado por Bullipedia con motivo de la exposici\u00f3n La cocina de Picasso en el Museo Picasso de Barcelona del 25\/03\/2015 al 20\/09\/2015\" \/>\n<meta property=\"og:url\" content=\"https:\/\/elbullifoundation.com\/elbullistore\/producto\/picasso-cocina\/\" \/>\n<meta property=\"og:site_name\" content=\"elBullistore\" \/>\n<meta property=\"article:modified_time\" content=\"2024-10-03T11:45:24+00:00\" \/>\n<meta property=\"og:image\" content=\"https:\/\/elbullifoundation.com\/elbullistore\/wp-content\/uploads\/2018\/05\/bullistore01-1.jpg\" \/>\n\t<meta property=\"og:image:width\" content=\"1280\" \/>\n\t<meta property=\"og:image:height\" content=\"995\" \/>\n\t<meta property=\"og:image:type\" content=\"image\/jpeg\" \/>\n<meta name=\"twitter:card\" content=\"summary_large_image\" \/>\n<meta name=\"twitter:label1\" content=\"Tiempo de lectura\" \/>\n\t<meta name=\"twitter:data1\" content=\"1 minuto\" \/>\n<script type=\"application\/ld+json\" class=\"yoast-schema-graph\">{\"@context\":\"https:\/\/schema.org\",\"@graph\":[{\"@type\":\"WebPage\",\"@id\":\"https:\/\/elbullifoundation.com\/elbullistore\/producto\/picasso-cocina\/\",\"url\":\"https:\/\/elbullifoundation.com\/elbullistore\/producto\/picasso-cocina\/\",\"name\":\"Edici\u00f3n Picasso; C\u00f3mo Empez\u00f3 La Cocina - elBullistore\",\"isPartOf\":{\"@id\":\"https:\/\/elbullifoundation.com\/elbullistore\/#website\"},\"primaryImageOfPage\":{\"@id\":\"https:\/\/elbullifoundation.com\/elbullistore\/producto\/picasso-cocina\/#primaryimage\"},\"image\":{\"@id\":\"https:\/\/elbullifoundation.com\/elbullistore\/producto\/picasso-cocina\/#primaryimage\"},\"thumbnailUrl\":\"https:\/\/elbullifoundation.com\/elbullistore\/wp-content\/uploads\/2018\/05\/bullistore01-1.jpg\",\"datePublished\":\"2018-05-25T10:43:18+00:00\",\"dateModified\":\"2024-10-03T11:45:24+00:00\",\"description\":\"Publicado por Bullipedia con motivo de la exposici\u00f3n La cocina de Picasso en el Museo Picasso de Barcelona del 25\/03\/2015 al 20\/09\/2015\",\"breadcrumb\":{\"@id\":\"https:\/\/elbullifoundation.com\/elbullistore\/producto\/picasso-cocina\/#breadcrumb\"},\"inLanguage\":\"es\",\"potentialAction\":[{\"@type\":\"ReadAction\",\"target\":[\"https:\/\/elbullifoundation.com\/elbullistore\/producto\/picasso-cocina\/\"]}]},{\"@type\":\"ImageObject\",\"inLanguage\":\"es\",\"@id\":\"https:\/\/elbullifoundation.com\/elbullistore\/producto\/picasso-cocina\/#primaryimage\",\"url\":\"https:\/\/elbullifoundation.com\/elbullistore\/wp-content\/uploads\/2018\/05\/bullistore01-1.jpg\",\"contentUrl\":\"https:\/\/elbullifoundation.com\/elbullistore\/wp-content\/uploads\/2018\/05\/bullistore01-1.jpg\",\"width\":1280,\"height\":995},{\"@type\":\"BreadcrumbList\",\"@id\":\"https:\/\/elbullifoundation.com\/elbullistore\/producto\/picasso-cocina\/#breadcrumb\",\"itemListElement\":[{\"@type\":\"ListItem\",\"position\":1,\"name\":\"Portada\",\"item\":\"https:\/\/elbullifoundation.com\/elbullistore\/\"},{\"@type\":\"ListItem\",\"position\":2,\"name\":\"Productos\",\"item\":\"https:\/\/elbullifoundation.com\/elbullistore\/shop\/\"},{\"@type\":\"ListItem\",\"position\":3,\"name\":\"Edici\u00f3n Picasso; C\u00f3mo Empez\u00f3 La Cocina\"}]},{\"@type\":\"WebSite\",\"@id\":\"https:\/\/elbullifoundation.com\/elbullistore\/#website\",\"url\":\"https:\/\/elbullifoundation.com\/elbullistore\/\",\"name\":\"elBullistore\",\"description\":\"\",\"potentialAction\":[{\"@type\":\"SearchAction\",\"target\":{\"@type\":\"EntryPoint\",\"urlTemplate\":\"https:\/\/elbullifoundation.com\/elbullistore\/?s={search_term_string}\"},\"query-input\":{\"@type\":\"PropertyValueSpecification\",\"valueRequired\":true,\"valueName\":\"search_term_string\"}}],\"inLanguage\":\"es\"}]}<\/script>\n<!-- \/ Yoast SEO plugin. -->","yoast_head_json":{"title":"Edici\u00f3n Picasso; C\u00f3mo Empez\u00f3 La Cocina - elBullistore","description":"Publicado por Bullipedia con motivo de la exposici\u00f3n La cocina de Picasso en el Museo Picasso de Barcelona del 25\/03\/2015 al 20\/09\/2015","robots":{"index":"index","follow":"follow","max-snippet":"max-snippet:-1","max-image-preview":"max-image-preview:large","max-video-preview":"max-video-preview:-1"},"canonical":"https:\/\/elbullifoundation.com\/elbullistore\/producto\/picasso-cocina\/","og_locale":"es_ES","og_type":"article","og_title":"Edici\u00f3n Picasso; C\u00f3mo Empez\u00f3 La Cocina - elBullistore","og_description":"Publicado por Bullipedia con motivo de la exposici\u00f3n La cocina de Picasso en el Museo Picasso de Barcelona del 25\/03\/2015 al 20\/09\/2015","og_url":"https:\/\/elbullifoundation.com\/elbullistore\/producto\/picasso-cocina\/","og_site_name":"elBullistore","article_modified_time":"2024-10-03T11:45:24+00:00","og_image":[{"width":1280,"height":995,"url":"https:\/\/elbullifoundation.com\/elbullistore\/wp-content\/uploads\/2018\/05\/bullistore01-1.jpg","type":"image\/jpeg"}],"twitter_card":"summary_large_image","twitter_misc":{"Tiempo de lectura":"1 minuto"},"schema":{"@context":"https:\/\/schema.org","@graph":[{"@type":"WebPage","@id":"https:\/\/elbullifoundation.com\/elbullistore\/producto\/picasso-cocina\/","url":"https:\/\/elbullifoundation.com\/elbullistore\/producto\/picasso-cocina\/","name":"Edici\u00f3n Picasso; C\u00f3mo Empez\u00f3 La Cocina - elBullistore","isPartOf":{"@id":"https:\/\/elbullifoundation.com\/elbullistore\/#website"},"primaryImageOfPage":{"@id":"https:\/\/elbullifoundation.com\/elbullistore\/producto\/picasso-cocina\/#primaryimage"},"image":{"@id":"https:\/\/elbullifoundation.com\/elbullistore\/producto\/picasso-cocina\/#primaryimage"},"thumbnailUrl":"https:\/\/elbullifoundation.com\/elbullistore\/wp-content\/uploads\/2018\/05\/bullistore01-1.jpg","datePublished":"2018-05-25T10:43:18+00:00","dateModified":"2024-10-03T11:45:24+00:00","description":"Publicado por Bullipedia con motivo de la exposici\u00f3n La cocina de Picasso en el Museo Picasso de Barcelona del 25\/03\/2015 al 20\/09\/2015","breadcrumb":{"@id":"https:\/\/elbullifoundation.com\/elbullistore\/producto\/picasso-cocina\/#breadcrumb"},"inLanguage":"es","potentialAction":[{"@type":"ReadAction","target":["https:\/\/elbullifoundation.com\/elbullistore\/producto\/picasso-cocina\/"]}]},{"@type":"ImageObject","inLanguage":"es","@id":"https:\/\/elbullifoundation.com\/elbullistore\/producto\/picasso-cocina\/#primaryimage","url":"https:\/\/elbullifoundation.com\/elbullistore\/wp-content\/uploads\/2018\/05\/bullistore01-1.jpg","contentUrl":"https:\/\/elbullifoundation.com\/elbullistore\/wp-content\/uploads\/2018\/05\/bullistore01-1.jpg","width":1280,"height":995},{"@type":"BreadcrumbList","@id":"https:\/\/elbullifoundation.com\/elbullistore\/producto\/picasso-cocina\/#breadcrumb","itemListElement":[{"@type":"ListItem","position":1,"name":"Portada","item":"https:\/\/elbullifoundation.com\/elbullistore\/"},{"@type":"ListItem","position":2,"name":"Productos","item":"https:\/\/elbullifoundation.com\/elbullistore\/shop\/"},{"@type":"ListItem","position":3,"name":"Edici\u00f3n Picasso; C\u00f3mo Empez\u00f3 La Cocina"}]},{"@type":"WebSite","@id":"https:\/\/elbullifoundation.com\/elbullistore\/#website","url":"https:\/\/elbullifoundation.com\/elbullistore\/","name":"elBullistore","description":"","potentialAction":[{"@type":"SearchAction","target":{"@type":"EntryPoint","urlTemplate":"https:\/\/elbullifoundation.com\/elbullistore\/?s={search_term_string}"},"query-input":{"@type":"PropertyValueSpecification","valueRequired":true,"valueName":"search_term_string"}}],"inLanguage":"es"}]}},"lang":"es","translations":{"es":2618,"ca":4634,"en":4635},"pll_sync_post":[],"_links":{"self":[{"href":"https:\/\/elbullifoundation.com\/elbullistore\/wp-json\/wp\/v2\/product\/2618","targetHints":{"allow":["GET"]}}],"collection":[{"href":"https:\/\/elbullifoundation.com\/elbullistore\/wp-json\/wp\/v2\/product"}],"about":[{"href":"https:\/\/elbullifoundation.com\/elbullistore\/wp-json\/wp\/v2\/types\/product"}],"replies":[{"embeddable":true,"href":"https:\/\/elbullifoundation.com\/elbullistore\/wp-json\/wp\/v2\/comments?post=2618"}],"wp:featuredmedia":[{"embeddable":true,"href":"https:\/\/elbullifoundation.com\/elbullistore\/wp-json\/wp\/v2\/media\/3587"}],"wp:attachment":[{"href":"https:\/\/elbullifoundation.com\/elbullistore\/wp-json\/wp\/v2\/media?parent=2618"}],"wp:term":[{"taxonomy":"product_brand","embeddable":true,"href":"https:\/\/elbullifoundation.com\/elbullistore\/wp-json\/wp\/v2\/product_brand?post=2618"},{"taxonomy":"product_cat","embeddable":true,"href":"https:\/\/elbullifoundation.com\/elbullistore\/wp-json\/wp\/v2\/product_cat?post=2618"},{"taxonomy":"product_tag","embeddable":true,"href":"https:\/\/elbullifoundation.com\/elbullistore\/wp-json\/wp\/v2\/product_tag?post=2618"}],"curies":[{"name":"wp","href":"https:\/\/api.w.org\/{rel}","templated":true}]}}