{"id":3739,"date":"2019-03-13T11:15:52","date_gmt":"2019-03-13T10:15:52","guid":{"rendered":"https:\/\/elbullifoundation.com\/elbullistore\/?post_type=product&#038;p=3739"},"modified":"2025-01-30T12:38:16","modified_gmt":"2025-01-30T11:38:16","slug":"nikkei-la-gastronomia-japonesa-peruana-dialogan","status":"publish","type":"product","link":"https:\/\/elbullifoundation.com\/elbullistore\/producto\/nikkei-la-gastronomia-japonesa-peruana-dialogan\/","title":{"rendered":"Nikkei. La gastronom\u00eda japonesa y peruana dialogan"},"content":{"rendered":"<p><em><strong>Nikkei. La gastronom\u00eda japonesa y peruana dialogan<\/strong><\/em>, es el primer libro especializado de la colecci\u00f3n Bullipedia, dedicado a la cocina Nikkei. Esta obra es fruto de un extenso trabajo de investigaci\u00f3n por parte de la dise\u00f1adora gr\u00e1fica y cocinera peruana Mar\u00eda Jos\u00e9 Garc\u00eda Mir\u00f3. En \u00e9l se analiza a fondo esta cocina, mediante la aplicaci\u00f3n de la metodolog\u00eda Sapiens. Metodolog\u00eda impulsada por Ferran Adri\u00e0 y el equipo del elBullifoundation, quienes han acompa\u00f1ado y supervisado el desarrollo de esta obra.<\/p>\n<p>&nbsp;<\/p>\n<p>448 paginas<\/p>\n<p>230 x 330 mm<\/p>\n<p>Tapa Dura<\/p>\n<p>ISBN: 978-84-09-08867-6<\/p>\n","protected":false},"excerpt":{"rendered":"<p>Nikkei. La gastronom\u00eda japonesa y peruana dialogan, es el primer libro especializado de la colecci\u00f3n Bullipedia, dedicado a la cocina Nikkei. Esta obra es fruto de un extenso trabajo de investigaci\u00f3n por parte de la dise\u00f1adora gr\u00e1fica y cocinera peruana Mar\u00eda Jos\u00e9 Garc\u00eda Mir\u00f3. En \u00e9l se analiza a fondo esta cocina, mediante la aplicaci\u00f3n [&hellip;]<\/p>\n","protected":false},"featured_media":3930,"comment_status":"closed","ping_status":"closed","template":"","meta":{"_acf_changed":false},"product_brand":[],"product_cat":[15,655],"product_tag":[229,289,225,149,270,290,152,228,153,227,150,224,156,226,222,223],"class_list":{"0":"post-3739","1":"product","2":"type-product","3":"status-publish","4":"has-post-thumbnail","6":"product_cat-bullipedia","7":"product_cat-general","8":"product_tag-229","9":"product_tag-book","10":"product_tag-book-nikkei","11":"product_tag-bullipedia","12":"product_tag-cocina-nikkei-libro","13":"product_tag-el-bulli","14":"product_tag-elbulli","15":"product_tag-elbullibooks","16":"product_tag-elbullifoundation","17":"product_tag-elbullistore","18":"product_tag-ferran-adria","19":"product_tag-japon","20":"product_tag-libro","21":"product_tag-maria-jose","22":"product_tag-nikkei","23":"product_tag-peru","24":"product_shipping_class-envio-5k","26":"first","27":"outofstock","28":"taxable","29":"shipping-taxable","30":"product-type-variable"},"acf":[],"yoast_head":"<!-- This site is optimized with the Yoast SEO plugin v26.9 - https:\/\/yoast.com\/product\/yoast-seo-wordpress\/ -->\n<title>Nikkei. La gastronom\u00eda japonesa y peruana dialogan - elBullistore<\/title>\n<meta name=\"description\" content=\"Nikkei. La gastronom\u00eda japonesa y peruana dialogan , es el primer libro de Bullipedia dedicado a la cocina nikkei y dirigido por Ferran Adri\u00e0\" \/>\n<meta name=\"robots\" content=\"index, follow, max-snippet:-1, max-image-preview:large, max-video-preview:-1\" \/>\n<link rel=\"canonical\" href=\"https:\/\/elbullifoundation.com\/elbullistore\/producto\/nikkei-la-gastronomia-japonesa-peruana-dialogan\/\" \/>\n<meta property=\"og:locale\" content=\"es_ES\" \/>\n<meta property=\"og:type\" content=\"article\" \/>\n<meta property=\"og:title\" content=\"Nikkei. La gastronom\u00eda japonesa y peruana dialogan - elBullistore\" \/>\n<meta property=\"og:description\" content=\"Nikkei. La gastronom\u00eda japonesa y peruana dialogan , es el primer libro de Bullipedia dedicado a la cocina nikkei y dirigido por Ferran Adri\u00e0\" \/>\n<meta property=\"og:url\" content=\"https:\/\/elbullifoundation.com\/elbullistore\/producto\/nikkei-la-gastronomia-japonesa-peruana-dialogan\/\" \/>\n<meta property=\"og:site_name\" content=\"elBullistore\" \/>\n<meta property=\"article:modified_time\" content=\"2025-01-30T11:38:16+00:00\" \/>\n<meta property=\"og:image\" content=\"https:\/\/elbullifoundation.com\/elbullistore\/wp-content\/uploads\/2019\/03\/portada_nikkei_MOD.png\" \/>\n\t<meta property=\"og:image:width\" content=\"1200\" \/>\n\t<meta property=\"og:image:height\" content=\"864\" \/>\n\t<meta property=\"og:image:type\" content=\"image\/png\" \/>\n<meta name=\"twitter:card\" content=\"summary_large_image\" \/>\n<meta name=\"twitter:label1\" content=\"Tiempo de lectura\" \/>\n\t<meta name=\"twitter:data1\" content=\"1 minuto\" \/>\n<script type=\"application\/ld+json\" class=\"yoast-schema-graph\">{\"@context\":\"https:\/\/schema.org\",\"@graph\":[{\"@type\":\"WebPage\",\"@id\":\"https:\/\/elbullifoundation.com\/elbullistore\/producto\/nikkei-la-gastronomia-japonesa-peruana-dialogan\/\",\"url\":\"https:\/\/elbullifoundation.com\/elbullistore\/producto\/nikkei-la-gastronomia-japonesa-peruana-dialogan\/\",\"name\":\"Nikkei. La gastronom\u00eda japonesa y peruana dialogan - elBullistore\",\"isPartOf\":{\"@id\":\"https:\/\/elbullifoundation.com\/elbullistore\/#website\"},\"primaryImageOfPage\":{\"@id\":\"https:\/\/elbullifoundation.com\/elbullistore\/producto\/nikkei-la-gastronomia-japonesa-peruana-dialogan\/#primaryimage\"},\"image\":{\"@id\":\"https:\/\/elbullifoundation.com\/elbullistore\/producto\/nikkei-la-gastronomia-japonesa-peruana-dialogan\/#primaryimage\"},\"thumbnailUrl\":\"https:\/\/elbullifoundation.com\/elbullistore\/wp-content\/uploads\/2019\/03\/portada_nikkei_MOD.png\",\"datePublished\":\"2019-03-13T10:15:52+00:00\",\"dateModified\":\"2025-01-30T11:38:16+00:00\",\"description\":\"Nikkei. La gastronom\u00eda japonesa y peruana dialogan , es el primer libro de Bullipedia dedicado a la cocina nikkei y dirigido por Ferran Adri\u00e0\",\"breadcrumb\":{\"@id\":\"https:\/\/elbullifoundation.com\/elbullistore\/producto\/nikkei-la-gastronomia-japonesa-peruana-dialogan\/#breadcrumb\"},\"inLanguage\":\"es\",\"potentialAction\":[{\"@type\":\"ReadAction\",\"target\":[\"https:\/\/elbullifoundation.com\/elbullistore\/producto\/nikkei-la-gastronomia-japonesa-peruana-dialogan\/\"]}]},{\"@type\":\"ImageObject\",\"inLanguage\":\"es\",\"@id\":\"https:\/\/elbullifoundation.com\/elbullistore\/producto\/nikkei-la-gastronomia-japonesa-peruana-dialogan\/#primaryimage\",\"url\":\"https:\/\/elbullifoundation.com\/elbullistore\/wp-content\/uploads\/2019\/03\/portada_nikkei_MOD.png\",\"contentUrl\":\"https:\/\/elbullifoundation.com\/elbullistore\/wp-content\/uploads\/2019\/03\/portada_nikkei_MOD.png\",\"width\":1200,\"height\":864,\"caption\":\"Nikkei Ferran Adri\u00e0 Bullipedia el bulli elbulli gastronomia peruana cocina nikkei japonesa 9788409088676\"},{\"@type\":\"BreadcrumbList\",\"@id\":\"https:\/\/elbullifoundation.com\/elbullistore\/producto\/nikkei-la-gastronomia-japonesa-peruana-dialogan\/#breadcrumb\",\"itemListElement\":[{\"@type\":\"ListItem\",\"position\":1,\"name\":\"Portada\",\"item\":\"https:\/\/elbullifoundation.com\/elbullistore\/\"},{\"@type\":\"ListItem\",\"position\":2,\"name\":\"Productos\",\"item\":\"https:\/\/elbullifoundation.com\/elbullistore\/shop\/\"},{\"@type\":\"ListItem\",\"position\":3,\"name\":\"Nikkei. La gastronom\u00eda japonesa y peruana dialogan\"}]},{\"@type\":\"WebSite\",\"@id\":\"https:\/\/elbullifoundation.com\/elbullistore\/#website\",\"url\":\"https:\/\/elbullifoundation.com\/elbullistore\/\",\"name\":\"elBullistore\",\"description\":\"\",\"potentialAction\":[{\"@type\":\"SearchAction\",\"target\":{\"@type\":\"EntryPoint\",\"urlTemplate\":\"https:\/\/elbullifoundation.com\/elbullistore\/?s={search_term_string}\"},\"query-input\":{\"@type\":\"PropertyValueSpecification\",\"valueRequired\":true,\"valueName\":\"search_term_string\"}}],\"inLanguage\":\"es\"}]}<\/script>\n<!-- \/ Yoast SEO plugin. -->","yoast_head_json":{"title":"Nikkei. La gastronom\u00eda japonesa y peruana dialogan - elBullistore","description":"Nikkei. La gastronom\u00eda japonesa y peruana dialogan , es el primer libro de Bullipedia dedicado a la cocina nikkei y dirigido por Ferran Adri\u00e0","robots":{"index":"index","follow":"follow","max-snippet":"max-snippet:-1","max-image-preview":"max-image-preview:large","max-video-preview":"max-video-preview:-1"},"canonical":"https:\/\/elbullifoundation.com\/elbullistore\/producto\/nikkei-la-gastronomia-japonesa-peruana-dialogan\/","og_locale":"es_ES","og_type":"article","og_title":"Nikkei. La gastronom\u00eda japonesa y peruana dialogan - elBullistore","og_description":"Nikkei. La gastronom\u00eda japonesa y peruana dialogan , es el primer libro de Bullipedia dedicado a la cocina nikkei y dirigido por Ferran Adri\u00e0","og_url":"https:\/\/elbullifoundation.com\/elbullistore\/producto\/nikkei-la-gastronomia-japonesa-peruana-dialogan\/","og_site_name":"elBullistore","article_modified_time":"2025-01-30T11:38:16+00:00","og_image":[{"width":1200,"height":864,"url":"https:\/\/elbullifoundation.com\/elbullistore\/wp-content\/uploads\/2019\/03\/portada_nikkei_MOD.png","type":"image\/png"}],"twitter_card":"summary_large_image","twitter_misc":{"Tiempo de lectura":"1 minuto"},"schema":{"@context":"https:\/\/schema.org","@graph":[{"@type":"WebPage","@id":"https:\/\/elbullifoundation.com\/elbullistore\/producto\/nikkei-la-gastronomia-japonesa-peruana-dialogan\/","url":"https:\/\/elbullifoundation.com\/elbullistore\/producto\/nikkei-la-gastronomia-japonesa-peruana-dialogan\/","name":"Nikkei. La gastronom\u00eda japonesa y peruana dialogan - elBullistore","isPartOf":{"@id":"https:\/\/elbullifoundation.com\/elbullistore\/#website"},"primaryImageOfPage":{"@id":"https:\/\/elbullifoundation.com\/elbullistore\/producto\/nikkei-la-gastronomia-japonesa-peruana-dialogan\/#primaryimage"},"image":{"@id":"https:\/\/elbullifoundation.com\/elbullistore\/producto\/nikkei-la-gastronomia-japonesa-peruana-dialogan\/#primaryimage"},"thumbnailUrl":"https:\/\/elbullifoundation.com\/elbullistore\/wp-content\/uploads\/2019\/03\/portada_nikkei_MOD.png","datePublished":"2019-03-13T10:15:52+00:00","dateModified":"2025-01-30T11:38:16+00:00","description":"Nikkei. La gastronom\u00eda japonesa y peruana dialogan , es el primer libro de Bullipedia dedicado a la cocina nikkei y dirigido por Ferran Adri\u00e0","breadcrumb":{"@id":"https:\/\/elbullifoundation.com\/elbullistore\/producto\/nikkei-la-gastronomia-japonesa-peruana-dialogan\/#breadcrumb"},"inLanguage":"es","potentialAction":[{"@type":"ReadAction","target":["https:\/\/elbullifoundation.com\/elbullistore\/producto\/nikkei-la-gastronomia-japonesa-peruana-dialogan\/"]}]},{"@type":"ImageObject","inLanguage":"es","@id":"https:\/\/elbullifoundation.com\/elbullistore\/producto\/nikkei-la-gastronomia-japonesa-peruana-dialogan\/#primaryimage","url":"https:\/\/elbullifoundation.com\/elbullistore\/wp-content\/uploads\/2019\/03\/portada_nikkei_MOD.png","contentUrl":"https:\/\/elbullifoundation.com\/elbullistore\/wp-content\/uploads\/2019\/03\/portada_nikkei_MOD.png","width":1200,"height":864,"caption":"Nikkei Ferran Adri\u00e0 Bullipedia el bulli elbulli gastronomia peruana cocina nikkei japonesa 9788409088676"},{"@type":"BreadcrumbList","@id":"https:\/\/elbullifoundation.com\/elbullistore\/producto\/nikkei-la-gastronomia-japonesa-peruana-dialogan\/#breadcrumb","itemListElement":[{"@type":"ListItem","position":1,"name":"Portada","item":"https:\/\/elbullifoundation.com\/elbullistore\/"},{"@type":"ListItem","position":2,"name":"Productos","item":"https:\/\/elbullifoundation.com\/elbullistore\/shop\/"},{"@type":"ListItem","position":3,"name":"Nikkei. La gastronom\u00eda japonesa y peruana dialogan"}]},{"@type":"WebSite","@id":"https:\/\/elbullifoundation.com\/elbullistore\/#website","url":"https:\/\/elbullifoundation.com\/elbullistore\/","name":"elBullistore","description":"","potentialAction":[{"@type":"SearchAction","target":{"@type":"EntryPoint","urlTemplate":"https:\/\/elbullifoundation.com\/elbullistore\/?s={search_term_string}"},"query-input":{"@type":"PropertyValueSpecification","valueRequired":true,"valueName":"search_term_string"}}],"inLanguage":"es"}]}},"lang":"es","translations":{"es":3739,"ca":3765,"en":3767},"pll_sync_post":[],"_links":{"self":[{"href":"https:\/\/elbullifoundation.com\/elbullistore\/wp-json\/wp\/v2\/product\/3739","targetHints":{"allow":["GET"]}}],"collection":[{"href":"https:\/\/elbullifoundation.com\/elbullistore\/wp-json\/wp\/v2\/product"}],"about":[{"href":"https:\/\/elbullifoundation.com\/elbullistore\/wp-json\/wp\/v2\/types\/product"}],"replies":[{"embeddable":true,"href":"https:\/\/elbullifoundation.com\/elbullistore\/wp-json\/wp\/v2\/comments?post=3739"}],"wp:featuredmedia":[{"embeddable":true,"href":"https:\/\/elbullifoundation.com\/elbullistore\/wp-json\/wp\/v2\/media\/3930"}],"wp:attachment":[{"href":"https:\/\/elbullifoundation.com\/elbullistore\/wp-json\/wp\/v2\/media?parent=3739"}],"wp:term":[{"taxonomy":"product_brand","embeddable":true,"href":"https:\/\/elbullifoundation.com\/elbullistore\/wp-json\/wp\/v2\/product_brand?post=3739"},{"taxonomy":"product_cat","embeddable":true,"href":"https:\/\/elbullifoundation.com\/elbullistore\/wp-json\/wp\/v2\/product_cat?post=3739"},{"taxonomy":"product_tag","embeddable":true,"href":"https:\/\/elbullifoundation.com\/elbullistore\/wp-json\/wp\/v2\/product_tag?post=3739"}],"curies":[{"name":"wp","href":"https:\/\/api.w.org\/{rel}","templated":true}]}}