{"id":3755,"date":"2019-03-08T11:50:06","date_gmt":"2019-03-08T10:50:06","guid":{"rendered":"https:\/\/elbullifoundation.com\/elbullistore\/?post_type=product&#038;p=3755"},"modified":"2025-09-29T10:19:02","modified_gmt":"2025-09-29T08:19:02","slug":"vinos-vinificacion-clasificaciones-volumen-ii","status":"publish","type":"product","link":"https:\/\/elbullifoundation.com\/elbullistore\/ca\/product\/vinos-vinificacion-clasificaciones-volumen-ii\/","title":{"rendered":"Vinos. Vinificaci\u00f3n y clasificaciones (Volumen II)"},"content":{"rendered":"<p>El segon volum del <strong><em>Sapiens del Vi. Vinificaci\u00f3 i classificacions<\/em><\/strong>, se centra en la ci\u00e8ncia enol\u00f2gica i condueix al lector a trav\u00e9s de la filosofia i l&#8217;art de la vinificaci\u00f3. Un apassionant tom que ajudar\u00e0 a comprendre el qu\u00e8, el com, l&#8217;on i el per qu\u00e8, sobre la transformaci\u00f3 del ra\u00efm en aquest l\u00edquid meravell\u00f3s qu\u00e8 \u00e9s el vi.<\/p>\n<p>664 p\u00e0gines<\/p>\n<p>230 x 330 mm<\/p>\n<p>Tapa dura<\/p>\n<p>ISBN: 978-84-09-08868-3<\/p>\n","protected":false},"excerpt":{"rendered":"<p>El segon volum del Sapiens del Vi. Vinificaci\u00f3 i classificacions, se centra en la ci\u00e8ncia enol\u00f2gica i condueix al lector a trav\u00e9s de la filosofia i l&#8217;art de la vinificaci\u00f3. Un apassionant tom que ajudar\u00e0 a comprendre el qu\u00e8, el com, l&#8217;on i el per qu\u00e8, sobre la transformaci\u00f3 del ra\u00efm en aquest l\u00edquid meravell\u00f3s [&hellip;]<\/p>\n","protected":false},"featured_media":10418,"comment_status":"closed","ping_status":"closed","template":"","meta":{"_acf_changed":false},"product_brand":[],"product_cat":[854],"product_tag":[339,182,340,183,232,184,233,186,188],"class_list":{"0":"post-3755","1":"product","2":"type-product","3":"status-publish","4":"has-post-thumbnail","6":"product_cat-vinos-ca","7":"product_tag-book-ca","8":"product_tag-bullipedia-ca","9":"product_tag-el-bulli-ca","10":"product_tag-elbulli-ca","11":"product_tag-elbullibooks-ca","12":"product_tag-elbullifoundation-ca","13":"product_tag-elbullistore-ca","14":"product_tag-ferran-adria-ca","15":"product_tag-libro-ca","16":"product_shipping_class-envio-5k-ca-2","18":"first","19":"instock","20":"taxable","21":"shipping-taxable","22":"purchasable","23":"product-type-variable","24":"has-default-attributes"},"acf":[],"yoast_head":"<!-- This site is optimized with the Yoast SEO plugin v26.9 - https:\/\/yoast.com\/product\/yoast-seo-wordpress\/ -->\n<title>Vinos. Vinificaci\u00f3n y clasificaciones (Volumen II) - elBullistore<\/title>\n<meta name=\"description\" content=\"El segundo volumen del Sapiens del Vino se centra en la ciencia enol\u00f3gica y conduce al lector a trav\u00e9s de\u00a0 la filosof\u00eda y el arte de la vinificaci\u00f3n.\" \/>\n<meta name=\"robots\" content=\"index, follow, max-snippet:-1, max-image-preview:large, max-video-preview:-1\" \/>\n<link rel=\"canonical\" href=\"https:\/\/elbullifoundation.com\/elbullistore\/ca\/product\/vinos-vinificacion-clasificaciones-volumen-ii\/\" \/>\n<meta property=\"og:locale\" content=\"es_ES\" \/>\n<meta property=\"og:type\" content=\"article\" \/>\n<meta property=\"og:title\" content=\"Vinos. Vinificaci\u00f3n y clasificaciones (Volumen II) - elBullistore\" \/>\n<meta property=\"og:description\" content=\"El segundo volumen del Sapiens del Vino se centra en la ciencia enol\u00f3gica y conduce al lector a trav\u00e9s de\u00a0 la filosof\u00eda y el arte de la vinificaci\u00f3n.\" \/>\n<meta property=\"og:url\" content=\"https:\/\/elbullifoundation.com\/elbullistore\/ca\/product\/vinos-vinificacion-clasificaciones-volumen-ii\/\" \/>\n<meta property=\"og:site_name\" content=\"elBullistore\" \/>\n<meta property=\"article:modified_time\" content=\"2025-09-29T08:19:02+00:00\" \/>\n<meta property=\"og:image\" content=\"https:\/\/elbullifoundation.com\/elbullistore\/wp-content\/uploads\/2019\/03\/Vinos-2-con-gris.jpg\" \/>\n\t<meta property=\"og:image:width\" content=\"1200\" \/>\n\t<meta property=\"og:image:height\" content=\"864\" \/>\n\t<meta property=\"og:image:type\" content=\"image\/jpeg\" \/>\n<meta name=\"twitter:card\" content=\"summary_large_image\" \/>\n<meta name=\"twitter:label1\" content=\"Tiempo de lectura\" \/>\n\t<meta name=\"twitter:data1\" content=\"1 minuto\" \/>\n<script type=\"application\/ld+json\" class=\"yoast-schema-graph\">{\"@context\":\"https:\/\/schema.org\",\"@graph\":[{\"@type\":\"WebPage\",\"@id\":\"https:\/\/elbullifoundation.com\/elbullistore\/ca\/product\/vinos-vinificacion-clasificaciones-volumen-ii\/\",\"url\":\"https:\/\/elbullifoundation.com\/elbullistore\/ca\/product\/vinos-vinificacion-clasificaciones-volumen-ii\/\",\"name\":\"Vinos. Vinificaci\u00f3n y clasificaciones (Volumen II) - elBullistore\",\"isPartOf\":{\"@id\":\"https:\/\/elbullifoundation.com\/elbullistore\/#website\"},\"primaryImageOfPage\":{\"@id\":\"https:\/\/elbullifoundation.com\/elbullistore\/ca\/product\/vinos-vinificacion-clasificaciones-volumen-ii\/#primaryimage\"},\"image\":{\"@id\":\"https:\/\/elbullifoundation.com\/elbullistore\/ca\/product\/vinos-vinificacion-clasificaciones-volumen-ii\/#primaryimage\"},\"thumbnailUrl\":\"https:\/\/elbullifoundation.com\/elbullistore\/wp-content\/uploads\/2019\/03\/Vinos-2-con-gris.jpg\",\"datePublished\":\"2019-03-08T10:50:06+00:00\",\"dateModified\":\"2025-09-29T08:19:02+00:00\",\"description\":\"El segundo volumen del Sapiens del Vino se centra en la ciencia enol\u00f3gica y conduce al lector a trav\u00e9s de\u00a0 la filosof\u00eda y el arte de la vinificaci\u00f3n.\",\"breadcrumb\":{\"@id\":\"https:\/\/elbullifoundation.com\/elbullistore\/ca\/product\/vinos-vinificacion-clasificaciones-volumen-ii\/#breadcrumb\"},\"inLanguage\":\"es\",\"potentialAction\":[{\"@type\":\"ReadAction\",\"target\":[\"https:\/\/elbullifoundation.com\/elbullistore\/ca\/product\/vinos-vinificacion-clasificaciones-volumen-ii\/\"]}]},{\"@type\":\"ImageObject\",\"inLanguage\":\"es\",\"@id\":\"https:\/\/elbullifoundation.com\/elbullistore\/ca\/product\/vinos-vinificacion-clasificaciones-volumen-ii\/#primaryimage\",\"url\":\"https:\/\/elbullifoundation.com\/elbullistore\/wp-content\/uploads\/2019\/03\/Vinos-2-con-gris.jpg\",\"contentUrl\":\"https:\/\/elbullifoundation.com\/elbullistore\/wp-content\/uploads\/2019\/03\/Vinos-2-con-gris.jpg\",\"width\":1200,\"height\":864},{\"@type\":\"BreadcrumbList\",\"@id\":\"https:\/\/elbullifoundation.com\/elbullistore\/ca\/product\/vinos-vinificacion-clasificaciones-volumen-ii\/#breadcrumb\",\"itemListElement\":[{\"@type\":\"ListItem\",\"position\":1,\"name\":\"Portada\",\"item\":\"https:\/\/elbullifoundation.com\/elbullistore\/\"},{\"@type\":\"ListItem\",\"position\":2,\"name\":\"Productos\",\"item\":\"https:\/\/elbullifoundation.com\/elbullistore\/shop\/\"},{\"@type\":\"ListItem\",\"position\":3,\"name\":\"Vinos. Vinificaci\u00f3n y clasificaciones (Volumen II)\"}]},{\"@type\":\"WebSite\",\"@id\":\"https:\/\/elbullifoundation.com\/elbullistore\/#website\",\"url\":\"https:\/\/elbullifoundation.com\/elbullistore\/\",\"name\":\"elBullistore\",\"description\":\"\",\"potentialAction\":[{\"@type\":\"SearchAction\",\"target\":{\"@type\":\"EntryPoint\",\"urlTemplate\":\"https:\/\/elbullifoundation.com\/elbullistore\/?s={search_term_string}\"},\"query-input\":{\"@type\":\"PropertyValueSpecification\",\"valueRequired\":true,\"valueName\":\"search_term_string\"}}],\"inLanguage\":\"es\"}]}<\/script>\n<!-- \/ Yoast SEO plugin. -->","yoast_head_json":{"title":"Vinos. Vinificaci\u00f3n y clasificaciones (Volumen II) - elBullistore","description":"El segundo volumen del Sapiens del Vino se centra en la ciencia enol\u00f3gica y conduce al lector a trav\u00e9s de\u00a0 la filosof\u00eda y el arte de la vinificaci\u00f3n.","robots":{"index":"index","follow":"follow","max-snippet":"max-snippet:-1","max-image-preview":"max-image-preview:large","max-video-preview":"max-video-preview:-1"},"canonical":"https:\/\/elbullifoundation.com\/elbullistore\/ca\/product\/vinos-vinificacion-clasificaciones-volumen-ii\/","og_locale":"es_ES","og_type":"article","og_title":"Vinos. Vinificaci\u00f3n y clasificaciones (Volumen II) - elBullistore","og_description":"El segundo volumen del Sapiens del Vino se centra en la ciencia enol\u00f3gica y conduce al lector a trav\u00e9s de\u00a0 la filosof\u00eda y el arte de la vinificaci\u00f3n.","og_url":"https:\/\/elbullifoundation.com\/elbullistore\/ca\/product\/vinos-vinificacion-clasificaciones-volumen-ii\/","og_site_name":"elBullistore","article_modified_time":"2025-09-29T08:19:02+00:00","og_image":[{"width":1200,"height":864,"url":"https:\/\/elbullifoundation.com\/elbullistore\/wp-content\/uploads\/2019\/03\/Vinos-2-con-gris.jpg","type":"image\/jpeg"}],"twitter_card":"summary_large_image","twitter_misc":{"Tiempo de lectura":"1 minuto"},"schema":{"@context":"https:\/\/schema.org","@graph":[{"@type":"WebPage","@id":"https:\/\/elbullifoundation.com\/elbullistore\/ca\/product\/vinos-vinificacion-clasificaciones-volumen-ii\/","url":"https:\/\/elbullifoundation.com\/elbullistore\/ca\/product\/vinos-vinificacion-clasificaciones-volumen-ii\/","name":"Vinos. Vinificaci\u00f3n y clasificaciones (Volumen II) - elBullistore","isPartOf":{"@id":"https:\/\/elbullifoundation.com\/elbullistore\/#website"},"primaryImageOfPage":{"@id":"https:\/\/elbullifoundation.com\/elbullistore\/ca\/product\/vinos-vinificacion-clasificaciones-volumen-ii\/#primaryimage"},"image":{"@id":"https:\/\/elbullifoundation.com\/elbullistore\/ca\/product\/vinos-vinificacion-clasificaciones-volumen-ii\/#primaryimage"},"thumbnailUrl":"https:\/\/elbullifoundation.com\/elbullistore\/wp-content\/uploads\/2019\/03\/Vinos-2-con-gris.jpg","datePublished":"2019-03-08T10:50:06+00:00","dateModified":"2025-09-29T08:19:02+00:00","description":"El segundo volumen del Sapiens del Vino se centra en la ciencia enol\u00f3gica y conduce al lector a trav\u00e9s de\u00a0 la filosof\u00eda y el arte de la vinificaci\u00f3n.","breadcrumb":{"@id":"https:\/\/elbullifoundation.com\/elbullistore\/ca\/product\/vinos-vinificacion-clasificaciones-volumen-ii\/#breadcrumb"},"inLanguage":"es","potentialAction":[{"@type":"ReadAction","target":["https:\/\/elbullifoundation.com\/elbullistore\/ca\/product\/vinos-vinificacion-clasificaciones-volumen-ii\/"]}]},{"@type":"ImageObject","inLanguage":"es","@id":"https:\/\/elbullifoundation.com\/elbullistore\/ca\/product\/vinos-vinificacion-clasificaciones-volumen-ii\/#primaryimage","url":"https:\/\/elbullifoundation.com\/elbullistore\/wp-content\/uploads\/2019\/03\/Vinos-2-con-gris.jpg","contentUrl":"https:\/\/elbullifoundation.com\/elbullistore\/wp-content\/uploads\/2019\/03\/Vinos-2-con-gris.jpg","width":1200,"height":864},{"@type":"BreadcrumbList","@id":"https:\/\/elbullifoundation.com\/elbullistore\/ca\/product\/vinos-vinificacion-clasificaciones-volumen-ii\/#breadcrumb","itemListElement":[{"@type":"ListItem","position":1,"name":"Portada","item":"https:\/\/elbullifoundation.com\/elbullistore\/"},{"@type":"ListItem","position":2,"name":"Productos","item":"https:\/\/elbullifoundation.com\/elbullistore\/shop\/"},{"@type":"ListItem","position":3,"name":"Vinos. Vinificaci\u00f3n y clasificaciones (Volumen II)"}]},{"@type":"WebSite","@id":"https:\/\/elbullifoundation.com\/elbullistore\/#website","url":"https:\/\/elbullifoundation.com\/elbullistore\/","name":"elBullistore","description":"","potentialAction":[{"@type":"SearchAction","target":{"@type":"EntryPoint","urlTemplate":"https:\/\/elbullifoundation.com\/elbullistore\/?s={search_term_string}"},"query-input":{"@type":"PropertyValueSpecification","valueRequired":true,"valueName":"search_term_string"}}],"inLanguage":"es"}]}},"lang":"ca","translations":{"ca":3755,"es":3753,"en":3757},"pll_sync_post":[],"_links":{"self":[{"href":"https:\/\/elbullifoundation.com\/elbullistore\/wp-json\/wp\/v2\/product\/3755","targetHints":{"allow":["GET"]}}],"collection":[{"href":"https:\/\/elbullifoundation.com\/elbullistore\/wp-json\/wp\/v2\/product"}],"about":[{"href":"https:\/\/elbullifoundation.com\/elbullistore\/wp-json\/wp\/v2\/types\/product"}],"replies":[{"embeddable":true,"href":"https:\/\/elbullifoundation.com\/elbullistore\/wp-json\/wp\/v2\/comments?post=3755"}],"wp:featuredmedia":[{"embeddable":true,"href":"https:\/\/elbullifoundation.com\/elbullistore\/wp-json\/wp\/v2\/media\/10418"}],"wp:attachment":[{"href":"https:\/\/elbullifoundation.com\/elbullistore\/wp-json\/wp\/v2\/media?parent=3755"}],"wp:term":[{"taxonomy":"product_brand","embeddable":true,"href":"https:\/\/elbullifoundation.com\/elbullistore\/wp-json\/wp\/v2\/product_brand?post=3755"},{"taxonomy":"product_cat","embeddable":true,"href":"https:\/\/elbullifoundation.com\/elbullistore\/wp-json\/wp\/v2\/product_cat?post=3755"},{"taxonomy":"product_tag","embeddable":true,"href":"https:\/\/elbullifoundation.com\/elbullistore\/wp-json\/wp\/v2\/product_tag?post=3755"}],"curies":[{"name":"wp","href":"https:\/\/api.w.org\/{rel}","templated":true}]}}