{"id":4906,"date":"2019-09-02T15:07:52","date_gmt":"2019-09-02T13:07:52","guid":{"rendered":"https:\/\/elbullifoundation.com\/elbullistore\/?post_type=product&#038;p=4906"},"modified":"2026-04-01T17:10:12","modified_gmt":"2026-04-01T15:10:12","slug":"que-es-cocinar-bullipedia-ferran-adria-el-bulli","status":"publish","type":"product","link":"https:\/\/elbullifoundation.com\/elbullistore\/producto\/que-es-cocinar-bullipedia-ferran-adria-el-bulli\/","title":{"rendered":"Qu\u00e9 es cocinar. La acci\u00f3n: cocinar. El resultado: cocina"},"content":{"rendered":"<p><em><strong>Qu\u00e9 es cocinar<\/strong>,<\/em> considerada la continuaci\u00f3n del libro <em>Los secretos de El Bulli<\/em>, es una obra de la Bullipedia dirigida por Ferran Adri\u00e0 y elaborada con el m\u00e9todo Sapiens.<\/p>\n<p>Existen cientos de maneras de cocinar, porque la cocina es una realidad enorme y compleja. Este libro supone una ampliaci\u00f3n de ese horizonte. Con \u00e9l, ser\u00e1 el lector quien decida qu\u00e9 es cocinar.<\/p>\n<p>&nbsp;<\/p>\n<p>466 p\u00e1ginas<\/p>\n<p>230 x 330 mm<\/p>\n<p>Tapa Dura<\/p>\n<p>ISBN: 978-84-09-12631-6<\/p>\n","protected":false},"excerpt":{"rendered":"<p>Qu\u00e9 es cocinar, considerada la continuaci\u00f3n del libro Los secretos de El Bulli, es una obra de la Bullipedia dirigida por Ferran Adri\u00e0 y elaborada con el m\u00e9todo Sapiens. Existen cientos de maneras de cocinar, porque la cocina es una realidad enorme y compleja. Este libro supone una ampliaci\u00f3n de ese horizonte. Con \u00e9l, ser\u00e1 [&hellip;]<\/p>\n","protected":false},"featured_media":5244,"comment_status":"closed","ping_status":"closed","template":"","meta":{"_acf_changed":false},"product_brand":[],"product_cat":[15,655],"product_tag":[],"class_list":{"0":"post-4906","1":"product","2":"type-product","3":"status-publish","4":"has-post-thumbnail","6":"product_cat-bullipedia","7":"product_cat-general","8":"product_shipping_class-envio-3k","10":"first","11":"instock","12":"taxable","13":"shipping-taxable","14":"purchasable","15":"product-type-variable"},"acf":[],"yoast_head":"<!-- This site is optimized with the Yoast SEO plugin v26.9 - https:\/\/yoast.com\/product\/yoast-seo-wordpress\/ -->\n<title>Qu\u00e9 es cocinar. La acci\u00f3n: cocinar. El resultado: cocina - elBullistore<\/title>\n<meta name=\"description\" content=\"Qu\u00e9 es cocinar, considerada la continuaci\u00f3n del libro Los secretos de El Bulli, es una obra de la Bullipedia dirigida por Ferran Adri\u00e0\" \/>\n<meta name=\"robots\" content=\"index, follow, max-snippet:-1, max-image-preview:large, max-video-preview:-1\" \/>\n<link rel=\"canonical\" href=\"https:\/\/elbullifoundation.com\/elbullistore\/producto\/que-es-cocinar-bullipedia-ferran-adria-el-bulli\/\" \/>\n<meta property=\"og:locale\" content=\"es_ES\" \/>\n<meta property=\"og:type\" content=\"article\" \/>\n<meta property=\"og:title\" content=\"Qu\u00e9 es cocinar. La acci\u00f3n: cocinar. El resultado: cocina - elBullistore\" \/>\n<meta property=\"og:description\" content=\"Qu\u00e9 es cocinar, considerada la continuaci\u00f3n del libro Los secretos de El Bulli, es una obra de la Bullipedia dirigida por Ferran Adri\u00e0\" \/>\n<meta property=\"og:url\" content=\"https:\/\/elbullifoundation.com\/elbullistore\/producto\/que-es-cocinar-bullipedia-ferran-adria-el-bulli\/\" \/>\n<meta property=\"og:site_name\" content=\"elBullistore\" \/>\n<meta property=\"article:modified_time\" content=\"2026-04-01T15:10:12+00:00\" \/>\n<meta property=\"og:image\" content=\"https:\/\/elbullifoundation.com\/elbullistore\/wp-content\/uploads\/2019\/09\/que-es-cocinar-portada-libro.jpg\" \/>\n\t<meta property=\"og:image:width\" content=\"1400\" \/>\n\t<meta property=\"og:image:height\" content=\"1008\" \/>\n\t<meta property=\"og:image:type\" content=\"image\/jpeg\" \/>\n<meta name=\"twitter:card\" content=\"summary_large_image\" \/>\n<meta name=\"twitter:label1\" content=\"Tiempo de lectura\" \/>\n\t<meta name=\"twitter:data1\" content=\"1 minuto\" \/>\n<script type=\"application\/ld+json\" class=\"yoast-schema-graph\">{\"@context\":\"https:\/\/schema.org\",\"@graph\":[{\"@type\":\"WebPage\",\"@id\":\"https:\/\/elbullifoundation.com\/elbullistore\/producto\/que-es-cocinar-bullipedia-ferran-adria-el-bulli\/\",\"url\":\"https:\/\/elbullifoundation.com\/elbullistore\/producto\/que-es-cocinar-bullipedia-ferran-adria-el-bulli\/\",\"name\":\"Qu\u00e9 es cocinar. La acci\u00f3n: cocinar. El resultado: cocina - elBullistore\",\"isPartOf\":{\"@id\":\"https:\/\/elbullifoundation.com\/elbullistore\/#website\"},\"primaryImageOfPage\":{\"@id\":\"https:\/\/elbullifoundation.com\/elbullistore\/producto\/que-es-cocinar-bullipedia-ferran-adria-el-bulli\/#primaryimage\"},\"image\":{\"@id\":\"https:\/\/elbullifoundation.com\/elbullistore\/producto\/que-es-cocinar-bullipedia-ferran-adria-el-bulli\/#primaryimage\"},\"thumbnailUrl\":\"https:\/\/elbullifoundation.com\/elbullistore\/wp-content\/uploads\/2019\/09\/que-es-cocinar-portada-libro.jpg\",\"datePublished\":\"2019-09-02T13:07:52+00:00\",\"dateModified\":\"2026-04-01T15:10:12+00:00\",\"description\":\"Qu\u00e9 es cocinar, considerada la continuaci\u00f3n del libro Los secretos de El Bulli, es una obra de la Bullipedia dirigida por Ferran Adri\u00e0\",\"breadcrumb\":{\"@id\":\"https:\/\/elbullifoundation.com\/elbullistore\/producto\/que-es-cocinar-bullipedia-ferran-adria-el-bulli\/#breadcrumb\"},\"inLanguage\":\"es\",\"potentialAction\":[{\"@type\":\"ReadAction\",\"target\":[\"https:\/\/elbullifoundation.com\/elbullistore\/producto\/que-es-cocinar-bullipedia-ferran-adria-el-bulli\/\"]}]},{\"@type\":\"ImageObject\",\"inLanguage\":\"es\",\"@id\":\"https:\/\/elbullifoundation.com\/elbullistore\/producto\/que-es-cocinar-bullipedia-ferran-adria-el-bulli\/#primaryimage\",\"url\":\"https:\/\/elbullifoundation.com\/elbullistore\/wp-content\/uploads\/2019\/09\/que-es-cocinar-portada-libro.jpg\",\"contentUrl\":\"https:\/\/elbullifoundation.com\/elbullistore\/wp-content\/uploads\/2019\/09\/que-es-cocinar-portada-libro.jpg\",\"width\":1400,\"height\":1008,\"caption\":\"Qu\u00e9 es cocinar. La acci\u00f3n: cocinar. El resultado: cocina. Bullipedia. Ferran Adri\u00e0. elBulli, Enciclopedia gastron\u00f3mica\"},{\"@type\":\"BreadcrumbList\",\"@id\":\"https:\/\/elbullifoundation.com\/elbullistore\/producto\/que-es-cocinar-bullipedia-ferran-adria-el-bulli\/#breadcrumb\",\"itemListElement\":[{\"@type\":\"ListItem\",\"position\":1,\"name\":\"Portada\",\"item\":\"https:\/\/elbullifoundation.com\/elbullistore\/\"},{\"@type\":\"ListItem\",\"position\":2,\"name\":\"Productos\",\"item\":\"https:\/\/elbullifoundation.com\/elbullistore\/shop\/\"},{\"@type\":\"ListItem\",\"position\":3,\"name\":\"Qu\u00e9 es cocinar. La acci\u00f3n: cocinar. El resultado: cocina\"}]},{\"@type\":\"WebSite\",\"@id\":\"https:\/\/elbullifoundation.com\/elbullistore\/#website\",\"url\":\"https:\/\/elbullifoundation.com\/elbullistore\/\",\"name\":\"elBullistore\",\"description\":\"\",\"potentialAction\":[{\"@type\":\"SearchAction\",\"target\":{\"@type\":\"EntryPoint\",\"urlTemplate\":\"https:\/\/elbullifoundation.com\/elbullistore\/?s={search_term_string}\"},\"query-input\":{\"@type\":\"PropertyValueSpecification\",\"valueRequired\":true,\"valueName\":\"search_term_string\"}}],\"inLanguage\":\"es\"}]}<\/script>\n<!-- \/ Yoast SEO plugin. -->","yoast_head_json":{"title":"Qu\u00e9 es cocinar. La acci\u00f3n: cocinar. El resultado: cocina - elBullistore","description":"Qu\u00e9 es cocinar, considerada la continuaci\u00f3n del libro Los secretos de El Bulli, es una obra de la Bullipedia dirigida por Ferran Adri\u00e0","robots":{"index":"index","follow":"follow","max-snippet":"max-snippet:-1","max-image-preview":"max-image-preview:large","max-video-preview":"max-video-preview:-1"},"canonical":"https:\/\/elbullifoundation.com\/elbullistore\/producto\/que-es-cocinar-bullipedia-ferran-adria-el-bulli\/","og_locale":"es_ES","og_type":"article","og_title":"Qu\u00e9 es cocinar. La acci\u00f3n: cocinar. El resultado: cocina - elBullistore","og_description":"Qu\u00e9 es cocinar, considerada la continuaci\u00f3n del libro Los secretos de El Bulli, es una obra de la Bullipedia dirigida por Ferran Adri\u00e0","og_url":"https:\/\/elbullifoundation.com\/elbullistore\/producto\/que-es-cocinar-bullipedia-ferran-adria-el-bulli\/","og_site_name":"elBullistore","article_modified_time":"2026-04-01T15:10:12+00:00","og_image":[{"width":1400,"height":1008,"url":"https:\/\/elbullifoundation.com\/elbullistore\/wp-content\/uploads\/2019\/09\/que-es-cocinar-portada-libro.jpg","type":"image\/jpeg"}],"twitter_card":"summary_large_image","twitter_misc":{"Tiempo de lectura":"1 minuto"},"schema":{"@context":"https:\/\/schema.org","@graph":[{"@type":"WebPage","@id":"https:\/\/elbullifoundation.com\/elbullistore\/producto\/que-es-cocinar-bullipedia-ferran-adria-el-bulli\/","url":"https:\/\/elbullifoundation.com\/elbullistore\/producto\/que-es-cocinar-bullipedia-ferran-adria-el-bulli\/","name":"Qu\u00e9 es cocinar. La acci\u00f3n: cocinar. El resultado: cocina - elBullistore","isPartOf":{"@id":"https:\/\/elbullifoundation.com\/elbullistore\/#website"},"primaryImageOfPage":{"@id":"https:\/\/elbullifoundation.com\/elbullistore\/producto\/que-es-cocinar-bullipedia-ferran-adria-el-bulli\/#primaryimage"},"image":{"@id":"https:\/\/elbullifoundation.com\/elbullistore\/producto\/que-es-cocinar-bullipedia-ferran-adria-el-bulli\/#primaryimage"},"thumbnailUrl":"https:\/\/elbullifoundation.com\/elbullistore\/wp-content\/uploads\/2019\/09\/que-es-cocinar-portada-libro.jpg","datePublished":"2019-09-02T13:07:52+00:00","dateModified":"2026-04-01T15:10:12+00:00","description":"Qu\u00e9 es cocinar, considerada la continuaci\u00f3n del libro Los secretos de El Bulli, es una obra de la Bullipedia dirigida por Ferran Adri\u00e0","breadcrumb":{"@id":"https:\/\/elbullifoundation.com\/elbullistore\/producto\/que-es-cocinar-bullipedia-ferran-adria-el-bulli\/#breadcrumb"},"inLanguage":"es","potentialAction":[{"@type":"ReadAction","target":["https:\/\/elbullifoundation.com\/elbullistore\/producto\/que-es-cocinar-bullipedia-ferran-adria-el-bulli\/"]}]},{"@type":"ImageObject","inLanguage":"es","@id":"https:\/\/elbullifoundation.com\/elbullistore\/producto\/que-es-cocinar-bullipedia-ferran-adria-el-bulli\/#primaryimage","url":"https:\/\/elbullifoundation.com\/elbullistore\/wp-content\/uploads\/2019\/09\/que-es-cocinar-portada-libro.jpg","contentUrl":"https:\/\/elbullifoundation.com\/elbullistore\/wp-content\/uploads\/2019\/09\/que-es-cocinar-portada-libro.jpg","width":1400,"height":1008,"caption":"Qu\u00e9 es cocinar. La acci\u00f3n: cocinar. El resultado: cocina. Bullipedia. Ferran Adri\u00e0. elBulli, Enciclopedia gastron\u00f3mica"},{"@type":"BreadcrumbList","@id":"https:\/\/elbullifoundation.com\/elbullistore\/producto\/que-es-cocinar-bullipedia-ferran-adria-el-bulli\/#breadcrumb","itemListElement":[{"@type":"ListItem","position":1,"name":"Portada","item":"https:\/\/elbullifoundation.com\/elbullistore\/"},{"@type":"ListItem","position":2,"name":"Productos","item":"https:\/\/elbullifoundation.com\/elbullistore\/shop\/"},{"@type":"ListItem","position":3,"name":"Qu\u00e9 es cocinar. La acci\u00f3n: cocinar. El resultado: cocina"}]},{"@type":"WebSite","@id":"https:\/\/elbullifoundation.com\/elbullistore\/#website","url":"https:\/\/elbullifoundation.com\/elbullistore\/","name":"elBullistore","description":"","potentialAction":[{"@type":"SearchAction","target":{"@type":"EntryPoint","urlTemplate":"https:\/\/elbullifoundation.com\/elbullistore\/?s={search_term_string}"},"query-input":{"@type":"PropertyValueSpecification","valueRequired":true,"valueName":"search_term_string"}}],"inLanguage":"es"}]}},"lang":"es","translations":{"es":4906,"ca":5170,"en":5172},"pll_sync_post":[],"_links":{"self":[{"href":"https:\/\/elbullifoundation.com\/elbullistore\/wp-json\/wp\/v2\/product\/4906","targetHints":{"allow":["GET"]}}],"collection":[{"href":"https:\/\/elbullifoundation.com\/elbullistore\/wp-json\/wp\/v2\/product"}],"about":[{"href":"https:\/\/elbullifoundation.com\/elbullistore\/wp-json\/wp\/v2\/types\/product"}],"replies":[{"embeddable":true,"href":"https:\/\/elbullifoundation.com\/elbullistore\/wp-json\/wp\/v2\/comments?post=4906"}],"wp:featuredmedia":[{"embeddable":true,"href":"https:\/\/elbullifoundation.com\/elbullistore\/wp-json\/wp\/v2\/media\/5244"}],"wp:attachment":[{"href":"https:\/\/elbullifoundation.com\/elbullistore\/wp-json\/wp\/v2\/media?parent=4906"}],"wp:term":[{"taxonomy":"product_brand","embeddable":true,"href":"https:\/\/elbullifoundation.com\/elbullistore\/wp-json\/wp\/v2\/product_brand?post=4906"},{"taxonomy":"product_cat","embeddable":true,"href":"https:\/\/elbullifoundation.com\/elbullistore\/wp-json\/wp\/v2\/product_cat?post=4906"},{"taxonomy":"product_tag","embeddable":true,"href":"https:\/\/elbullifoundation.com\/elbullistore\/wp-json\/wp\/v2\/product_tag?post=4906"}],"curies":[{"name":"wp","href":"https:\/\/api.w.org\/{rel}","templated":true}]}}