{"id":5384,"date":"2019-10-25T14:50:19","date_gmt":"2019-10-25T12:50:19","guid":{"rendered":"https:\/\/elbullifoundation.com\/elbullistore\/?post_type=product&#038;p=5384"},"modified":"2024-09-11T13:11:47","modified_gmt":"2024-09-11T11:11:47","slug":"productos-no-elaborados-que-son-clasificaciones-y-categorias","status":"publish","type":"product","link":"https:\/\/elbullifoundation.com\/elbullistore\/producto\/productos-no-elaborados-que-son-clasificaciones-y-categorias\/","title":{"rendered":"Productos no elaborados. Qu\u00e9 son, clasificaciones y categor\u00edas (Volumen I)"},"content":{"rendered":"<p><strong><em>Productos no elaborados. Qu\u00e9 son, clasificaciones y categor\u00edas,<\/em><\/strong> es uno de los proyectos m\u00e1s ambiciosos de la Bullipedia, dirigida por Ferran Adri\u00e0 y elBullifoundation. Su principal objetivo es comprender los productos, en especial aquellos que llegan hasta nosotros sin que se les haya aplicado ninguna t\u00e9cnica de elaboraci\u00f3n, y conocer sus caracter\u00edsticas a partir de diversos criterios de clasificaci\u00f3n. Un an\u00e1lisis pormenorizado que se apoya en diferentes disciplinas que nos ayudan a comprender y contextualizar los productos no elaborados, y a expresarlos de forma sencilla, comprensible y atractiva.<\/p>\n<p>&nbsp;<\/p>\n<p>520 p\u00e1ginas<\/p>\n<p>230 x 330 mm<\/p>\n<p>Tapa Dura<\/p>\n<p>ISBN: 978-84-09-13711-4<\/p>\n","protected":false},"excerpt":{"rendered":"<p>Productos no elaborados. Qu\u00e9 son, clasificaciones y categor\u00edas, es uno de los proyectos m\u00e1s ambiciosos de la Bullipedia, dirigida por Ferran Adri\u00e0 y elBullifoundation. Su principal objetivo es comprender los productos, en especial aquellos que llegan hasta nosotros sin que se les haya aplicado ninguna t\u00e9cnica de elaboraci\u00f3n, y conocer sus caracter\u00edsticas a partir de [&hellip;]<\/p>\n","protected":false},"featured_media":5385,"comment_status":"closed","ping_status":"closed","template":"","meta":{"_acf_changed":false},"product_brand":[],"product_cat":[15,37],"product_tag":[289,149,297,296,290,152,153,227,150,156,295],"class_list":{"0":"post-5384","1":"product","2":"type-product","3":"status-publish","4":"has-post-thumbnail","6":"product_cat-bullipedia","7":"product_cat-productos-no-elaborados","8":"product_tag-book","9":"product_tag-bullipedia","10":"product_tag-contextualizacion-productos","11":"product_tag-creatividad","12":"product_tag-el-bulli","13":"product_tag-elbulli","14":"product_tag-elbullifoundation","15":"product_tag-elbullistore","16":"product_tag-ferran-adria","17":"product_tag-libro","18":"product_tag-productos-no-elaborados","20":"first","21":"instock","22":"taxable","23":"shipping-taxable","24":"purchasable","25":"product-type-variable","26":"has-default-attributes"},"acf":[],"yoast_head":"<!-- This site is optimized with the Yoast SEO plugin v26.9 - https:\/\/yoast.com\/product\/yoast-seo-wordpress\/ -->\n<title>Productos No Elaborados. Qu\u00e9 son, clasificaciones y categor\u00edas- elBullistore<\/title>\n<meta name=\"description\" content=\"Productos no elaborados. Libro de Bullipedia dirigido por Ferran Adri\u00e0 y elBullifoundation, para comprender que son, clasificaciones y categor\u00edas.\" \/>\n<meta name=\"robots\" content=\"index, follow, max-snippet:-1, max-image-preview:large, max-video-preview:-1\" \/>\n<link rel=\"canonical\" href=\"https:\/\/elbullifoundation.com\/elbullistore\/producto\/productos-no-elaborados-que-son-clasificaciones-y-categorias\/\" \/>\n<meta property=\"og:locale\" content=\"es_ES\" \/>\n<meta property=\"og:type\" content=\"article\" \/>\n<meta property=\"og:title\" content=\"Productos No Elaborados. Qu\u00e9 son, clasificaciones y categor\u00edas- elBullistore\" \/>\n<meta property=\"og:description\" content=\"Productos no elaborados. Libro de Bullipedia dirigido por Ferran Adri\u00e0 y elBullifoundation, para comprender que son, clasificaciones y categor\u00edas.\" \/>\n<meta property=\"og:url\" content=\"https:\/\/elbullifoundation.com\/elbullistore\/producto\/productos-no-elaborados-que-son-clasificaciones-y-categorias\/\" \/>\n<meta property=\"og:site_name\" content=\"elBullistore\" \/>\n<meta property=\"article:modified_time\" content=\"2024-09-11T11:11:47+00:00\" \/>\n<meta property=\"og:image\" content=\"https:\/\/elbullifoundation.com\/elbullistore\/wp-content\/uploads\/2019\/10\/01-portada_PNE-I_mockup.png\" \/>\n\t<meta property=\"og:image:width\" content=\"1500\" \/>\n\t<meta property=\"og:image:height\" content=\"1080\" \/>\n\t<meta property=\"og:image:type\" content=\"image\/png\" \/>\n<meta name=\"twitter:card\" content=\"summary_large_image\" \/>\n<meta name=\"twitter:label1\" content=\"Tiempo de lectura\" \/>\n\t<meta name=\"twitter:data1\" content=\"1 minuto\" \/>\n<script type=\"application\/ld+json\" class=\"yoast-schema-graph\">{\"@context\":\"https:\/\/schema.org\",\"@graph\":[{\"@type\":\"WebPage\",\"@id\":\"https:\/\/elbullifoundation.com\/elbullistore\/producto\/productos-no-elaborados-que-son-clasificaciones-y-categorias\/\",\"url\":\"https:\/\/elbullifoundation.com\/elbullistore\/producto\/productos-no-elaborados-que-son-clasificaciones-y-categorias\/\",\"name\":\"Productos No Elaborados. Qu\u00e9 son, clasificaciones y categor\u00edas- elBullistore\",\"isPartOf\":{\"@id\":\"https:\/\/elbullifoundation.com\/elbullistore\/#website\"},\"primaryImageOfPage\":{\"@id\":\"https:\/\/elbullifoundation.com\/elbullistore\/producto\/productos-no-elaborados-que-son-clasificaciones-y-categorias\/#primaryimage\"},\"image\":{\"@id\":\"https:\/\/elbullifoundation.com\/elbullistore\/producto\/productos-no-elaborados-que-son-clasificaciones-y-categorias\/#primaryimage\"},\"thumbnailUrl\":\"https:\/\/elbullifoundation.com\/elbullistore\/wp-content\/uploads\/2019\/10\/01-portada_PNE-I_mockup.png\",\"datePublished\":\"2019-10-25T12:50:19+00:00\",\"dateModified\":\"2024-09-11T11:11:47+00:00\",\"description\":\"Productos no elaborados. Libro de Bullipedia dirigido por Ferran Adri\u00e0 y elBullifoundation, para comprender que son, clasificaciones y categor\u00edas.\",\"breadcrumb\":{\"@id\":\"https:\/\/elbullifoundation.com\/elbullistore\/producto\/productos-no-elaborados-que-son-clasificaciones-y-categorias\/#breadcrumb\"},\"inLanguage\":\"es\",\"potentialAction\":[{\"@type\":\"ReadAction\",\"target\":[\"https:\/\/elbullifoundation.com\/elbullistore\/producto\/productos-no-elaborados-que-son-clasificaciones-y-categorias\/\"]}]},{\"@type\":\"ImageObject\",\"inLanguage\":\"es\",\"@id\":\"https:\/\/elbullifoundation.com\/elbullistore\/producto\/productos-no-elaborados-que-son-clasificaciones-y-categorias\/#primaryimage\",\"url\":\"https:\/\/elbullifoundation.com\/elbullistore\/wp-content\/uploads\/2019\/10\/01-portada_PNE-I_mockup.png\",\"contentUrl\":\"https:\/\/elbullifoundation.com\/elbullistore\/wp-content\/uploads\/2019\/10\/01-portada_PNE-I_mockup.png\",\"width\":1500,\"height\":1080,\"caption\":\"Productos no elaborados. Qu\u00e9 son, clasificaciones y categor\u00edas\"},{\"@type\":\"BreadcrumbList\",\"@id\":\"https:\/\/elbullifoundation.com\/elbullistore\/producto\/productos-no-elaborados-que-son-clasificaciones-y-categorias\/#breadcrumb\",\"itemListElement\":[{\"@type\":\"ListItem\",\"position\":1,\"name\":\"Portada\",\"item\":\"https:\/\/elbullifoundation.com\/elbullistore\/\"},{\"@type\":\"ListItem\",\"position\":2,\"name\":\"Productos\",\"item\":\"https:\/\/elbullifoundation.com\/elbullistore\/shop\/\"},{\"@type\":\"ListItem\",\"position\":3,\"name\":\"Productos no elaborados. Qu\u00e9 son, clasificaciones y categor\u00edas (Volumen I)\"}]},{\"@type\":\"WebSite\",\"@id\":\"https:\/\/elbullifoundation.com\/elbullistore\/#website\",\"url\":\"https:\/\/elbullifoundation.com\/elbullistore\/\",\"name\":\"elBullistore\",\"description\":\"\",\"potentialAction\":[{\"@type\":\"SearchAction\",\"target\":{\"@type\":\"EntryPoint\",\"urlTemplate\":\"https:\/\/elbullifoundation.com\/elbullistore\/?s={search_term_string}\"},\"query-input\":{\"@type\":\"PropertyValueSpecification\",\"valueRequired\":true,\"valueName\":\"search_term_string\"}}],\"inLanguage\":\"es\"}]}<\/script>\n<!-- \/ Yoast SEO plugin. -->","yoast_head_json":{"title":"Productos No Elaborados. Qu\u00e9 son, clasificaciones y categor\u00edas- elBullistore","description":"Productos no elaborados. Libro de Bullipedia dirigido por Ferran Adri\u00e0 y elBullifoundation, para comprender que son, clasificaciones y categor\u00edas.","robots":{"index":"index","follow":"follow","max-snippet":"max-snippet:-1","max-image-preview":"max-image-preview:large","max-video-preview":"max-video-preview:-1"},"canonical":"https:\/\/elbullifoundation.com\/elbullistore\/producto\/productos-no-elaborados-que-son-clasificaciones-y-categorias\/","og_locale":"es_ES","og_type":"article","og_title":"Productos No Elaborados. Qu\u00e9 son, clasificaciones y categor\u00edas- elBullistore","og_description":"Productos no elaborados. Libro de Bullipedia dirigido por Ferran Adri\u00e0 y elBullifoundation, para comprender que son, clasificaciones y categor\u00edas.","og_url":"https:\/\/elbullifoundation.com\/elbullistore\/producto\/productos-no-elaborados-que-son-clasificaciones-y-categorias\/","og_site_name":"elBullistore","article_modified_time":"2024-09-11T11:11:47+00:00","og_image":[{"width":1500,"height":1080,"url":"https:\/\/elbullifoundation.com\/elbullistore\/wp-content\/uploads\/2019\/10\/01-portada_PNE-I_mockup.png","type":"image\/png"}],"twitter_card":"summary_large_image","twitter_misc":{"Tiempo de lectura":"1 minuto"},"schema":{"@context":"https:\/\/schema.org","@graph":[{"@type":"WebPage","@id":"https:\/\/elbullifoundation.com\/elbullistore\/producto\/productos-no-elaborados-que-son-clasificaciones-y-categorias\/","url":"https:\/\/elbullifoundation.com\/elbullistore\/producto\/productos-no-elaborados-que-son-clasificaciones-y-categorias\/","name":"Productos No Elaborados. Qu\u00e9 son, clasificaciones y categor\u00edas- elBullistore","isPartOf":{"@id":"https:\/\/elbullifoundation.com\/elbullistore\/#website"},"primaryImageOfPage":{"@id":"https:\/\/elbullifoundation.com\/elbullistore\/producto\/productos-no-elaborados-que-son-clasificaciones-y-categorias\/#primaryimage"},"image":{"@id":"https:\/\/elbullifoundation.com\/elbullistore\/producto\/productos-no-elaborados-que-son-clasificaciones-y-categorias\/#primaryimage"},"thumbnailUrl":"https:\/\/elbullifoundation.com\/elbullistore\/wp-content\/uploads\/2019\/10\/01-portada_PNE-I_mockup.png","datePublished":"2019-10-25T12:50:19+00:00","dateModified":"2024-09-11T11:11:47+00:00","description":"Productos no elaborados. Libro de Bullipedia dirigido por Ferran Adri\u00e0 y elBullifoundation, para comprender que son, clasificaciones y categor\u00edas.","breadcrumb":{"@id":"https:\/\/elbullifoundation.com\/elbullistore\/producto\/productos-no-elaborados-que-son-clasificaciones-y-categorias\/#breadcrumb"},"inLanguage":"es","potentialAction":[{"@type":"ReadAction","target":["https:\/\/elbullifoundation.com\/elbullistore\/producto\/productos-no-elaborados-que-son-clasificaciones-y-categorias\/"]}]},{"@type":"ImageObject","inLanguage":"es","@id":"https:\/\/elbullifoundation.com\/elbullistore\/producto\/productos-no-elaborados-que-son-clasificaciones-y-categorias\/#primaryimage","url":"https:\/\/elbullifoundation.com\/elbullistore\/wp-content\/uploads\/2019\/10\/01-portada_PNE-I_mockup.png","contentUrl":"https:\/\/elbullifoundation.com\/elbullistore\/wp-content\/uploads\/2019\/10\/01-portada_PNE-I_mockup.png","width":1500,"height":1080,"caption":"Productos no elaborados. Qu\u00e9 son, clasificaciones y categor\u00edas"},{"@type":"BreadcrumbList","@id":"https:\/\/elbullifoundation.com\/elbullistore\/producto\/productos-no-elaborados-que-son-clasificaciones-y-categorias\/#breadcrumb","itemListElement":[{"@type":"ListItem","position":1,"name":"Portada","item":"https:\/\/elbullifoundation.com\/elbullistore\/"},{"@type":"ListItem","position":2,"name":"Productos","item":"https:\/\/elbullifoundation.com\/elbullistore\/shop\/"},{"@type":"ListItem","position":3,"name":"Productos no elaborados. Qu\u00e9 son, clasificaciones y categor\u00edas (Volumen I)"}]},{"@type":"WebSite","@id":"https:\/\/elbullifoundation.com\/elbullistore\/#website","url":"https:\/\/elbullifoundation.com\/elbullistore\/","name":"elBullistore","description":"","potentialAction":[{"@type":"SearchAction","target":{"@type":"EntryPoint","urlTemplate":"https:\/\/elbullifoundation.com\/elbullistore\/?s={search_term_string}"},"query-input":{"@type":"PropertyValueSpecification","valueRequired":true,"valueName":"search_term_string"}}],"inLanguage":"es"}]}},"lang":"es","translations":{"es":5384,"en":8605,"ca":15892},"pll_sync_post":[],"_links":{"self":[{"href":"https:\/\/elbullifoundation.com\/elbullistore\/wp-json\/wp\/v2\/product\/5384","targetHints":{"allow":["GET"]}}],"collection":[{"href":"https:\/\/elbullifoundation.com\/elbullistore\/wp-json\/wp\/v2\/product"}],"about":[{"href":"https:\/\/elbullifoundation.com\/elbullistore\/wp-json\/wp\/v2\/types\/product"}],"replies":[{"embeddable":true,"href":"https:\/\/elbullifoundation.com\/elbullistore\/wp-json\/wp\/v2\/comments?post=5384"}],"wp:featuredmedia":[{"embeddable":true,"href":"https:\/\/elbullifoundation.com\/elbullistore\/wp-json\/wp\/v2\/media\/5385"}],"wp:attachment":[{"href":"https:\/\/elbullifoundation.com\/elbullistore\/wp-json\/wp\/v2\/media?parent=5384"}],"wp:term":[{"taxonomy":"product_brand","embeddable":true,"href":"https:\/\/elbullifoundation.com\/elbullistore\/wp-json\/wp\/v2\/product_brand?post=5384"},{"taxonomy":"product_cat","embeddable":true,"href":"https:\/\/elbullifoundation.com\/elbullistore\/wp-json\/wp\/v2\/product_cat?post=5384"},{"taxonomy":"product_tag","embeddable":true,"href":"https:\/\/elbullifoundation.com\/elbullistore\/wp-json\/wp\/v2\/product_tag?post=5384"}],"curies":[{"name":"wp","href":"https:\/\/api.w.org\/{rel}","templated":true}]}}