{"id":5687,"date":"2019-10-25T13:48:51","date_gmt":"2019-10-25T11:48:51","guid":{"rendered":"https:\/\/elbullifoundation.com\/elbullistore\/producto\/cocteles-cocteleria-y-bartenders-como-funciona-una-cocteleria\/"},"modified":"2023-11-10T10:47:52","modified_gmt":"2023-11-10T09:47:52","slug":"cocktails-cocktail-making-and-bartenders-how-does-a-cocktail-bar-work-volume-ii","status":"publish","type":"product","link":"https:\/\/elbullifoundation.com\/elbullistore\/en\/product\/cocktails-cocktail-making-and-bartenders-how-does-a-cocktail-bar-work-volume-ii\/","title":{"rendered":"C\u00f3cteles, cocteler\u00eda y bartenders. \u00bfC\u00f3mo funciona una cocteler\u00eda? (Volumen II)"},"content":{"rendered":"<p><strong><em>Cocktails, cocktail making and bartenders. How does a cocktail bar work?<\/em><\/strong> is the second volume of the Cocktail Sapiens, directed by Ferran Adri\u00e0 and the elBullifoundation, and with the collaboration of international experts Javier de las Muelas and Simone Caporale. The volume is envisaged as a guide for any bartender with the ambition of managing a cocktail bar, assisting with personality development and fostering a professional culture and innovative attitude.<\/p>\n<p>&nbsp;<\/p>\n<p>514\u00a0pages<\/p>\n<p>230 x 330 mm<\/p>\n<p>Hard cover<\/p>\n<p>ISBAN: 978-84-09-13709-1<\/p>\n","protected":false},"excerpt":{"rendered":"<p>Cocktails, cocktail making and bartenders. How does a cocktail bar work? is the second volume of the Cocktail Sapiens, directed by Ferran Adri\u00e0 and the elBullifoundation, and with the collaboration of international experts Javier de las Muelas and Simone Caporale. The volume is envisaged as a guide for any bartender with the ambition of managing [&hellip;]<\/p>\n","protected":false},"featured_media":5380,"comment_status":"closed","ping_status":"closed","template":"","meta":{"_acf_changed":false},"product_brand":[],"product_cat":[23,850],"product_tag":[304,305,346,190,306,307,347,191,192,241,194,308,196,309],"class_list":{"0":"post-5687","1":"product","2":"type-product","3":"status-publish","4":"has-post-thumbnail","6":"product_cat-bullipedia-en","7":"product_cat-cocteles-en","8":"product_tag-978-84-09-13709-1-en","9":"product_tag-bartenders-en","10":"product_tag-book-en","11":"product_tag-bullipedia-en","12":"product_tag-cocteleria-en","13":"product_tag-cocteles-en","14":"product_tag-el-bulli-en","15":"product_tag-elbulli-en","16":"product_tag-elbullifoundation-en","17":"product_tag-elbullistore-en","18":"product_tag-ferran-adria-en","19":"product_tag-javier-de-las-muelas-en","20":"product_tag-libro-en","21":"product_tag-simone-caporale-en","22":"product_shipping_class-envio-3k-en","24":"first","25":"instock","26":"taxable","27":"shipping-taxable","28":"purchasable","29":"product-type-variable"},"acf":[],"yoast_head":"<!-- This site is optimized with the Yoast SEO plugin v26.9 - https:\/\/yoast.com\/product\/yoast-seo-wordpress\/ -->\n<title>C\u00f3cteles, cocteler\u00eda y bartenders. \u00bfC\u00f3mo funciona una cocteler\u00eda? (Volumen II) - elBullistore<\/title>\n<meta name=\"description\" content=\"C\u00f3cteles, cocteler\u00eda y bartenders. Segundo volumen de Bullipedia, dirigido por Ferran Adri\u00e0 y elBullifoundation con Javier De Las Muelas y Simone Caporale\" \/>\n<meta name=\"robots\" content=\"index, follow, max-snippet:-1, max-image-preview:large, max-video-preview:-1\" \/>\n<link rel=\"canonical\" href=\"https:\/\/elbullifoundation.com\/elbullistore\/en\/product\/cocktails-cocktail-making-and-bartenders-how-does-a-cocktail-bar-work-volume-ii\/\" \/>\n<meta property=\"og:locale\" content=\"es_ES\" \/>\n<meta property=\"og:type\" content=\"article\" \/>\n<meta property=\"og:title\" content=\"C\u00f3cteles, cocteler\u00eda y bartenders. \u00bfC\u00f3mo funciona una cocteler\u00eda? (Volumen II) - elBullistore\" \/>\n<meta property=\"og:description\" content=\"C\u00f3cteles, cocteler\u00eda y bartenders. Segundo volumen de Bullipedia, dirigido por Ferran Adri\u00e0 y elBullifoundation con Javier De Las Muelas y Simone Caporale\" \/>\n<meta property=\"og:url\" content=\"https:\/\/elbullifoundation.com\/elbullistore\/en\/product\/cocktails-cocktail-making-and-bartenders-how-does-a-cocktail-bar-work-volume-ii\/\" \/>\n<meta property=\"og:site_name\" content=\"elBullistore\" \/>\n<meta property=\"article:modified_time\" content=\"2023-11-10T09:47:52+00:00\" \/>\n<meta property=\"og:image\" content=\"https:\/\/elbullifoundation.com\/elbullistore\/wp-content\/uploads\/2019\/10\/01-portada_co\u0301ctelesII_mockup-scaled.jpg\" \/>\n\t<meta property=\"og:image:width\" content=\"2560\" \/>\n\t<meta property=\"og:image:height\" content=\"1843\" \/>\n\t<meta property=\"og:image:type\" content=\"image\/jpeg\" \/>\n<meta name=\"twitter:card\" content=\"summary_large_image\" \/>\n<meta name=\"twitter:label1\" content=\"Tiempo de lectura\" \/>\n\t<meta name=\"twitter:data1\" content=\"1 minuto\" \/>\n<script type=\"application\/ld+json\" class=\"yoast-schema-graph\">{\"@context\":\"https:\/\/schema.org\",\"@graph\":[{\"@type\":\"WebPage\",\"@id\":\"https:\/\/elbullifoundation.com\/elbullistore\/en\/product\/cocktails-cocktail-making-and-bartenders-how-does-a-cocktail-bar-work-volume-ii\/\",\"url\":\"https:\/\/elbullifoundation.com\/elbullistore\/en\/product\/cocktails-cocktail-making-and-bartenders-how-does-a-cocktail-bar-work-volume-ii\/\",\"name\":\"C\u00f3cteles, cocteler\u00eda y bartenders. \u00bfC\u00f3mo funciona una cocteler\u00eda? (Volumen II) - elBullistore\",\"isPartOf\":{\"@id\":\"https:\/\/elbullifoundation.com\/elbullistore\/#website\"},\"primaryImageOfPage\":{\"@id\":\"https:\/\/elbullifoundation.com\/elbullistore\/en\/product\/cocktails-cocktail-making-and-bartenders-how-does-a-cocktail-bar-work-volume-ii\/#primaryimage\"},\"image\":{\"@id\":\"https:\/\/elbullifoundation.com\/elbullistore\/en\/product\/cocktails-cocktail-making-and-bartenders-how-does-a-cocktail-bar-work-volume-ii\/#primaryimage\"},\"thumbnailUrl\":\"https:\/\/elbullifoundation.com\/elbullistore\/wp-content\/uploads\/2019\/10\/01-portada_co\u0301ctelesII_mockup-scaled.jpg\",\"datePublished\":\"2019-10-25T11:48:51+00:00\",\"dateModified\":\"2023-11-10T09:47:52+00:00\",\"description\":\"C\u00f3cteles, cocteler\u00eda y bartenders. Segundo volumen de Bullipedia, dirigido por Ferran Adri\u00e0 y elBullifoundation con Javier De Las Muelas y Simone Caporale\",\"breadcrumb\":{\"@id\":\"https:\/\/elbullifoundation.com\/elbullistore\/en\/product\/cocktails-cocktail-making-and-bartenders-how-does-a-cocktail-bar-work-volume-ii\/#breadcrumb\"},\"inLanguage\":\"es\",\"potentialAction\":[{\"@type\":\"ReadAction\",\"target\":[\"https:\/\/elbullifoundation.com\/elbullistore\/en\/product\/cocktails-cocktail-making-and-bartenders-how-does-a-cocktail-bar-work-volume-ii\/\"]}]},{\"@type\":\"ImageObject\",\"inLanguage\":\"es\",\"@id\":\"https:\/\/elbullifoundation.com\/elbullistore\/en\/product\/cocktails-cocktail-making-and-bartenders-how-does-a-cocktail-bar-work-volume-ii\/#primaryimage\",\"url\":\"https:\/\/elbullifoundation.com\/elbullistore\/wp-content\/uploads\/2019\/10\/01-portada_co\u0301ctelesII_mockup-scaled.jpg\",\"contentUrl\":\"https:\/\/elbullifoundation.com\/elbullistore\/wp-content\/uploads\/2019\/10\/01-portada_co\u0301ctelesII_mockup-scaled.jpg\",\"width\":2560,\"height\":1843,\"caption\":\"C\u00f3cteles, cocteler\u00eda y bartenders. \u00bfC\u00f3mo funciona una cocteler\u00eda?\"},{\"@type\":\"BreadcrumbList\",\"@id\":\"https:\/\/elbullifoundation.com\/elbullistore\/en\/product\/cocktails-cocktail-making-and-bartenders-how-does-a-cocktail-bar-work-volume-ii\/#breadcrumb\",\"itemListElement\":[{\"@type\":\"ListItem\",\"position\":1,\"name\":\"Portada\",\"item\":\"https:\/\/elbullifoundation.com\/elbullistore\/\"},{\"@type\":\"ListItem\",\"position\":2,\"name\":\"Productos\",\"item\":\"https:\/\/elbullifoundation.com\/elbullistore\/shop\/\"},{\"@type\":\"ListItem\",\"position\":3,\"name\":\"C\u00f3cteles, cocteler\u00eda y bartenders. \u00bfC\u00f3mo funciona una cocteler\u00eda? (Volumen II)\"}]},{\"@type\":\"WebSite\",\"@id\":\"https:\/\/elbullifoundation.com\/elbullistore\/#website\",\"url\":\"https:\/\/elbullifoundation.com\/elbullistore\/\",\"name\":\"elBullistore\",\"description\":\"\",\"potentialAction\":[{\"@type\":\"SearchAction\",\"target\":{\"@type\":\"EntryPoint\",\"urlTemplate\":\"https:\/\/elbullifoundation.com\/elbullistore\/?s={search_term_string}\"},\"query-input\":{\"@type\":\"PropertyValueSpecification\",\"valueRequired\":true,\"valueName\":\"search_term_string\"}}],\"inLanguage\":\"es\"}]}<\/script>\n<!-- \/ Yoast SEO plugin. -->","yoast_head_json":{"title":"C\u00f3cteles, cocteler\u00eda y bartenders. \u00bfC\u00f3mo funciona una cocteler\u00eda? (Volumen II) - elBullistore","description":"C\u00f3cteles, cocteler\u00eda y bartenders. Segundo volumen de Bullipedia, dirigido por Ferran Adri\u00e0 y elBullifoundation con Javier De Las Muelas y Simone Caporale","robots":{"index":"index","follow":"follow","max-snippet":"max-snippet:-1","max-image-preview":"max-image-preview:large","max-video-preview":"max-video-preview:-1"},"canonical":"https:\/\/elbullifoundation.com\/elbullistore\/en\/product\/cocktails-cocktail-making-and-bartenders-how-does-a-cocktail-bar-work-volume-ii\/","og_locale":"es_ES","og_type":"article","og_title":"C\u00f3cteles, cocteler\u00eda y bartenders. \u00bfC\u00f3mo funciona una cocteler\u00eda? (Volumen II) - elBullistore","og_description":"C\u00f3cteles, cocteler\u00eda y bartenders. Segundo volumen de Bullipedia, dirigido por Ferran Adri\u00e0 y elBullifoundation con Javier De Las Muelas y Simone Caporale","og_url":"https:\/\/elbullifoundation.com\/elbullistore\/en\/product\/cocktails-cocktail-making-and-bartenders-how-does-a-cocktail-bar-work-volume-ii\/","og_site_name":"elBullistore","article_modified_time":"2023-11-10T09:47:52+00:00","og_image":[{"width":2560,"height":1843,"url":"https:\/\/elbullifoundation.com\/elbullistore\/wp-content\/uploads\/2019\/10\/01-portada_co\u0301ctelesII_mockup-scaled.jpg","type":"image\/jpeg"}],"twitter_card":"summary_large_image","twitter_misc":{"Tiempo de lectura":"1 minuto"},"schema":{"@context":"https:\/\/schema.org","@graph":[{"@type":"WebPage","@id":"https:\/\/elbullifoundation.com\/elbullistore\/en\/product\/cocktails-cocktail-making-and-bartenders-how-does-a-cocktail-bar-work-volume-ii\/","url":"https:\/\/elbullifoundation.com\/elbullistore\/en\/product\/cocktails-cocktail-making-and-bartenders-how-does-a-cocktail-bar-work-volume-ii\/","name":"C\u00f3cteles, cocteler\u00eda y bartenders. \u00bfC\u00f3mo funciona una cocteler\u00eda? (Volumen II) - elBullistore","isPartOf":{"@id":"https:\/\/elbullifoundation.com\/elbullistore\/#website"},"primaryImageOfPage":{"@id":"https:\/\/elbullifoundation.com\/elbullistore\/en\/product\/cocktails-cocktail-making-and-bartenders-how-does-a-cocktail-bar-work-volume-ii\/#primaryimage"},"image":{"@id":"https:\/\/elbullifoundation.com\/elbullistore\/en\/product\/cocktails-cocktail-making-and-bartenders-how-does-a-cocktail-bar-work-volume-ii\/#primaryimage"},"thumbnailUrl":"https:\/\/elbullifoundation.com\/elbullistore\/wp-content\/uploads\/2019\/10\/01-portada_co\u0301ctelesII_mockup-scaled.jpg","datePublished":"2019-10-25T11:48:51+00:00","dateModified":"2023-11-10T09:47:52+00:00","description":"C\u00f3cteles, cocteler\u00eda y bartenders. Segundo volumen de Bullipedia, dirigido por Ferran Adri\u00e0 y elBullifoundation con Javier De Las Muelas y Simone Caporale","breadcrumb":{"@id":"https:\/\/elbullifoundation.com\/elbullistore\/en\/product\/cocktails-cocktail-making-and-bartenders-how-does-a-cocktail-bar-work-volume-ii\/#breadcrumb"},"inLanguage":"es","potentialAction":[{"@type":"ReadAction","target":["https:\/\/elbullifoundation.com\/elbullistore\/en\/product\/cocktails-cocktail-making-and-bartenders-how-does-a-cocktail-bar-work-volume-ii\/"]}]},{"@type":"ImageObject","inLanguage":"es","@id":"https:\/\/elbullifoundation.com\/elbullistore\/en\/product\/cocktails-cocktail-making-and-bartenders-how-does-a-cocktail-bar-work-volume-ii\/#primaryimage","url":"https:\/\/elbullifoundation.com\/elbullistore\/wp-content\/uploads\/2019\/10\/01-portada_co\u0301ctelesII_mockup-scaled.jpg","contentUrl":"https:\/\/elbullifoundation.com\/elbullistore\/wp-content\/uploads\/2019\/10\/01-portada_co\u0301ctelesII_mockup-scaled.jpg","width":2560,"height":1843,"caption":"C\u00f3cteles, cocteler\u00eda y bartenders. \u00bfC\u00f3mo funciona una cocteler\u00eda?"},{"@type":"BreadcrumbList","@id":"https:\/\/elbullifoundation.com\/elbullistore\/en\/product\/cocktails-cocktail-making-and-bartenders-how-does-a-cocktail-bar-work-volume-ii\/#breadcrumb","itemListElement":[{"@type":"ListItem","position":1,"name":"Portada","item":"https:\/\/elbullifoundation.com\/elbullistore\/"},{"@type":"ListItem","position":2,"name":"Productos","item":"https:\/\/elbullifoundation.com\/elbullistore\/shop\/"},{"@type":"ListItem","position":3,"name":"C\u00f3cteles, cocteler\u00eda y bartenders. \u00bfC\u00f3mo funciona una cocteler\u00eda? (Volumen II)"}]},{"@type":"WebSite","@id":"https:\/\/elbullifoundation.com\/elbullistore\/#website","url":"https:\/\/elbullifoundation.com\/elbullistore\/","name":"elBullistore","description":"","potentialAction":[{"@type":"SearchAction","target":{"@type":"EntryPoint","urlTemplate":"https:\/\/elbullifoundation.com\/elbullistore\/?s={search_term_string}"},"query-input":{"@type":"PropertyValueSpecification","valueRequired":true,"valueName":"search_term_string"}}],"inLanguage":"es"}]}},"lang":"en","translations":{"en":5687,"es":5371,"ca":5685},"pll_sync_post":[],"_links":{"self":[{"href":"https:\/\/elbullifoundation.com\/elbullistore\/wp-json\/wp\/v2\/product\/5687","targetHints":{"allow":["GET"]}}],"collection":[{"href":"https:\/\/elbullifoundation.com\/elbullistore\/wp-json\/wp\/v2\/product"}],"about":[{"href":"https:\/\/elbullifoundation.com\/elbullistore\/wp-json\/wp\/v2\/types\/product"}],"replies":[{"embeddable":true,"href":"https:\/\/elbullifoundation.com\/elbullistore\/wp-json\/wp\/v2\/comments?post=5687"}],"wp:featuredmedia":[{"embeddable":true,"href":"https:\/\/elbullifoundation.com\/elbullistore\/wp-json\/wp\/v2\/media\/5380"}],"wp:attachment":[{"href":"https:\/\/elbullifoundation.com\/elbullistore\/wp-json\/wp\/v2\/media?parent=5687"}],"wp:term":[{"taxonomy":"product_brand","embeddable":true,"href":"https:\/\/elbullifoundation.com\/elbullistore\/wp-json\/wp\/v2\/product_brand?post=5687"},{"taxonomy":"product_cat","embeddable":true,"href":"https:\/\/elbullifoundation.com\/elbullistore\/wp-json\/wp\/v2\/product_cat?post=5687"},{"taxonomy":"product_tag","embeddable":true,"href":"https:\/\/elbullifoundation.com\/elbullistore\/wp-json\/wp\/v2\/product_tag?post=5687"}],"curies":[{"name":"wp","href":"https:\/\/api.w.org\/{rel}","templated":true}]}}