{"id":5826,"date":"2019-10-25T18:31:14","date_gmt":"2019-10-25T16:31:14","guid":{"rendered":"https:\/\/elbullifoundation.com\/elbullistore\/producto\/vinos-del-mercado-la-carta\/"},"modified":"2025-09-29T10:19:38","modified_gmt":"2025-09-29T08:19:38","slug":"vinos-del-mercado-la-carta","status":"publish","type":"product","link":"https:\/\/elbullifoundation.com\/elbullistore\/ca\/product\/vinos-del-mercado-la-carta\/","title":{"rendered":"Vinos. Del mercado a la carta (Volumen III)"},"content":{"rendered":"<p><strong><em>Vins. Del mercat a la carta<\/em><\/strong> \u00e9s el tercer volum de Bullipedia sobre el Sapiens del Vi.<\/p>\n<p>En aquest llibre es detallen totes les fases per les quals passa un vi des que surt del celler fins que arriba a la carta del restaurant: l&#8217;exportaci\u00f3 i log\u00edstica de transport, el preu del vi, els condicionants de l&#8217;oferta en un restaurant, la compra per part del sommelier i la carta de vins. Aix\u00ed mateix, s&#8217;aprofundeix en el factor m\u00e9s rellevant que impulsa al sommelier a comprar un vi determinat: la qualitat del producte.<\/p>\n<p>Comptem, a m\u00e9s, amb el privilegi de transitar aquest recorregut de la m\u00e0 d&#8217;alguns dels millors sommeliers del planeta, que enriqueixen l&#8217;obra amb les seves viv\u00e8ncies i coneixements.<\/p>\n<p>&nbsp;<\/p>\n<p>528 p\u00e0gines<\/p>\n<p>230 x 330 mm<\/p>\n<p>Tapa dura<\/p>\n<p>ISBN: 978-84-09-13710-7<\/p>\n","protected":false},"excerpt":{"rendered":"<p>Vins. Del mercat a la carta \u00e9s el tercer volum de Bullipedia sobre el Sapiens del Vi. En aquest llibre es detallen totes les fases per les quals passa un vi des que surt del celler fins que arriba a la carta del restaurant: l&#8217;exportaci\u00f3 i log\u00edstica de transport, el preu del vi, els condicionants [&hellip;]<\/p>\n","protected":false},"featured_media":5521,"comment_status":"closed","ping_status":"closed","template":"","meta":{"_acf_changed":false},"product_brand":[],"product_cat":[854],"product_tag":[339,182,183,184,233,186,188],"class_list":{"0":"post-5826","1":"product","2":"type-product","3":"status-publish","4":"has-post-thumbnail","6":"product_cat-vinos-ca","7":"product_tag-book-ca","8":"product_tag-bullipedia-ca","9":"product_tag-elbulli-ca","10":"product_tag-elbullifoundation-ca","11":"product_tag-elbullistore-ca","12":"product_tag-ferran-adria-ca","13":"product_tag-libro-ca","15":"first","16":"instock","17":"taxable","18":"shipping-taxable","19":"purchasable","20":"product-type-variable","21":"has-default-attributes"},"acf":[],"yoast_head":"<!-- This site is optimized with the Yoast SEO plugin v26.9 - https:\/\/yoast.com\/product\/yoast-seo-wordpress\/ -->\n<title>Vinos. Del mercado a la carta (Volumen III) - elBullistore<\/title>\n<meta name=\"description\" content=\"Vinos. Del mercado a la carta es el tercer volumen de Bullipedia sobre el Sapiens del Vino, en el que se detallan todas las fases por las que pasa un vino.\" \/>\n<meta name=\"robots\" content=\"index, follow, max-snippet:-1, max-image-preview:large, max-video-preview:-1\" \/>\n<link rel=\"canonical\" href=\"https:\/\/elbullifoundation.com\/elbullistore\/ca\/product\/vinos-del-mercado-la-carta\/\" \/>\n<meta property=\"og:locale\" content=\"es_ES\" \/>\n<meta property=\"og:type\" content=\"article\" \/>\n<meta property=\"og:title\" content=\"Vinos. Del mercado a la carta (Volumen III) - elBullistore\" \/>\n<meta property=\"og:description\" content=\"Vinos. Del mercado a la carta es el tercer volumen de Bullipedia sobre el Sapiens del Vino, en el que se detallan todas las fases por las que pasa un vino.\" \/>\n<meta property=\"og:url\" content=\"https:\/\/elbullifoundation.com\/elbullistore\/ca\/product\/vinos-del-mercado-la-carta\/\" \/>\n<meta property=\"og:site_name\" content=\"elBullistore\" \/>\n<meta property=\"article:modified_time\" content=\"2025-09-29T08:19:38+00:00\" \/>\n<meta property=\"og:image\" content=\"https:\/\/elbullifoundation.com\/elbullistore\/wp-content\/uploads\/2019\/10\/01-portada_PNE-I_mockup-1.png\" \/>\n\t<meta property=\"og:image:width\" content=\"1500\" \/>\n\t<meta property=\"og:image:height\" content=\"1080\" \/>\n\t<meta property=\"og:image:type\" content=\"image\/png\" \/>\n<meta name=\"twitter:card\" content=\"summary_large_image\" \/>\n<meta name=\"twitter:label1\" content=\"Tiempo de lectura\" \/>\n\t<meta name=\"twitter:data1\" content=\"1 minuto\" \/>\n<script type=\"application\/ld+json\" class=\"yoast-schema-graph\">{\"@context\":\"https:\/\/schema.org\",\"@graph\":[{\"@type\":\"WebPage\",\"@id\":\"https:\/\/elbullifoundation.com\/elbullistore\/ca\/product\/vinos-del-mercado-la-carta\/\",\"url\":\"https:\/\/elbullifoundation.com\/elbullistore\/ca\/product\/vinos-del-mercado-la-carta\/\",\"name\":\"Vinos. Del mercado a la carta (Volumen III) - elBullistore\",\"isPartOf\":{\"@id\":\"https:\/\/elbullifoundation.com\/elbullistore\/#website\"},\"primaryImageOfPage\":{\"@id\":\"https:\/\/elbullifoundation.com\/elbullistore\/ca\/product\/vinos-del-mercado-la-carta\/#primaryimage\"},\"image\":{\"@id\":\"https:\/\/elbullifoundation.com\/elbullistore\/ca\/product\/vinos-del-mercado-la-carta\/#primaryimage\"},\"thumbnailUrl\":\"https:\/\/elbullifoundation.com\/elbullistore\/wp-content\/uploads\/2019\/10\/01-portada_PNE-I_mockup-1.png\",\"datePublished\":\"2019-10-25T16:31:14+00:00\",\"dateModified\":\"2025-09-29T08:19:38+00:00\",\"description\":\"Vinos. Del mercado a la carta es el tercer volumen de Bullipedia sobre el Sapiens del Vino, en el que se detallan todas las fases por las que pasa un vino.\",\"breadcrumb\":{\"@id\":\"https:\/\/elbullifoundation.com\/elbullistore\/ca\/product\/vinos-del-mercado-la-carta\/#breadcrumb\"},\"inLanguage\":\"es\",\"potentialAction\":[{\"@type\":\"ReadAction\",\"target\":[\"https:\/\/elbullifoundation.com\/elbullistore\/ca\/product\/vinos-del-mercado-la-carta\/\"]}]},{\"@type\":\"ImageObject\",\"inLanguage\":\"es\",\"@id\":\"https:\/\/elbullifoundation.com\/elbullistore\/ca\/product\/vinos-del-mercado-la-carta\/#primaryimage\",\"url\":\"https:\/\/elbullifoundation.com\/elbullistore\/wp-content\/uploads\/2019\/10\/01-portada_PNE-I_mockup-1.png\",\"contentUrl\":\"https:\/\/elbullifoundation.com\/elbullistore\/wp-content\/uploads\/2019\/10\/01-portada_PNE-I_mockup-1.png\",\"width\":1500,\"height\":1080,\"caption\":\"Vinos. Del mercado a la carta\"},{\"@type\":\"BreadcrumbList\",\"@id\":\"https:\/\/elbullifoundation.com\/elbullistore\/ca\/product\/vinos-del-mercado-la-carta\/#breadcrumb\",\"itemListElement\":[{\"@type\":\"ListItem\",\"position\":1,\"name\":\"Portada\",\"item\":\"https:\/\/elbullifoundation.com\/elbullistore\/\"},{\"@type\":\"ListItem\",\"position\":2,\"name\":\"Productos\",\"item\":\"https:\/\/elbullifoundation.com\/elbullistore\/shop\/\"},{\"@type\":\"ListItem\",\"position\":3,\"name\":\"Vinos. Del mercado a la carta (Volumen III)\"}]},{\"@type\":\"WebSite\",\"@id\":\"https:\/\/elbullifoundation.com\/elbullistore\/#website\",\"url\":\"https:\/\/elbullifoundation.com\/elbullistore\/\",\"name\":\"elBullistore\",\"description\":\"\",\"potentialAction\":[{\"@type\":\"SearchAction\",\"target\":{\"@type\":\"EntryPoint\",\"urlTemplate\":\"https:\/\/elbullifoundation.com\/elbullistore\/?s={search_term_string}\"},\"query-input\":{\"@type\":\"PropertyValueSpecification\",\"valueRequired\":true,\"valueName\":\"search_term_string\"}}],\"inLanguage\":\"es\"}]}<\/script>\n<!-- \/ Yoast SEO plugin. -->","yoast_head_json":{"title":"Vinos. Del mercado a la carta (Volumen III) - elBullistore","description":"Vinos. Del mercado a la carta es el tercer volumen de Bullipedia sobre el Sapiens del Vino, en el que se detallan todas las fases por las que pasa un vino.","robots":{"index":"index","follow":"follow","max-snippet":"max-snippet:-1","max-image-preview":"max-image-preview:large","max-video-preview":"max-video-preview:-1"},"canonical":"https:\/\/elbullifoundation.com\/elbullistore\/ca\/product\/vinos-del-mercado-la-carta\/","og_locale":"es_ES","og_type":"article","og_title":"Vinos. Del mercado a la carta (Volumen III) - elBullistore","og_description":"Vinos. Del mercado a la carta es el tercer volumen de Bullipedia sobre el Sapiens del Vino, en el que se detallan todas las fases por las que pasa un vino.","og_url":"https:\/\/elbullifoundation.com\/elbullistore\/ca\/product\/vinos-del-mercado-la-carta\/","og_site_name":"elBullistore","article_modified_time":"2025-09-29T08:19:38+00:00","og_image":[{"width":1500,"height":1080,"url":"https:\/\/elbullifoundation.com\/elbullistore\/wp-content\/uploads\/2019\/10\/01-portada_PNE-I_mockup-1.png","type":"image\/png"}],"twitter_card":"summary_large_image","twitter_misc":{"Tiempo de lectura":"1 minuto"},"schema":{"@context":"https:\/\/schema.org","@graph":[{"@type":"WebPage","@id":"https:\/\/elbullifoundation.com\/elbullistore\/ca\/product\/vinos-del-mercado-la-carta\/","url":"https:\/\/elbullifoundation.com\/elbullistore\/ca\/product\/vinos-del-mercado-la-carta\/","name":"Vinos. Del mercado a la carta (Volumen III) - elBullistore","isPartOf":{"@id":"https:\/\/elbullifoundation.com\/elbullistore\/#website"},"primaryImageOfPage":{"@id":"https:\/\/elbullifoundation.com\/elbullistore\/ca\/product\/vinos-del-mercado-la-carta\/#primaryimage"},"image":{"@id":"https:\/\/elbullifoundation.com\/elbullistore\/ca\/product\/vinos-del-mercado-la-carta\/#primaryimage"},"thumbnailUrl":"https:\/\/elbullifoundation.com\/elbullistore\/wp-content\/uploads\/2019\/10\/01-portada_PNE-I_mockup-1.png","datePublished":"2019-10-25T16:31:14+00:00","dateModified":"2025-09-29T08:19:38+00:00","description":"Vinos. Del mercado a la carta es el tercer volumen de Bullipedia sobre el Sapiens del Vino, en el que se detallan todas las fases por las que pasa un vino.","breadcrumb":{"@id":"https:\/\/elbullifoundation.com\/elbullistore\/ca\/product\/vinos-del-mercado-la-carta\/#breadcrumb"},"inLanguage":"es","potentialAction":[{"@type":"ReadAction","target":["https:\/\/elbullifoundation.com\/elbullistore\/ca\/product\/vinos-del-mercado-la-carta\/"]}]},{"@type":"ImageObject","inLanguage":"es","@id":"https:\/\/elbullifoundation.com\/elbullistore\/ca\/product\/vinos-del-mercado-la-carta\/#primaryimage","url":"https:\/\/elbullifoundation.com\/elbullistore\/wp-content\/uploads\/2019\/10\/01-portada_PNE-I_mockup-1.png","contentUrl":"https:\/\/elbullifoundation.com\/elbullistore\/wp-content\/uploads\/2019\/10\/01-portada_PNE-I_mockup-1.png","width":1500,"height":1080,"caption":"Vinos. Del mercado a la carta"},{"@type":"BreadcrumbList","@id":"https:\/\/elbullifoundation.com\/elbullistore\/ca\/product\/vinos-del-mercado-la-carta\/#breadcrumb","itemListElement":[{"@type":"ListItem","position":1,"name":"Portada","item":"https:\/\/elbullifoundation.com\/elbullistore\/"},{"@type":"ListItem","position":2,"name":"Productos","item":"https:\/\/elbullifoundation.com\/elbullistore\/shop\/"},{"@type":"ListItem","position":3,"name":"Vinos. Del mercado a la carta (Volumen III)"}]},{"@type":"WebSite","@id":"https:\/\/elbullifoundation.com\/elbullistore\/#website","url":"https:\/\/elbullifoundation.com\/elbullistore\/","name":"elBullistore","description":"","potentialAction":[{"@type":"SearchAction","target":{"@type":"EntryPoint","urlTemplate":"https:\/\/elbullifoundation.com\/elbullistore\/?s={search_term_string}"},"query-input":{"@type":"PropertyValueSpecification","valueRequired":true,"valueName":"search_term_string"}}],"inLanguage":"es"}]}},"lang":"ca","translations":{"ca":5826,"es":5519,"en":5828},"pll_sync_post":[],"_links":{"self":[{"href":"https:\/\/elbullifoundation.com\/elbullistore\/wp-json\/wp\/v2\/product\/5826","targetHints":{"allow":["GET"]}}],"collection":[{"href":"https:\/\/elbullifoundation.com\/elbullistore\/wp-json\/wp\/v2\/product"}],"about":[{"href":"https:\/\/elbullifoundation.com\/elbullistore\/wp-json\/wp\/v2\/types\/product"}],"replies":[{"embeddable":true,"href":"https:\/\/elbullifoundation.com\/elbullistore\/wp-json\/wp\/v2\/comments?post=5826"}],"wp:featuredmedia":[{"embeddable":true,"href":"https:\/\/elbullifoundation.com\/elbullistore\/wp-json\/wp\/v2\/media\/5521"}],"wp:attachment":[{"href":"https:\/\/elbullifoundation.com\/elbullistore\/wp-json\/wp\/v2\/media?parent=5826"}],"wp:term":[{"taxonomy":"product_brand","embeddable":true,"href":"https:\/\/elbullifoundation.com\/elbullistore\/wp-json\/wp\/v2\/product_brand?post=5826"},{"taxonomy":"product_cat","embeddable":true,"href":"https:\/\/elbullifoundation.com\/elbullistore\/wp-json\/wp\/v2\/product_cat?post=5826"},{"taxonomy":"product_tag","embeddable":true,"href":"https:\/\/elbullifoundation.com\/elbullistore\/wp-json\/wp\/v2\/product_tag?post=5826"}],"curies":[{"name":"wp","href":"https:\/\/api.w.org\/{rel}","templated":true}]}}