{"id":6156,"date":"2020-01-14T13:31:41","date_gmt":"2020-01-14T12:31:41","guid":{"rendered":"https:\/\/elbullifoundation.com\/elbullistore\/?post_type=product&#038;p=6156"},"modified":"2024-09-05T16:45:24","modified_gmt":"2024-09-05T14:45:24","slug":"cocteles-cocteleria-bartenders-volumen-iii","status":"publish","type":"product","link":"https:\/\/elbullifoundation.com\/elbullistore\/producto\/cocteles-cocteleria-bartenders-volumen-iii\/","title":{"rendered":"C\u00f3cteles, cocteler\u00eda y bartenders. Recursos para elaborar c\u00f3cteles: Productos no elaborados y elaborados (Volumen III)"},"content":{"rendered":"<p>Ferran Adri\u00e0 y elBullifoundation, con la siempre inestimable colaboraci\u00f3n de grandes expertos de la cocteler\u00eda como Javier de las Muelas y Simone Caporale, nos ofrecen un nuevo volumen de la Bullipedia dedicado a los c\u00f3cteles, una tercera entrega que abre el camino para comprender los recursos que el bartender tiene a su alcance en el momento de crear y elaborar un c\u00f3ctel.<\/p>\n<p>&nbsp;<\/p>\n<p>584 p\u00e1ginas<\/p>\n<p>230 x 330 mm<\/p>\n<p>Tapa Dura<\/p>\n<p>ISBN: 978-84-09-23425-7<\/p>\n","protected":false},"excerpt":{"rendered":"<p>Ferran Adri\u00e0 y elBullifoundation, con la siempre inestimable colaboraci\u00f3n de grandes expertos de la cocteler\u00eda como Javier de las Muelas y Simone Caporale, nos ofrecen un nuevo volumen de la Bullipedia dedicado a los c\u00f3cteles, una tercera entrega que abre el camino para comprender los recursos que el bartender tiene a su alcance en el [&hellip;]<\/p>\n","protected":false},"featured_media":8398,"comment_status":"closed","ping_status":"closed","template":"","meta":{"_acf_changed":false},"product_brand":[],"product_cat":[15,402],"product_tag":[],"class_list":{"0":"post-6156","1":"product","2":"type-product","3":"status-publish","4":"has-post-thumbnail","6":"product_cat-bullipedia","7":"product_cat-cocteles","8":"product_shipping_class-envio-3k","10":"first","11":"instock","12":"taxable","13":"shipping-taxable","14":"purchasable","15":"product-type-variable"},"acf":[],"yoast_head":"<!-- This site is optimized with the Yoast SEO plugin v26.9 - https:\/\/yoast.com\/product\/yoast-seo-wordpress\/ -->\n<title>C\u00f3cteles, cocteler\u00eda y bartenders. Recursos para elaborar c\u00f3cteles: Productos no elaborados y elaborados (Volumen III) - elBullistore<\/title>\n<meta name=\"robots\" content=\"index, follow, max-snippet:-1, max-image-preview:large, max-video-preview:-1\" \/>\n<link rel=\"canonical\" href=\"https:\/\/elbullifoundation.com\/elbullistore\/producto\/cocteles-cocteleria-bartenders-volumen-iii\/\" \/>\n<meta property=\"og:locale\" content=\"es_ES\" \/>\n<meta property=\"og:type\" content=\"article\" \/>\n<meta property=\"og:title\" content=\"C\u00f3cteles, cocteler\u00eda y bartenders. Recursos para elaborar c\u00f3cteles: Productos no elaborados y elaborados (Volumen III) - elBullistore\" \/>\n<meta property=\"og:description\" content=\"Ferran Adri\u00e0 y elBullifoundation, con la siempre inestimable colaboraci\u00f3n de grandes expertos de la cocteler\u00eda como Javier de las Muelas y Simone Caporale, nos ofrecen un nuevo volumen de la Bullipedia dedicado a los c\u00f3cteles, una tercera entrega que abre el camino para comprender los recursos que el bartender tiene a su alcance en el [&hellip;]\" \/>\n<meta property=\"og:url\" content=\"https:\/\/elbullifoundation.com\/elbullistore\/producto\/cocteles-cocteleria-bartenders-volumen-iii\/\" \/>\n<meta property=\"og:site_name\" content=\"elBullistore\" \/>\n<meta property=\"article:modified_time\" content=\"2024-09-05T14:45:24+00:00\" \/>\n<meta property=\"og:image\" content=\"https:\/\/elbullifoundation.com\/elbullistore\/wp-content\/uploads\/2020\/01\/01-portada_co\u0301ctelesIII_mockup.jpg\" \/>\n\t<meta property=\"og:image:width\" content=\"1000\" \/>\n\t<meta property=\"og:image:height\" content=\"720\" \/>\n\t<meta property=\"og:image:type\" content=\"image\/jpeg\" \/>\n<meta name=\"twitter:card\" content=\"summary_large_image\" \/>\n<meta name=\"twitter:label1\" content=\"Tiempo de lectura\" \/>\n\t<meta name=\"twitter:data1\" content=\"1 minuto\" \/>\n<script type=\"application\/ld+json\" class=\"yoast-schema-graph\">{\"@context\":\"https:\/\/schema.org\",\"@graph\":[{\"@type\":\"WebPage\",\"@id\":\"https:\/\/elbullifoundation.com\/elbullistore\/producto\/cocteles-cocteleria-bartenders-volumen-iii\/\",\"url\":\"https:\/\/elbullifoundation.com\/elbullistore\/producto\/cocteles-cocteleria-bartenders-volumen-iii\/\",\"name\":\"C\u00f3cteles, cocteler\u00eda y bartenders. Recursos para elaborar c\u00f3cteles: Productos no elaborados y elaborados (Volumen III) - elBullistore\",\"isPartOf\":{\"@id\":\"https:\/\/elbullifoundation.com\/elbullistore\/#website\"},\"primaryImageOfPage\":{\"@id\":\"https:\/\/elbullifoundation.com\/elbullistore\/producto\/cocteles-cocteleria-bartenders-volumen-iii\/#primaryimage\"},\"image\":{\"@id\":\"https:\/\/elbullifoundation.com\/elbullistore\/producto\/cocteles-cocteleria-bartenders-volumen-iii\/#primaryimage\"},\"thumbnailUrl\":\"https:\/\/elbullifoundation.com\/elbullistore\/wp-content\/uploads\/2020\/01\/01-portada_co\u0301ctelesIII_mockup.jpg\",\"datePublished\":\"2020-01-14T12:31:41+00:00\",\"dateModified\":\"2024-09-05T14:45:24+00:00\",\"breadcrumb\":{\"@id\":\"https:\/\/elbullifoundation.com\/elbullistore\/producto\/cocteles-cocteleria-bartenders-volumen-iii\/#breadcrumb\"},\"inLanguage\":\"es\",\"potentialAction\":[{\"@type\":\"ReadAction\",\"target\":[\"https:\/\/elbullifoundation.com\/elbullistore\/producto\/cocteles-cocteleria-bartenders-volumen-iii\/\"]}]},{\"@type\":\"ImageObject\",\"inLanguage\":\"es\",\"@id\":\"https:\/\/elbullifoundation.com\/elbullistore\/producto\/cocteles-cocteleria-bartenders-volumen-iii\/#primaryimage\",\"url\":\"https:\/\/elbullifoundation.com\/elbullistore\/wp-content\/uploads\/2020\/01\/01-portada_co\u0301ctelesIII_mockup.jpg\",\"contentUrl\":\"https:\/\/elbullifoundation.com\/elbullistore\/wp-content\/uploads\/2020\/01\/01-portada_co\u0301ctelesIII_mockup.jpg\",\"width\":1000,\"height\":720},{\"@type\":\"BreadcrumbList\",\"@id\":\"https:\/\/elbullifoundation.com\/elbullistore\/producto\/cocteles-cocteleria-bartenders-volumen-iii\/#breadcrumb\",\"itemListElement\":[{\"@type\":\"ListItem\",\"position\":1,\"name\":\"Portada\",\"item\":\"https:\/\/elbullifoundation.com\/elbullistore\/\"},{\"@type\":\"ListItem\",\"position\":2,\"name\":\"Productos\",\"item\":\"https:\/\/elbullifoundation.com\/elbullistore\/shop\/\"},{\"@type\":\"ListItem\",\"position\":3,\"name\":\"C\u00f3cteles, cocteler\u00eda y bartenders. Recursos para elaborar c\u00f3cteles: Productos no elaborados y elaborados (Volumen III)\"}]},{\"@type\":\"WebSite\",\"@id\":\"https:\/\/elbullifoundation.com\/elbullistore\/#website\",\"url\":\"https:\/\/elbullifoundation.com\/elbullistore\/\",\"name\":\"elBullistore\",\"description\":\"\",\"potentialAction\":[{\"@type\":\"SearchAction\",\"target\":{\"@type\":\"EntryPoint\",\"urlTemplate\":\"https:\/\/elbullifoundation.com\/elbullistore\/?s={search_term_string}\"},\"query-input\":{\"@type\":\"PropertyValueSpecification\",\"valueRequired\":true,\"valueName\":\"search_term_string\"}}],\"inLanguage\":\"es\"}]}<\/script>\n<!-- \/ Yoast SEO plugin. -->","yoast_head_json":{"title":"C\u00f3cteles, cocteler\u00eda y bartenders. Recursos para elaborar c\u00f3cteles: Productos no elaborados y elaborados (Volumen III) - elBullistore","robots":{"index":"index","follow":"follow","max-snippet":"max-snippet:-1","max-image-preview":"max-image-preview:large","max-video-preview":"max-video-preview:-1"},"canonical":"https:\/\/elbullifoundation.com\/elbullistore\/producto\/cocteles-cocteleria-bartenders-volumen-iii\/","og_locale":"es_ES","og_type":"article","og_title":"C\u00f3cteles, cocteler\u00eda y bartenders. Recursos para elaborar c\u00f3cteles: Productos no elaborados y elaborados (Volumen III) - elBullistore","og_description":"Ferran Adri\u00e0 y elBullifoundation, con la siempre inestimable colaboraci\u00f3n de grandes expertos de la cocteler\u00eda como Javier de las Muelas y Simone Caporale, nos ofrecen un nuevo volumen de la Bullipedia dedicado a los c\u00f3cteles, una tercera entrega que abre el camino para comprender los recursos que el bartender tiene a su alcance en el [&hellip;]","og_url":"https:\/\/elbullifoundation.com\/elbullistore\/producto\/cocteles-cocteleria-bartenders-volumen-iii\/","og_site_name":"elBullistore","article_modified_time":"2024-09-05T14:45:24+00:00","og_image":[{"width":1000,"height":720,"url":"https:\/\/elbullifoundation.com\/elbullistore\/wp-content\/uploads\/2020\/01\/01-portada_co\u0301ctelesIII_mockup.jpg","type":"image\/jpeg"}],"twitter_card":"summary_large_image","twitter_misc":{"Tiempo de lectura":"1 minuto"},"schema":{"@context":"https:\/\/schema.org","@graph":[{"@type":"WebPage","@id":"https:\/\/elbullifoundation.com\/elbullistore\/producto\/cocteles-cocteleria-bartenders-volumen-iii\/","url":"https:\/\/elbullifoundation.com\/elbullistore\/producto\/cocteles-cocteleria-bartenders-volumen-iii\/","name":"C\u00f3cteles, cocteler\u00eda y bartenders. Recursos para elaborar c\u00f3cteles: Productos no elaborados y elaborados (Volumen III) - elBullistore","isPartOf":{"@id":"https:\/\/elbullifoundation.com\/elbullistore\/#website"},"primaryImageOfPage":{"@id":"https:\/\/elbullifoundation.com\/elbullistore\/producto\/cocteles-cocteleria-bartenders-volumen-iii\/#primaryimage"},"image":{"@id":"https:\/\/elbullifoundation.com\/elbullistore\/producto\/cocteles-cocteleria-bartenders-volumen-iii\/#primaryimage"},"thumbnailUrl":"https:\/\/elbullifoundation.com\/elbullistore\/wp-content\/uploads\/2020\/01\/01-portada_co\u0301ctelesIII_mockup.jpg","datePublished":"2020-01-14T12:31:41+00:00","dateModified":"2024-09-05T14:45:24+00:00","breadcrumb":{"@id":"https:\/\/elbullifoundation.com\/elbullistore\/producto\/cocteles-cocteleria-bartenders-volumen-iii\/#breadcrumb"},"inLanguage":"es","potentialAction":[{"@type":"ReadAction","target":["https:\/\/elbullifoundation.com\/elbullistore\/producto\/cocteles-cocteleria-bartenders-volumen-iii\/"]}]},{"@type":"ImageObject","inLanguage":"es","@id":"https:\/\/elbullifoundation.com\/elbullistore\/producto\/cocteles-cocteleria-bartenders-volumen-iii\/#primaryimage","url":"https:\/\/elbullifoundation.com\/elbullistore\/wp-content\/uploads\/2020\/01\/01-portada_co\u0301ctelesIII_mockup.jpg","contentUrl":"https:\/\/elbullifoundation.com\/elbullistore\/wp-content\/uploads\/2020\/01\/01-portada_co\u0301ctelesIII_mockup.jpg","width":1000,"height":720},{"@type":"BreadcrumbList","@id":"https:\/\/elbullifoundation.com\/elbullistore\/producto\/cocteles-cocteleria-bartenders-volumen-iii\/#breadcrumb","itemListElement":[{"@type":"ListItem","position":1,"name":"Portada","item":"https:\/\/elbullifoundation.com\/elbullistore\/"},{"@type":"ListItem","position":2,"name":"Productos","item":"https:\/\/elbullifoundation.com\/elbullistore\/shop\/"},{"@type":"ListItem","position":3,"name":"C\u00f3cteles, cocteler\u00eda y bartenders. Recursos para elaborar c\u00f3cteles: Productos no elaborados y elaborados (Volumen III)"}]},{"@type":"WebSite","@id":"https:\/\/elbullifoundation.com\/elbullistore\/#website","url":"https:\/\/elbullifoundation.com\/elbullistore\/","name":"elBullistore","description":"","potentialAction":[{"@type":"SearchAction","target":{"@type":"EntryPoint","urlTemplate":"https:\/\/elbullifoundation.com\/elbullistore\/?s={search_term_string}"},"query-input":{"@type":"PropertyValueSpecification","valueRequired":true,"valueName":"search_term_string"}}],"inLanguage":"es"}]}},"lang":"es","translations":{"es":6156,"ca":9421,"en":9423},"pll_sync_post":[],"_links":{"self":[{"href":"https:\/\/elbullifoundation.com\/elbullistore\/wp-json\/wp\/v2\/product\/6156","targetHints":{"allow":["GET"]}}],"collection":[{"href":"https:\/\/elbullifoundation.com\/elbullistore\/wp-json\/wp\/v2\/product"}],"about":[{"href":"https:\/\/elbullifoundation.com\/elbullistore\/wp-json\/wp\/v2\/types\/product"}],"replies":[{"embeddable":true,"href":"https:\/\/elbullifoundation.com\/elbullistore\/wp-json\/wp\/v2\/comments?post=6156"}],"wp:featuredmedia":[{"embeddable":true,"href":"https:\/\/elbullifoundation.com\/elbullistore\/wp-json\/wp\/v2\/media\/8398"}],"wp:attachment":[{"href":"https:\/\/elbullifoundation.com\/elbullistore\/wp-json\/wp\/v2\/media?parent=6156"}],"wp:term":[{"taxonomy":"product_brand","embeddable":true,"href":"https:\/\/elbullifoundation.com\/elbullistore\/wp-json\/wp\/v2\/product_brand?post=6156"},{"taxonomy":"product_cat","embeddable":true,"href":"https:\/\/elbullifoundation.com\/elbullistore\/wp-json\/wp\/v2\/product_cat?post=6156"},{"taxonomy":"product_tag","embeddable":true,"href":"https:\/\/elbullifoundation.com\/elbullistore\/wp-json\/wp\/v2\/product_tag?post=6156"}],"curies":[{"name":"wp","href":"https:\/\/api.w.org\/{rel}","templated":true}]}}