{"id":6163,"date":"2020-01-14T13:39:16","date_gmt":"2020-01-14T12:39:16","guid":{"rendered":"https:\/\/elbullifoundation.com\/elbullistore\/?post_type=product&#038;p=6163"},"modified":"2024-09-11T13:00:08","modified_gmt":"2024-09-11T11:00:08","slug":"sapiens-del-tomate","status":"publish","type":"product","link":"https:\/\/elbullifoundation.com\/elbullistore\/producto\/sapiens-del-tomate\/","title":{"rendered":"Sapiens del tomate"},"content":{"rendered":"<p><em><strong>Sapiens del tomate<\/strong> <\/em>es el primer libro de Bullipedia especializado en un producto concreto: el tomate. Esta apasionante obra responde preguntas de car\u00e1cter general, gastron\u00f3mico y cient\u00edfico de una forma sencilla y comprensible.<\/p>\n<p>\u00bfEl tomate es una hortaliza, una verdura o una fruta? \u00bfSe trata de un producto natural? \u00bfTienen los mismos nutrientes unas variedades que otras? A trav\u00e9s de la metodolog\u00eda Sapiens, creada por Ferran Adri\u00e0 y elBullifoundation, partimos de los aspectos l\u00e9xico-sem\u00e1nticos de la palabra para cuestionar sus fundamentos y clasificar el producto en el inmenso mundo vegetal y animal.<\/p>\n<p>&nbsp;<\/p>\n<p><span lang=\"ES\">680 p\u00e1ginas<\/span><\/p>\n<p><span lang=\"ES\">230 x 330 mm<\/span><\/p>\n<p><span lang=\"ES\">Tapa Dura<\/span><\/p>\n<p><span lang=\"ES\">ISBN: 978-84-09-21515-7<\/span><\/p>\n","protected":false},"excerpt":{"rendered":"<p>Sapiens del tomate es el primer libro de Bullipedia especializado en un producto concreto: el tomate. Esta apasionante obra responde preguntas de car\u00e1cter general, gastron\u00f3mico y cient\u00edfico de una forma sencilla y comprensible. \u00bfEl tomate es una hortaliza, una verdura o una fruta? \u00bfSe trata de un producto natural? \u00bfTienen los mismos nutrientes unas variedades [&hellip;]<\/p>\n","protected":false},"featured_media":8265,"comment_status":"closed","ping_status":"closed","template":"","meta":{"_acf_changed":false},"product_brand":[],"product_cat":[655],"product_tag":[],"class_list":{"0":"post-6163","1":"product","2":"type-product","3":"status-publish","4":"has-post-thumbnail","6":"product_cat-general","7":"product_shipping_class-envio-3k","9":"first","10":"instock","11":"taxable","12":"shipping-taxable","13":"purchasable","14":"product-type-variable"},"acf":[],"yoast_head":"<!-- This site is optimized with the Yoast SEO plugin v26.9 - https:\/\/yoast.com\/product\/yoast-seo-wordpress\/ -->\n<title>Sapiens del tomate - elBullistore<\/title>\n<meta name=\"robots\" content=\"index, follow, max-snippet:-1, max-image-preview:large, max-video-preview:-1\" \/>\n<link rel=\"canonical\" href=\"https:\/\/elbullifoundation.com\/elbullistore\/producto\/sapiens-del-tomate\/\" \/>\n<meta property=\"og:locale\" content=\"es_ES\" \/>\n<meta property=\"og:type\" content=\"article\" \/>\n<meta property=\"og:title\" content=\"Sapiens del tomate - elBullistore\" \/>\n<meta property=\"og:description\" content=\"Sapiens del tomate es el primer libro de Bullipedia especializado en un producto concreto: el tomate. Esta apasionante obra responde preguntas de car\u00e1cter general, gastron\u00f3mico y cient\u00edfico de una forma sencilla y comprensible. \u00bfEl tomate es una hortaliza, una verdura o una fruta? \u00bfSe trata de un producto natural? \u00bfTienen los mismos nutrientes unas variedades [&hellip;]\" \/>\n<meta property=\"og:url\" content=\"https:\/\/elbullifoundation.com\/elbullistore\/producto\/sapiens-del-tomate\/\" \/>\n<meta property=\"og:site_name\" content=\"elBullistore\" \/>\n<meta property=\"article:modified_time\" content=\"2024-09-11T11:00:08+00:00\" \/>\n<meta property=\"og:image\" content=\"https:\/\/elbullifoundation.com\/elbullistore\/wp-content\/uploads\/2020\/01\/01-portada_tomate_mockup.jpg\" \/>\n\t<meta property=\"og:image:width\" content=\"1000\" \/>\n\t<meta property=\"og:image:height\" content=\"720\" \/>\n\t<meta property=\"og:image:type\" content=\"image\/jpeg\" \/>\n<meta name=\"twitter:card\" content=\"summary_large_image\" \/>\n<meta name=\"twitter:label1\" content=\"Tiempo de lectura\" \/>\n\t<meta name=\"twitter:data1\" content=\"1 minuto\" \/>\n<script type=\"application\/ld+json\" class=\"yoast-schema-graph\">{\"@context\":\"https:\/\/schema.org\",\"@graph\":[{\"@type\":\"WebPage\",\"@id\":\"https:\/\/elbullifoundation.com\/elbullistore\/producto\/sapiens-del-tomate\/\",\"url\":\"https:\/\/elbullifoundation.com\/elbullistore\/producto\/sapiens-del-tomate\/\",\"name\":\"Sapiens del tomate - elBullistore\",\"isPartOf\":{\"@id\":\"https:\/\/elbullifoundation.com\/elbullistore\/#website\"},\"primaryImageOfPage\":{\"@id\":\"https:\/\/elbullifoundation.com\/elbullistore\/producto\/sapiens-del-tomate\/#primaryimage\"},\"image\":{\"@id\":\"https:\/\/elbullifoundation.com\/elbullistore\/producto\/sapiens-del-tomate\/#primaryimage\"},\"thumbnailUrl\":\"https:\/\/elbullifoundation.com\/elbullistore\/wp-content\/uploads\/2020\/01\/01-portada_tomate_mockup.jpg\",\"datePublished\":\"2020-01-14T12:39:16+00:00\",\"dateModified\":\"2024-09-11T11:00:08+00:00\",\"breadcrumb\":{\"@id\":\"https:\/\/elbullifoundation.com\/elbullistore\/producto\/sapiens-del-tomate\/#breadcrumb\"},\"inLanguage\":\"es\",\"potentialAction\":[{\"@type\":\"ReadAction\",\"target\":[\"https:\/\/elbullifoundation.com\/elbullistore\/producto\/sapiens-del-tomate\/\"]}]},{\"@type\":\"ImageObject\",\"inLanguage\":\"es\",\"@id\":\"https:\/\/elbullifoundation.com\/elbullistore\/producto\/sapiens-del-tomate\/#primaryimage\",\"url\":\"https:\/\/elbullifoundation.com\/elbullistore\/wp-content\/uploads\/2020\/01\/01-portada_tomate_mockup.jpg\",\"contentUrl\":\"https:\/\/elbullifoundation.com\/elbullistore\/wp-content\/uploads\/2020\/01\/01-portada_tomate_mockup.jpg\",\"width\":1000,\"height\":720},{\"@type\":\"BreadcrumbList\",\"@id\":\"https:\/\/elbullifoundation.com\/elbullistore\/producto\/sapiens-del-tomate\/#breadcrumb\",\"itemListElement\":[{\"@type\":\"ListItem\",\"position\":1,\"name\":\"Portada\",\"item\":\"https:\/\/elbullifoundation.com\/elbullistore\/\"},{\"@type\":\"ListItem\",\"position\":2,\"name\":\"Productos\",\"item\":\"https:\/\/elbullifoundation.com\/elbullistore\/shop\/\"},{\"@type\":\"ListItem\",\"position\":3,\"name\":\"Sapiens del tomate\"}]},{\"@type\":\"WebSite\",\"@id\":\"https:\/\/elbullifoundation.com\/elbullistore\/#website\",\"url\":\"https:\/\/elbullifoundation.com\/elbullistore\/\",\"name\":\"elBullistore\",\"description\":\"\",\"potentialAction\":[{\"@type\":\"SearchAction\",\"target\":{\"@type\":\"EntryPoint\",\"urlTemplate\":\"https:\/\/elbullifoundation.com\/elbullistore\/?s={search_term_string}\"},\"query-input\":{\"@type\":\"PropertyValueSpecification\",\"valueRequired\":true,\"valueName\":\"search_term_string\"}}],\"inLanguage\":\"es\"}]}<\/script>\n<!-- \/ Yoast SEO plugin. -->","yoast_head_json":{"title":"Sapiens del tomate - elBullistore","robots":{"index":"index","follow":"follow","max-snippet":"max-snippet:-1","max-image-preview":"max-image-preview:large","max-video-preview":"max-video-preview:-1"},"canonical":"https:\/\/elbullifoundation.com\/elbullistore\/producto\/sapiens-del-tomate\/","og_locale":"es_ES","og_type":"article","og_title":"Sapiens del tomate - elBullistore","og_description":"Sapiens del tomate es el primer libro de Bullipedia especializado en un producto concreto: el tomate. Esta apasionante obra responde preguntas de car\u00e1cter general, gastron\u00f3mico y cient\u00edfico de una forma sencilla y comprensible. \u00bfEl tomate es una hortaliza, una verdura o una fruta? \u00bfSe trata de un producto natural? \u00bfTienen los mismos nutrientes unas variedades [&hellip;]","og_url":"https:\/\/elbullifoundation.com\/elbullistore\/producto\/sapiens-del-tomate\/","og_site_name":"elBullistore","article_modified_time":"2024-09-11T11:00:08+00:00","og_image":[{"width":1000,"height":720,"url":"https:\/\/elbullifoundation.com\/elbullistore\/wp-content\/uploads\/2020\/01\/01-portada_tomate_mockup.jpg","type":"image\/jpeg"}],"twitter_card":"summary_large_image","twitter_misc":{"Tiempo de lectura":"1 minuto"},"schema":{"@context":"https:\/\/schema.org","@graph":[{"@type":"WebPage","@id":"https:\/\/elbullifoundation.com\/elbullistore\/producto\/sapiens-del-tomate\/","url":"https:\/\/elbullifoundation.com\/elbullistore\/producto\/sapiens-del-tomate\/","name":"Sapiens del tomate - elBullistore","isPartOf":{"@id":"https:\/\/elbullifoundation.com\/elbullistore\/#website"},"primaryImageOfPage":{"@id":"https:\/\/elbullifoundation.com\/elbullistore\/producto\/sapiens-del-tomate\/#primaryimage"},"image":{"@id":"https:\/\/elbullifoundation.com\/elbullistore\/producto\/sapiens-del-tomate\/#primaryimage"},"thumbnailUrl":"https:\/\/elbullifoundation.com\/elbullistore\/wp-content\/uploads\/2020\/01\/01-portada_tomate_mockup.jpg","datePublished":"2020-01-14T12:39:16+00:00","dateModified":"2024-09-11T11:00:08+00:00","breadcrumb":{"@id":"https:\/\/elbullifoundation.com\/elbullistore\/producto\/sapiens-del-tomate\/#breadcrumb"},"inLanguage":"es","potentialAction":[{"@type":"ReadAction","target":["https:\/\/elbullifoundation.com\/elbullistore\/producto\/sapiens-del-tomate\/"]}]},{"@type":"ImageObject","inLanguage":"es","@id":"https:\/\/elbullifoundation.com\/elbullistore\/producto\/sapiens-del-tomate\/#primaryimage","url":"https:\/\/elbullifoundation.com\/elbullistore\/wp-content\/uploads\/2020\/01\/01-portada_tomate_mockup.jpg","contentUrl":"https:\/\/elbullifoundation.com\/elbullistore\/wp-content\/uploads\/2020\/01\/01-portada_tomate_mockup.jpg","width":1000,"height":720},{"@type":"BreadcrumbList","@id":"https:\/\/elbullifoundation.com\/elbullistore\/producto\/sapiens-del-tomate\/#breadcrumb","itemListElement":[{"@type":"ListItem","position":1,"name":"Portada","item":"https:\/\/elbullifoundation.com\/elbullistore\/"},{"@type":"ListItem","position":2,"name":"Productos","item":"https:\/\/elbullifoundation.com\/elbullistore\/shop\/"},{"@type":"ListItem","position":3,"name":"Sapiens del tomate"}]},{"@type":"WebSite","@id":"https:\/\/elbullifoundation.com\/elbullistore\/#website","url":"https:\/\/elbullifoundation.com\/elbullistore\/","name":"elBullistore","description":"","potentialAction":[{"@type":"SearchAction","target":{"@type":"EntryPoint","urlTemplate":"https:\/\/elbullifoundation.com\/elbullistore\/?s={search_term_string}"},"query-input":{"@type":"PropertyValueSpecification","valueRequired":true,"valueName":"search_term_string"}}],"inLanguage":"es"}]}},"lang":"es","translations":{"es":6163,"en":8958,"ca":15887},"pll_sync_post":[],"_links":{"self":[{"href":"https:\/\/elbullifoundation.com\/elbullistore\/wp-json\/wp\/v2\/product\/6163","targetHints":{"allow":["GET"]}}],"collection":[{"href":"https:\/\/elbullifoundation.com\/elbullistore\/wp-json\/wp\/v2\/product"}],"about":[{"href":"https:\/\/elbullifoundation.com\/elbullistore\/wp-json\/wp\/v2\/types\/product"}],"replies":[{"embeddable":true,"href":"https:\/\/elbullifoundation.com\/elbullistore\/wp-json\/wp\/v2\/comments?post=6163"}],"wp:featuredmedia":[{"embeddable":true,"href":"https:\/\/elbullifoundation.com\/elbullistore\/wp-json\/wp\/v2\/media\/8265"}],"wp:attachment":[{"href":"https:\/\/elbullifoundation.com\/elbullistore\/wp-json\/wp\/v2\/media?parent=6163"}],"wp:term":[{"taxonomy":"product_brand","embeddable":true,"href":"https:\/\/elbullifoundation.com\/elbullistore\/wp-json\/wp\/v2\/product_brand?post=6163"},{"taxonomy":"product_cat","embeddable":true,"href":"https:\/\/elbullifoundation.com\/elbullistore\/wp-json\/wp\/v2\/product_cat?post=6163"},{"taxonomy":"product_tag","embeddable":true,"href":"https:\/\/elbullifoundation.com\/elbullistore\/wp-json\/wp\/v2\/product_tag?post=6163"}],"curies":[{"name":"wp","href":"https:\/\/api.w.org\/{rel}","templated":true}]}}