{"id":6186,"date":"2020-01-14T14:07:29","date_gmt":"2020-01-14T13:07:29","guid":{"rendered":"https:\/\/elbullifoundation.com\/elbullistore\/?post_type=product&#038;p=6186"},"modified":"2025-09-29T10:20:15","modified_gmt":"2025-09-29T08:20:15","slug":"vinos-sumilleria-el-vino-en-el-restaurante-volumen-iv","status":"publish","type":"product","link":"https:\/\/elbullifoundation.com\/elbullistore\/producto\/vinos-sumilleria-el-vino-en-el-restaurante-volumen-iv\/","title":{"rendered":"Vinos. Sumiller\u00eda: el vino en el restaurante gastron\u00f3mico (Volumen IV)"},"content":{"rendered":"<p>Este es el cuarto volumen del <em><strong>Sapiens del Vino<\/strong><\/em>. Probablemente, la obra m\u00e1s esperada de la serie, porque se enfoca exclusivamente en la sumiller\u00eda y el restaurante, una disciplina con una bibliograf\u00eda limitada.<\/p>\n<p>Se ha redactado desde una visi\u00f3n contempor\u00e1nea, moderna, anti dogm\u00e1tica y con la voluntad de acercar la profesi\u00f3n de la sumiller\u00eda al mundo del arte, de la ciencia y la empresa.<\/p>\n<p>Un vibrante y novedoso recorrido a todas las funciones del sumiller, con una visi\u00f3n de negocio, psicol\u00f3gica, de venta, de tecnolog\u00eda de servicio, maridaje y de innovaci\u00f3n. Todo ello en compa\u00f1\u00eda de personajes ilustres de la sumiller\u00eda, quienes aportan su visi\u00f3n personal y conocimiento en cada cap\u00edtulo.<\/p>\n<p>&nbsp;<\/p>\n<p>648 p\u00e1ginas<\/p>\n<p>230 x 330 mm<\/p>\n<p>Tapa Dura<\/p>\n<p>ISBN: 978-84-09-23850-7<\/p>\n","protected":false},"excerpt":{"rendered":"<p>Este es el cuarto volumen del Sapiens del Vino. Probablemente, la obra m\u00e1s esperada de la serie, porque se enfoca exclusivamente en la sumiller\u00eda y el restaurante, una disciplina con una bibliograf\u00eda limitada. Se ha redactado desde una visi\u00f3n contempor\u00e1nea, moderna, anti dogm\u00e1tica y con la voluntad de acercar la profesi\u00f3n de la sumiller\u00eda al [&hellip;]<\/p>\n","protected":false},"featured_media":8392,"comment_status":"closed","ping_status":"closed","template":"","meta":{"_acf_changed":false},"product_brand":[],"product_cat":[401],"product_tag":[],"class_list":{"0":"post-6186","1":"product","2":"type-product","3":"status-publish","4":"has-post-thumbnail","6":"product_cat-vinos","7":"product_shipping_class-envio-4k","9":"first","10":"instock","11":"taxable","12":"shipping-taxable","13":"purchasable","14":"product-type-variable"},"acf":[],"yoast_head":"<!-- This site is optimized with the Yoast SEO plugin v26.9 - https:\/\/yoast.com\/product\/yoast-seo-wordpress\/ -->\n<title>Vinos. Sumiller\u00eda: el vino en el restaurante gastron\u00f3mico (Volumen IV) - elBullistore<\/title>\n<meta name=\"robots\" content=\"index, follow, max-snippet:-1, max-image-preview:large, max-video-preview:-1\" \/>\n<link rel=\"canonical\" href=\"https:\/\/elbullifoundation.com\/elbullistore\/producto\/vinos-sumilleria-el-vino-en-el-restaurante-volumen-iv\/\" \/>\n<meta property=\"og:locale\" content=\"es_ES\" \/>\n<meta property=\"og:type\" content=\"article\" \/>\n<meta property=\"og:title\" content=\"Vinos. Sumiller\u00eda: el vino en el restaurante gastron\u00f3mico (Volumen IV) - elBullistore\" \/>\n<meta property=\"og:description\" content=\"Este es el cuarto volumen del Sapiens del Vino. Probablemente, la obra m\u00e1s esperada de la serie, porque se enfoca exclusivamente en la sumiller\u00eda y el restaurante, una disciplina con una bibliograf\u00eda limitada. Se ha redactado desde una visi\u00f3n contempor\u00e1nea, moderna, anti dogm\u00e1tica y con la voluntad de acercar la profesi\u00f3n de la sumiller\u00eda al [&hellip;]\" \/>\n<meta property=\"og:url\" content=\"https:\/\/elbullifoundation.com\/elbullistore\/producto\/vinos-sumilleria-el-vino-en-el-restaurante-volumen-iv\/\" \/>\n<meta property=\"og:site_name\" content=\"elBullistore\" \/>\n<meta property=\"article:modified_time\" content=\"2025-09-29T08:20:15+00:00\" \/>\n<meta property=\"og:image\" content=\"https:\/\/elbullifoundation.com\/elbullistore\/wp-content\/uploads\/2020\/01\/01-portada_vinosIV_mockup.jpg\" \/>\n\t<meta property=\"og:image:width\" content=\"1000\" \/>\n\t<meta property=\"og:image:height\" content=\"720\" \/>\n\t<meta property=\"og:image:type\" content=\"image\/jpeg\" \/>\n<meta name=\"twitter:card\" content=\"summary_large_image\" \/>\n<meta name=\"twitter:label1\" content=\"Tiempo de lectura\" \/>\n\t<meta name=\"twitter:data1\" content=\"1 minuto\" \/>\n<script type=\"application\/ld+json\" class=\"yoast-schema-graph\">{\"@context\":\"https:\/\/schema.org\",\"@graph\":[{\"@type\":\"WebPage\",\"@id\":\"https:\/\/elbullifoundation.com\/elbullistore\/producto\/vinos-sumilleria-el-vino-en-el-restaurante-volumen-iv\/\",\"url\":\"https:\/\/elbullifoundation.com\/elbullistore\/producto\/vinos-sumilleria-el-vino-en-el-restaurante-volumen-iv\/\",\"name\":\"Vinos. Sumiller\u00eda: el vino en el restaurante gastron\u00f3mico (Volumen IV) - elBullistore\",\"isPartOf\":{\"@id\":\"https:\/\/elbullifoundation.com\/elbullistore\/#website\"},\"primaryImageOfPage\":{\"@id\":\"https:\/\/elbullifoundation.com\/elbullistore\/producto\/vinos-sumilleria-el-vino-en-el-restaurante-volumen-iv\/#primaryimage\"},\"image\":{\"@id\":\"https:\/\/elbullifoundation.com\/elbullistore\/producto\/vinos-sumilleria-el-vino-en-el-restaurante-volumen-iv\/#primaryimage\"},\"thumbnailUrl\":\"https:\/\/elbullifoundation.com\/elbullistore\/wp-content\/uploads\/2020\/01\/01-portada_vinosIV_mockup.jpg\",\"datePublished\":\"2020-01-14T13:07:29+00:00\",\"dateModified\":\"2025-09-29T08:20:15+00:00\",\"breadcrumb\":{\"@id\":\"https:\/\/elbullifoundation.com\/elbullistore\/producto\/vinos-sumilleria-el-vino-en-el-restaurante-volumen-iv\/#breadcrumb\"},\"inLanguage\":\"es\",\"potentialAction\":[{\"@type\":\"ReadAction\",\"target\":[\"https:\/\/elbullifoundation.com\/elbullistore\/producto\/vinos-sumilleria-el-vino-en-el-restaurante-volumen-iv\/\"]}]},{\"@type\":\"ImageObject\",\"inLanguage\":\"es\",\"@id\":\"https:\/\/elbullifoundation.com\/elbullistore\/producto\/vinos-sumilleria-el-vino-en-el-restaurante-volumen-iv\/#primaryimage\",\"url\":\"https:\/\/elbullifoundation.com\/elbullistore\/wp-content\/uploads\/2020\/01\/01-portada_vinosIV_mockup.jpg\",\"contentUrl\":\"https:\/\/elbullifoundation.com\/elbullistore\/wp-content\/uploads\/2020\/01\/01-portada_vinosIV_mockup.jpg\",\"width\":1000,\"height\":720},{\"@type\":\"BreadcrumbList\",\"@id\":\"https:\/\/elbullifoundation.com\/elbullistore\/producto\/vinos-sumilleria-el-vino-en-el-restaurante-volumen-iv\/#breadcrumb\",\"itemListElement\":[{\"@type\":\"ListItem\",\"position\":1,\"name\":\"Portada\",\"item\":\"https:\/\/elbullifoundation.com\/elbullistore\/\"},{\"@type\":\"ListItem\",\"position\":2,\"name\":\"Productos\",\"item\":\"https:\/\/elbullifoundation.com\/elbullistore\/shop\/\"},{\"@type\":\"ListItem\",\"position\":3,\"name\":\"Vinos. Sumiller\u00eda: el vino en el restaurante gastron\u00f3mico (Volumen IV)\"}]},{\"@type\":\"WebSite\",\"@id\":\"https:\/\/elbullifoundation.com\/elbullistore\/#website\",\"url\":\"https:\/\/elbullifoundation.com\/elbullistore\/\",\"name\":\"elBullistore\",\"description\":\"\",\"potentialAction\":[{\"@type\":\"SearchAction\",\"target\":{\"@type\":\"EntryPoint\",\"urlTemplate\":\"https:\/\/elbullifoundation.com\/elbullistore\/?s={search_term_string}\"},\"query-input\":{\"@type\":\"PropertyValueSpecification\",\"valueRequired\":true,\"valueName\":\"search_term_string\"}}],\"inLanguage\":\"es\"}]}<\/script>\n<!-- \/ Yoast SEO plugin. -->","yoast_head_json":{"title":"Vinos. Sumiller\u00eda: el vino en el restaurante gastron\u00f3mico (Volumen IV) - elBullistore","robots":{"index":"index","follow":"follow","max-snippet":"max-snippet:-1","max-image-preview":"max-image-preview:large","max-video-preview":"max-video-preview:-1"},"canonical":"https:\/\/elbullifoundation.com\/elbullistore\/producto\/vinos-sumilleria-el-vino-en-el-restaurante-volumen-iv\/","og_locale":"es_ES","og_type":"article","og_title":"Vinos. Sumiller\u00eda: el vino en el restaurante gastron\u00f3mico (Volumen IV) - elBullistore","og_description":"Este es el cuarto volumen del Sapiens del Vino. Probablemente, la obra m\u00e1s esperada de la serie, porque se enfoca exclusivamente en la sumiller\u00eda y el restaurante, una disciplina con una bibliograf\u00eda limitada. Se ha redactado desde una visi\u00f3n contempor\u00e1nea, moderna, anti dogm\u00e1tica y con la voluntad de acercar la profesi\u00f3n de la sumiller\u00eda al [&hellip;]","og_url":"https:\/\/elbullifoundation.com\/elbullistore\/producto\/vinos-sumilleria-el-vino-en-el-restaurante-volumen-iv\/","og_site_name":"elBullistore","article_modified_time":"2025-09-29T08:20:15+00:00","og_image":[{"width":1000,"height":720,"url":"https:\/\/elbullifoundation.com\/elbullistore\/wp-content\/uploads\/2020\/01\/01-portada_vinosIV_mockup.jpg","type":"image\/jpeg"}],"twitter_card":"summary_large_image","twitter_misc":{"Tiempo de lectura":"1 minuto"},"schema":{"@context":"https:\/\/schema.org","@graph":[{"@type":"WebPage","@id":"https:\/\/elbullifoundation.com\/elbullistore\/producto\/vinos-sumilleria-el-vino-en-el-restaurante-volumen-iv\/","url":"https:\/\/elbullifoundation.com\/elbullistore\/producto\/vinos-sumilleria-el-vino-en-el-restaurante-volumen-iv\/","name":"Vinos. Sumiller\u00eda: el vino en el restaurante gastron\u00f3mico (Volumen IV) - elBullistore","isPartOf":{"@id":"https:\/\/elbullifoundation.com\/elbullistore\/#website"},"primaryImageOfPage":{"@id":"https:\/\/elbullifoundation.com\/elbullistore\/producto\/vinos-sumilleria-el-vino-en-el-restaurante-volumen-iv\/#primaryimage"},"image":{"@id":"https:\/\/elbullifoundation.com\/elbullistore\/producto\/vinos-sumilleria-el-vino-en-el-restaurante-volumen-iv\/#primaryimage"},"thumbnailUrl":"https:\/\/elbullifoundation.com\/elbullistore\/wp-content\/uploads\/2020\/01\/01-portada_vinosIV_mockup.jpg","datePublished":"2020-01-14T13:07:29+00:00","dateModified":"2025-09-29T08:20:15+00:00","breadcrumb":{"@id":"https:\/\/elbullifoundation.com\/elbullistore\/producto\/vinos-sumilleria-el-vino-en-el-restaurante-volumen-iv\/#breadcrumb"},"inLanguage":"es","potentialAction":[{"@type":"ReadAction","target":["https:\/\/elbullifoundation.com\/elbullistore\/producto\/vinos-sumilleria-el-vino-en-el-restaurante-volumen-iv\/"]}]},{"@type":"ImageObject","inLanguage":"es","@id":"https:\/\/elbullifoundation.com\/elbullistore\/producto\/vinos-sumilleria-el-vino-en-el-restaurante-volumen-iv\/#primaryimage","url":"https:\/\/elbullifoundation.com\/elbullistore\/wp-content\/uploads\/2020\/01\/01-portada_vinosIV_mockup.jpg","contentUrl":"https:\/\/elbullifoundation.com\/elbullistore\/wp-content\/uploads\/2020\/01\/01-portada_vinosIV_mockup.jpg","width":1000,"height":720},{"@type":"BreadcrumbList","@id":"https:\/\/elbullifoundation.com\/elbullistore\/producto\/vinos-sumilleria-el-vino-en-el-restaurante-volumen-iv\/#breadcrumb","itemListElement":[{"@type":"ListItem","position":1,"name":"Portada","item":"https:\/\/elbullifoundation.com\/elbullistore\/"},{"@type":"ListItem","position":2,"name":"Productos","item":"https:\/\/elbullifoundation.com\/elbullistore\/shop\/"},{"@type":"ListItem","position":3,"name":"Vinos. Sumiller\u00eda: el vino en el restaurante gastron\u00f3mico (Volumen IV)"}]},{"@type":"WebSite","@id":"https:\/\/elbullifoundation.com\/elbullistore\/#website","url":"https:\/\/elbullifoundation.com\/elbullistore\/","name":"elBullistore","description":"","potentialAction":[{"@type":"SearchAction","target":{"@type":"EntryPoint","urlTemplate":"https:\/\/elbullifoundation.com\/elbullistore\/?s={search_term_string}"},"query-input":{"@type":"PropertyValueSpecification","valueRequired":true,"valueName":"search_term_string"}}],"inLanguage":"es"}]}},"lang":"es","translations":{"es":6186,"ca":9442,"en":9444},"pll_sync_post":[],"_links":{"self":[{"href":"https:\/\/elbullifoundation.com\/elbullistore\/wp-json\/wp\/v2\/product\/6186","targetHints":{"allow":["GET"]}}],"collection":[{"href":"https:\/\/elbullifoundation.com\/elbullistore\/wp-json\/wp\/v2\/product"}],"about":[{"href":"https:\/\/elbullifoundation.com\/elbullistore\/wp-json\/wp\/v2\/types\/product"}],"replies":[{"embeddable":true,"href":"https:\/\/elbullifoundation.com\/elbullistore\/wp-json\/wp\/v2\/comments?post=6186"}],"wp:featuredmedia":[{"embeddable":true,"href":"https:\/\/elbullifoundation.com\/elbullistore\/wp-json\/wp\/v2\/media\/8392"}],"wp:attachment":[{"href":"https:\/\/elbullifoundation.com\/elbullistore\/wp-json\/wp\/v2\/media?parent=6186"}],"wp:term":[{"taxonomy":"product_brand","embeddable":true,"href":"https:\/\/elbullifoundation.com\/elbullistore\/wp-json\/wp\/v2\/product_brand?post=6186"},{"taxonomy":"product_cat","embeddable":true,"href":"https:\/\/elbullifoundation.com\/elbullistore\/wp-json\/wp\/v2\/product_cat?post=6186"},{"taxonomy":"product_tag","embeddable":true,"href":"https:\/\/elbullifoundation.com\/elbullistore\/wp-json\/wp\/v2\/product_tag?post=6186"}],"curies":[{"name":"wp","href":"https:\/\/api.w.org\/{rel}","templated":true}]}}