{"id":8807,"date":"2020-10-02T17:59:50","date_gmt":"2020-10-02T15:59:50","guid":{"rendered":"https:\/\/elbullifoundation.com\/elbullistore\/?post_type=product&#038;p=8807"},"modified":"2025-09-29T10:20:38","modified_gmt":"2025-09-29T08:20:38","slug":"vinos-la-cata-actividad-volumen-v","status":"publish","type":"product","link":"https:\/\/elbullifoundation.com\/elbullistore\/producto\/vinos-la-cata-actividad-volumen-v\/","title":{"rendered":"Vinos. La cata como actividad (Volumen V)"},"content":{"rendered":"<p>El volumen V del Sapiens del Vino trata sobre la cata como actividad. Pretende concentrar el conocimiento necesario para ofrecer, de manera exitosa, una cata: organizaci\u00f3n, recursos necesarios, tipos, herramientas, etc. Este volumen conecta con el volumen VI, que trata sobre el an\u00e1lisis organol\u00e9ptico propiamente dicho. Sumando los dos vol\u00famenes, se emplean alrededor de 1.000 p\u00e1ginas para desarrollar el contenido necesario para comprender la degustaci\u00f3n t\u00e9cnica del vino.<\/p>\n<p>&nbsp;<\/p>\n<p>392 p\u00e1ginas<\/p>\n<p>230 x 330<\/p>\n<p>Tapa dura<\/p>\n<p>978-84-09-32817-8<\/p>\n","protected":false},"excerpt":{"rendered":"<p>El volumen V del Sapiens del Vino trata sobre la cata como actividad. Pretende concentrar el conocimiento necesario para ofrecer, de manera exitosa, una cata: organizaci\u00f3n, recursos necesarios, tipos, herramientas, etc. Este volumen conecta con el volumen VI, que trata sobre el an\u00e1lisis organol\u00e9ptico propiamente dicho. Sumando los dos vol\u00famenes, se emplean alrededor de 1.000 [&hellip;]<\/p>\n","protected":false},"featured_media":11344,"comment_status":"closed","ping_status":"closed","template":"","meta":{"_acf_changed":false},"product_brand":[],"product_cat":[401],"product_tag":[],"class_list":{"0":"post-8807","1":"product","2":"type-product","3":"status-publish","4":"has-post-thumbnail","6":"product_cat-vinos","7":"product_shipping_class-envio-4k","9":"first","10":"instock","11":"taxable","12":"shipping-taxable","13":"purchasable","14":"product-type-variable"},"acf":[],"yoast_head":"<!-- This site is optimized with the Yoast SEO plugin v26.9 - https:\/\/yoast.com\/product\/yoast-seo-wordpress\/ -->\n<title>Vinos. La cata como actividad (Volumen V) - elBullistore<\/title>\n<meta name=\"robots\" content=\"index, follow, max-snippet:-1, max-image-preview:large, max-video-preview:-1\" \/>\n<link rel=\"canonical\" href=\"https:\/\/elbullifoundation.com\/elbullistore\/producto\/vinos-la-cata-actividad-volumen-v\/\" \/>\n<meta property=\"og:locale\" content=\"es_ES\" \/>\n<meta property=\"og:type\" content=\"article\" \/>\n<meta property=\"og:title\" content=\"Vinos. La cata como actividad (Volumen V) - elBullistore\" \/>\n<meta property=\"og:description\" content=\"El volumen V del Sapiens del Vino trata sobre la cata como actividad. Pretende concentrar el conocimiento necesario para ofrecer, de manera exitosa, una cata: organizaci\u00f3n, recursos necesarios, tipos, herramientas, etc. Este volumen conecta con el volumen VI, que trata sobre el an\u00e1lisis organol\u00e9ptico propiamente dicho. Sumando los dos vol\u00famenes, se emplean alrededor de 1.000 [&hellip;]\" \/>\n<meta property=\"og:url\" content=\"https:\/\/elbullifoundation.com\/elbullistore\/producto\/vinos-la-cata-actividad-volumen-v\/\" \/>\n<meta property=\"og:site_name\" content=\"elBullistore\" \/>\n<meta property=\"article:modified_time\" content=\"2025-09-29T08:20:38+00:00\" \/>\n<meta property=\"og:image\" content=\"https:\/\/elbullifoundation.com\/elbullistore\/wp-content\/uploads\/2020\/10\/coberta-1.jpg\" \/>\n\t<meta property=\"og:image:width\" content=\"1200\" \/>\n\t<meta property=\"og:image:height\" content=\"864\" \/>\n\t<meta property=\"og:image:type\" content=\"image\/jpeg\" \/>\n<meta name=\"twitter:card\" content=\"summary_large_image\" \/>\n<meta name=\"twitter:label1\" content=\"Tiempo de lectura\" \/>\n\t<meta name=\"twitter:data1\" content=\"1 minuto\" \/>\n<script type=\"application\/ld+json\" class=\"yoast-schema-graph\">{\"@context\":\"https:\/\/schema.org\",\"@graph\":[{\"@type\":\"WebPage\",\"@id\":\"https:\/\/elbullifoundation.com\/elbullistore\/producto\/vinos-la-cata-actividad-volumen-v\/\",\"url\":\"https:\/\/elbullifoundation.com\/elbullistore\/producto\/vinos-la-cata-actividad-volumen-v\/\",\"name\":\"Vinos. La cata como actividad (Volumen V) - elBullistore\",\"isPartOf\":{\"@id\":\"https:\/\/elbullifoundation.com\/elbullistore\/#website\"},\"primaryImageOfPage\":{\"@id\":\"https:\/\/elbullifoundation.com\/elbullistore\/producto\/vinos-la-cata-actividad-volumen-v\/#primaryimage\"},\"image\":{\"@id\":\"https:\/\/elbullifoundation.com\/elbullistore\/producto\/vinos-la-cata-actividad-volumen-v\/#primaryimage\"},\"thumbnailUrl\":\"https:\/\/elbullifoundation.com\/elbullistore\/wp-content\/uploads\/2020\/10\/coberta-1.jpg\",\"datePublished\":\"2020-10-02T15:59:50+00:00\",\"dateModified\":\"2025-09-29T08:20:38+00:00\",\"breadcrumb\":{\"@id\":\"https:\/\/elbullifoundation.com\/elbullistore\/producto\/vinos-la-cata-actividad-volumen-v\/#breadcrumb\"},\"inLanguage\":\"es\",\"potentialAction\":[{\"@type\":\"ReadAction\",\"target\":[\"https:\/\/elbullifoundation.com\/elbullistore\/producto\/vinos-la-cata-actividad-volumen-v\/\"]}]},{\"@type\":\"ImageObject\",\"inLanguage\":\"es\",\"@id\":\"https:\/\/elbullifoundation.com\/elbullistore\/producto\/vinos-la-cata-actividad-volumen-v\/#primaryimage\",\"url\":\"https:\/\/elbullifoundation.com\/elbullistore\/wp-content\/uploads\/2020\/10\/coberta-1.jpg\",\"contentUrl\":\"https:\/\/elbullifoundation.com\/elbullistore\/wp-content\/uploads\/2020\/10\/coberta-1.jpg\",\"width\":1200,\"height\":864},{\"@type\":\"BreadcrumbList\",\"@id\":\"https:\/\/elbullifoundation.com\/elbullistore\/producto\/vinos-la-cata-actividad-volumen-v\/#breadcrumb\",\"itemListElement\":[{\"@type\":\"ListItem\",\"position\":1,\"name\":\"Portada\",\"item\":\"https:\/\/elbullifoundation.com\/elbullistore\/\"},{\"@type\":\"ListItem\",\"position\":2,\"name\":\"Productos\",\"item\":\"https:\/\/elbullifoundation.com\/elbullistore\/shop\/\"},{\"@type\":\"ListItem\",\"position\":3,\"name\":\"Vinos. La cata como actividad (Volumen V)\"}]},{\"@type\":\"WebSite\",\"@id\":\"https:\/\/elbullifoundation.com\/elbullistore\/#website\",\"url\":\"https:\/\/elbullifoundation.com\/elbullistore\/\",\"name\":\"elBullistore\",\"description\":\"\",\"potentialAction\":[{\"@type\":\"SearchAction\",\"target\":{\"@type\":\"EntryPoint\",\"urlTemplate\":\"https:\/\/elbullifoundation.com\/elbullistore\/?s={search_term_string}\"},\"query-input\":{\"@type\":\"PropertyValueSpecification\",\"valueRequired\":true,\"valueName\":\"search_term_string\"}}],\"inLanguage\":\"es\"}]}<\/script>\n<!-- \/ Yoast SEO plugin. -->","yoast_head_json":{"title":"Vinos. La cata como actividad (Volumen V) - elBullistore","robots":{"index":"index","follow":"follow","max-snippet":"max-snippet:-1","max-image-preview":"max-image-preview:large","max-video-preview":"max-video-preview:-1"},"canonical":"https:\/\/elbullifoundation.com\/elbullistore\/producto\/vinos-la-cata-actividad-volumen-v\/","og_locale":"es_ES","og_type":"article","og_title":"Vinos. La cata como actividad (Volumen V) - elBullistore","og_description":"El volumen V del Sapiens del Vino trata sobre la cata como actividad. Pretende concentrar el conocimiento necesario para ofrecer, de manera exitosa, una cata: organizaci\u00f3n, recursos necesarios, tipos, herramientas, etc. Este volumen conecta con el volumen VI, que trata sobre el an\u00e1lisis organol\u00e9ptico propiamente dicho. Sumando los dos vol\u00famenes, se emplean alrededor de 1.000 [&hellip;]","og_url":"https:\/\/elbullifoundation.com\/elbullistore\/producto\/vinos-la-cata-actividad-volumen-v\/","og_site_name":"elBullistore","article_modified_time":"2025-09-29T08:20:38+00:00","og_image":[{"width":1200,"height":864,"url":"https:\/\/elbullifoundation.com\/elbullistore\/wp-content\/uploads\/2020\/10\/coberta-1.jpg","type":"image\/jpeg"}],"twitter_card":"summary_large_image","twitter_misc":{"Tiempo de lectura":"1 minuto"},"schema":{"@context":"https:\/\/schema.org","@graph":[{"@type":"WebPage","@id":"https:\/\/elbullifoundation.com\/elbullistore\/producto\/vinos-la-cata-actividad-volumen-v\/","url":"https:\/\/elbullifoundation.com\/elbullistore\/producto\/vinos-la-cata-actividad-volumen-v\/","name":"Vinos. La cata como actividad (Volumen V) - elBullistore","isPartOf":{"@id":"https:\/\/elbullifoundation.com\/elbullistore\/#website"},"primaryImageOfPage":{"@id":"https:\/\/elbullifoundation.com\/elbullistore\/producto\/vinos-la-cata-actividad-volumen-v\/#primaryimage"},"image":{"@id":"https:\/\/elbullifoundation.com\/elbullistore\/producto\/vinos-la-cata-actividad-volumen-v\/#primaryimage"},"thumbnailUrl":"https:\/\/elbullifoundation.com\/elbullistore\/wp-content\/uploads\/2020\/10\/coberta-1.jpg","datePublished":"2020-10-02T15:59:50+00:00","dateModified":"2025-09-29T08:20:38+00:00","breadcrumb":{"@id":"https:\/\/elbullifoundation.com\/elbullistore\/producto\/vinos-la-cata-actividad-volumen-v\/#breadcrumb"},"inLanguage":"es","potentialAction":[{"@type":"ReadAction","target":["https:\/\/elbullifoundation.com\/elbullistore\/producto\/vinos-la-cata-actividad-volumen-v\/"]}]},{"@type":"ImageObject","inLanguage":"es","@id":"https:\/\/elbullifoundation.com\/elbullistore\/producto\/vinos-la-cata-actividad-volumen-v\/#primaryimage","url":"https:\/\/elbullifoundation.com\/elbullistore\/wp-content\/uploads\/2020\/10\/coberta-1.jpg","contentUrl":"https:\/\/elbullifoundation.com\/elbullistore\/wp-content\/uploads\/2020\/10\/coberta-1.jpg","width":1200,"height":864},{"@type":"BreadcrumbList","@id":"https:\/\/elbullifoundation.com\/elbullistore\/producto\/vinos-la-cata-actividad-volumen-v\/#breadcrumb","itemListElement":[{"@type":"ListItem","position":1,"name":"Portada","item":"https:\/\/elbullifoundation.com\/elbullistore\/"},{"@type":"ListItem","position":2,"name":"Productos","item":"https:\/\/elbullifoundation.com\/elbullistore\/shop\/"},{"@type":"ListItem","position":3,"name":"Vinos. La cata como actividad (Volumen V)"}]},{"@type":"WebSite","@id":"https:\/\/elbullifoundation.com\/elbullistore\/#website","url":"https:\/\/elbullifoundation.com\/elbullistore\/","name":"elBullistore","description":"","potentialAction":[{"@type":"SearchAction","target":{"@type":"EntryPoint","urlTemplate":"https:\/\/elbullifoundation.com\/elbullistore\/?s={search_term_string}"},"query-input":{"@type":"PropertyValueSpecification","valueRequired":true,"valueName":"search_term_string"}}],"inLanguage":"es"}]}},"lang":"es","translations":{"es":8807,"en":9755,"ca":11481},"pll_sync_post":[],"_links":{"self":[{"href":"https:\/\/elbullifoundation.com\/elbullistore\/wp-json\/wp\/v2\/product\/8807","targetHints":{"allow":["GET"]}}],"collection":[{"href":"https:\/\/elbullifoundation.com\/elbullistore\/wp-json\/wp\/v2\/product"}],"about":[{"href":"https:\/\/elbullifoundation.com\/elbullistore\/wp-json\/wp\/v2\/types\/product"}],"replies":[{"embeddable":true,"href":"https:\/\/elbullifoundation.com\/elbullistore\/wp-json\/wp\/v2\/comments?post=8807"}],"wp:featuredmedia":[{"embeddable":true,"href":"https:\/\/elbullifoundation.com\/elbullistore\/wp-json\/wp\/v2\/media\/11344"}],"wp:attachment":[{"href":"https:\/\/elbullifoundation.com\/elbullistore\/wp-json\/wp\/v2\/media?parent=8807"}],"wp:term":[{"taxonomy":"product_brand","embeddable":true,"href":"https:\/\/elbullifoundation.com\/elbullistore\/wp-json\/wp\/v2\/product_brand?post=8807"},{"taxonomy":"product_cat","embeddable":true,"href":"https:\/\/elbullifoundation.com\/elbullistore\/wp-json\/wp\/v2\/product_cat?post=8807"},{"taxonomy":"product_tag","embeddable":true,"href":"https:\/\/elbullifoundation.com\/elbullistore\/wp-json\/wp\/v2\/product_tag?post=8807"}],"curies":[{"name":"wp","href":"https:\/\/api.w.org\/{rel}","templated":true}]}}