{"id":90,"date":"2017-08-21T16:19:17","date_gmt":"2017-08-21T16:19:17","guid":{"rendered":"https:\/\/elbullifoundation.com\/elbullistore\/?post_type=product&#038;p=90"},"modified":"2023-11-10T10:34:14","modified_gmt":"2023-11-10T09:34:14","slug":"catalogo-general-elbulli-1994-1997","status":"publish","type":"product","link":"https:\/\/elbullifoundation.com\/elbullistore\/producto\/catalogo-general-elbulli-1994-1997\/","title":{"rendered":"Cat\u00e1logo General elBulli 1994-1997"},"content":{"rendered":"<p><em>elBulli1994-1997<\/em>. Los a\u00f1os cruciales en la consecuci\u00f3n del estilo que cambiar\u00e1 el signo de la vanguardia son los del nacimiento de t\u00e9cnicas, conceptos, elaboraciones, m\u00e9todos creativos que estar\u00e1n presentes en la trayectoria de elBulli hasta el \u00faltimo d\u00eda.<\/p>\n<p>Cat\u00e1logo con 228 platos. An\u00e1lisis evolutivo de 1994 a 1997.<\/p>\n<p>&nbsp;<\/p>\n<p class=\"p1\">P\u00e1ginas: 416 p\u00e1ginas.\u00a022 p\u00e1ginas con la explicaci\u00f3n de los M\u00e9todos creativos de elBulli. El desplegable contiene el CD-Rom elBulli1994-1997 con todas las recetas de este per\u00edodo.<\/p>\n<p class=\"p1\">Formato: 31,5 x 24 cm.<\/p>\n<p class=\"p1\">Peso: 4 kg.<\/p>\n<p class=\"p2\">Cr\u00e9ditos: Fotograf\u00eda: Francesc Guillamet. Textos: Josep Maria Pinto. Dise\u00f1o gr\u00e1fico: Marta M\u00e9ndez Blaya.<\/p>\n","protected":false},"excerpt":{"rendered":"<p>elBulli1994-1997. Los a\u00f1os cruciales en la consecuci\u00f3n del estilo que cambiar\u00e1 el signo de la vanguardia son los del nacimiento de t\u00e9cnicas, conceptos, elaboraciones, m\u00e9todos creativos que estar\u00e1n presentes en la trayectoria de elBulli hasta el \u00faltimo d\u00eda. Cat\u00e1logo con 228 platos. An\u00e1lisis evolutivo de 1994 a 1997. &nbsp; P\u00e1ginas: 416 p\u00e1ginas.\u00a022 p\u00e1ginas con la [&hellip;]<\/p>\n","protected":false},"featured_media":4475,"comment_status":"open","ping_status":"closed","template":"","meta":{"_acf_changed":false},"product_brand":[],"product_cat":[32],"product_tag":[],"class_list":{"0":"post-90","1":"product","2":"type-product","3":"status-publish","4":"has-post-thumbnail","6":"product_cat-catalogos","7":"product_shipping_class-envio-4k","9":"first","10":"instock","11":"taxable","12":"shipping-taxable","13":"purchasable","14":"product-type-variable"},"acf":[],"yoast_head":"<!-- This site is optimized with the Yoast SEO plugin v26.9 - https:\/\/yoast.com\/product\/yoast-seo-wordpress\/ -->\n<title>Cat\u00e1logo General elBulli 1994-1997 - elBullistore<\/title>\n<meta name=\"description\" content=\"elBulli 1994-1997. Los a\u00f1os cruciales en la consecuci\u00f3n del estilo que cambiar\u00e1 el signo de la vanguardia.\" \/>\n<meta name=\"robots\" content=\"index, follow, max-snippet:-1, max-image-preview:large, max-video-preview:-1\" \/>\n<link rel=\"canonical\" href=\"https:\/\/elbullifoundation.com\/elbullistore\/producto\/catalogo-general-elbulli-1994-1997\/\" \/>\n<meta property=\"og:locale\" content=\"es_ES\" \/>\n<meta property=\"og:type\" content=\"article\" \/>\n<meta property=\"og:title\" content=\"Cat\u00e1logo General elBulli 1994-1997 - elBullistore\" \/>\n<meta property=\"og:description\" content=\"elBulli 1994-1997. Los a\u00f1os cruciales en la consecuci\u00f3n del estilo que cambiar\u00e1 el signo de la vanguardia.\" \/>\n<meta property=\"og:url\" content=\"https:\/\/elbullifoundation.com\/elbullistore\/producto\/catalogo-general-elbulli-1994-1997\/\" \/>\n<meta property=\"og:site_name\" content=\"elBullistore\" \/>\n<meta property=\"article:modified_time\" content=\"2023-11-10T09:34:14+00:00\" \/>\n<meta property=\"og:image\" content=\"https:\/\/elbullifoundation.com\/elbullistore\/wp-content\/uploads\/2017\/08\/catalogo_general_elbulli_1994_1997.jpg\" \/>\n\t<meta property=\"og:image:width\" content=\"800\" \/>\n\t<meta property=\"og:image:height\" content=\"739\" \/>\n\t<meta property=\"og:image:type\" content=\"image\/jpeg\" \/>\n<meta name=\"twitter:card\" content=\"summary_large_image\" \/>\n<meta name=\"twitter:label1\" content=\"Tiempo de lectura\" \/>\n\t<meta name=\"twitter:data1\" content=\"1 minuto\" \/>\n<script type=\"application\/ld+json\" class=\"yoast-schema-graph\">{\"@context\":\"https:\/\/schema.org\",\"@graph\":[{\"@type\":\"WebPage\",\"@id\":\"https:\/\/elbullifoundation.com\/elbullistore\/producto\/catalogo-general-elbulli-1994-1997\/\",\"url\":\"https:\/\/elbullifoundation.com\/elbullistore\/producto\/catalogo-general-elbulli-1994-1997\/\",\"name\":\"Cat\u00e1logo General elBulli 1994-1997 - elBullistore\",\"isPartOf\":{\"@id\":\"https:\/\/elbullifoundation.com\/elbullistore\/#website\"},\"primaryImageOfPage\":{\"@id\":\"https:\/\/elbullifoundation.com\/elbullistore\/producto\/catalogo-general-elbulli-1994-1997\/#primaryimage\"},\"image\":{\"@id\":\"https:\/\/elbullifoundation.com\/elbullistore\/producto\/catalogo-general-elbulli-1994-1997\/#primaryimage\"},\"thumbnailUrl\":\"https:\/\/elbullifoundation.com\/elbullistore\/wp-content\/uploads\/2017\/08\/catalogo_general_elbulli_1994_1997.jpg\",\"datePublished\":\"2017-08-21T16:19:17+00:00\",\"dateModified\":\"2023-11-10T09:34:14+00:00\",\"description\":\"elBulli 1994-1997. Los a\u00f1os cruciales en la consecuci\u00f3n del estilo que cambiar\u00e1 el signo de la vanguardia.\",\"breadcrumb\":{\"@id\":\"https:\/\/elbullifoundation.com\/elbullistore\/producto\/catalogo-general-elbulli-1994-1997\/#breadcrumb\"},\"inLanguage\":\"es\",\"potentialAction\":[{\"@type\":\"ReadAction\",\"target\":[\"https:\/\/elbullifoundation.com\/elbullistore\/producto\/catalogo-general-elbulli-1994-1997\/\"]}]},{\"@type\":\"ImageObject\",\"inLanguage\":\"es\",\"@id\":\"https:\/\/elbullifoundation.com\/elbullistore\/producto\/catalogo-general-elbulli-1994-1997\/#primaryimage\",\"url\":\"https:\/\/elbullifoundation.com\/elbullistore\/wp-content\/uploads\/2017\/08\/catalogo_general_elbulli_1994_1997.jpg\",\"contentUrl\":\"https:\/\/elbullifoundation.com\/elbullistore\/wp-content\/uploads\/2017\/08\/catalogo_general_elbulli_1994_1997.jpg\",\"width\":800,\"height\":739},{\"@type\":\"BreadcrumbList\",\"@id\":\"https:\/\/elbullifoundation.com\/elbullistore\/producto\/catalogo-general-elbulli-1994-1997\/#breadcrumb\",\"itemListElement\":[{\"@type\":\"ListItem\",\"position\":1,\"name\":\"Portada\",\"item\":\"https:\/\/elbullifoundation.com\/elbullistore\/\"},{\"@type\":\"ListItem\",\"position\":2,\"name\":\"Productos\",\"item\":\"https:\/\/elbullifoundation.com\/elbullistore\/shop\/\"},{\"@type\":\"ListItem\",\"position\":3,\"name\":\"Cat\u00e1logo General elBulli 1994-1997\"}]},{\"@type\":\"WebSite\",\"@id\":\"https:\/\/elbullifoundation.com\/elbullistore\/#website\",\"url\":\"https:\/\/elbullifoundation.com\/elbullistore\/\",\"name\":\"elBullistore\",\"description\":\"\",\"potentialAction\":[{\"@type\":\"SearchAction\",\"target\":{\"@type\":\"EntryPoint\",\"urlTemplate\":\"https:\/\/elbullifoundation.com\/elbullistore\/?s={search_term_string}\"},\"query-input\":{\"@type\":\"PropertyValueSpecification\",\"valueRequired\":true,\"valueName\":\"search_term_string\"}}],\"inLanguage\":\"es\"}]}<\/script>\n<!-- \/ Yoast SEO plugin. -->","yoast_head_json":{"title":"Cat\u00e1logo General elBulli 1994-1997 - elBullistore","description":"elBulli 1994-1997. Los a\u00f1os cruciales en la consecuci\u00f3n del estilo que cambiar\u00e1 el signo de la vanguardia.","robots":{"index":"index","follow":"follow","max-snippet":"max-snippet:-1","max-image-preview":"max-image-preview:large","max-video-preview":"max-video-preview:-1"},"canonical":"https:\/\/elbullifoundation.com\/elbullistore\/producto\/catalogo-general-elbulli-1994-1997\/","og_locale":"es_ES","og_type":"article","og_title":"Cat\u00e1logo General elBulli 1994-1997 - elBullistore","og_description":"elBulli 1994-1997. Los a\u00f1os cruciales en la consecuci\u00f3n del estilo que cambiar\u00e1 el signo de la vanguardia.","og_url":"https:\/\/elbullifoundation.com\/elbullistore\/producto\/catalogo-general-elbulli-1994-1997\/","og_site_name":"elBullistore","article_modified_time":"2023-11-10T09:34:14+00:00","og_image":[{"width":800,"height":739,"url":"https:\/\/elbullifoundation.com\/elbullistore\/wp-content\/uploads\/2017\/08\/catalogo_general_elbulli_1994_1997.jpg","type":"image\/jpeg"}],"twitter_card":"summary_large_image","twitter_misc":{"Tiempo de lectura":"1 minuto"},"schema":{"@context":"https:\/\/schema.org","@graph":[{"@type":"WebPage","@id":"https:\/\/elbullifoundation.com\/elbullistore\/producto\/catalogo-general-elbulli-1994-1997\/","url":"https:\/\/elbullifoundation.com\/elbullistore\/producto\/catalogo-general-elbulli-1994-1997\/","name":"Cat\u00e1logo General elBulli 1994-1997 - elBullistore","isPartOf":{"@id":"https:\/\/elbullifoundation.com\/elbullistore\/#website"},"primaryImageOfPage":{"@id":"https:\/\/elbullifoundation.com\/elbullistore\/producto\/catalogo-general-elbulli-1994-1997\/#primaryimage"},"image":{"@id":"https:\/\/elbullifoundation.com\/elbullistore\/producto\/catalogo-general-elbulli-1994-1997\/#primaryimage"},"thumbnailUrl":"https:\/\/elbullifoundation.com\/elbullistore\/wp-content\/uploads\/2017\/08\/catalogo_general_elbulli_1994_1997.jpg","datePublished":"2017-08-21T16:19:17+00:00","dateModified":"2023-11-10T09:34:14+00:00","description":"elBulli 1994-1997. Los a\u00f1os cruciales en la consecuci\u00f3n del estilo que cambiar\u00e1 el signo de la vanguardia.","breadcrumb":{"@id":"https:\/\/elbullifoundation.com\/elbullistore\/producto\/catalogo-general-elbulli-1994-1997\/#breadcrumb"},"inLanguage":"es","potentialAction":[{"@type":"ReadAction","target":["https:\/\/elbullifoundation.com\/elbullistore\/producto\/catalogo-general-elbulli-1994-1997\/"]}]},{"@type":"ImageObject","inLanguage":"es","@id":"https:\/\/elbullifoundation.com\/elbullistore\/producto\/catalogo-general-elbulli-1994-1997\/#primaryimage","url":"https:\/\/elbullifoundation.com\/elbullistore\/wp-content\/uploads\/2017\/08\/catalogo_general_elbulli_1994_1997.jpg","contentUrl":"https:\/\/elbullifoundation.com\/elbullistore\/wp-content\/uploads\/2017\/08\/catalogo_general_elbulli_1994_1997.jpg","width":800,"height":739},{"@type":"BreadcrumbList","@id":"https:\/\/elbullifoundation.com\/elbullistore\/producto\/catalogo-general-elbulli-1994-1997\/#breadcrumb","itemListElement":[{"@type":"ListItem","position":1,"name":"Portada","item":"https:\/\/elbullifoundation.com\/elbullistore\/"},{"@type":"ListItem","position":2,"name":"Productos","item":"https:\/\/elbullifoundation.com\/elbullistore\/shop\/"},{"@type":"ListItem","position":3,"name":"Cat\u00e1logo General elBulli 1994-1997"}]},{"@type":"WebSite","@id":"https:\/\/elbullifoundation.com\/elbullistore\/#website","url":"https:\/\/elbullifoundation.com\/elbullistore\/","name":"elBullistore","description":"","potentialAction":[{"@type":"SearchAction","target":{"@type":"EntryPoint","urlTemplate":"https:\/\/elbullifoundation.com\/elbullistore\/?s={search_term_string}"},"query-input":{"@type":"PropertyValueSpecification","valueRequired":true,"valueName":"search_term_string"}}],"inLanguage":"es"}]}},"lang":"es","translations":{"es":90,"en":241,"ca":1062},"pll_sync_post":[],"_links":{"self":[{"href":"https:\/\/elbullifoundation.com\/elbullistore\/wp-json\/wp\/v2\/product\/90","targetHints":{"allow":["GET"]}}],"collection":[{"href":"https:\/\/elbullifoundation.com\/elbullistore\/wp-json\/wp\/v2\/product"}],"about":[{"href":"https:\/\/elbullifoundation.com\/elbullistore\/wp-json\/wp\/v2\/types\/product"}],"replies":[{"embeddable":true,"href":"https:\/\/elbullifoundation.com\/elbullistore\/wp-json\/wp\/v2\/comments?post=90"}],"wp:featuredmedia":[{"embeddable":true,"href":"https:\/\/elbullifoundation.com\/elbullistore\/wp-json\/wp\/v2\/media\/4475"}],"wp:attachment":[{"href":"https:\/\/elbullifoundation.com\/elbullistore\/wp-json\/wp\/v2\/media?parent=90"}],"wp:term":[{"taxonomy":"product_brand","embeddable":true,"href":"https:\/\/elbullifoundation.com\/elbullistore\/wp-json\/wp\/v2\/product_brand?post=90"},{"taxonomy":"product_cat","embeddable":true,"href":"https:\/\/elbullifoundation.com\/elbullistore\/wp-json\/wp\/v2\/product_cat?post=90"},{"taxonomy":"product_tag","embeddable":true,"href":"https:\/\/elbullifoundation.com\/elbullistore\/wp-json\/wp\/v2\/product_tag?post=90"}],"curies":[{"name":"wp","href":"https:\/\/api.w.org\/{rel}","templated":true}]}}