{"id":94,"date":"2017-08-21T16:20:48","date_gmt":"2017-08-21T16:20:48","guid":{"rendered":"https:\/\/elbullifoundation.com\/elbullistore\/?post_type=product&#038;p=94"},"modified":"2024-11-05T17:05:09","modified_gmt":"2024-11-05T16:05:09","slug":"catalogo-general-elbulli-2003-2004","status":"publish","type":"product","link":"https:\/\/elbullifoundation.com\/elbullistore\/producto\/catalogo-general-elbulli-2003-2004\/","title":{"rendered":"Cat\u00e1logo General elBulli 2003-2004"},"content":{"rendered":"<p><em>elBuli2003-2004<\/em>. El pleno funcionamiento de elBullitaller, la creaci\u00f3n del departamento cient\u00edfico y una organizaci\u00f3n m\u00e1s estructurada, se traducen en una evoluci\u00f3n cada vez m\u00e1s acentuada, que da lugar a elaboraciones muy singulares.<\/p>\n<p class=\"p1\">An\u00e1lisis evolutivo con fotos de nuevos productos y elaboraciones paso a paso.<\/p>\n<p>&nbsp;<\/p>\n<div class=\"page\" title=\"Page 7\">\n<p class=\"p1\">P\u00e1ginas: 336 p\u00e1ginas y 320 p\u00e1ginas. Cat\u00e1logo con un total de 264 platos.\u00a022 p\u00e1ginas con la Actualizaci\u00f3n del an\u00e1lisis evolutivo. El desplegable contiene el CD-Rom elBulli2003 y elBulli2004 con todas las recetas de este per\u00edodo.<\/p>\n<p class=\"p1\">Formato: 31,5 x 24 cm<span class=\"s1\">. <\/span><\/p>\n<p class=\"p1\">Peso total: 6,045 kg.<\/p>\n<p class=\"p2\">Cr\u00e9ditos: Fotograf\u00eda: Francesc Guillamet. Textos: Josep Maria Pinto. Dise\u00f1o gr\u00e1fico: Marta M\u00e9ndez Blaya.<\/p>\n<\/div>\n","protected":false},"excerpt":{"rendered":"<p>elBuli2003-2004. El pleno funcionamiento de elBullitaller, la creaci\u00f3n del departamento cient\u00edfico y una organizaci\u00f3n m\u00e1s estructurada, se traducen en una evoluci\u00f3n cada vez m\u00e1s acentuada, que da lugar a elaboraciones muy singulares. An\u00e1lisis evolutivo con fotos de nuevos productos y elaboraciones paso a paso. &nbsp; P\u00e1ginas: 336 p\u00e1ginas y 320 p\u00e1ginas. Cat\u00e1logo con un total [&hellip;]<\/p>\n","protected":false},"featured_media":4463,"comment_status":"open","ping_status":"closed","template":"","meta":{"_acf_changed":false},"product_brand":[],"product_cat":[32],"product_tag":[],"class_list":{"0":"post-94","1":"product","2":"type-product","3":"status-publish","4":"has-post-thumbnail","6":"product_cat-catalogos","7":"product_shipping_class-envio-7k","9":"first","10":"instock","11":"taxable","12":"shipping-taxable","13":"purchasable","14":"product-type-variable"},"acf":[],"yoast_head":"<!-- This site is optimized with the Yoast SEO plugin v26.9 - https:\/\/yoast.com\/product\/yoast-seo-wordpress\/ -->\n<title>Cat\u00e1logo General elBulli 2003-2004 - elBullistore<\/title>\n<meta name=\"description\" content=\"El pleno funcionamiento de elBullitaller, la creaci\u00f3n del departamento cient\u00edfico y una organizaci\u00f3n ajustada se traducen en una evoluci\u00f3n acentuada.\" \/>\n<meta name=\"robots\" content=\"index, follow, max-snippet:-1, max-image-preview:large, max-video-preview:-1\" \/>\n<link rel=\"canonical\" href=\"https:\/\/elbullifoundation.com\/elbullistore\/producto\/catalogo-general-elbulli-2003-2004\/\" \/>\n<meta property=\"og:locale\" content=\"es_ES\" \/>\n<meta property=\"og:type\" content=\"article\" \/>\n<meta property=\"og:title\" content=\"Cat\u00e1logo General elBulli 2003-2004 - elBullistore\" \/>\n<meta property=\"og:description\" content=\"El pleno funcionamiento de elBullitaller, la creaci\u00f3n del departamento cient\u00edfico y una organizaci\u00f3n ajustada se traducen en una evoluci\u00f3n acentuada.\" \/>\n<meta property=\"og:url\" content=\"https:\/\/elbullifoundation.com\/elbullistore\/producto\/catalogo-general-elbulli-2003-2004\/\" \/>\n<meta property=\"og:site_name\" content=\"elBullistore\" \/>\n<meta property=\"article:modified_time\" content=\"2024-11-05T16:05:09+00:00\" \/>\n<meta property=\"og:image\" content=\"https:\/\/elbullifoundation.com\/elbullistore\/wp-content\/uploads\/2017\/08\/catalogo_general_elbulli_2003_2004.jpg\" \/>\n\t<meta property=\"og:image:width\" content=\"800\" \/>\n\t<meta property=\"og:image:height\" content=\"739\" \/>\n\t<meta property=\"og:image:type\" content=\"image\/jpeg\" \/>\n<meta name=\"twitter:card\" content=\"summary_large_image\" \/>\n<meta name=\"twitter:label1\" content=\"Tiempo de lectura\" \/>\n\t<meta name=\"twitter:data1\" content=\"1 minuto\" \/>\n<script type=\"application\/ld+json\" class=\"yoast-schema-graph\">{\"@context\":\"https:\/\/schema.org\",\"@graph\":[{\"@type\":\"WebPage\",\"@id\":\"https:\/\/elbullifoundation.com\/elbullistore\/producto\/catalogo-general-elbulli-2003-2004\/\",\"url\":\"https:\/\/elbullifoundation.com\/elbullistore\/producto\/catalogo-general-elbulli-2003-2004\/\",\"name\":\"Cat\u00e1logo General elBulli 2003-2004 - elBullistore\",\"isPartOf\":{\"@id\":\"https:\/\/elbullifoundation.com\/elbullistore\/#website\"},\"primaryImageOfPage\":{\"@id\":\"https:\/\/elbullifoundation.com\/elbullistore\/producto\/catalogo-general-elbulli-2003-2004\/#primaryimage\"},\"image\":{\"@id\":\"https:\/\/elbullifoundation.com\/elbullistore\/producto\/catalogo-general-elbulli-2003-2004\/#primaryimage\"},\"thumbnailUrl\":\"https:\/\/elbullifoundation.com\/elbullistore\/wp-content\/uploads\/2017\/08\/catalogo_general_elbulli_2003_2004.jpg\",\"datePublished\":\"2017-08-21T16:20:48+00:00\",\"dateModified\":\"2024-11-05T16:05:09+00:00\",\"description\":\"El pleno funcionamiento de elBullitaller, la creaci\u00f3n del departamento cient\u00edfico y una organizaci\u00f3n ajustada se traducen en una evoluci\u00f3n acentuada.\",\"breadcrumb\":{\"@id\":\"https:\/\/elbullifoundation.com\/elbullistore\/producto\/catalogo-general-elbulli-2003-2004\/#breadcrumb\"},\"inLanguage\":\"es\",\"potentialAction\":[{\"@type\":\"ReadAction\",\"target\":[\"https:\/\/elbullifoundation.com\/elbullistore\/producto\/catalogo-general-elbulli-2003-2004\/\"]}]},{\"@type\":\"ImageObject\",\"inLanguage\":\"es\",\"@id\":\"https:\/\/elbullifoundation.com\/elbullistore\/producto\/catalogo-general-elbulli-2003-2004\/#primaryimage\",\"url\":\"https:\/\/elbullifoundation.com\/elbullistore\/wp-content\/uploads\/2017\/08\/catalogo_general_elbulli_2003_2004.jpg\",\"contentUrl\":\"https:\/\/elbullifoundation.com\/elbullistore\/wp-content\/uploads\/2017\/08\/catalogo_general_elbulli_2003_2004.jpg\",\"width\":800,\"height\":739},{\"@type\":\"BreadcrumbList\",\"@id\":\"https:\/\/elbullifoundation.com\/elbullistore\/producto\/catalogo-general-elbulli-2003-2004\/#breadcrumb\",\"itemListElement\":[{\"@type\":\"ListItem\",\"position\":1,\"name\":\"Portada\",\"item\":\"https:\/\/elbullifoundation.com\/elbullistore\/\"},{\"@type\":\"ListItem\",\"position\":2,\"name\":\"Productos\",\"item\":\"https:\/\/elbullifoundation.com\/elbullistore\/shop\/\"},{\"@type\":\"ListItem\",\"position\":3,\"name\":\"Cat\u00e1logo General elBulli 2003-2004\"}]},{\"@type\":\"WebSite\",\"@id\":\"https:\/\/elbullifoundation.com\/elbullistore\/#website\",\"url\":\"https:\/\/elbullifoundation.com\/elbullistore\/\",\"name\":\"elBullistore\",\"description\":\"\",\"potentialAction\":[{\"@type\":\"SearchAction\",\"target\":{\"@type\":\"EntryPoint\",\"urlTemplate\":\"https:\/\/elbullifoundation.com\/elbullistore\/?s={search_term_string}\"},\"query-input\":{\"@type\":\"PropertyValueSpecification\",\"valueRequired\":true,\"valueName\":\"search_term_string\"}}],\"inLanguage\":\"es\"}]}<\/script>\n<!-- \/ Yoast SEO plugin. -->","yoast_head_json":{"title":"Cat\u00e1logo General elBulli 2003-2004 - elBullistore","description":"El pleno funcionamiento de elBullitaller, la creaci\u00f3n del departamento cient\u00edfico y una organizaci\u00f3n ajustada se traducen en una evoluci\u00f3n acentuada.","robots":{"index":"index","follow":"follow","max-snippet":"max-snippet:-1","max-image-preview":"max-image-preview:large","max-video-preview":"max-video-preview:-1"},"canonical":"https:\/\/elbullifoundation.com\/elbullistore\/producto\/catalogo-general-elbulli-2003-2004\/","og_locale":"es_ES","og_type":"article","og_title":"Cat\u00e1logo General elBulli 2003-2004 - elBullistore","og_description":"El pleno funcionamiento de elBullitaller, la creaci\u00f3n del departamento cient\u00edfico y una organizaci\u00f3n ajustada se traducen en una evoluci\u00f3n acentuada.","og_url":"https:\/\/elbullifoundation.com\/elbullistore\/producto\/catalogo-general-elbulli-2003-2004\/","og_site_name":"elBullistore","article_modified_time":"2024-11-05T16:05:09+00:00","og_image":[{"width":800,"height":739,"url":"https:\/\/elbullifoundation.com\/elbullistore\/wp-content\/uploads\/2017\/08\/catalogo_general_elbulli_2003_2004.jpg","type":"image\/jpeg"}],"twitter_card":"summary_large_image","twitter_misc":{"Tiempo de lectura":"1 minuto"},"schema":{"@context":"https:\/\/schema.org","@graph":[{"@type":"WebPage","@id":"https:\/\/elbullifoundation.com\/elbullistore\/producto\/catalogo-general-elbulli-2003-2004\/","url":"https:\/\/elbullifoundation.com\/elbullistore\/producto\/catalogo-general-elbulli-2003-2004\/","name":"Cat\u00e1logo General elBulli 2003-2004 - elBullistore","isPartOf":{"@id":"https:\/\/elbullifoundation.com\/elbullistore\/#website"},"primaryImageOfPage":{"@id":"https:\/\/elbullifoundation.com\/elbullistore\/producto\/catalogo-general-elbulli-2003-2004\/#primaryimage"},"image":{"@id":"https:\/\/elbullifoundation.com\/elbullistore\/producto\/catalogo-general-elbulli-2003-2004\/#primaryimage"},"thumbnailUrl":"https:\/\/elbullifoundation.com\/elbullistore\/wp-content\/uploads\/2017\/08\/catalogo_general_elbulli_2003_2004.jpg","datePublished":"2017-08-21T16:20:48+00:00","dateModified":"2024-11-05T16:05:09+00:00","description":"El pleno funcionamiento de elBullitaller, la creaci\u00f3n del departamento cient\u00edfico y una organizaci\u00f3n ajustada se traducen en una evoluci\u00f3n acentuada.","breadcrumb":{"@id":"https:\/\/elbullifoundation.com\/elbullistore\/producto\/catalogo-general-elbulli-2003-2004\/#breadcrumb"},"inLanguage":"es","potentialAction":[{"@type":"ReadAction","target":["https:\/\/elbullifoundation.com\/elbullistore\/producto\/catalogo-general-elbulli-2003-2004\/"]}]},{"@type":"ImageObject","inLanguage":"es","@id":"https:\/\/elbullifoundation.com\/elbullistore\/producto\/catalogo-general-elbulli-2003-2004\/#primaryimage","url":"https:\/\/elbullifoundation.com\/elbullistore\/wp-content\/uploads\/2017\/08\/catalogo_general_elbulli_2003_2004.jpg","contentUrl":"https:\/\/elbullifoundation.com\/elbullistore\/wp-content\/uploads\/2017\/08\/catalogo_general_elbulli_2003_2004.jpg","width":800,"height":739},{"@type":"BreadcrumbList","@id":"https:\/\/elbullifoundation.com\/elbullistore\/producto\/catalogo-general-elbulli-2003-2004\/#breadcrumb","itemListElement":[{"@type":"ListItem","position":1,"name":"Portada","item":"https:\/\/elbullifoundation.com\/elbullistore\/"},{"@type":"ListItem","position":2,"name":"Productos","item":"https:\/\/elbullifoundation.com\/elbullistore\/shop\/"},{"@type":"ListItem","position":3,"name":"Cat\u00e1logo General elBulli 2003-2004"}]},{"@type":"WebSite","@id":"https:\/\/elbullifoundation.com\/elbullistore\/#website","url":"https:\/\/elbullifoundation.com\/elbullistore\/","name":"elBullistore","description":"","potentialAction":[{"@type":"SearchAction","target":{"@type":"EntryPoint","urlTemplate":"https:\/\/elbullifoundation.com\/elbullistore\/?s={search_term_string}"},"query-input":{"@type":"PropertyValueSpecification","valueRequired":true,"valueName":"search_term_string"}}],"inLanguage":"es"}]}},"lang":"es","translations":{"es":94,"en":239,"ca":1002},"pll_sync_post":[],"_links":{"self":[{"href":"https:\/\/elbullifoundation.com\/elbullistore\/wp-json\/wp\/v2\/product\/94","targetHints":{"allow":["GET"]}}],"collection":[{"href":"https:\/\/elbullifoundation.com\/elbullistore\/wp-json\/wp\/v2\/product"}],"about":[{"href":"https:\/\/elbullifoundation.com\/elbullistore\/wp-json\/wp\/v2\/types\/product"}],"replies":[{"embeddable":true,"href":"https:\/\/elbullifoundation.com\/elbullistore\/wp-json\/wp\/v2\/comments?post=94"}],"wp:featuredmedia":[{"embeddable":true,"href":"https:\/\/elbullifoundation.com\/elbullistore\/wp-json\/wp\/v2\/media\/4463"}],"wp:attachment":[{"href":"https:\/\/elbullifoundation.com\/elbullistore\/wp-json\/wp\/v2\/media?parent=94"}],"wp:term":[{"taxonomy":"product_brand","embeddable":true,"href":"https:\/\/elbullifoundation.com\/elbullistore\/wp-json\/wp\/v2\/product_brand?post=94"},{"taxonomy":"product_cat","embeddable":true,"href":"https:\/\/elbullifoundation.com\/elbullistore\/wp-json\/wp\/v2\/product_cat?post=94"},{"taxonomy":"product_tag","embeddable":true,"href":"https:\/\/elbullifoundation.com\/elbullistore\/wp-json\/wp\/v2\/product_tag?post=94"}],"curies":[{"name":"wp","href":"https:\/\/api.w.org\/{rel}","templated":true}]}}