{"id":123,"date":"2024-01-24T12:29:10","date_gmt":"2024-01-24T11:29:10","guid":{"rendered":"https:\/\/elbullifoundation.com\/guiamultimedia\/?page_id=123"},"modified":"2024-01-26T13:25:52","modified_gmt":"2024-01-26T12:25:52","slug":"libretas-creativas","status":"publish","type":"page","link":"https:\/\/elbullifoundation.com\/guiamultimedia\/libretas-creativas\/","title":{"rendered":"Libretas Creativas de elBulli"},"content":{"rendered":"\n<p>elBulli document\u00f3 y registr\u00f3 todo lo que hizo desde sus inicios, un hecho fundamental para ir m\u00e1s all\u00e1 en la b\u00fasqueda de nuevos caminos y de los l\u00edmites de la experiencia gastron\u00f3mica y para evitar autocopiarse.<\/p>\n\n\n\n<p>Si lo deseas, puedes disfrutar de algunas de las libretas creativas que conforman un archivo emblem\u00e1tico para la historia de la gastronom\u00eda.<\/p>\n","protected":false},"excerpt":{"rendered":"<p>elBulli document\u00f3 y registr\u00f3 todo lo que hizo desde sus inicios, un hecho fundamental para ir m\u00e1s all\u00e1 en la b\u00fasqueda de nuevos caminos y de los l\u00edmites de la experiencia gastron\u00f3mica y para evitar autocopiarse. Si lo deseas, puedes disfrutar de algunas de las libretas creativas que conforman un archivo emblem\u00e1tico para la historia [&hellip;]<\/p>\n","protected":false},"author":1,"featured_media":0,"parent":0,"menu_order":0,"comment_status":"closed","ping_status":"closed","template":"template_libretas-creativas.php","meta":{"_acf_changed":false,"footnotes":""},"class_list":["post-123","page","type-page","status-publish","hentry"],"acf":[],"lang":"es","translations":{"es":123,"ca":758},"pll_sync_post":[],"_links":{"self":[{"href":"https:\/\/elbullifoundation.com\/guiamultimedia\/wp-json\/wp\/v2\/pages\/123","targetHints":{"allow":["GET"]}}],"collection":[{"href":"https:\/\/elbullifoundation.com\/guiamultimedia\/wp-json\/wp\/v2\/pages"}],"about":[{"href":"https:\/\/elbullifoundation.com\/guiamultimedia\/wp-json\/wp\/v2\/types\/page"}],"author":[{"embeddable":true,"href":"https:\/\/elbullifoundation.com\/guiamultimedia\/wp-json\/wp\/v2\/users\/1"}],"replies":[{"embeddable":true,"href":"https:\/\/elbullifoundation.com\/guiamultimedia\/wp-json\/wp\/v2\/comments?post=123"}],"version-history":[{"count":4,"href":"https:\/\/elbullifoundation.com\/guiamultimedia\/wp-json\/wp\/v2\/pages\/123\/revisions"}],"predecessor-version":[{"id":128,"href":"https:\/\/elbullifoundation.com\/guiamultimedia\/wp-json\/wp\/v2\/pages\/123\/revisions\/128"}],"wp:attachment":[{"href":"https:\/\/elbullifoundation.com\/guiamultimedia\/wp-json\/wp\/v2\/media?parent=123"}],"curies":[{"name":"wp","href":"https:\/\/api.w.org\/{rel}","templated":true}]}}