{"id":22456,"date":"2018-10-04T15:29:21","date_gmt":"2018-10-04T13:29:21","guid":{"rendered":"https:\/\/elbullifoundation.com\/press\/?page_id=22456"},"modified":"2018-10-04T15:41:38","modified_gmt":"2018-10-04T13:41:38","slug":"aviso-legal","status":"publish","type":"page","link":"https:\/\/elbullifoundation.com\/press\/aviso-legal\/","title":{"rendered":"Aviso legal"},"content":{"rendered":"<p>elBulli Restaurante, S.L., en adelante elBulli, con domicilio social en Cala Montjoi, s\/n, 17480 de Roses, Girona, Espa\u00f1a; con CIF B-17423831 e inscrita en el Registro Mercantil de Girona, Tomo 815, Folio 193, Hoja GI-15538, Inscripci\u00f3n 1a.<\/p>\n<p>&nbsp;<\/p>\n<p>El usuario se compromete a respetar los derechos de Propiedad Intelectual e Industrial, pudiendo visualizar todos los elementos, imprimirlos, copiarlos y almacenarlos en el disco duro de su ordenador o en cualquier otro soporte f\u00edsico siempre y cuando sea, \u00fanica y exclusivamente, para su uso personal y privado, quedando, por tanto, terminantemente prohibida su utilizaci\u00f3n con fines comerciales, su distribuci\u00f3n, as\u00ed como su modificaci\u00f3n, alteraci\u00f3n o descompilaci\u00f3n.<\/p>\n<p>&nbsp;<\/p>\n<p>El usuario se compromete a no obstaculizar el acceso de otros usuarios al servicio de acceso mediante el consumo masivo de los recursos inform\u00e1ticos a trav\u00e9s de los cuales elBulli presenta sus contenidos o servicios, as\u00ed como realizar acciones que da\u00f1en, irrumpan o generen errores en dichos sistemas.<\/p>\n<p>&nbsp;<\/p>\n<p>elBulli no se hace responsable, en ning\u00fan caso, de los da\u00f1os y perjuicios de cualquier naturaleza que pudieran ocasionar, a t\u00edtulo enunciativo: errores u omisiones en los contenidos, falta de disponibilidad de las p\u00e1ginas, a pesar de haber adoptado todas las medidas tecnol\u00f3gicas necesarias para evitarlo.<\/p>\n<p>&nbsp;<\/p>\n<p>elBulli se reserva el derecho de efectuar sin previo aviso las modificaciones que considere oportunas en sus webs, pudiendo cambiar, suprimir o a\u00f1adir tanto contenidos o servicios que pueda prestar.<\/p>\n<p>&nbsp;<\/p>\n<p>elBulli tan s\u00f3lo autoriza menciones a sus contenidos en otras webs, con el tratamiento que \u00e9stas consideren, siempre y cuando no reproduzcan los contenidos de elBulli.com as\u00ed como los subdominios de \u00e9sta. En el caso de disponer de un enlace hipertexto a alguna de sus p\u00e1ginas, el usuario debe saber que est\u00e1 entrando en elBulli.com y debe percibir en su navegador la direcci\u00f3n URL.<\/p>\n","protected":false},"excerpt":{"rendered":"<p>elBulli Restaurante, S.L., en adelante elBulli, con domicilio social en Cala Montjoi, s\/n, 17480 de Roses, Girona, Espa\u00f1a; con CIF B-17423831 e inscrita en el Registro Mercantil de Girona, Tomo 815, Folio 193, Hoja GI-15538, Inscripci\u00f3n 1a. &nbsp; El usuario se compromete a respetar los derechos de Propiedad Intelectual e Industrial, pudiendo visualizar todos los &hellip; <\/p>\n<p class=\"link-more\"><a href=\"https:\/\/elbullifoundation.com\/press\/aviso-legal\/\" class=\"more-link\">Continuar leyendo<span class=\"screen-reader-text\"> \u00abAviso legal\u00bb<\/span><\/a><\/p>\n","protected":false},"author":1,"featured_media":0,"parent":0,"menu_order":0,"comment_status":"closed","ping_status":"closed","template":"","meta":{"_acf_changed":false,"footnotes":""},"class_list":["post-22456","page","type-page","status-publish","hentry"],"acf":[],"yoast_head":"<!-- This site is optimized with the Yoast SEO plugin v27.0-RC2 - https:\/\/yoast.com\/product\/yoast-seo-wordpress\/ -->\n<title>Aviso legal - elBullipress<\/title>\n<meta name=\"robots\" content=\"index, follow, max-snippet:-1, max-image-preview:large, max-video-preview:-1\" \/>\n<link rel=\"canonical\" href=\"https:\/\/elbullifoundation.com\/press\/aviso-legal\/\" \/>\n<meta property=\"og:locale\" content=\"es_ES\" \/>\n<meta property=\"og:type\" content=\"article\" \/>\n<meta property=\"og:title\" content=\"Aviso legal - elBullipress\" \/>\n<meta property=\"og:description\" content=\"elBulli Restaurante, S.L., en adelante elBulli, con domicilio social en Cala Montjoi, s\/n, 17480 de Roses, Girona, Espa\u00f1a; con CIF B-17423831 e inscrita en el Registro Mercantil de Girona, Tomo 815, Folio 193, Hoja GI-15538, Inscripci\u00f3n 1a. &nbsp; El usuario se compromete a respetar los derechos de Propiedad Intelectual e Industrial, pudiendo visualizar todos los &hellip; Continuar leyendo &quot;Aviso legal&quot;\" \/>\n<meta property=\"og:url\" content=\"https:\/\/elbullifoundation.com\/press\/aviso-legal\/\" \/>\n<meta property=\"og:site_name\" content=\"elBullipress\" \/>\n<meta property=\"article:modified_time\" content=\"2018-10-04T13:41:38+00:00\" \/>\n<meta name=\"twitter:card\" content=\"summary_large_image\" \/>\n<meta name=\"twitter:label1\" content=\"Tiempo de lectura\" \/>\n\t<meta name=\"twitter:data1\" content=\"2 minutos\" \/>\n<script type=\"application\/ld+json\" class=\"yoast-schema-graph\">{\"@context\":\"https:\/\/schema.org\",\"@graph\":[{\"@type\":\"WebPage\",\"@id\":\"https:\/\/elbullifoundation.com\/press\/aviso-legal\/\",\"url\":\"https:\/\/elbullifoundation.com\/press\/aviso-legal\/\",\"name\":\"Aviso legal - elBullipress\",\"isPartOf\":{\"@id\":\"https:\/\/elbullifoundation.com\/press\/#website\"},\"datePublished\":\"2018-10-04T13:29:21+00:00\",\"dateModified\":\"2018-10-04T13:41:38+00:00\",\"breadcrumb\":{\"@id\":\"https:\/\/elbullifoundation.com\/press\/aviso-legal\/#breadcrumb\"},\"inLanguage\":\"es\",\"potentialAction\":[{\"@type\":\"ReadAction\",\"target\":[\"https:\/\/elbullifoundation.com\/press\/aviso-legal\/\"]}]},{\"@type\":\"BreadcrumbList\",\"@id\":\"https:\/\/elbullifoundation.com\/press\/aviso-legal\/#breadcrumb\",\"itemListElement\":[{\"@type\":\"ListItem\",\"position\":1,\"name\":\"Home\",\"item\":\"https:\/\/elbullifoundation.com\/press\/\"},{\"@type\":\"ListItem\",\"position\":2,\"name\":\"Aviso legal\"}]},{\"@type\":\"WebSite\",\"@id\":\"https:\/\/elbullifoundation.com\/press\/#website\",\"url\":\"https:\/\/elbullifoundation.com\/press\/\",\"name\":\"elBullipress\",\"description\":\"\",\"potentialAction\":[{\"@type\":\"SearchAction\",\"target\":{\"@type\":\"EntryPoint\",\"urlTemplate\":\"https:\/\/elbullifoundation.com\/press\/?s={search_term_string}\"},\"query-input\":{\"@type\":\"PropertyValueSpecification\",\"valueRequired\":true,\"valueName\":\"search_term_string\"}}],\"inLanguage\":\"es\"}]}<\/script>\n<!-- \/ Yoast SEO plugin. -->","yoast_head_json":{"title":"Aviso legal - elBullipress","robots":{"index":"index","follow":"follow","max-snippet":"max-snippet:-1","max-image-preview":"max-image-preview:large","max-video-preview":"max-video-preview:-1"},"canonical":"https:\/\/elbullifoundation.com\/press\/aviso-legal\/","og_locale":"es_ES","og_type":"article","og_title":"Aviso legal - elBullipress","og_description":"elBulli Restaurante, S.L., en adelante elBulli, con domicilio social en Cala Montjoi, s\/n, 17480 de Roses, Girona, Espa\u00f1a; con CIF B-17423831 e inscrita en el Registro Mercantil de Girona, Tomo 815, Folio 193, Hoja GI-15538, Inscripci\u00f3n 1a. &nbsp; El usuario se compromete a respetar los derechos de Propiedad Intelectual e Industrial, pudiendo visualizar todos los &hellip; Continuar leyendo \"Aviso legal\"","og_url":"https:\/\/elbullifoundation.com\/press\/aviso-legal\/","og_site_name":"elBullipress","article_modified_time":"2018-10-04T13:41:38+00:00","twitter_card":"summary_large_image","twitter_misc":{"Tiempo de lectura":"2 minutos"},"schema":{"@context":"https:\/\/schema.org","@graph":[{"@type":"WebPage","@id":"https:\/\/elbullifoundation.com\/press\/aviso-legal\/","url":"https:\/\/elbullifoundation.com\/press\/aviso-legal\/","name":"Aviso legal - elBullipress","isPartOf":{"@id":"https:\/\/elbullifoundation.com\/press\/#website"},"datePublished":"2018-10-04T13:29:21+00:00","dateModified":"2018-10-04T13:41:38+00:00","breadcrumb":{"@id":"https:\/\/elbullifoundation.com\/press\/aviso-legal\/#breadcrumb"},"inLanguage":"es","potentialAction":[{"@type":"ReadAction","target":["https:\/\/elbullifoundation.com\/press\/aviso-legal\/"]}]},{"@type":"BreadcrumbList","@id":"https:\/\/elbullifoundation.com\/press\/aviso-legal\/#breadcrumb","itemListElement":[{"@type":"ListItem","position":1,"name":"Home","item":"https:\/\/elbullifoundation.com\/press\/"},{"@type":"ListItem","position":2,"name":"Aviso legal"}]},{"@type":"WebSite","@id":"https:\/\/elbullifoundation.com\/press\/#website","url":"https:\/\/elbullifoundation.com\/press\/","name":"elBullipress","description":"","potentialAction":[{"@type":"SearchAction","target":{"@type":"EntryPoint","urlTemplate":"https:\/\/elbullifoundation.com\/press\/?s={search_term_string}"},"query-input":{"@type":"PropertyValueSpecification","valueRequired":true,"valueName":"search_term_string"}}],"inLanguage":"es"}]}},"lang":"es","translations":{"es":22456,"ca":22460,"en":22461},"pll_sync_post":[],"_links":{"self":[{"href":"https:\/\/elbullifoundation.com\/press\/wp-json\/wp\/v2\/pages\/22456","targetHints":{"allow":["GET"]}}],"collection":[{"href":"https:\/\/elbullifoundation.com\/press\/wp-json\/wp\/v2\/pages"}],"about":[{"href":"https:\/\/elbullifoundation.com\/press\/wp-json\/wp\/v2\/types\/page"}],"author":[{"embeddable":true,"href":"https:\/\/elbullifoundation.com\/press\/wp-json\/wp\/v2\/users\/1"}],"replies":[{"embeddable":true,"href":"https:\/\/elbullifoundation.com\/press\/wp-json\/wp\/v2\/comments?post=22456"}],"version-history":[{"count":0,"href":"https:\/\/elbullifoundation.com\/press\/wp-json\/wp\/v2\/pages\/22456\/revisions"}],"wp:attachment":[{"href":"https:\/\/elbullifoundation.com\/press\/wp-json\/wp\/v2\/media?parent=22456"}],"curies":[{"name":"wp","href":"https:\/\/api.w.org\/{rel}","templated":true}]}}