{"id":5,"date":"2018-09-17T13:18:03","date_gmt":"2018-09-17T13:18:03","guid":{"rendered":"https:\/\/elbullifoundation.com\/press\/?page_id=5"},"modified":"2018-10-02T17:20:21","modified_gmt":"2018-10-02T15:20:21","slug":"inicio","status":"publish","type":"page","link":"https:\/\/elbullifoundation.com\/press\/","title":{"rendered":"Inicio"},"content":{"rendered":"","protected":false},"excerpt":{"rendered":"","protected":false},"author":1,"featured_media":0,"parent":0,"menu_order":0,"comment_status":"closed","ping_status":"closed","template":"index.php","meta":{"_acf_changed":false,"footnotes":""},"class_list":["post-5","page","type-page","status-publish","hentry"],"acf":[],"yoast_head":"<!-- This site is optimized with the Yoast SEO plugin v27.0-RC2 - https:\/\/yoast.com\/product\/yoast-seo-wordpress\/ -->\n<title>elBulliPress - Prensa de elBulli<\/title>\n<meta name=\"description\" content=\"Apariciones m\u00e1s relevantes en los medios de comunicaci\u00f3n de elBulli desde 1990. M\u00e1s de 2.500 art\u00edculos con m\u00e1s de 14.000 p\u00e1ginas.\" \/>\n<meta name=\"robots\" content=\"index, follow, max-snippet:-1, max-image-preview:large, max-video-preview:-1\" \/>\n<link rel=\"canonical\" href=\"https:\/\/elbullifoundation.com\/press\/\" \/>\n<meta property=\"og:locale\" content=\"es_ES\" \/>\n<meta property=\"og:type\" content=\"article\" \/>\n<meta property=\"og:title\" content=\"elBulliPress - Prensa de elBulli\" \/>\n<meta property=\"og:description\" content=\"Apariciones m\u00e1s relevantes en los medios de comunicaci\u00f3n de elBulli desde 1990. M\u00e1s de 2.500 art\u00edculos con m\u00e1s de 14.000 p\u00e1ginas.\" \/>\n<meta property=\"og:url\" content=\"https:\/\/elbullifoundation.com\/press\/\" \/>\n<meta property=\"og:site_name\" content=\"elBullipress\" \/>\n<meta property=\"article:modified_time\" content=\"2018-10-02T15:20:21+00:00\" \/>\n<meta name=\"twitter:card\" content=\"summary_large_image\" \/>\n<script type=\"application\/ld+json\" class=\"yoast-schema-graph\">{\"@context\":\"https:\/\/schema.org\",\"@graph\":[{\"@type\":\"WebPage\",\"@id\":\"https:\/\/elbullifoundation.com\/press\/\",\"url\":\"https:\/\/elbullifoundation.com\/press\/\",\"name\":\"elBulliPress - Prensa de elBulli\",\"isPartOf\":{\"@id\":\"https:\/\/elbullifoundation.com\/press\/#website\"},\"datePublished\":\"2018-09-17T13:18:03+00:00\",\"dateModified\":\"2018-10-02T15:20:21+00:00\",\"description\":\"Apariciones m\u00e1s relevantes en los medios de comunicaci\u00f3n de elBulli desde 1990. M\u00e1s de 2.500 art\u00edculos con m\u00e1s de 14.000 p\u00e1ginas.\",\"breadcrumb\":{\"@id\":\"https:\/\/elbullifoundation.com\/press\/#breadcrumb\"},\"inLanguage\":\"es\",\"potentialAction\":[{\"@type\":\"ReadAction\",\"target\":[\"https:\/\/elbullifoundation.com\/press\/\"]}]},{\"@type\":\"BreadcrumbList\",\"@id\":\"https:\/\/elbullifoundation.com\/press\/#breadcrumb\",\"itemListElement\":[{\"@type\":\"ListItem\",\"position\":1,\"name\":\"Home\",\"item\":\"https:\/\/elbullifoundation.com\/press\/\"},{\"@type\":\"ListItem\",\"position\":2,\"name\":\"Inicio\"}]},{\"@type\":\"WebSite\",\"@id\":\"https:\/\/elbullifoundation.com\/press\/#website\",\"url\":\"https:\/\/elbullifoundation.com\/press\/\",\"name\":\"elBullipress\",\"description\":\"\",\"potentialAction\":[{\"@type\":\"SearchAction\",\"target\":{\"@type\":\"EntryPoint\",\"urlTemplate\":\"https:\/\/elbullifoundation.com\/press\/?s={search_term_string}\"},\"query-input\":{\"@type\":\"PropertyValueSpecification\",\"valueRequired\":true,\"valueName\":\"search_term_string\"}}],\"inLanguage\":\"es\"}]}<\/script>\n<!-- \/ Yoast SEO plugin. -->","yoast_head_json":{"title":"elBulliPress - Prensa de elBulli","description":"Apariciones m\u00e1s relevantes en los medios de comunicaci\u00f3n de elBulli desde 1990. M\u00e1s de 2.500 art\u00edculos con m\u00e1s de 14.000 p\u00e1ginas.","robots":{"index":"index","follow":"follow","max-snippet":"max-snippet:-1","max-image-preview":"max-image-preview:large","max-video-preview":"max-video-preview:-1"},"canonical":"https:\/\/elbullifoundation.com\/press\/","og_locale":"es_ES","og_type":"article","og_title":"elBulliPress - Prensa de elBulli","og_description":"Apariciones m\u00e1s relevantes en los medios de comunicaci\u00f3n de elBulli desde 1990. M\u00e1s de 2.500 art\u00edculos con m\u00e1s de 14.000 p\u00e1ginas.","og_url":"https:\/\/elbullifoundation.com\/press\/","og_site_name":"elBullipress","article_modified_time":"2018-10-02T15:20:21+00:00","twitter_card":"summary_large_image","schema":{"@context":"https:\/\/schema.org","@graph":[{"@type":"WebPage","@id":"https:\/\/elbullifoundation.com\/press\/","url":"https:\/\/elbullifoundation.com\/press\/","name":"elBulliPress - Prensa de elBulli","isPartOf":{"@id":"https:\/\/elbullifoundation.com\/press\/#website"},"datePublished":"2018-09-17T13:18:03+00:00","dateModified":"2018-10-02T15:20:21+00:00","description":"Apariciones m\u00e1s relevantes en los medios de comunicaci\u00f3n de elBulli desde 1990. M\u00e1s de 2.500 art\u00edculos con m\u00e1s de 14.000 p\u00e1ginas.","breadcrumb":{"@id":"https:\/\/elbullifoundation.com\/press\/#breadcrumb"},"inLanguage":"es","potentialAction":[{"@type":"ReadAction","target":["https:\/\/elbullifoundation.com\/press\/"]}]},{"@type":"BreadcrumbList","@id":"https:\/\/elbullifoundation.com\/press\/#breadcrumb","itemListElement":[{"@type":"ListItem","position":1,"name":"Home","item":"https:\/\/elbullifoundation.com\/press\/"},{"@type":"ListItem","position":2,"name":"Inicio"}]},{"@type":"WebSite","@id":"https:\/\/elbullifoundation.com\/press\/#website","url":"https:\/\/elbullifoundation.com\/press\/","name":"elBullipress","description":"","potentialAction":[{"@type":"SearchAction","target":{"@type":"EntryPoint","urlTemplate":"https:\/\/elbullifoundation.com\/press\/?s={search_term_string}"},"query-input":{"@type":"PropertyValueSpecification","valueRequired":true,"valueName":"search_term_string"}}],"inLanguage":"es"}]}},"lang":"es","translations":{"es":5,"ca":22425,"en":22435},"pll_sync_post":[],"_links":{"self":[{"href":"https:\/\/elbullifoundation.com\/press\/wp-json\/wp\/v2\/pages\/5","targetHints":{"allow":["GET"]}}],"collection":[{"href":"https:\/\/elbullifoundation.com\/press\/wp-json\/wp\/v2\/pages"}],"about":[{"href":"https:\/\/elbullifoundation.com\/press\/wp-json\/wp\/v2\/types\/page"}],"author":[{"embeddable":true,"href":"https:\/\/elbullifoundation.com\/press\/wp-json\/wp\/v2\/users\/1"}],"replies":[{"embeddable":true,"href":"https:\/\/elbullifoundation.com\/press\/wp-json\/wp\/v2\/comments?post=5"}],"version-history":[{"count":0,"href":"https:\/\/elbullifoundation.com\/press\/wp-json\/wp\/v2\/pages\/5\/revisions"}],"wp:attachment":[{"href":"https:\/\/elbullifoundation.com\/press\/wp-json\/wp\/v2\/media?parent=5"}],"curies":[{"name":"wp","href":"https:\/\/api.w.org\/{rel}","templated":true}]}}